{"id":9178,"date":"2022-05-09T12:44:31","date_gmt":"2022-05-09T10:44:31","guid":{"rendered":"https:\/\/laolaweb.com\/?page_id=9178"},"modified":"2026-02-27T11:05:38","modified_gmt":"2026-02-27T10:05:38","slug":"fair-valuation-elementor-reference","status":"publish","type":"page","link":"https:\/\/laolaweb.com\/en\/agentur\/referenzen\/fairwertung-elementor-referenz\/","title":{"rendered":"FairValuation Elementor Reference"},"content":{"rendered":"\t\t<div data-elementor-type=\"wp-page\" data-elementor-id=\"9178\" class=\"elementor elementor-9178\" data-elementor-post-type=\"page\">\n\t\t\t\t<div class=\"elementor-element elementor-element-68f024f e-flex e-con-boxed e-con e-parent\" data-id=\"68f024f\" data-element_type=\"container\" data-e-type=\"container\" data-settings=\"{&quot;background_background&quot;:&quot;classic&quot;}\">\n\t\t\t\t\t<div class=\"e-con-inner\">\n\t\t<div class=\"elementor-element elementor-element-5003706 rotate e-con-full e-flex e-con e-child\" data-id=\"5003706\" data-element_type=\"container\" data-e-type=\"container\">\n\t\t\t\t<div class=\"elementor-element elementor-element-68cc67a text-trans-zwei elementor-widget elementor-widget-text-editor\" data-id=\"68cc67a\" data-element_type=\"widget\" data-e-type=\"widget\" data-widget_type=\"text-editor.default\">\n\t\t\t\t<div class=\"elementor-widget-container\">\n\t\t\t\t\t\t\t\t\t<p>REFERENZ<\/p>\t\t\t\t\t\t\t\t<\/div>\n\t\t\t\t<\/div>\n\t\t\t\t<div class=\"elementor-element elementor-element-50c1d17 text-trans elementor-widget elementor-widget-heading\" data-id=\"50c1d17\" data-element_type=\"widget\" data-e-type=\"widget\" data-widget_type=\"heading.default\">\n\t\t\t\t<div class=\"elementor-widget-container\">\n\t\t\t\t\t<p class=\"elementor-heading-title elementor-size-default\">FairWertung<\/p>\t\t\t\t<\/div>\n\t\t\t\t<\/div>\n\t\t\t\t<div class=\"elementor-element elementor-element-f4a8cae text-trans elementor-widget elementor-widget-text-editor\" data-id=\"f4a8cae\" data-element_type=\"widget\" data-e-type=\"widget\" data-widget_type=\"text-editor.default\">\n\t\t\t\t<div class=\"elementor-widget-container\">\n\t\t\t\t\t\t\t\t\t<p>Onlineshop mit Woocommerce<\/p>\t\t\t\t\t\t\t\t<\/div>\n\t\t\t\t<\/div>\n\t\t\t\t<\/div>\n\t\t\t\t\t<\/div>\n\t\t\t\t<\/div>\n\t\t<div class=\"elementor-element elementor-element-fd82a3b e-flex e-con-boxed e-con e-parent\" data-id=\"fd82a3b\" data-element_type=\"container\" data-e-type=\"container\">\n\t\t\t\t\t<div class=\"e-con-inner\">\n\t\t<div class=\"elementor-element elementor-element-9935e2a e-con-full e-flex e-con e-child\" data-id=\"9935e2a\" data-element_type=\"container\" data-e-type=\"container\">\n\t\t\t\t<div class=\"elementor-element elementor-element-b45681a elementor-widget elementor-widget-heading\" data-id=\"b45681a\" data-element_type=\"widget\" data-e-type=\"widget\" data-widget_type=\"heading.default\">\n\t\t\t\t<div class=\"elementor-widget-container\">\n\t\t\t\t\t<h1 class=\"elementor-heading-title elementor-size-default\">Relaunch mit WooCommerce und Elementor<\/h1>\t\t\t\t<\/div>\n\t\t\t\t<\/div>\n\t\t\t\t<div class=\"elementor-element elementor-element-e81d89b elementor-widget elementor-widget-image\" data-id=\"e81d89b\" data-element_type=\"widget\" data-e-type=\"widget\" data-widget_type=\"image.default\">\n\t\t\t\t<div class=\"elementor-widget-container\">\n\t\t\t\t\t\t\t\t\t\t\t\t\t\t\t<img fetchpriority=\"high\" decoding=\"async\" width=\"768\" height=\"822\" src=\"https:\/\/laolaweb.com\/wp-content\/uploads\/2022\/05\/Fairwertung-Referenz-Isometrisch-768x822.png\" class=\"attachment-medium_large size-medium_large wp-image-9181\" alt=\"Referenz WordPress Elementor Webseite fairWertung\" srcset=\"https:\/\/laolaweb.com\/wp-content\/uploads\/2022\/05\/Fairwertung-Referenz-Isometrisch-768x822.png 768w, https:\/\/laolaweb.com\/wp-content\/uploads\/2022\/05\/Fairwertung-Referenz-Isometrisch-280x300.png 280w, https:\/\/laolaweb.com\/wp-content\/uploads\/2022\/05\/Fairwertung-Referenz-Isometrisch-957x1024.png 957w, https:\/\/laolaweb.com\/wp-content\/uploads\/2022\/05\/Fairwertung-Referenz-Isometrisch.png 1200w\" sizes=\"(max-width: 768px) 100vw, 768px\" \/>\t\t\t\t\t\t\t\t\t\t\t\t\t\t\t<\/div>\n\t\t\t\t<\/div>\n\t\t\t\t<div class=\"elementor-element elementor-element-0f04ad2 elementor-widget__width-initial elementor-widget elementor-widget-text-editor\" data-id=\"0f04ad2\" data-element_type=\"widget\" data-e-type=\"widget\" data-widget_type=\"text-editor.default\">\n\t\t\t\t<div class=\"elementor-widget-container\">\n\t\t\t\t\t\t\t\t\t<p>Der Dachverband FairWertung e.V. beauftragte uns mit dem Redesign der Verbandswebseite. Neben der grundlegenden Neugestaltung der Webseite mit WordPress spielte vor allem die Umsetzung eines <a href=\"\/online-shop-entwicklung\/\">Onlineshops<\/a> f\u00fcr verschiedene Kundengruppen (B2B und B2C) eine ausschlaggebende Rolle.<\/p><p>Die <a href=\"https:\/\/laolaweb.com\/wordpress-agentur\/\">WordPress-Webseite<\/a> wurde mit dem Page Builder von <a href=\"https:\/\/laolaweb.com\/elementor-agentur\/\">Elementor<\/a> und dem <a href=\"\/woocommerce-agentur\/\">E-Commerce Plugin WooCommerce<\/a> umgesetzt.<\/p>\t\t\t\t\t\t\t\t<\/div>\n\t\t\t\t<\/div>\n\t\t\t\t<\/div>\n\t\t\t\t\t<\/div>\n\t\t\t\t<\/div>\n\t\t<div class=\"elementor-element elementor-element-4b6e2be e-flex e-con-boxed e-con e-parent\" data-id=\"4b6e2be\" data-element_type=\"container\" data-e-type=\"container\" data-settings=\"{&quot;background_background&quot;:&quot;classic&quot;}\">\n\t\t\t\t\t<div class=\"e-con-inner\">\n\t\t<div class=\"elementor-element elementor-element-372baed e-con-full e-flex e-con e-child\" data-id=\"372baed\" data-element_type=\"container\" data-e-type=\"container\">\n\t\t<div class=\"elementor-element elementor-element-e6b6394 e-con-full e-flex e-con e-child\" data-id=\"e6b6394\" data-element_type=\"container\" data-e-type=\"container\">\n\t\t\t\t<div class=\"elementor-element elementor-element-16b8154 drop_image elementor-widget elementor-widget-image\" data-id=\"16b8154\" data-element_type=\"widget\" data-e-type=\"widget\" data-widget_type=\"image.default\">\n\t\t\t\t<div class=\"elementor-widget-container\">\n\t\t\t\t\t\t\t\t\t\t\t\t\t\t\t<img decoding=\"async\" width=\"726\" height=\"1024\" src=\"https:\/\/laolaweb.com\/wp-content\/uploads\/2022\/05\/Fairwertung-Referenz-Singlezwei.png\" class=\"attachment-medium_large size-medium_large wp-image-9183\" alt=\"Referenz fairWertung WordPress Elementor Shop\" srcset=\"https:\/\/laolaweb.com\/wp-content\/uploads\/2022\/05\/Fairwertung-Referenz-Singlezwei.png 726w, https:\/\/laolaweb.com\/wp-content\/uploads\/2022\/05\/Fairwertung-Referenz-Singlezwei-213x300.png 213w\" sizes=\"(max-width: 726px) 100vw, 726px\" \/>\t\t\t\t\t\t\t\t\t\t\t\t\t\t\t<\/div>\n\t\t\t\t<\/div>\n\t\t\t\t<\/div>\n\t\t<div class=\"elementor-element elementor-element-fb101a9 e-con-full e-flex e-con e-child\" data-id=\"fb101a9\" data-element_type=\"container\" data-e-type=\"container\">\n\t\t\t\t<div class=\"elementor-element elementor-element-2e914e1 elementor-widget elementor-widget-heading\" data-id=\"2e914e1\" data-element_type=\"widget\" data-e-type=\"widget\" data-widget_type=\"heading.default\">\n\t\t\t\t<div class=\"elementor-widget-container\">\n\t\t\t\t\t<h2 class=\"elementor-heading-title elementor-size-default\">Onlineshop f\u00fcr verschiedene Kundengruppen<\/h2>\t\t\t\t<\/div>\n\t\t\t\t<\/div>\n\t\t\t\t<div class=\"elementor-element elementor-element-82fcacc elementor-widget__width-initial elementor-widget elementor-widget-text-editor\" data-id=\"82fcacc\" data-element_type=\"widget\" data-e-type=\"widget\" data-widget_type=\"text-editor.default\">\n\t\t\t\t<div class=\"elementor-widget-container\">\n\t\t\t\t\t\t\t\t\t<p>Der Dachverband FairWertung e.V. bietet sowohl Interessenten als auch Vereinsmitgliedern diverse Materialen rund ums Thema Altkleider spenden an. Diese unterschiedlichen Kundengruppen wurden bei der Umsetzung des <a href=\"\/woocommerce-agentur\/\">Onlineshops mit WooCommerce<\/a> ber\u00fccksichtigt, so dass Vereinsmitglieder Ihren eigenen, zugangsbeschr\u00e4nkten Shop aufrufen k\u00f6nnen, um Materialen wie Faltbl\u00e4tter, Themenhefte und Unterrichtsmaterialien zu erwerben.\u00a0<\/p>\t\t\t\t\t\t\t\t<\/div>\n\t\t\t\t<\/div>\n\t\t\t\t<\/div>\n\t\t\t\t<\/div>\n\t\t\t\t\t<\/div>\n\t\t\t\t<\/div>\n\t\t<div class=\"elementor-element elementor-element-44ae0da e-flex e-con-boxed e-con e-parent\" data-id=\"44ae0da\" data-element_type=\"container\" data-e-type=\"container\" data-settings=\"{&quot;background_background&quot;:&quot;classic&quot;,&quot;shape_divider_bottom&quot;:&quot;mountains&quot;}\">\n\t\t\t\t\t<div class=\"e-con-inner\">\n\t\t\t\t<div class=\"elementor-shape elementor-shape-bottom\" aria-hidden=\"true\" data-negative=\"false\">\n\t\t\t<svg xmlns=\"http:\/\/www.w3.org\/2000\/svg\" viewBox=\"0 0 1000 100\" preserveAspectRatio=\"none\">\n\t<path class=\"elementor-shape-fill\" opacity=\"0.33\" d=\"M473,67.3c-203.9,88.3-263.1-34-320.3,0C66,119.1,0,59.7,0,59.7V0h1000v59.7 c0,0-62.1,26.1-94.9,29.3c-32.8,3.3-62.8-12.3-75.8-22.1C806,49.6,745.3,8.7,694.9,4.7S492.4,59,473,67.3z\"\/>\n\t<path class=\"elementor-shape-fill\" opacity=\"0.66\" d=\"M734,67.3c-45.5,0-77.2-23.2-129.1-39.1c-28.6-8.7-150.3-10.1-254,39.1 s-91.7-34.4-149.2,0C115.7,118.3,0,39.8,0,39.8V0h1000v36.5c0,0-28.2-18.5-92.1-18.5C810.2,18.1,775.7,67.3,734,67.3z\"\/>\n\t<path class=\"elementor-shape-fill\" d=\"M766.1,28.9c-200-57.5-266,65.5-395.1,19.5C242,1.8,242,5.4,184.8,20.6C128,35.8,132.3,44.9,89.9,52.5C28.6,63.7,0,0,0,0 h1000c0,0-9.9,40.9-83.6,48.1S829.6,47,766.1,28.9z\"\/>\n<\/svg>\t\t<\/div>\n\t\t<div class=\"elementor-element elementor-element-a15829d e-con-full e-flex e-con e-child\" data-id=\"a15829d\" data-element_type=\"container\" data-e-type=\"container\">\n\t\t<div class=\"elementor-element elementor-element-aa596a0 e-con-full e-flex e-con e-child\" data-id=\"aa596a0\" data-element_type=\"container\" data-e-type=\"container\">\n\t\t\t\t<div class=\"elementor-element elementor-element-12f6480 elementor-widget elementor-widget-heading\" data-id=\"12f6480\" data-element_type=\"widget\" data-e-type=\"widget\" data-widget_type=\"heading.default\">\n\t\t\t\t<div class=\"elementor-widget-container\">\n\t\t\t\t\t<span class=\"elementor-heading-title elementor-size-default\">Mit Kleiderspenden Gutes bewirken<\/span>\t\t\t\t<\/div>\n\t\t\t\t<\/div>\n\t\t\t\t<div class=\"elementor-element elementor-element-6923bed elementor-widget__width-initial elementor-widget elementor-widget-text-editor\" data-id=\"6923bed\" data-element_type=\"widget\" data-e-type=\"widget\" data-widget_type=\"text-editor.default\">\n\t\t\t\t<div class=\"elementor-widget-container\">\n\t\t\t\t\t\t\t\t\tDer Dachverband FairWertung ist seit 1994 das bundesweite Netzwerk von gemeinn\u00fctzigen Organisationen, die Altkleider sammeln. Der verantwortungsbewusste Umgang mit gebrauchter Kleidung steht hierbei an erster Stelle.\t\t\t\t\t\t\t\t<\/div>\n\t\t\t\t<\/div>\n\t\t\t\t<div class=\"elementor-element elementor-element-636bb62 elementor-align-left underline_button_drei elementor-tablet-align-left elementor-mobile-align-left elementor-widget elementor-widget-button\" data-id=\"636bb62\" data-element_type=\"widget\" data-e-type=\"widget\" data-settings=\"{&quot;motion_fx_motion_fx_scrolling&quot;:&quot;yes&quot;,&quot;motion_fx_devices&quot;:[&quot;desktop&quot;,&quot;laptop&quot;,&quot;tablet&quot;,&quot;mobile&quot;]}\" data-widget_type=\"button.default\">\n\t\t\t\t<div class=\"elementor-widget-container\">\n\t\t\t\t\t\t\t\t\t<div class=\"elementor-button-wrapper\">\n\t\t\t\t\t<a class=\"elementor-button elementor-button-link elementor-size-sm\" href=\"https:\/\/fairwertung.de\/\" target=\"_blank\">\n\t\t\t\t\t\t<span class=\"elementor-button-content-wrapper\">\n\t\t\t\t\t\t\t\t\t<span class=\"elementor-button-text\">Webseite ansehen<\/span>\n\t\t\t\t\t<\/span>\n\t\t\t\t\t<\/a>\n\t\t\t\t<\/div>\n\t\t\t\t\t\t\t\t<\/div>\n\t\t\t\t<\/div>\n\t\t\t\t<\/div>\n\t\t<div class=\"elementor-element elementor-element-8b86c71 e-con-full e-flex e-con e-child\" data-id=\"8b86c71\" data-element_type=\"container\" data-e-type=\"container\">\n\t\t\t\t<div class=\"elementor-element elementor-element-1509b29 drop_image elementor-widget elementor-widget-image\" data-id=\"1509b29\" data-element_type=\"widget\" data-e-type=\"widget\" data-widget_type=\"image.default\">\n\t\t\t\t<div class=\"elementor-widget-container\">\n\t\t\t\t\t\t\t\t\t\t\t\t\t\t\t<img decoding=\"async\" width=\"726\" height=\"1024\" src=\"https:\/\/laolaweb.com\/wp-content\/uploads\/2022\/05\/refrent-fairwertung.png\" class=\"attachment-medium_large size-medium_large wp-image-9182\" alt=\"Referenz fairWertung WordPress Elementor WooCommerce\" srcset=\"https:\/\/laolaweb.com\/wp-content\/uploads\/2022\/05\/refrent-fairwertung.png 726w, https:\/\/laolaweb.com\/wp-content\/uploads\/2022\/05\/refrent-fairwertung-213x300.png 213w\" sizes=\"(max-width: 726px) 100vw, 726px\" \/>\t\t\t\t\t\t\t\t\t\t\t\t\t\t\t<\/div>\n\t\t\t\t<\/div>\n\t\t\t\t<\/div>\n\t\t\t\t<\/div>\n\t\t\t\t\t<\/div>\n\t\t\t\t<\/div>\n\t\t\t\t<\/div>\n\t\t","protected":false},"excerpt":{"rendered":"<p>REFERENZ FairWertung Onlineshop mit Woocommerce Relaunch mit WooCommerce und Elementor Der Dachverband FairWertung e.V. beauftragte uns mit dem Redesign der Verbandswebseite. Neben der grundlegenden Neugestaltung der Webseite mit WordPress spielte vor allem die Umsetzung eines Onlineshops f\u00fcr verschiedene Kundengruppen (B2B und B2C) eine ausschlaggebende Rolle. Die WordPress-Webseite wurde mit dem Page Builder von Elementor und [&hellip;]<\/p>\n","protected":false},"author":1,"featured_media":0,"parent":44,"menu_order":0,"comment_status":"closed","ping_status":"closed","template":"","meta":{"footnotes":""},"class_list":["post-9178","page","type-page","status-publish","hentry"],"yoast_head":"<!-- This site is optimized with the Yoast SEO plugin v27.0 - https:\/\/yoast.com\/product\/yoast-seo-wordpress\/ -->\n<title>Kunde FairWertung - Referenz mit WooCommerce<\/title>\n<meta name=\"description\" content=\"Referenz: Relaunch mit WooCommerce und Elementor. Kalenderfunktion und Onlineshop f\u00fcr B2B und B2C.\" \/>\n<meta name=\"robots\" content=\"index, follow, max-snippet:-1, max-image-preview:large, max-video-preview:-1\" \/>\n<link rel=\"canonical\" href=\"https:\/\/laolaweb.com\/en\/agency\/references\/fair-valuation-elementor-reference\/\" \/>\n<meta property=\"og:locale\" content=\"en_GB\" \/>\n<meta property=\"og:type\" content=\"article\" \/>\n<meta property=\"og:title\" content=\"Kunde FairWertung - Referenz mit WooCommerce\" \/>\n<meta property=\"og:description\" content=\"Referenz: Relaunch mit WooCommerce und Elementor. Kalenderfunktion und Onlineshop f\u00fcr B2B und B2C.\" \/>\n<meta property=\"og:url\" content=\"https:\/\/laolaweb.com\/en\/agency\/references\/fair-valuation-elementor-reference\/\" \/>\n<meta property=\"og:site_name\" content=\"Internetagentur laOlaWeb - Agentur f\u00fcr WordPress\" \/>\n<meta property=\"article:modified_time\" content=\"2026-02-27T10:05:38+00:00\" \/>\n<meta property=\"og:image\" content=\"https:\/\/laolaweb.com\/wp-content\/uploads\/2022\/05\/Fairwertung-Referenz-Isometrisch-768x822.png\" \/>\n<meta name=\"twitter:card\" content=\"summary_large_image\" \/>\n<meta name=\"twitter:label1\" content=\"Estimated reading time\" \/>\n\t<meta name=\"twitter:data1\" content=\"2 minutes\" \/>\n<!-- \/ Yoast SEO plugin. -->","yoast_head_json":{"title":"Customer FairWertung - Reference with WooCommerce","description":"Reference: Relaunch with WooCommerce and Elementor. Calendar function and online shop for B2B and B2C.","robots":{"index":"index","follow":"follow","max-snippet":"max-snippet:-1","max-image-preview":"max-image-preview:large","max-video-preview":"max-video-preview:-1"},"canonical":"https:\/\/laolaweb.com\/en\/agency\/references\/fair-valuation-elementor-reference\/","og_locale":"en_GB","og_type":"article","og_title":"Kunde FairWertung - Referenz mit WooCommerce","og_description":"Referenz: Relaunch mit WooCommerce und Elementor. Kalenderfunktion und Onlineshop f\u00fcr B2B und B2C.","og_url":"https:\/\/laolaweb.com\/en\/agency\/references\/fair-valuation-elementor-reference\/","og_site_name":"Internetagentur laOlaWeb - Agentur f\u00fcr WordPress","article_modified_time":"2026-02-27T10:05:38+00:00","og_image":[{"url":"https:\/\/laolaweb.com\/wp-content\/uploads\/2022\/05\/Fairwertung-Referenz-Isometrisch-768x822.png","type":"","width":"","height":""}],"twitter_card":"summary_large_image","twitter_misc":{"Estimated reading time":"2 minutes"},"schema":{"@context":"https:\/\/schema.org","@graph":[{"@type":"TechArticle","@id":"https:\/\/laolaweb.com\/agentur\/referenzen\/fairwertung-elementor-referenz\/#article","isPartOf":{"@id":"https:\/\/laolaweb.com\/agentur\/referenzen\/fairwertung-elementor-referenz\/"},"author":{"name":"Manuel","@id":"https:\/\/laolaweb.com\/#\/schema\/person\/c91cf5a4d4b8445fd6a7c152951a70bd"},"headline":"FairWertung Elementor Referenz","datePublished":"2022-05-09T10:44:31+00:00","dateModified":"2026-02-27T10:05:38+00:00","mainEntityOfPage":{"@id":"https:\/\/laolaweb.com\/agentur\/referenzen\/fairwertung-elementor-referenz\/"},"wordCount":157,"publisher":{"@id":"https:\/\/laolaweb.com\/#organization"},"image":{"@id":"https:\/\/laolaweb.com\/agentur\/referenzen\/fairwertung-elementor-referenz\/#primaryimage"},"thumbnailUrl":"https:\/\/laolaweb.com\/wp-content\/uploads\/2022\/05\/Fairwertung-Referenz-Isometrisch-768x822.png","inLanguage":"en-GB"},{"@type":"WebPage","@id":"https:\/\/laolaweb.com\/agentur\/referenzen\/fairwertung-elementor-referenz\/","url":"https:\/\/laolaweb.com\/agentur\/referenzen\/fairwertung-elementor-referenz\/","name":"Customer FairWertung - Reference with WooCommerce","isPartOf":{"@id":"https:\/\/laolaweb.com\/#website"},"primaryImageOfPage":{"@id":"https:\/\/laolaweb.com\/agentur\/referenzen\/fairwertung-elementor-referenz\/#primaryimage"},"image":{"@id":"https:\/\/laolaweb.com\/agentur\/referenzen\/fairwertung-elementor-referenz\/#primaryimage"},"thumbnailUrl":"https:\/\/laolaweb.com\/wp-content\/uploads\/2022\/05\/Fairwertung-Referenz-Isometrisch-768x822.png","datePublished":"2022-05-09T10:44:31+00:00","dateModified":"2026-02-27T10:05:38+00:00","description":"Reference: Relaunch with WooCommerce and Elementor. Calendar function and online shop for B2B and B2C.","breadcrumb":{"@id":"https:\/\/laolaweb.com\/agentur\/referenzen\/fairwertung-elementor-referenz\/#breadcrumb"},"inLanguage":"en-GB","potentialAction":[{"@type":"ReadAction","target":["https:\/\/laolaweb.com\/agentur\/referenzen\/fairwertung-elementor-referenz\/"]}]},{"@type":"ImageObject","inLanguage":"en-GB","@id":"https:\/\/laolaweb.com\/agentur\/referenzen\/fairwertung-elementor-referenz\/#primaryimage","url":"https:\/\/laolaweb.com\/wp-content\/uploads\/2022\/05\/Fairwertung-Referenz-Isometrisch-768x822.png","contentUrl":"https:\/\/laolaweb.com\/wp-content\/uploads\/2022\/05\/Fairwertung-Referenz-Isometrisch-768x822.png"},{"@type":"BreadcrumbList","@id":"https:\/\/laolaweb.com\/agentur\/referenzen\/fairwertung-elementor-referenz\/#breadcrumb","itemListElement":[{"@type":"ListItem","position":1,"name":"Startseite","item":"https:\/\/laolaweb.com\/"},{"@type":"ListItem","position":2,"name":"\u00dcber uns","item":"https:\/\/laolaweb.com\/agentur\/"},{"@type":"ListItem","position":3,"name":"Referenzen","item":"https:\/\/laolaweb.com\/agentur\/referenzen\/"},{"@type":"ListItem","position":4,"name":"FairWertung Elementor Referenz"}]},{"@type":"WebSite","@id":"https:\/\/laolaweb.com\/#website","url":"https:\/\/laolaweb.com\/","name":"Internet agency laOlaWeb - Agency for WordPress","description":"Professional WordPress websites","publisher":{"@id":"https:\/\/laolaweb.com\/#organization"},"potentialAction":[{"@type":"SearchAction","target":{"@type":"EntryPoint","urlTemplate":"https:\/\/laolaweb.com\/?s={search_term_string}"},"query-input":{"@type":"PropertyValueSpecification","valueRequired":true,"valueName":"search_term_string"}}],"inLanguage":"en-GB"},{"@type":"Organization","@id":"https:\/\/laolaweb.com\/#organization","name":"laOlaWeb GmbH","url":"https:\/\/laolaweb.com\/","logo":{"@type":"ImageObject","inLanguage":"en-GB","@id":"https:\/\/laolaweb.com\/#\/schema\/logo\/image\/","url":"https:\/\/laolaweb.com\/wp-content\/uploads\/2022\/06\/laolaweb-internetagentur.jpg","contentUrl":"https:\/\/laolaweb.com\/wp-content\/uploads\/2022\/06\/laolaweb-internetagentur.jpg","width":400,"height":367,"caption":"laOlaWeb GmbH"},"image":{"@id":"https:\/\/laolaweb.com\/#\/schema\/logo\/image\/"}},{"@type":"Person","@id":"https:\/\/laolaweb.com\/#\/schema\/person\/c91cf5a4d4b8445fd6a7c152951a70bd","name":"Manuel","sameAs":["http:\/\/laolaweb.com"]}]}},"_links":{"self":[{"href":"https:\/\/laolaweb.com\/en\/wp-json\/wp\/v2\/pages\/9178","targetHints":{"allow":["GET"]}}],"collection":[{"href":"https:\/\/laolaweb.com\/en\/wp-json\/wp\/v2\/pages"}],"about":[{"href":"https:\/\/laolaweb.com\/en\/wp-json\/wp\/v2\/types\/page"}],"author":[{"embeddable":true,"href":"https:\/\/laolaweb.com\/en\/wp-json\/wp\/v2\/users\/1"}],"replies":[{"embeddable":true,"href":"https:\/\/laolaweb.com\/en\/wp-json\/wp\/v2\/comments?post=9178"}],"version-history":[{"count":21,"href":"https:\/\/laolaweb.com\/en\/wp-json\/wp\/v2\/pages\/9178\/revisions"}],"predecessor-version":[{"id":14587,"href":"https:\/\/laolaweb.com\/en\/wp-json\/wp\/v2\/pages\/9178\/revisions\/14587"}],"up":[{"embeddable":true,"href":"https:\/\/laolaweb.com\/en\/wp-json\/wp\/v2\/pages\/44"}],"wp:attachment":[{"href":"https:\/\/laolaweb.com\/en\/wp-json\/wp\/v2\/media?parent=9178"}],"curies":[{"name":"wp","href":"https:\/\/api.w.org\/{rel}","templated":true}]}}