{"id":67,"date":"2021-07-29T15:54:06","date_gmt":"2021-07-29T13:54:06","guid":{"rendered":"https:\/\/e-bike-guide.de\/?page_id=67"},"modified":"2022-08-02T16:46:33","modified_gmt":"2022-08-02T14:46:33","slug":"imprint","status":"publish","type":"page","link":"https:\/\/laolaweb.com\/en\/impressum\/","title":{"rendered":"Imprint"},"content":{"rendered":"<div data-elementor-type=\"wp-page\" data-elementor-id=\"67\" class=\"elementor elementor-67\" data-elementor-post-type=\"page\">\n\t\t\t\t\t\t<section class=\"elementor-section elementor-top-section elementor-element elementor-element-f6aa7e0 elementor-section-boxed elementor-section-height-default elementor-section-height-default\" data-id=\"f6aa7e0\" data-element_type=\"section\" data-e-type=\"section\">\n\t\t\t\t\t\t<div class=\"elementor-container elementor-column-gap-default\">\n\t\t\t\t\t<div class=\"elementor-column elementor-col-100 elementor-top-column elementor-element elementor-element-b21f087\" data-id=\"b21f087\" data-element_type=\"column\" data-e-type=\"column\">\n\t\t\t<div class=\"elementor-widget-wrap elementor-element-populated\">\n\t\t\t\t\t\t<div class=\"elementor-element elementor-element-634e720 elementor-widget elementor-widget-text-editor\" data-id=\"634e720\" data-element_type=\"widget\" data-e-type=\"widget\" data-widget_type=\"text-editor.default\">\n\t\t\t\t<div class=\"elementor-widget-container\">\n\t\t\t\t\t\t\t\t\t<h1>Imprint<\/h1><p><strong>Information according to \u00a7 5 TMG:<\/strong><\/p><p>laOlaWeb GmbH<br \/>Grassistr. 20 (Musicians' Quarter)<br \/>04107 Leipzig<\/p><p><strong>Represented by:<\/strong><br \/>Tobias Ebert<\/p><p><strong>Contact:<\/strong><\/p><p>Phone: <a href=\"tel:+4934152983474\">0341 529834 74<\/a><br \/>E-mail: <a href=\"mailto:info@laolaweb.com\">info@laolaweb.com<\/a><\/p><p><strong>Register entry:<\/strong><br \/>Entry in the commercial register.<br \/>Register court: Amtsgericht Leipzig<br \/>Registration number: HRB 34453<\/p><p>VAT ID<br \/>DE316978210<\/p><p><strong>Dispute resolution:<\/strong><br \/>The European Commission provides a platform for online dispute resolution (ODR): https:\/\/ec.europa.eu\/consumers\/odr<br \/>You can find our e-mail address in the imprint above.<\/p><p>We participate in a dispute resolution procedure before a consumer arbitration board. The competent consumer arbitration board is:<\/p><p>General Consumer Conciliation Board of the Zentrum f\u00fcr Schlichtung e.V. | Stra\u00dfburger Stra\u00dfe 8 | 77694 Kehl am Rhein | Phone 07851 \/ 795 79 40 | Fax 07851 \/ 795 79 41 | E-mail: mail@verbraucher-schlichter.de| www.verbraucher-schlichter.de<\/p><p>https:\/\/ec.europa.eu\/consumers\/odr\/main\/index.cfm?event=main.home2.show&lng=DE<\/p><p><strong>Liability for contents<\/strong><br \/>As a service provider, we are responsible for our own content on these pages in accordance with general legislation pursuant to Section 7 (1) of the German Telemedia Act (TMG). However, according to \u00a7\u00a7 8 to 10 TMG, we are not obliged as a service provider to monitor transmitted or stored third-party information or to investigate circumstances that indicate illegal activity.<\/p><p>Obligations to remove or block the use of information in accordance with general laws remain unaffected by this. However, liability in this regard is only possible from the time of knowledge of a concrete infringement. If we become aware of corresponding infringements, we will remove this content immediately.<\/p><p>Liability for links<br \/>Our offer contains links to external websites of third parties, on whose contents we have no influence. Therefore, we cannot assume any liability for these external contents. The respective provider or operator of the pages is always responsible for the content of the linked pages. The linked pages were checked for possible legal violations at the time of linking. Illegal contents were not recognisable at the time of linking.<\/p><p>However, a permanent control of the contents of the linked pages is not reasonable without concrete evidence of a violation of the law. If we become aware of any infringements of the law, we will remove such links immediately.<\/p><p>Copyright<br \/>The contents and works created by the site operators on these pages are subject to German copyright law. Duplication, processing, distribution and any kind of exploitation outside the limits of copyright law require the written consent of the respective author or creator. Downloads and copies of this site are only permitted for private, non-commercial use.<\/p><p>Insofar as the content on this page was not created by the operator, the copyrights of third parties are respected. In particular, third-party content is identified as such. Should you nevertheless become aware of a copyright infringement, please inform us accordingly. If we become aware of any infringements, we will remove such content immediately.<\/p><p>Source: https:\/\/www.e-recht24.de<\/p><p>Network of legally and economically independent persons<br \/>The laOlaWeb network is a network of legally and economically independent persons or companies. In particular, there is no civil law partnership (GbR) according to \u00a7 705 BGB. The respective orders come about with the respective company, which is also expressly designated as the contractual partner.<\/p><p>Disclaimer<br \/>Liability for contents<\/p><p>As a service provider, we are responsible for our own content on these pages in accordance with general legislation pursuant to Section 7 (1) of the German Telemedia Act (TMG). However, according to \u00a7\u00a7 8 to 10 TMG, we are not obliged as a service provider to monitor transmitted or stored third-party information or to investigate circumstances that indicate illegal activity. Obligations to remove or block the use of information in accordance with general laws remain unaffected by this. However, liability in this regard is only possible from the point in time at which a concrete infringement of the law becomes known. If we become aware of corresponding infringements, we will remove this content immediately.<\/p><p>Liability for links<\/p><p>Our offer contains links to external websites of third parties, on whose contents we have no influence. Therefore, we cannot assume any liability for these external contents. The respective provider or operator of the pages is always responsible for the content of the linked pages. The linked pages were checked for possible legal violations at the time of linking. Illegal contents were not recognisable at the time of linking. However, permanent monitoring of the content of the linked pages is not reasonable without concrete indications of a legal violation. If we become aware of any infringements of the law, we will remove such links immediately.<\/p><p>Copyright<\/p><p>The content and works created by the site operators on these pages are subject to German copyright law. Duplication, processing, distribution and any kind of exploitation outside the limits of copyright law require the written consent of the respective author or creator. Downloads and copies of this site are only permitted for private, non-commercial use. Insofar as the content on this site was not created by the operator, the copyrights of third parties are respected. In particular, third-party content is marked as such. Should you nevertheless become aware of a copyright infringement, please inform us accordingly. If we become aware of any infringements, we will remove such content immediately.<\/p>\t\t\t\t\t\t\t\t<\/div>\n\t\t\t\t<\/div>\n\t\t\t\t\t<\/div>\n\t\t<\/div>\n\t\t\t\t\t<\/div>\n\t\t<\/section>\n\t\t\t\t<\/div>","protected":false},"excerpt":{"rendered":"<p>Impressum Angaben gem\u00e4\u00df \u00a7 5 TMG: laOlaWeb GmbH Grassistr. 20 (Musikerviertel) 04107 Leipzig Vertreten durch: Tobias Ebert Kontakt: Telefon: 0341 529834 74 E-Mail: info@laolaweb.com Registereintrag: Eintragung im Handelsregister. Registergericht: Amtsgereicht Leipzig Registernummer: HRB 34453 Umsatzsteuer-ID DE316978210 Streitschlichtung: Die Europ\u00e4ische Kommission stellt eine Plattform zur Online-Streitbeilegung (OS) bereit: https:\/\/ec.europa.eu\/consumers\/odr Unsere E-Mail-Adresse finden Sie oben im Impressum. [&hellip;]<\/p>\n","protected":false},"author":1,"featured_media":0,"parent":0,"menu_order":0,"comment_status":"closed","ping_status":"closed","template":"","meta":{"footnotes":""},"class_list":["post-67","page","type-page","status-publish","hentry"],"yoast_head":"<!-- This site is optimized with the Yoast SEO plugin v27.0 - https:\/\/yoast.com\/product\/yoast-seo-wordpress\/ -->\n<title>Unser Impressum<\/title>\n<meta name=\"description\" content=\"Impressum der Internetagentur laOlaWeb GmbH aus Leipzig\" \/>\n<meta name=\"robots\" content=\"index, follow, max-snippet:-1, max-image-preview:large, max-video-preview:-1\" \/>\n<link rel=\"canonical\" href=\"https:\/\/laolaweb.com\/en\/imprint\/\" \/>\n<meta property=\"og:locale\" content=\"en_GB\" \/>\n<meta property=\"og:type\" content=\"article\" \/>\n<meta property=\"og:title\" content=\"Unser Impressum\" \/>\n<meta property=\"og:description\" content=\"Impressum der Internetagentur laOlaWeb GmbH aus Leipzig\" \/>\n<meta property=\"og:url\" content=\"https:\/\/laolaweb.com\/en\/imprint\/\" \/>\n<meta property=\"og:site_name\" content=\"Internetagentur laOlaWeb - Agentur f\u00fcr WordPress\" \/>\n<meta property=\"article:modified_time\" content=\"2022-08-02T14:46:33+00:00\" \/>\n<meta name=\"twitter:card\" content=\"summary_large_image\" \/>\n<meta name=\"twitter:label1\" content=\"Estimated reading time\" \/>\n\t<meta name=\"twitter:data1\" content=\"5 minutes\" \/>\n<!-- \/ Yoast SEO plugin. -->","yoast_head_json":{"title":"Our imprint","description":"Imprint of the Internet agency laOlaWeb GmbH from Leipzig","robots":{"index":"index","follow":"follow","max-snippet":"max-snippet:-1","max-image-preview":"max-image-preview:large","max-video-preview":"max-video-preview:-1"},"canonical":"https:\/\/laolaweb.com\/en\/imprint\/","og_locale":"en_GB","og_type":"article","og_title":"Unser Impressum","og_description":"Impressum der Internetagentur laOlaWeb GmbH aus Leipzig","og_url":"https:\/\/laolaweb.com\/en\/imprint\/","og_site_name":"Internetagentur laOlaWeb - Agentur f\u00fcr WordPress","article_modified_time":"2022-08-02T14:46:33+00:00","twitter_card":"summary_large_image","twitter_misc":{"Estimated reading time":"5 minutes"},"schema":{"@context":"https:\/\/schema.org","@graph":[{"@type":"TechArticle","@id":"https:\/\/laolaweb.com\/impressum\/#article","isPartOf":{"@id":"https:\/\/laolaweb.com\/impressum\/"},"author":{"name":"Manuel","@id":"https:\/\/laolaweb.com\/#\/schema\/person\/c91cf5a4d4b8445fd6a7c152951a70bd"},"headline":"Impressum","datePublished":"2021-07-29T13:54:06+00:00","dateModified":"2022-08-02T14:46:33+00:00","mainEntityOfPage":{"@id":"https:\/\/laolaweb.com\/impressum\/"},"wordCount":778,"publisher":{"@id":"https:\/\/laolaweb.com\/#organization"},"inLanguage":"en-GB"},{"@type":"WebPage","@id":"https:\/\/laolaweb.com\/impressum\/","url":"https:\/\/laolaweb.com\/impressum\/","name":"Our imprint","isPartOf":{"@id":"https:\/\/laolaweb.com\/#website"},"datePublished":"2021-07-29T13:54:06+00:00","dateModified":"2022-08-02T14:46:33+00:00","description":"Imprint of the Internet agency laOlaWeb GmbH from Leipzig","breadcrumb":{"@id":"https:\/\/laolaweb.com\/impressum\/#breadcrumb"},"inLanguage":"en-GB","potentialAction":[{"@type":"ReadAction","target":["https:\/\/laolaweb.com\/impressum\/"]}]},{"@type":"BreadcrumbList","@id":"https:\/\/laolaweb.com\/impressum\/#breadcrumb","itemListElement":[{"@type":"ListItem","position":1,"name":"Startseite","item":"https:\/\/laolaweb.com\/"},{"@type":"ListItem","position":2,"name":"Impressum"}]},{"@type":"WebSite","@id":"https:\/\/laolaweb.com\/#website","url":"https:\/\/laolaweb.com\/","name":"Internet agency laOlaWeb - Agency for WordPress","description":"Professional WordPress websites","publisher":{"@id":"https:\/\/laolaweb.com\/#organization"},"potentialAction":[{"@type":"SearchAction","target":{"@type":"EntryPoint","urlTemplate":"https:\/\/laolaweb.com\/?s={search_term_string}"},"query-input":{"@type":"PropertyValueSpecification","valueRequired":true,"valueName":"search_term_string"}}],"inLanguage":"en-GB"},{"@type":"Organization","@id":"https:\/\/laolaweb.com\/#organization","name":"laOlaWeb GmbH","url":"https:\/\/laolaweb.com\/","logo":{"@type":"ImageObject","inLanguage":"en-GB","@id":"https:\/\/laolaweb.com\/#\/schema\/logo\/image\/","url":"https:\/\/laolaweb.com\/wp-content\/uploads\/2022\/06\/laolaweb-internetagentur.jpg","contentUrl":"https:\/\/laolaweb.com\/wp-content\/uploads\/2022\/06\/laolaweb-internetagentur.jpg","width":400,"height":367,"caption":"laOlaWeb GmbH"},"image":{"@id":"https:\/\/laolaweb.com\/#\/schema\/logo\/image\/"}},{"@type":"Person","@id":"https:\/\/laolaweb.com\/#\/schema\/person\/c91cf5a4d4b8445fd6a7c152951a70bd","name":"Manuel","sameAs":["http:\/\/laolaweb.com"]}]}},"_links":{"self":[{"href":"https:\/\/laolaweb.com\/en\/wp-json\/wp\/v2\/pages\/67","targetHints":{"allow":["GET"]}}],"collection":[{"href":"https:\/\/laolaweb.com\/en\/wp-json\/wp\/v2\/pages"}],"about":[{"href":"https:\/\/laolaweb.com\/en\/wp-json\/wp\/v2\/types\/page"}],"author":[{"embeddable":true,"href":"https:\/\/laolaweb.com\/en\/wp-json\/wp\/v2\/users\/1"}],"replies":[{"embeddable":true,"href":"https:\/\/laolaweb.com\/en\/wp-json\/wp\/v2\/comments?post=67"}],"version-history":[{"count":17,"href":"https:\/\/laolaweb.com\/en\/wp-json\/wp\/v2\/pages\/67\/revisions"}],"predecessor-version":[{"id":11080,"href":"https:\/\/laolaweb.com\/en\/wp-json\/wp\/v2\/pages\/67\/revisions\/11080"}],"wp:attachment":[{"href":"https:\/\/laolaweb.com\/en\/wp-json\/wp\/v2\/media?parent=67"}],"curies":[{"name":"wp","href":"https:\/\/api.w.org\/{rel}","templated":true}]}}