{"id":6142,"date":"2021-10-13T16:39:03","date_gmt":"2021-10-13T14:39:03","guid":{"rendered":"https:\/\/e-bike-guide.de\/?page_id=6142"},"modified":"2022-08-05T10:09:31","modified_gmt":"2022-08-05T08:09:31","slug":"reference-forster-avada-and-woocommerce","status":"publish","type":"page","link":"https:\/\/laolaweb.com\/en\/agentur\/referenzen\/referenz-forster-avada-und-woocommerce\/","title":{"rendered":"Reference Forster Avada and WooCommerce"},"content":{"rendered":"\t\t<div data-elementor-type=\"wp-page\" data-elementor-id=\"6142\" class=\"elementor elementor-6142\" data-elementor-post-type=\"page\">\n\t\t\t\t\t\t<section class=\"elementor-section elementor-top-section elementor-element elementor-element-4d94ce6e elementor-section-height-min-height elementor-section-boxed elementor-section-height-default elementor-section-items-middle\" data-id=\"4d94ce6e\" data-element_type=\"section\" data-e-type=\"section\" data-settings=\"{&quot;background_background&quot;:&quot;classic&quot;}\">\n\t\t\t\t\t\t\t<div class=\"elementor-background-overlay\"><\/div>\n\t\t\t\t\t\t\t<div class=\"elementor-container elementor-column-gap-default\">\n\t\t\t\t\t<div class=\"elementor-column elementor-col-100 elementor-top-column elementor-element elementor-element-16f0c5a6 rotate\" data-id=\"16f0c5a6\" data-element_type=\"column\" data-e-type=\"column\">\n\t\t\t<div class=\"elementor-widget-wrap elementor-element-populated\">\n\t\t\t\t\t\t<div class=\"elementor-element elementor-element-1059f7a6 text-trans-zwei elementor-widget elementor-widget-text-editor\" data-id=\"1059f7a6\" data-element_type=\"widget\" data-e-type=\"widget\" data-widget_type=\"text-editor.default\">\n\t\t\t\t<div class=\"elementor-widget-container\">\n\t\t\t\t\t\t\t\t\t<p>REFERENZ<\/p>\t\t\t\t\t\t\t\t<\/div>\n\t\t\t\t<\/div>\n\t\t\t\t<div class=\"elementor-element elementor-element-551abd28 text-trans elementor-widget elementor-widget-heading\" data-id=\"551abd28\" data-element_type=\"widget\" data-e-type=\"widget\" data-widget_type=\"heading.default\">\n\t\t\t\t<div class=\"elementor-widget-container\">\n\t\t\t\t\t<p class=\"elementor-heading-title elementor-size-default\">FORSTER<\/p>\t\t\t\t<\/div>\n\t\t\t\t<\/div>\n\t\t\t\t<div class=\"elementor-element elementor-element-73fb2224 text-trans elementor-widget elementor-widget-text-editor\" data-id=\"73fb2224\" data-element_type=\"widget\" data-e-type=\"widget\" data-widget_type=\"text-editor.default\">\n\t\t\t\t<div class=\"elementor-widget-container\">\n\t\t\t\t\t\t\t\t\t<p>WORDPRESS-WEBSEITE MIT AVADA<\/p>\t\t\t\t\t\t\t\t<\/div>\n\t\t\t\t<\/div>\n\t\t\t\t\t<\/div>\n\t\t<\/div>\n\t\t\t\t\t<\/div>\n\t\t<\/section>\n\t\t\t\t<section class=\"elementor-section elementor-top-section elementor-element elementor-element-53d21cfd elementor-section-boxed elementor-section-height-default elementor-section-height-default\" data-id=\"53d21cfd\" data-element_type=\"section\" data-e-type=\"section\">\n\t\t\t\t\t\t\t<div class=\"elementor-background-overlay\"><\/div>\n\t\t\t\t\t\t\t<div class=\"elementor-container elementor-column-gap-default\">\n\t\t\t\t\t<div class=\"elementor-column elementor-col-100 elementor-top-column elementor-element elementor-element-4054c8aa\" data-id=\"4054c8aa\" data-element_type=\"column\" data-e-type=\"column\">\n\t\t\t<div class=\"elementor-widget-wrap elementor-element-populated\">\n\t\t\t\t\t\t<div class=\"elementor-element elementor-element-4697b478 elementor-widget elementor-widget-heading\" data-id=\"4697b478\" data-element_type=\"widget\" data-e-type=\"widget\" data-widget_type=\"heading.default\">\n\t\t\t\t<div class=\"elementor-widget-container\">\n\t\t\t\t\t<h1 class=\"elementor-heading-title elementor-size-default\">Lokale und \u00dcberregionale Zielgruppe <\/h1>\t\t\t\t<\/div>\n\t\t\t\t<\/div>\n\t\t\t\t<div class=\"elementor-element elementor-element-e97b046 elementor-widget elementor-widget-image\" data-id=\"e97b046\" data-element_type=\"widget\" data-e-type=\"widget\" data-widget_type=\"image.default\">\n\t\t\t\t<div class=\"elementor-widget-container\">\n\t\t\t\t\t\t\t\t\t\t\t\t\t\t\t<img fetchpriority=\"high\" decoding=\"async\" width=\"800\" height=\"856\" src=\"https:\/\/laolaweb.com\/wp-content\/uploads\/2021\/09\/r4eferenz-forster-iso-957x1024.png\" class=\"attachment-large size-large wp-image-2131\" alt=\"Referenz Forster\" srcset=\"https:\/\/laolaweb.com\/wp-content\/uploads\/2021\/09\/r4eferenz-forster-iso-957x1024.png 957w, https:\/\/laolaweb.com\/wp-content\/uploads\/2021\/09\/r4eferenz-forster-iso-280x300.png 280w, https:\/\/laolaweb.com\/wp-content\/uploads\/2021\/09\/r4eferenz-forster-iso-768x822.png 768w, https:\/\/laolaweb.com\/wp-content\/uploads\/2021\/09\/r4eferenz-forster-iso.png 1200w\" sizes=\"(max-width: 800px) 100vw, 800px\" \/>\t\t\t\t\t\t\t\t\t\t\t\t\t\t\t<\/div>\n\t\t\t\t<\/div>\n\t\t\t\t<div class=\"elementor-element elementor-element-10d545a0 elementor-widget__width-initial elementor-widget elementor-widget-text-editor\" data-id=\"10d545a0\" data-element_type=\"widget\" data-e-type=\"widget\" data-widget_type=\"text-editor.default\">\n\t\t\t\t<div class=\"elementor-widget-container\">\n\t\t\t\t\t\t\t\t\t<p>Die <a href=\"https:\/\/laolaweb.com\/wordpress-agentur\/\">WordPress-Webseite<\/a> der Forster Schuh- und Orthop\u00e4dietechnik GmbH wurde im Rahmen eines Relaunches mit einem WooCommerce-Shop erweitert. Das Redesign mit dem Premium Theme von <a href=\"https:\/\/laolaweb.com\/wordpress-agentur\/avada-theme\/\">Avada<\/a> hatte zwei Ziele.<\/p><ol><li>Die Webseite sollte den lokalen Schuhhandel und das individuell Anfertigen von Einlagen, orthop\u00e4dischen Ma\u00dfschuhen, Prothesen und Orthesen st\u00e4rken.<\/li><li>Die Webseite sollte mit einem Shop erweitert werden, um einen \u00fcberregionalen Verkauf von hochwertigen Schuhen und orthop\u00e4dischen Produkten zu erm\u00f6glichen.<\/li><\/ol>\t\t\t\t\t\t\t\t<\/div>\n\t\t\t\t<\/div>\n\t\t\t\t\t<\/div>\n\t\t<\/div>\n\t\t\t\t\t<\/div>\n\t\t<\/section>\n\t\t\t\t<section class=\"elementor-section elementor-top-section elementor-element elementor-element-295af696 elementor-section-boxed elementor-section-height-default elementor-section-height-default\" data-id=\"295af696\" data-element_type=\"section\" data-e-type=\"section\" data-settings=\"{&quot;background_background&quot;:&quot;classic&quot;}\">\n\t\t\t\t\t\t<div class=\"elementor-container elementor-column-gap-default\">\n\t\t\t\t\t<div class=\"elementor-column elementor-col-100 elementor-top-column elementor-element elementor-element-47d8dfc2\" data-id=\"47d8dfc2\" data-element_type=\"column\" data-e-type=\"column\">\n\t\t\t<div class=\"elementor-widget-wrap elementor-element-populated\">\n\t\t\t\t\t\t<section class=\"elementor-section elementor-inner-section elementor-element elementor-element-6d51aa1b elementor-section-boxed elementor-section-height-default elementor-section-height-default\" data-id=\"6d51aa1b\" data-element_type=\"section\" data-e-type=\"section\">\n\t\t\t\t\t\t<div class=\"elementor-container elementor-column-gap-default\">\n\t\t\t\t\t<div class=\"elementor-column elementor-col-50 elementor-inner-column elementor-element elementor-element-9eaf574\" data-id=\"9eaf574\" data-element_type=\"column\" data-e-type=\"column\">\n\t\t\t<div class=\"elementor-widget-wrap elementor-element-populated\">\n\t\t\t\t\t\t<div class=\"elementor-element elementor-element-50fd044e drop_image elementor-widget elementor-widget-image\" data-id=\"50fd044e\" data-element_type=\"widget\" data-e-type=\"widget\" data-widget_type=\"image.default\">\n\t\t\t\t<div class=\"elementor-widget-container\">\n\t\t\t\t\t\t\t\t\t\t\t\t\t\t\t<img decoding=\"async\" width=\"726\" height=\"1024\" src=\"https:\/\/laolaweb.com\/wp-content\/uploads\/2021\/09\/referent-forster-front-726x1024.png\" class=\"attachment-large size-large wp-image-2149\" alt=\"Referenz Forster Mobil\" srcset=\"https:\/\/laolaweb.com\/wp-content\/uploads\/2021\/09\/referent-forster-front-726x1024.png 726w, https:\/\/laolaweb.com\/wp-content\/uploads\/2021\/09\/referent-forster-front-213x300.png 213w, https:\/\/laolaweb.com\/wp-content\/uploads\/2021\/09\/referent-forster-front-768x1084.png 768w, https:\/\/laolaweb.com\/wp-content\/uploads\/2021\/09\/referent-forster-front-1088x1536.png 1088w, https:\/\/laolaweb.com\/wp-content\/uploads\/2021\/09\/referent-forster-front-1451x2048.png 1451w\" sizes=\"(max-width: 726px) 100vw, 726px\" \/>\t\t\t\t\t\t\t\t\t\t\t\t\t\t\t<\/div>\n\t\t\t\t<\/div>\n\t\t\t\t\t<\/div>\n\t\t<\/div>\n\t\t\t\t<div class=\"elementor-column elementor-col-50 elementor-inner-column elementor-element elementor-element-7f059727\" data-id=\"7f059727\" data-element_type=\"column\" data-e-type=\"column\">\n\t\t\t<div class=\"elementor-widget-wrap elementor-element-populated\">\n\t\t\t\t\t\t<div class=\"elementor-element elementor-element-47d58e4c elementor-widget elementor-widget-heading\" data-id=\"47d58e4c\" data-element_type=\"widget\" data-e-type=\"widget\" data-widget_type=\"heading.default\">\n\t\t\t\t<div class=\"elementor-widget-container\">\n\t\t\t\t\t<h2 class=\"elementor-heading-title elementor-size-default\">Zusammenarbeit mit SEO-Agentur<\/h2>\t\t\t\t<\/div>\n\t\t\t\t<\/div>\n\t\t\t\t<div class=\"elementor-element elementor-element-2257f1df elementor-widget__width-initial elementor-widget elementor-widget-text-editor\" data-id=\"2257f1df\" data-element_type=\"widget\" data-e-type=\"widget\" data-widget_type=\"text-editor.default\">\n\t\t\t\t<div class=\"elementor-widget-container\">\n\t\t\t\t\t\t\t\t\t<p>In engen Zusammenarbeit mit einer SEO-Agentur erarbeiteten wir eine Navigationsstruktur, die beiden Zielen gerecht wurde. Durch redaktionell hochwertigen Content konnten relevante Themen in der Google-Suche platziert werden. Die optimierten Texte beschreiben passende Produkte und Dienstleistungen, die der Besucher vor Ort oder im Online-Shop erwerben kann.<\/p>\t\t\t\t\t\t\t\t<\/div>\n\t\t\t\t<\/div>\n\t\t\t\t\t<\/div>\n\t\t<\/div>\n\t\t\t\t\t<\/div>\n\t\t<\/section>\n\t\t\t\t\t<\/div>\n\t\t<\/div>\n\t\t\t\t\t<\/div>\n\t\t<\/section>\n\t\t\t\t<section class=\"elementor-section elementor-top-section elementor-element elementor-element-1762f657 elementor-section-boxed elementor-section-height-default elementor-section-height-default\" data-id=\"1762f657\" data-element_type=\"section\" data-e-type=\"section\" id=\"bits\" data-settings=\"{&quot;background_background&quot;:&quot;classic&quot;,&quot;shape_divider_bottom&quot;:&quot;mountains&quot;}\">\n\t\t\t\t\t<div class=\"elementor-shape elementor-shape-bottom\" aria-hidden=\"true\" data-negative=\"false\">\n\t\t\t<svg xmlns=\"http:\/\/www.w3.org\/2000\/svg\" viewBox=\"0 0 1000 100\" preserveAspectRatio=\"none\">\n\t<path class=\"elementor-shape-fill\" opacity=\"0.33\" d=\"M473,67.3c-203.9,88.3-263.1-34-320.3,0C66,119.1,0,59.7,0,59.7V0h1000v59.7 c0,0-62.1,26.1-94.9,29.3c-32.8,3.3-62.8-12.3-75.8-22.1C806,49.6,745.3,8.7,694.9,4.7S492.4,59,473,67.3z\"\/>\n\t<path class=\"elementor-shape-fill\" opacity=\"0.66\" d=\"M734,67.3c-45.5,0-77.2-23.2-129.1-39.1c-28.6-8.7-150.3-10.1-254,39.1 s-91.7-34.4-149.2,0C115.7,118.3,0,39.8,0,39.8V0h1000v36.5c0,0-28.2-18.5-92.1-18.5C810.2,18.1,775.7,67.3,734,67.3z\"\/>\n\t<path class=\"elementor-shape-fill\" d=\"M766.1,28.9c-200-57.5-266,65.5-395.1,19.5C242,1.8,242,5.4,184.8,20.6C128,35.8,132.3,44.9,89.9,52.5C28.6,63.7,0,0,0,0 h1000c0,0-9.9,40.9-83.6,48.1S829.6,47,766.1,28.9z\"\/>\n<\/svg>\t\t<\/div>\n\t\t\t\t\t<div class=\"elementor-container elementor-column-gap-default\">\n\t\t\t\t\t<div class=\"elementor-column elementor-col-100 elementor-top-column elementor-element elementor-element-43289792\" data-id=\"43289792\" data-element_type=\"column\" data-e-type=\"column\">\n\t\t\t<div class=\"elementor-widget-wrap elementor-element-populated\">\n\t\t\t\t\t\t<section class=\"elementor-section elementor-inner-section elementor-element elementor-element-4a50ff1b elementor-reverse-mobile elementor-section-boxed elementor-section-height-default elementor-section-height-default\" data-id=\"4a50ff1b\" data-element_type=\"section\" data-e-type=\"section\">\n\t\t\t\t\t\t<div class=\"elementor-container elementor-column-gap-default\">\n\t\t\t\t\t<div class=\"elementor-column elementor-col-50 elementor-inner-column elementor-element elementor-element-3d533215\" data-id=\"3d533215\" data-element_type=\"column\" data-e-type=\"column\">\n\t\t\t<div class=\"elementor-widget-wrap elementor-element-populated\">\n\t\t\t\t\t\t<div class=\"elementor-element elementor-element-20d49392 elementor-widget elementor-widget-heading\" data-id=\"20d49392\" data-element_type=\"widget\" data-e-type=\"widget\" data-widget_type=\"heading.default\">\n\t\t\t\t<div class=\"elementor-widget-container\">\n\t\t\t\t\t<span class=\"elementor-heading-title elementor-size-default\">Anschluss an das ERP-System BITS<\/span>\t\t\t\t<\/div>\n\t\t\t\t<\/div>\n\t\t\t\t<div class=\"elementor-element elementor-element-7dcb4d31 elementor-widget__width-initial elementor-widget elementor-widget-text-editor\" data-id=\"7dcb4d31\" data-element_type=\"widget\" data-e-type=\"widget\" data-widget_type=\"text-editor.default\">\n\t\t\t\t<div class=\"elementor-widget-container\">\n\t\t\t\t\t\t\t\t\t<p>Um die Produktpflege zu zentralisieren und sich doppelte Arbeit zu ersparen, wurde der WooCommerce-Shop direkt an das kundenseitige ERP-System der <a href=\"https:\/\/www.brandt-software-produkte.de\/index.php\/produktebits\/basissystem.html\" target=\"_blank\" rel=\"noopener\">Brandt Software-Produkte GmbH BITS<\/a> angebunden. \u00dcber einen regelm\u00e4\u00dfigen Datenaustausch werden Produktdaten abgeglichen und Bestellungen in das ERP-System \u00fcbertragen, um von dort weiter bearbeitet zu werden.<\/p>\t\t\t\t\t\t\t\t<\/div>\n\t\t\t\t<\/div>\n\t\t\t\t<div class=\"elementor-element elementor-element-595aec4d elementor-align-left underline_button_drei elementor-tablet-align-left elementor-mobile-align-left elementor-widget elementor-widget-button\" data-id=\"595aec4d\" data-element_type=\"widget\" data-e-type=\"widget\" data-settings=\"{&quot;motion_fx_motion_fx_scrolling&quot;:&quot;yes&quot;,&quot;motion_fx_devices&quot;:[&quot;desktop&quot;,&quot;laptop&quot;,&quot;tablet&quot;,&quot;mobile&quot;]}\" data-widget_type=\"button.default\">\n\t\t\t\t<div class=\"elementor-widget-container\">\n\t\t\t\t\t\t\t\t\t<div class=\"elementor-button-wrapper\">\n\t\t\t\t\t<a class=\"elementor-button elementor-button-link elementor-size-sm\" href=\"https:\/\/www.forster-orthopaedie.at\/\" target=\"_blank\">\n\t\t\t\t\t\t<span class=\"elementor-button-content-wrapper\">\n\t\t\t\t\t\t\t\t\t<span class=\"elementor-button-text\">Webseite ansehen<\/span>\n\t\t\t\t\t<\/span>\n\t\t\t\t\t<\/a>\n\t\t\t\t<\/div>\n\t\t\t\t\t\t\t\t<\/div>\n\t\t\t\t<\/div>\n\t\t\t\t\t<\/div>\n\t\t<\/div>\n\t\t\t\t<div class=\"elementor-column elementor-col-50 elementor-inner-column elementor-element elementor-element-56ecefa1\" data-id=\"56ecefa1\" data-element_type=\"column\" data-e-type=\"column\">\n\t\t\t<div class=\"elementor-widget-wrap elementor-element-populated\">\n\t\t\t\t\t\t<div class=\"elementor-element elementor-element-6e6adbb0 drop_image elementor-widget elementor-widget-image\" data-id=\"6e6adbb0\" data-element_type=\"widget\" data-e-type=\"widget\" data-widget_type=\"image.default\">\n\t\t\t\t<div class=\"elementor-widget-container\">\n\t\t\t\t\t\t\t\t\t\t\t\t\t\t\t<img decoding=\"async\" width=\"726\" height=\"1024\" src=\"https:\/\/laolaweb.com\/wp-content\/uploads\/2021\/10\/forster-ref-shop.png\" class=\"attachment-large size-large wp-image-6313\" alt=\"Forster Referenz Avada WooCommerce\" srcset=\"https:\/\/laolaweb.com\/wp-content\/uploads\/2021\/10\/forster-ref-shop.png 726w, https:\/\/laolaweb.com\/wp-content\/uploads\/2021\/10\/forster-ref-shop-213x300.png 213w\" sizes=\"(max-width: 726px) 100vw, 726px\" \/>\t\t\t\t\t\t\t\t\t\t\t\t\t\t\t<\/div>\n\t\t\t\t<\/div>\n\t\t\t\t\t<\/div>\n\t\t<\/div>\n\t\t\t\t\t<\/div>\n\t\t<\/section>\n\t\t\t\t\t<\/div>\n\t\t<\/div>\n\t\t\t\t\t<\/div>\n\t\t<\/section>\n\t\t\t\t<\/div>\n\t\t","protected":false},"excerpt":{"rendered":"<p>REFERENZ FORSTER WORDPRESS-WEBSEITE MIT AVADA Lokale und \u00dcberregionale Zielgruppe Die WordPress-Webseite der Forster Schuh- und Orthop\u00e4dietechnik GmbH wurde im Rahmen eines Relaunches mit einem WooCommerce-Shop erweitert. Das Redesign mit dem Premium Theme von Avada hatte zwei Ziele. Die Webseite sollte den lokalen Schuhhandel und das individuell Anfertigen von Einlagen, orthop\u00e4dischen Ma\u00dfschuhen, Prothesen und Orthesen st\u00e4rken. [&hellip;]<\/p>\n","protected":false},"author":2,"featured_media":0,"parent":44,"menu_order":0,"comment_status":"closed","ping_status":"closed","template":"","meta":{"footnotes":""},"class_list":["post-6142","page","type-page","status-publish","hentry"],"yoast_head":"<!-- This site is optimized with the Yoast SEO plugin v27.0 - https:\/\/yoast.com\/product\/yoast-seo-wordpress\/ -->\n<title>Referenz Anbindung BITs an WooCommerce<\/title>\n<meta name=\"description\" content=\"Bei diesem Projekt wurde das ERP-System BITs der Brandt Software-Produkte GmbH und der WooCommerce-Shop verbunden\" \/>\n<meta name=\"robots\" content=\"index, follow, max-snippet:-1, max-image-preview:large, max-video-preview:-1\" \/>\n<link rel=\"canonical\" href=\"https:\/\/laolaweb.com\/en\/agency\/references\/reference-forster-avada-and-woocommerce\/\" \/>\n<meta property=\"og:locale\" content=\"en_GB\" \/>\n<meta property=\"og:type\" content=\"article\" \/>\n<meta property=\"og:title\" content=\"Referenz Anbindung BITs an WooCommerce\" \/>\n<meta property=\"og:description\" content=\"Bei diesem Projekt wurde das ERP-System BITs der Brandt Software-Produkte GmbH und der WooCommerce-Shop verbunden\" \/>\n<meta property=\"og:url\" content=\"https:\/\/laolaweb.com\/en\/agency\/references\/reference-forster-avada-and-woocommerce\/\" \/>\n<meta property=\"og:site_name\" content=\"Internetagentur laOlaWeb - Agentur f\u00fcr WordPress\" \/>\n<meta property=\"article:modified_time\" content=\"2022-08-05T08:09:31+00:00\" \/>\n<meta property=\"og:image\" content=\"https:\/\/laolaweb.com\/wp-content\/uploads\/2021\/09\/r4eferenz-forster-iso-957x1024.png\" \/>\n<meta name=\"twitter:card\" content=\"summary_large_image\" \/>\n<meta name=\"twitter:label1\" content=\"Estimated reading time\" \/>\n\t<meta name=\"twitter:data1\" content=\"2 minutes\" \/>\n<!-- \/ Yoast SEO plugin. -->","yoast_head_json":{"title":"Reference connection of BITs to WooCommerce","description":"In this project, the ERP system BITs from Brandt Software-Produkte GmbH and the WooCommerce shop were connected","robots":{"index":"index","follow":"follow","max-snippet":"max-snippet:-1","max-image-preview":"max-image-preview:large","max-video-preview":"max-video-preview:-1"},"canonical":"https:\/\/laolaweb.com\/en\/agency\/references\/reference-forster-avada-and-woocommerce\/","og_locale":"en_GB","og_type":"article","og_title":"Referenz Anbindung BITs an WooCommerce","og_description":"Bei diesem Projekt wurde das ERP-System BITs der Brandt Software-Produkte GmbH und der WooCommerce-Shop verbunden","og_url":"https:\/\/laolaweb.com\/en\/agency\/references\/reference-forster-avada-and-woocommerce\/","og_site_name":"Internetagentur laOlaWeb - Agentur f\u00fcr WordPress","article_modified_time":"2022-08-05T08:09:31+00:00","og_image":[{"url":"https:\/\/laolaweb.com\/wp-content\/uploads\/2021\/09\/r4eferenz-forster-iso-957x1024.png","type":"","width":"","height":""}],"twitter_card":"summary_large_image","twitter_misc":{"Estimated reading time":"2 minutes"},"schema":{"@context":"https:\/\/schema.org","@graph":[{"@type":"TechArticle","@id":"https:\/\/laolaweb.com\/agentur\/referenzen\/referenz-forster-avada-und-woocommerce\/#article","isPartOf":{"@id":"https:\/\/laolaweb.com\/agentur\/referenzen\/referenz-forster-avada-und-woocommerce\/"},"author":{"name":"Redaktion","@id":"https:\/\/laolaweb.com\/#\/schema\/person\/03bef4d18ea88859e8cee2900c158dfe"},"headline":"Referenz Forster Avada und WooCommerce","datePublished":"2021-10-13T14:39:03+00:00","dateModified":"2022-08-05T08:09:31+00:00","mainEntityOfPage":{"@id":"https:\/\/laolaweb.com\/agentur\/referenzen\/referenz-forster-avada-und-woocommerce\/"},"wordCount":187,"publisher":{"@id":"https:\/\/laolaweb.com\/#organization"},"image":{"@id":"https:\/\/laolaweb.com\/agentur\/referenzen\/referenz-forster-avada-und-woocommerce\/#primaryimage"},"thumbnailUrl":"https:\/\/laolaweb.com\/wp-content\/uploads\/2021\/09\/r4eferenz-forster-iso-957x1024.png","inLanguage":"en-GB"},{"@type":"WebPage","@id":"https:\/\/laolaweb.com\/agentur\/referenzen\/referenz-forster-avada-und-woocommerce\/","url":"https:\/\/laolaweb.com\/agentur\/referenzen\/referenz-forster-avada-und-woocommerce\/","name":"Reference connection of BITs to WooCommerce","isPartOf":{"@id":"https:\/\/laolaweb.com\/#website"},"primaryImageOfPage":{"@id":"https:\/\/laolaweb.com\/agentur\/referenzen\/referenz-forster-avada-und-woocommerce\/#primaryimage"},"image":{"@id":"https:\/\/laolaweb.com\/agentur\/referenzen\/referenz-forster-avada-und-woocommerce\/#primaryimage"},"thumbnailUrl":"https:\/\/laolaweb.com\/wp-content\/uploads\/2021\/09\/r4eferenz-forster-iso-957x1024.png","datePublished":"2021-10-13T14:39:03+00:00","dateModified":"2022-08-05T08:09:31+00:00","description":"In this project, the ERP system BITs from Brandt Software-Produkte GmbH and the WooCommerce shop were connected","breadcrumb":{"@id":"https:\/\/laolaweb.com\/agentur\/referenzen\/referenz-forster-avada-und-woocommerce\/#breadcrumb"},"inLanguage":"en-GB","potentialAction":[{"@type":"ReadAction","target":["https:\/\/laolaweb.com\/agentur\/referenzen\/referenz-forster-avada-und-woocommerce\/"]}]},{"@type":"ImageObject","inLanguage":"en-GB","@id":"https:\/\/laolaweb.com\/agentur\/referenzen\/referenz-forster-avada-und-woocommerce\/#primaryimage","url":"https:\/\/laolaweb.com\/wp-content\/uploads\/2021\/09\/r4eferenz-forster-iso-957x1024.png","contentUrl":"https:\/\/laolaweb.com\/wp-content\/uploads\/2021\/09\/r4eferenz-forster-iso-957x1024.png"},{"@type":"BreadcrumbList","@id":"https:\/\/laolaweb.com\/agentur\/referenzen\/referenz-forster-avada-und-woocommerce\/#breadcrumb","itemListElement":[{"@type":"ListItem","position":1,"name":"Startseite","item":"https:\/\/laolaweb.com\/"},{"@type":"ListItem","position":2,"name":"\u00dcber uns","item":"https:\/\/laolaweb.com\/agentur\/"},{"@type":"ListItem","position":3,"name":"Referenzen","item":"https:\/\/laolaweb.com\/agentur\/referenzen\/"},{"@type":"ListItem","position":4,"name":"Referenz Forster Avada und WooCommerce"}]},{"@type":"WebSite","@id":"https:\/\/laolaweb.com\/#website","url":"https:\/\/laolaweb.com\/","name":"Internet agency laOlaWeb - Agency for WordPress","description":"Professional WordPress websites","publisher":{"@id":"https:\/\/laolaweb.com\/#organization"},"potentialAction":[{"@type":"SearchAction","target":{"@type":"EntryPoint","urlTemplate":"https:\/\/laolaweb.com\/?s={search_term_string}"},"query-input":{"@type":"PropertyValueSpecification","valueRequired":true,"valueName":"search_term_string"}}],"inLanguage":"en-GB"},{"@type":"Organization","@id":"https:\/\/laolaweb.com\/#organization","name":"laOlaWeb GmbH","url":"https:\/\/laolaweb.com\/","logo":{"@type":"ImageObject","inLanguage":"en-GB","@id":"https:\/\/laolaweb.com\/#\/schema\/logo\/image\/","url":"https:\/\/laolaweb.com\/wp-content\/uploads\/2022\/06\/laolaweb-internetagentur.jpg","contentUrl":"https:\/\/laolaweb.com\/wp-content\/uploads\/2022\/06\/laolaweb-internetagentur.jpg","width":400,"height":367,"caption":"laOlaWeb GmbH"},"image":{"@id":"https:\/\/laolaweb.com\/#\/schema\/logo\/image\/"}},{"@type":"Person","@id":"https:\/\/laolaweb.com\/#\/schema\/person\/03bef4d18ea88859e8cee2900c158dfe","name":"Editorial office"}]}},"_links":{"self":[{"href":"https:\/\/laolaweb.com\/en\/wp-json\/wp\/v2\/pages\/6142","targetHints":{"allow":["GET"]}}],"collection":[{"href":"https:\/\/laolaweb.com\/en\/wp-json\/wp\/v2\/pages"}],"about":[{"href":"https:\/\/laolaweb.com\/en\/wp-json\/wp\/v2\/types\/page"}],"author":[{"embeddable":true,"href":"https:\/\/laolaweb.com\/en\/wp-json\/wp\/v2\/users\/2"}],"replies":[{"embeddable":true,"href":"https:\/\/laolaweb.com\/en\/wp-json\/wp\/v2\/comments?post=6142"}],"version-history":[{"count":35,"href":"https:\/\/laolaweb.com\/en\/wp-json\/wp\/v2\/pages\/6142\/revisions"}],"predecessor-version":[{"id":11151,"href":"https:\/\/laolaweb.com\/en\/wp-json\/wp\/v2\/pages\/6142\/revisions\/11151"}],"up":[{"embeddable":true,"href":"https:\/\/laolaweb.com\/en\/wp-json\/wp\/v2\/pages\/44"}],"wp:attachment":[{"href":"https:\/\/laolaweb.com\/en\/wp-json\/wp\/v2\/media?parent=6142"}],"curies":[{"name":"wp","href":"https:\/\/api.w.org\/{rel}","templated":true}]}}