{"id":3657,"date":"2021-09-21T11:57:52","date_gmt":"2021-09-21T09:57:52","guid":{"rendered":"https:\/\/e-bike-guide.de\/?page_id=3657"},"modified":"2023-04-14T10:56:42","modified_gmt":"2023-04-14T08:56:42","slug":"old-clothes-donations-theme-programming-reference","status":"publish","type":"page","link":"https:\/\/laolaweb.com\/en\/agentur\/referenzen\/altkleiderspenden-theme-programmierung-referenz\/","title":{"rendered":"Altkleiderspenden.de reference for location app"},"content":{"rendered":"\t\t<div data-elementor-type=\"wp-page\" data-elementor-id=\"3657\" class=\"elementor elementor-3657\" data-elementor-post-type=\"page\">\n\t\t\t\t<div class=\"elementor-element elementor-element-c9c1c18 e-flex e-con-boxed e-con e-parent\" data-id=\"c9c1c18\" data-element_type=\"container\" data-e-type=\"container\" data-settings=\"{&quot;background_background&quot;:&quot;classic&quot;}\">\n\t\t\t\t\t<div class=\"e-con-inner\">\n\t\t<div class=\"elementor-element elementor-element-6f71eb8 rotate e-con-full e-flex e-con e-child\" data-id=\"6f71eb8\" data-element_type=\"container\" data-e-type=\"container\">\n\t\t\t\t<div class=\"elementor-element elementor-element-e1c94d5 text-trans-zwei elementor-widget elementor-widget-text-editor\" data-id=\"e1c94d5\" data-element_type=\"widget\" data-e-type=\"widget\" data-widget_type=\"text-editor.default\">\n\t\t\t\t<div class=\"elementor-widget-container\">\n\t\t\t\t\t\t\t\t\t<p>REFERENZ<\/p>\t\t\t\t\t\t\t\t<\/div>\n\t\t\t\t<\/div>\n\t\t\t\t<div class=\"elementor-element elementor-element-698633d text-trans elementor-widget elementor-widget-heading\" data-id=\"698633d\" data-element_type=\"widget\" data-e-type=\"widget\" data-widget_type=\"heading.default\">\n\t\t\t\t<div class=\"elementor-widget-container\">\n\t\t\t\t\t<p class=\"elementor-heading-title elementor-size-default\">altkleiderspenden.de<\/p>\t\t\t\t<\/div>\n\t\t\t\t<\/div>\n\t\t\t\t<div class=\"elementor-element elementor-element-dc121b8 text-trans elementor-widget elementor-widget-text-editor\" data-id=\"dc121b8\" data-element_type=\"widget\" data-e-type=\"widget\" data-widget_type=\"text-editor.default\">\n\t\t\t\t<div class=\"elementor-widget-container\">\n\t\t\t\t\t\t\t\t\t<p>Kleidercontainer online finden<\/p>\t\t\t\t\t\t\t\t<\/div>\n\t\t\t\t<\/div>\n\t\t\t\t<\/div>\n\t\t\t\t\t<\/div>\n\t\t\t\t<\/div>\n\t\t<div class=\"elementor-element elementor-element-64c1826 e-flex e-con-boxed e-con e-parent\" data-id=\"64c1826\" data-element_type=\"container\" data-e-type=\"container\">\n\t\t\t\t\t<div class=\"e-con-inner\">\n\t\t<div class=\"elementor-element elementor-element-7ff43ab e-con-full e-flex e-con e-child\" data-id=\"7ff43ab\" data-element_type=\"container\" data-e-type=\"container\">\n\t\t\t\t<div class=\"elementor-element elementor-element-e6b272c elementor-widget elementor-widget-heading\" data-id=\"e6b272c\" data-element_type=\"widget\" data-e-type=\"widget\" data-widget_type=\"heading.default\">\n\t\t\t\t<div class=\"elementor-widget-container\">\n\t\t\t\t\t<h1 class=\"elementor-heading-title elementor-size-default\">Referenz f\u00fcr Location-App<\/h1>\t\t\t\t<\/div>\n\t\t\t\t<\/div>\n\t\t\t\t<div class=\"elementor-element elementor-element-473ebdb elementor-widget elementor-widget-image\" data-id=\"473ebdb\" data-element_type=\"widget\" data-e-type=\"widget\" data-widget_type=\"image.default\">\n\t\t\t\t<div class=\"elementor-widget-container\">\n\t\t\t\t\t\t\t\t\t\t\t\t\t\t\t<img fetchpriority=\"high\" decoding=\"async\" width=\"768\" height=\"822\" src=\"https:\/\/laolaweb.com\/wp-content\/uploads\/2022\/05\/altkliederspenden-referenz-iso-768x822.png\" class=\"attachment-medium_large size-medium_large wp-image-9196\" alt=\"Referenz AKS Gutenberg WordPress Theme\" srcset=\"https:\/\/laolaweb.com\/wp-content\/uploads\/2022\/05\/altkliederspenden-referenz-iso-768x822.png 768w, https:\/\/laolaweb.com\/wp-content\/uploads\/2022\/05\/altkliederspenden-referenz-iso-280x300.png 280w, https:\/\/laolaweb.com\/wp-content\/uploads\/2022\/05\/altkliederspenden-referenz-iso-957x1024.png 957w, https:\/\/laolaweb.com\/wp-content\/uploads\/2022\/05\/altkliederspenden-referenz-iso.png 1200w\" sizes=\"(max-width: 768px) 100vw, 768px\" \/>\t\t\t\t\t\t\t\t\t\t\t\t\t\t\t<\/div>\n\t\t\t\t<\/div>\n\t\t\t\t<div class=\"elementor-element elementor-element-7f6cf78 elementor-widget__width-initial elementor-widget elementor-widget-text-editor\" data-id=\"7f6cf78\" data-element_type=\"widget\" data-e-type=\"widget\" data-widget_type=\"text-editor.default\">\n\t\t\t\t<div class=\"elementor-widget-container\">\n\t\t\t\t\t\t\t\t\t<p>F\u00fcr das Projekt altkleiderspenden.de wurde ein eigenes <a href=\"https:\/\/laolaweb.com\/wordpress-agentur\/theme-programmierung\/\">WordPress-Theme<\/a> entwickelt. Das Webdesign und die Funktionalit\u00e4t wurden <strong>prim\u00e4r f\u00fcr Smartphones<\/strong> gestaltet. Die Anwendung listet dem Nutzer unterschiedliche M\u00f6glichkeiten auf, seine Altkleider in seiner N\u00e4he abzugeben. \u00dcber eine Importfunktion k\u00f6nnen neue Abgabestellen mit einem <strong>CSV-Import<\/strong> hochgeladen werden.\u00a0<\/p>\t\t\t\t\t\t\t\t<\/div>\n\t\t\t\t<\/div>\n\t\t\t\t<\/div>\n\t\t\t\t\t<\/div>\n\t\t\t\t<\/div>\n\t\t<div class=\"elementor-element elementor-element-7c48463 e-flex e-con-boxed e-con e-parent\" data-id=\"7c48463\" data-element_type=\"container\" data-e-type=\"container\" data-settings=\"{&quot;background_background&quot;:&quot;classic&quot;}\">\n\t\t\t\t\t<div class=\"e-con-inner\">\n\t\t<div class=\"elementor-element elementor-element-c8af0cb e-con-full e-flex e-con e-child\" data-id=\"c8af0cb\" data-element_type=\"container\" data-e-type=\"container\">\n\t\t<div class=\"elementor-element elementor-element-04b44a0 e-con-full e-flex e-con e-child\" data-id=\"04b44a0\" data-element_type=\"container\" data-e-type=\"container\">\n\t\t\t\t<div class=\"elementor-element elementor-element-dcb2ca9 drop_image elementor-widget elementor-widget-image\" data-id=\"dcb2ca9\" data-element_type=\"widget\" data-e-type=\"widget\" data-widget_type=\"image.default\">\n\t\t\t\t<div class=\"elementor-widget-container\">\n\t\t\t\t\t\t\t\t\t\t\t\t\t\t\t<img decoding=\"async\" width=\"726\" height=\"1024\" src=\"https:\/\/laolaweb.com\/wp-content\/uploads\/2021\/09\/Altkleiderspenden-referenz-neu.png\" class=\"attachment-medium_large size-medium_large wp-image-3659\" alt=\"Altkleiderspenden referenz Theme Programmierung\" srcset=\"https:\/\/laolaweb.com\/wp-content\/uploads\/2021\/09\/Altkleiderspenden-referenz-neu.png 726w, https:\/\/laolaweb.com\/wp-content\/uploads\/2021\/09\/Altkleiderspenden-referenz-neu-213x300.png 213w\" sizes=\"(max-width: 726px) 100vw, 726px\" \/>\t\t\t\t\t\t\t\t\t\t\t\t\t\t\t<\/div>\n\t\t\t\t<\/div>\n\t\t\t\t<\/div>\n\t\t<div class=\"elementor-element elementor-element-d96929d e-con-full e-flex e-con e-child\" data-id=\"d96929d\" data-element_type=\"container\" data-e-type=\"container\">\n\t\t\t\t<div class=\"elementor-element elementor-element-c5f51bb elementor-widget elementor-widget-heading\" data-id=\"c5f51bb\" data-element_type=\"widget\" data-e-type=\"widget\" data-widget_type=\"heading.default\">\n\t\t\t\t<div class=\"elementor-widget-container\">\n\t\t\t\t\t<h2 class=\"elementor-heading-title elementor-size-default\">Anbindung an Google-Maps-API<\/h2>\t\t\t\t<\/div>\n\t\t\t\t<\/div>\n\t\t\t\t<div class=\"elementor-element elementor-element-83bd3ed elementor-widget__width-initial elementor-widget elementor-widget-text-editor\" data-id=\"83bd3ed\" data-element_type=\"widget\" data-e-type=\"widget\" data-widget_type=\"text-editor.default\">\n\t\t\t\t<div class=\"elementor-widget-container\">\n\t\t\t\t\t\t\t\t\t<p>\u00dcber die <strong>Google-API ist Google Maps<\/strong> komplett eingebunden, sodass der Nutzer das gewohnte Umfeld nutzen kann, um einen Standort in seiner N\u00e4he zu finden. Zus\u00e4tzlich kann der Nutzer ein eventuell bestehendes <strong>Problem melden<\/strong>. Im Backend der Location App k\u00f6nnen die Organisationen und Sammelstellen administriert werden, was den Pflegeaufwand der Standorte deutlich minimiert.<\/p>\t\t\t\t\t\t\t\t<\/div>\n\t\t\t\t<\/div>\n\t\t\t\t<\/div>\n\t\t\t\t<\/div>\n\t\t\t\t\t<\/div>\n\t\t\t\t<\/div>\n\t\t<div class=\"elementor-element elementor-element-ea6a4c6 e-flex e-con-boxed e-con e-parent\" data-id=\"ea6a4c6\" data-element_type=\"container\" data-e-type=\"container\" data-settings=\"{&quot;background_background&quot;:&quot;classic&quot;}\">\n\t\t\t\t\t<div class=\"e-con-inner\">\n\t\t<div class=\"elementor-element elementor-element-fd11209 e-con-full e-flex e-con e-child\" data-id=\"fd11209\" data-element_type=\"container\" data-e-type=\"container\">\n\t\t<div class=\"elementor-element elementor-element-b59e0ab e-con-full e-flex e-con e-child\" data-id=\"b59e0ab\" data-element_type=\"container\" data-e-type=\"container\">\n\t\t\t\t<div class=\"elementor-element elementor-element-d6257bd elementor-widget elementor-widget-heading\" data-id=\"d6257bd\" data-element_type=\"widget\" data-e-type=\"widget\" data-widget_type=\"heading.default\">\n\t\t\t\t<div class=\"elementor-widget-container\">\n\t\t\t\t\t<span class=\"elementor-heading-title elementor-size-default\">Eine Initiative von FairWertung e.V.<\/span>\t\t\t\t<\/div>\n\t\t\t\t<\/div>\n\t\t\t\t<div class=\"elementor-element elementor-element-00bb5d9 elementor-widget__width-initial elementor-widget elementor-widget-text-editor\" data-id=\"00bb5d9\" data-element_type=\"widget\" data-e-type=\"widget\" data-widget_type=\"text-editor.default\">\n\t\t\t\t<div class=\"elementor-widget-container\">\n\t\t\t\t\t\t\t\t\tFairWertung ist ein Zusammenschluss von mehr als 120 gemeinn\u00fctzigen Organisationen, die Altkleidersammlungen durchf\u00fchren. Gemeinsam setzen sich die FairWertung-Sammler f\u00fcr Transparenz und Fairness bei der Sammlung und Verwertung von gebrauchten Textilien ein. Die angeschlossenen Organisationen haben sich freiwillig zur Einhaltung \u00f6kologischer und sozialer Standards verpflichtet.\t\t\t\t\t\t\t\t<\/div>\n\t\t\t\t<\/div>\n\t\t\t\t<div class=\"elementor-element elementor-element-3bea1d8 elementor-align-left underline_button_drei elementor-tablet-align-left elementor-mobile-align-left elementor-widget elementor-widget-button\" data-id=\"3bea1d8\" data-element_type=\"widget\" data-e-type=\"widget\" data-settings=\"{&quot;motion_fx_motion_fx_scrolling&quot;:&quot;yes&quot;,&quot;motion_fx_devices&quot;:[&quot;desktop&quot;,&quot;laptop&quot;,&quot;tablet&quot;,&quot;mobile&quot;]}\" data-widget_type=\"button.default\">\n\t\t\t\t<div class=\"elementor-widget-container\">\n\t\t\t\t\t\t\t\t\t<div class=\"elementor-button-wrapper\">\n\t\t\t\t\t<a class=\"elementor-button elementor-button-link elementor-size-sm\" href=\"https:\/\/altkleiderspenden.de\/\" target=\"_blank\">\n\t\t\t\t\t\t<span class=\"elementor-button-content-wrapper\">\n\t\t\t\t\t\t\t\t\t<span class=\"elementor-button-text\">Webseite ansehen<\/span>\n\t\t\t\t\t<\/span>\n\t\t\t\t\t<\/a>\n\t\t\t\t<\/div>\n\t\t\t\t\t\t\t\t<\/div>\n\t\t\t\t<\/div>\n\t\t\t\t<\/div>\n\t\t<div class=\"elementor-element elementor-element-f9612e8 e-con-full e-flex e-con e-child\" data-id=\"f9612e8\" data-element_type=\"container\" data-e-type=\"container\">\n\t\t\t\t<div class=\"elementor-element elementor-element-fa36a97 drop_image elementor-widget elementor-widget-image\" data-id=\"fa36a97\" data-element_type=\"widget\" data-e-type=\"widget\" data-widget_type=\"image.default\">\n\t\t\t\t<div class=\"elementor-widget-container\">\n\t\t\t\t\t\t\t\t\t\t\t\t\t\t\t<img decoding=\"async\" width=\"726\" height=\"1024\" src=\"https:\/\/laolaweb.com\/wp-content\/uploads\/2021\/09\/Referenz-Fairwertung-Front.png\" class=\"attachment-large size-large wp-image-3649\" alt=\"Altkleiderspenden referenz Theme Programmierung 2\" srcset=\"https:\/\/laolaweb.com\/wp-content\/uploads\/2021\/09\/Referenz-Fairwertung-Front.png 726w, https:\/\/laolaweb.com\/wp-content\/uploads\/2021\/09\/Referenz-Fairwertung-Front-213x300.png 213w\" sizes=\"(max-width: 726px) 100vw, 726px\" \/>\t\t\t\t\t\t\t\t\t\t\t\t\t\t\t<\/div>\n\t\t\t\t<\/div>\n\t\t\t\t<\/div>\n\t\t\t\t<\/div>\n\t\t\t\t\t<\/div>\n\t\t\t\t<\/div>\n\t\t<div class=\"elementor-element elementor-element-c1c8a06 e-con-full e-flex e-con e-parent\" data-id=\"c1c8a06\" data-element_type=\"container\" data-e-type=\"container\" data-settings=\"{&quot;background_background&quot;:&quot;classic&quot;}\">\n\t\t<div class=\"elementor-element elementor-element-8ba19d8 e-con-full e-flex e-con e-child\" data-id=\"8ba19d8\" data-element_type=\"container\" data-e-type=\"container\">\n\t\t\t\t<div class=\"elementor-element elementor-element-8488f8b elementor-widget elementor-widget-heading\" data-id=\"8488f8b\" data-element_type=\"widget\" data-e-type=\"widget\" data-widget_type=\"heading.default\">\n\t\t\t\t<div class=\"elementor-widget-container\">\n\t\t\t\t\t<span class=\"elementor-heading-title elementor-size-default\">Kundenstimme<\/span>\t\t\t\t<\/div>\n\t\t\t\t<\/div>\n\t\t\t\t<div class=\"elementor-element elementor-element-3bdb5de elementor-widget elementor-widget-heading\" data-id=\"3bdb5de\" data-element_type=\"widget\" data-e-type=\"widget\" data-widget_type=\"heading.default\">\n\t\t\t\t<div class=\"elementor-widget-container\">\n\t\t\t\t\t<h2 class=\"elementor-heading-title elementor-size-default\">Zur Projektumsetzung und Zusammenarbeit<\/h2>\t\t\t\t<\/div>\n\t\t\t\t<\/div>\n\t\t\t\t<div class=\"elementor-element elementor-element-d2a82b0 elementor-testimonial--layout-image_stacked drop_column_only elementor-widget__width-initial elementor-widget-mobile__width-inherit elementor-testimonial--skin-default elementor-testimonial--align-center elementor-pagination-type-bullets elementor-widget elementor-widget-testimonial-carousel\" data-id=\"d2a82b0\" data-element_type=\"widget\" data-e-type=\"widget\" data-settings=\"{&quot;slides_per_view&quot;:&quot;1&quot;,&quot;slides_per_view_mobile&quot;:&quot;1&quot;,&quot;slides_to_scroll&quot;:&quot;1&quot;,&quot;space_between_tablet&quot;:{&quot;unit&quot;:&quot;px&quot;,&quot;size&quot;:12,&quot;sizes&quot;:[]},&quot;pagination&quot;:&quot;bullets&quot;,&quot;speed&quot;:500,&quot;space_between&quot;:{&quot;unit&quot;:&quot;px&quot;,&quot;size&quot;:10,&quot;sizes&quot;:[]},&quot;space_between_laptop&quot;:{&quot;unit&quot;:&quot;px&quot;,&quot;size&quot;:10,&quot;sizes&quot;:[]},&quot;space_between_mobile&quot;:{&quot;unit&quot;:&quot;px&quot;,&quot;size&quot;:10,&quot;sizes&quot;:[]}}\" data-widget_type=\"testimonial-carousel.default\">\n\t\t\t\t<div class=\"elementor-widget-container\">\n\t\t\t\t\t\t\t\t\t<div class=\"elementor-swiper\">\n\t\t\t\t\t<div class=\"elementor-main-swiper swiper\" role=\"region\" aria-roledescription=\"carousel\" aria-label=\"Slider\">\n\t\t\t\t<div class=\"swiper-wrapper\">\n\t\t\t\t\t\t\t\t\t\t\t<div class=\"swiper-slide\" role=\"group\" aria-roledescription=\"slide\">\n\t\t\t\t\t\t\t\t\t<div class=\"elementor-testimonial\">\n\t\t\t\t\t\t\t<div class=\"elementor-testimonial__content\">\n\t\t\t\t\t<div class=\"elementor-testimonial__text\">\n\t\t\t\t\t\tWir haben ein Plattformprojekt mit der Agentur umgesetzt. Die Beratung war professionell. Die Umsetzung erfolgte schnell. Hervorzuheben ist die gute pers\u00f6nliche Zusammenarbeit mit Herrn Ebert, der uns geduldig, kompetent und jederzeit mit Rat und Tat zur Seite stand.\t\t\t\t\t<\/div>\n\t\t\t\t\t\t\t\t\t<\/div>\n\t\t\t\t\t\t<div class=\"elementor-testimonial__footer\">\n\t\t\t\t\t\t\t\t\t<div class=\"elementor-testimonial__image\">\n\t\t\t\t\t\t<img decoding=\"async\" src=\"https:\/\/laolaweb.com\/wp-content\/uploads\/2021\/10\/aks-referenz.jpg\" alt=\"Thomas Ahlmann\">\n\t\t\t\t\t\t\t\t\t\t\t<\/div>\n\t\t\t\t\t\t\t\t<cite class=\"elementor-testimonial__cite\"><span class=\"elementor-testimonial__name\">Thomas Ahlmann<\/span><span class=\"elementor-testimonial__title\">Gesch\u00e4ftsf\u00fchrer FairWertung e.V.<\/span><\/cite>\t\t\t<\/div>\n\t\t<\/div>\n\t\t\t\t\t\t\t\t<\/div>\n\t\t\t\t\t\t\t\t\t<\/div>\n\t\t\t\t\t\t\t<\/div>\n\t\t\t\t<\/div>\n\t\t\t\t\t\t\t\t<\/div>\n\t\t\t\t<\/div>\n\t\t\t\t<\/div>\n\t\t\t\t<\/div>\n\t\t\t\t<\/div>\n\t\t","protected":false},"excerpt":{"rendered":"<p>REFERENZ altkleiderspenden.de Kleidercontainer online finden Referenz f\u00fcr Location-App F\u00fcr das Projekt altkleiderspenden.de wurde ein eigenes WordPress-Theme entwickelt. Das Webdesign und die Funktionalit\u00e4t wurden prim\u00e4r f\u00fcr Smartphones gestaltet. Die Anwendung listet dem Nutzer unterschiedliche M\u00f6glichkeiten auf, seine Altkleider in seiner N\u00e4he abzugeben. \u00dcber eine Importfunktion k\u00f6nnen neue Abgabestellen mit einem CSV-Import hochgeladen werden.\u00a0 Anbindung an Google-Maps-API [&hellip;]<\/p>\n","protected":false},"author":1,"featured_media":0,"parent":44,"menu_order":0,"comment_status":"closed","ping_status":"closed","template":"","meta":{"footnotes":""},"class_list":["post-3657","page","type-page","status-publish","hentry"],"yoast_head":"<!-- This site is optimized with the Yoast SEO plugin v27.0 - https:\/\/yoast.com\/product\/yoast-seo-wordpress\/ -->\n<title>Kunde FairWertung e.V. | WordPress-Referenz<\/title>\n<meta name=\"description\" content=\"WordPress-Referenz mit eigenem Theme. Kurze Projektbeschreibung mit Zielstellung und Ergebnissen.\" \/>\n<meta name=\"robots\" content=\"index, follow, max-snippet:-1, max-image-preview:large, max-video-preview:-1\" \/>\n<link rel=\"canonical\" href=\"https:\/\/laolaweb.com\/en\/agency\/references\/old-clothes-donations-theme-programming-reference\/\" \/>\n<meta property=\"og:locale\" content=\"en_GB\" \/>\n<meta property=\"og:type\" content=\"article\" \/>\n<meta property=\"og:title\" content=\"Kunde FairWertung e.V. | WordPress-Referenz\" \/>\n<meta property=\"og:description\" content=\"WordPress-Referenz mit eigenem Theme. Kurze Projektbeschreibung mit Zielstellung und Ergebnissen.\" \/>\n<meta property=\"og:url\" content=\"https:\/\/laolaweb.com\/en\/agency\/references\/old-clothes-donations-theme-programming-reference\/\" \/>\n<meta property=\"og:site_name\" content=\"Internetagentur laOlaWeb - Agentur f\u00fcr WordPress\" \/>\n<meta property=\"article:modified_time\" content=\"2023-04-14T08:56:42+00:00\" \/>\n<meta property=\"og:image\" content=\"https:\/\/laolaweb.com\/wp-content\/uploads\/2022\/05\/altkliederspenden-referenz-iso-768x822.png\" \/>\n<meta name=\"twitter:card\" content=\"summary_large_image\" \/>\n<meta name=\"twitter:label1\" content=\"Estimated reading time\" \/>\n\t<meta name=\"twitter:data1\" content=\"3 minutes\" \/>\n<!-- \/ Yoast SEO plugin. -->","yoast_head_json":{"title":"Client FairWertung e.V. | WordPress-Reference","description":"WordPress reference with own theme. Short project description with objectives and results.","robots":{"index":"index","follow":"follow","max-snippet":"max-snippet:-1","max-image-preview":"max-image-preview:large","max-video-preview":"max-video-preview:-1"},"canonical":"https:\/\/laolaweb.com\/en\/agency\/references\/old-clothes-donations-theme-programming-reference\/","og_locale":"en_GB","og_type":"article","og_title":"Kunde FairWertung e.V. | WordPress-Referenz","og_description":"WordPress-Referenz mit eigenem Theme. Kurze Projektbeschreibung mit Zielstellung und Ergebnissen.","og_url":"https:\/\/laolaweb.com\/en\/agency\/references\/old-clothes-donations-theme-programming-reference\/","og_site_name":"Internetagentur laOlaWeb - Agentur f\u00fcr WordPress","article_modified_time":"2023-04-14T08:56:42+00:00","og_image":[{"url":"https:\/\/laolaweb.com\/wp-content\/uploads\/2022\/05\/altkliederspenden-referenz-iso-768x822.png","type":"","width":"","height":""}],"twitter_card":"summary_large_image","twitter_misc":{"Estimated reading time":"3 minutes"},"schema":{"@context":"https:\/\/schema.org","@graph":[{"@type":"TechArticle","@id":"https:\/\/laolaweb.com\/agentur\/referenzen\/altkleiderspenden-theme-programmierung-referenz\/#article","isPartOf":{"@id":"https:\/\/laolaweb.com\/agentur\/referenzen\/altkleiderspenden-theme-programmierung-referenz\/"},"author":{"name":"Manuel","@id":"https:\/\/laolaweb.com\/#\/schema\/person\/c91cf5a4d4b8445fd6a7c152951a70bd"},"headline":"Altkleiderspenden.de Referenz f\u00fcr Location App","datePublished":"2021-09-21T09:57:52+00:00","dateModified":"2023-04-14T08:56:42+00:00","mainEntityOfPage":{"@id":"https:\/\/laolaweb.com\/agentur\/referenzen\/altkleiderspenden-theme-programmierung-referenz\/"},"wordCount":232,"publisher":{"@id":"https:\/\/laolaweb.com\/#organization"},"image":{"@id":"https:\/\/laolaweb.com\/agentur\/referenzen\/altkleiderspenden-theme-programmierung-referenz\/#primaryimage"},"thumbnailUrl":"https:\/\/laolaweb.com\/wp-content\/uploads\/2022\/05\/altkliederspenden-referenz-iso-768x822.png","inLanguage":"en-GB"},{"@type":"WebPage","@id":"https:\/\/laolaweb.com\/agentur\/referenzen\/altkleiderspenden-theme-programmierung-referenz\/","url":"https:\/\/laolaweb.com\/agentur\/referenzen\/altkleiderspenden-theme-programmierung-referenz\/","name":"Client FairWertung e.V. | WordPress-Reference","isPartOf":{"@id":"https:\/\/laolaweb.com\/#website"},"primaryImageOfPage":{"@id":"https:\/\/laolaweb.com\/agentur\/referenzen\/altkleiderspenden-theme-programmierung-referenz\/#primaryimage"},"image":{"@id":"https:\/\/laolaweb.com\/agentur\/referenzen\/altkleiderspenden-theme-programmierung-referenz\/#primaryimage"},"thumbnailUrl":"https:\/\/laolaweb.com\/wp-content\/uploads\/2022\/05\/altkliederspenden-referenz-iso-768x822.png","datePublished":"2021-09-21T09:57:52+00:00","dateModified":"2023-04-14T08:56:42+00:00","description":"WordPress reference with own theme. Short project description with objectives and results.","breadcrumb":{"@id":"https:\/\/laolaweb.com\/agentur\/referenzen\/altkleiderspenden-theme-programmierung-referenz\/#breadcrumb"},"inLanguage":"en-GB","potentialAction":[{"@type":"ReadAction","target":["https:\/\/laolaweb.com\/agentur\/referenzen\/altkleiderspenden-theme-programmierung-referenz\/"]}]},{"@type":"ImageObject","inLanguage":"en-GB","@id":"https:\/\/laolaweb.com\/agentur\/referenzen\/altkleiderspenden-theme-programmierung-referenz\/#primaryimage","url":"https:\/\/laolaweb.com\/wp-content\/uploads\/2022\/05\/altkliederspenden-referenz-iso-768x822.png","contentUrl":"https:\/\/laolaweb.com\/wp-content\/uploads\/2022\/05\/altkliederspenden-referenz-iso-768x822.png"},{"@type":"BreadcrumbList","@id":"https:\/\/laolaweb.com\/agentur\/referenzen\/altkleiderspenden-theme-programmierung-referenz\/#breadcrumb","itemListElement":[{"@type":"ListItem","position":1,"name":"Startseite","item":"https:\/\/laolaweb.com\/"},{"@type":"ListItem","position":2,"name":"\u00dcber uns","item":"https:\/\/laolaweb.com\/agentur\/"},{"@type":"ListItem","position":3,"name":"Referenzen","item":"https:\/\/laolaweb.com\/agentur\/referenzen\/"},{"@type":"ListItem","position":4,"name":"Altkleiderspenden.de Referenz f\u00fcr Location App"}]},{"@type":"WebSite","@id":"https:\/\/laolaweb.com\/#website","url":"https:\/\/laolaweb.com\/","name":"Internet agency laOlaWeb - Agency for WordPress","description":"Professional WordPress websites","publisher":{"@id":"https:\/\/laolaweb.com\/#organization"},"potentialAction":[{"@type":"SearchAction","target":{"@type":"EntryPoint","urlTemplate":"https:\/\/laolaweb.com\/?s={search_term_string}"},"query-input":{"@type":"PropertyValueSpecification","valueRequired":true,"valueName":"search_term_string"}}],"inLanguage":"en-GB"},{"@type":"Organization","@id":"https:\/\/laolaweb.com\/#organization","name":"laOlaWeb GmbH","url":"https:\/\/laolaweb.com\/","logo":{"@type":"ImageObject","inLanguage":"en-GB","@id":"https:\/\/laolaweb.com\/#\/schema\/logo\/image\/","url":"https:\/\/laolaweb.com\/wp-content\/uploads\/2022\/06\/laolaweb-internetagentur.jpg","contentUrl":"https:\/\/laolaweb.com\/wp-content\/uploads\/2022\/06\/laolaweb-internetagentur.jpg","width":400,"height":367,"caption":"laOlaWeb GmbH"},"image":{"@id":"https:\/\/laolaweb.com\/#\/schema\/logo\/image\/"}},{"@type":"Person","@id":"https:\/\/laolaweb.com\/#\/schema\/person\/c91cf5a4d4b8445fd6a7c152951a70bd","name":"Manuel","sameAs":["http:\/\/laolaweb.com"]}]}},"_links":{"self":[{"href":"https:\/\/laolaweb.com\/en\/wp-json\/wp\/v2\/pages\/3657","targetHints":{"allow":["GET"]}}],"collection":[{"href":"https:\/\/laolaweb.com\/en\/wp-json\/wp\/v2\/pages"}],"about":[{"href":"https:\/\/laolaweb.com\/en\/wp-json\/wp\/v2\/types\/page"}],"author":[{"embeddable":true,"href":"https:\/\/laolaweb.com\/en\/wp-json\/wp\/v2\/users\/1"}],"replies":[{"embeddable":true,"href":"https:\/\/laolaweb.com\/en\/wp-json\/wp\/v2\/comments?post=3657"}],"version-history":[{"count":39,"href":"https:\/\/laolaweb.com\/en\/wp-json\/wp\/v2\/pages\/3657\/revisions"}],"predecessor-version":[{"id":14617,"href":"https:\/\/laolaweb.com\/en\/wp-json\/wp\/v2\/pages\/3657\/revisions\/14617"}],"up":[{"embeddable":true,"href":"https:\/\/laolaweb.com\/en\/wp-json\/wp\/v2\/pages\/44"}],"wp:attachment":[{"href":"https:\/\/laolaweb.com\/en\/wp-json\/wp\/v2\/media?parent=3657"}],"curies":[{"name":"wp","href":"https:\/\/api.w.org\/{rel}","templated":true}]}}