{"id":3655,"date":"2021-09-21T11:56:22","date_gmt":"2021-09-21T09:56:22","guid":{"rendered":"https:\/\/e-bike-guide.de\/?page_id=3655"},"modified":"2023-04-14T10:50:02","modified_gmt":"2023-04-14T08:50:02","slug":"lvz-training-theme-programming-reference","status":"publish","type":"page","link":"https:\/\/laolaweb.com\/en\/agentur\/referenzen\/lvz-weiterbildung-theme-programmierung-referenz\/","title":{"rendered":"LVZ Training Theme Programming Reference"},"content":{"rendered":"<div data-elementor-type=\"wp-page\" data-elementor-id=\"3655\" class=\"elementor elementor-3655\" data-elementor-post-type=\"page\">\n\t\t\t\t<div class=\"elementor-element elementor-element-cae65ab e-flex e-con-boxed e-con e-parent\" data-id=\"cae65ab\" data-element_type=\"container\" data-e-type=\"container\" data-settings=\"{&quot;background_background&quot;:&quot;classic&quot;}\">\n\t\t\t\t\t<div class=\"e-con-inner\">\n\t\t<div class=\"elementor-element elementor-element-1b63b58 rotate e-con-full e-flex e-con e-child\" data-id=\"1b63b58\" data-element_type=\"container\" data-e-type=\"container\">\n\t\t\t\t<div class=\"elementor-element elementor-element-aa4eada text-trans-zwei elementor-widget elementor-widget-text-editor\" data-id=\"aa4eada\" data-element_type=\"widget\" data-e-type=\"widget\" data-widget_type=\"text-editor.default\">\n\t\t\t\t<div class=\"elementor-widget-container\">\n\t\t\t\t\t\t\t\t\t<p>REFERENCE<\/p>\t\t\t\t\t\t\t\t<\/div>\n\t\t\t\t<\/div>\n\t\t\t\t<div class=\"elementor-element elementor-element-54568f4 text-trans elementor-widget elementor-widget-heading\" data-id=\"54568f4\" data-element_type=\"widget\" data-e-type=\"widget\" data-widget_type=\"heading.default\">\n\t\t\t\t<div class=\"elementor-widget-container\">\n\t\t\t\t\t<p class=\"elementor-heading-title elementor-size-default\">LVZ<\/p>\t\t\t\t<\/div>\n\t\t\t\t<\/div>\n\t\t\t\t<div class=\"elementor-element elementor-element-7aa5b68 text-trans elementor-widget elementor-widget-text-editor\" data-id=\"7aa5b68\" data-element_type=\"widget\" data-e-type=\"widget\" data-widget_type=\"text-editor.default\">\n\t\t\t\t<div class=\"elementor-widget-container\">\n\t\t\t\t\t\t\t\t\t<p>Further training with the Leipziger Volkszeitung<\/p>\t\t\t\t\t\t\t\t<\/div>\n\t\t\t\t<\/div>\n\t\t\t\t<\/div>\n\t\t\t\t\t<\/div>\n\t\t\t\t<\/div>\n\t\t<div class=\"elementor-element elementor-element-51632ae e-flex e-con-boxed e-con e-parent\" data-id=\"51632ae\" data-element_type=\"container\" data-e-type=\"container\">\n\t\t\t\t\t<div class=\"e-con-inner\">\n\t\t<div class=\"elementor-element elementor-element-b54d455 e-con-full e-flex e-con e-child\" data-id=\"b54d455\" data-element_type=\"container\" data-e-type=\"container\">\n\t\t\t\t<div class=\"elementor-element elementor-element-e808672 elementor-widget elementor-widget-heading\" data-id=\"e808672\" data-element_type=\"widget\" data-e-type=\"widget\" data-widget_type=\"heading.default\">\n\t\t\t\t<div class=\"elementor-widget-container\">\n\t\t\t\t\t<h1 class=\"elementor-heading-title elementor-size-default\">Mobile-First WordPress Theme<\/h1>\t\t\t\t<\/div>\n\t\t\t\t<\/div>\n\t\t\t\t<div class=\"elementor-element elementor-element-c5553da elementor-widget elementor-widget-image\" data-id=\"c5553da\" data-element_type=\"widget\" data-e-type=\"widget\" data-widget_type=\"image.default\">\n\t\t\t\t<div class=\"elementor-widget-container\">\n\t\t\t\t\t\t\t\t\t\t\t\t\t\t\t<img fetchpriority=\"high\" decoding=\"async\" width=\"768\" height=\"822\" src=\"https:\/\/laolaweb.com\/wp-content\/uploads\/2021\/11\/lvz-iso-ref-neu-768x822.png\" class=\"attachment-medium_large size-medium_large wp-image-7492\" alt=\"Reference LVZ WP Theme\" srcset=\"https:\/\/laolaweb.com\/wp-content\/uploads\/2021\/11\/lvz-iso-ref-neu-768x822.png 768w, https:\/\/laolaweb.com\/wp-content\/uploads\/2021\/11\/lvz-iso-ref-neu-280x300.png 280w, https:\/\/laolaweb.com\/wp-content\/uploads\/2021\/11\/lvz-iso-ref-neu-957x1024.png 957w, https:\/\/laolaweb.com\/wp-content\/uploads\/2021\/11\/lvz-iso-ref-neu.png 1200w\" sizes=\"(max-width: 768px) 100vw, 768px\" \/>\t\t\t\t\t\t\t\t\t\t\t\t\t\t\t<\/div>\n\t\t\t\t<\/div>\n\t\t\t\t<div class=\"elementor-element elementor-element-4fe1e22 elementor-widget__width-initial elementor-widget elementor-widget-text-editor\" data-id=\"4fe1e22\" data-element_type=\"widget\" data-e-type=\"widget\" data-widget_type=\"text-editor.default\">\n\t\t\t\t<div class=\"elementor-widget-container\">\n\t\t\t\t\t\t\t\t\t<p>For the Leipziger Volkszeitung (LVZ), a special training programme was created at lvz-weiterbildung.de. <a href=\"https:\/\/laolaweb.com\/en\/wordpress-agency\/theme-programming\/\">WordPress theme<\/a> developed. The web design and functionality were <strong>Primarily for smartphones<\/strong> (mobile-first design). The application lists professional and private further education programmes for the user and provides all relevant information about the respective programme.<\/p>\t\t\t\t\t\t\t\t<\/div>\n\t\t\t\t<\/div>\n\t\t\t\t<\/div>\n\t\t\t\t\t<\/div>\n\t\t\t\t<\/div>\n\t\t<div class=\"elementor-element elementor-element-f2348d2 e-flex e-con-boxed e-con e-parent\" data-id=\"f2348d2\" data-element_type=\"container\" data-e-type=\"container\" data-settings=\"{&quot;background_background&quot;:&quot;classic&quot;}\">\n\t\t\t\t\t<div class=\"e-con-inner\">\n\t\t<div class=\"elementor-element elementor-element-fdf8e0b e-con-full e-flex e-con e-child\" data-id=\"fdf8e0b\" data-element_type=\"container\" data-e-type=\"container\">\n\t\t<div class=\"elementor-element elementor-element-5d14219 e-con-full e-flex e-con e-child\" data-id=\"5d14219\" data-element_type=\"container\" data-e-type=\"container\">\n\t\t\t\t<div class=\"elementor-element elementor-element-bd6f03e drop_image elementor-widget elementor-widget-image\" data-id=\"bd6f03e\" data-element_type=\"widget\" data-e-type=\"widget\" data-widget_type=\"image.default\">\n\t\t\t\t<div class=\"elementor-widget-container\">\n\t\t\t\t\t\t\t\t\t\t\t\t\t\t\t<img decoding=\"async\" width=\"726\" height=\"1024\" src=\"https:\/\/laolaweb.com\/wp-content\/uploads\/2021\/09\/referenz-lvz-front.png\" class=\"attachment-medium_large size-medium_large wp-image-3648\" alt=\"LVZ Reference Theme Programming\" srcset=\"https:\/\/laolaweb.com\/wp-content\/uploads\/2021\/09\/referenz-lvz-front.png 726w, https:\/\/laolaweb.com\/wp-content\/uploads\/2021\/09\/referenz-lvz-front-213x300.png 213w\" sizes=\"(max-width: 726px) 100vw, 726px\" \/>\t\t\t\t\t\t\t\t\t\t\t\t\t\t\t<\/div>\n\t\t\t\t<\/div>\n\t\t\t\t<\/div>\n\t\t<div class=\"elementor-element elementor-element-0f2f131 e-con-full e-flex e-con e-child\" data-id=\"0f2f131\" data-element_type=\"container\" data-e-type=\"container\">\n\t\t\t\t<div class=\"elementor-element elementor-element-5b62e95 elementor-widget elementor-widget-heading\" data-id=\"5b62e95\" data-element_type=\"widget\" data-e-type=\"widget\" data-widget_type=\"heading.default\">\n\t\t\t\t<div class=\"elementor-widget-container\">\n\t\t\t\t\t<h2 class=\"elementor-heading-title elementor-size-default\">Mobile-first design with WordPress<\/h2>\t\t\t\t<\/div>\n\t\t\t\t<\/div>\n\t\t\t\t<div class=\"elementor-element elementor-element-5718a26 elementor-widget__width-initial elementor-widget elementor-widget-text-editor\" data-id=\"5718a26\" data-element_type=\"widget\" data-e-type=\"widget\" data-widget_type=\"text-editor.default\">\n\t\t\t\t<div class=\"elementor-widget-container\">\n\t\t\t\t\t\t\t\t\t<p>About a <strong>Filter function<\/strong> the user can filter the entries relevant to him from all offers. These and other functions were developed primarily for the <strong>Use on smartphones<\/strong> and small screens. With an integrated contact function, users can express their interest directly to the provider. Providers of further training can advertise their offers on the <strong>digital marketplace<\/strong> and also advertised in the printed newspaper.<\/p>\t\t\t\t\t\t\t\t<\/div>\n\t\t\t\t<\/div>\n\t\t\t\t<\/div>\n\t\t\t\t<\/div>\n\t\t\t\t\t<\/div>\n\t\t\t\t<\/div>\n\t\t<div class=\"elementor-element elementor-element-3e8fdc1 e-flex e-con-boxed e-con e-parent\" data-id=\"3e8fdc1\" data-element_type=\"container\" data-e-type=\"container\" data-settings=\"{&quot;background_background&quot;:&quot;classic&quot;}\">\n\t\t\t\t\t<div class=\"e-con-inner\">\n\t\t<div class=\"elementor-element elementor-element-f23dd0e e-con-full e-flex e-con e-child\" data-id=\"f23dd0e\" data-element_type=\"container\" data-e-type=\"container\">\n\t\t<div class=\"elementor-element elementor-element-91e5ece e-con-full e-flex e-con e-child\" data-id=\"91e5ece\" data-element_type=\"container\" data-e-type=\"container\">\n\t\t\t\t<div class=\"elementor-element elementor-element-4cef6e4 elementor-widget elementor-widget-heading\" data-id=\"4cef6e4\" data-element_type=\"widget\" data-e-type=\"widget\" data-widget_type=\"heading.default\">\n\t\t\t\t<div class=\"elementor-widget-container\">\n\t\t\t\t\t<span class=\"elementor-heading-title elementor-size-default\">Lifelong learning - to combat the shortage of skilled labour<\/span>\t\t\t\t<\/div>\n\t\t\t\t<\/div>\n\t\t\t\t<div class=\"elementor-element elementor-element-6abd950 elementor-widget__width-initial elementor-widget elementor-widget-text-editor\" data-id=\"6abd950\" data-element_type=\"widget\" data-e-type=\"widget\" data-widget_type=\"text-editor.default\">\n\t\t\t\t<div class=\"elementor-widget-container\">\n\t\t\t\t\t\t\t\t\t<p>The LVZ Marketplace is a new portal that enables companies and individuals to search for suitable events, be inspired and book training courses easily. For lifelong learning - against the shortage of skilled labour.<\/p>\t\t\t\t\t\t\t\t<\/div>\n\t\t\t\t<\/div>\n\t\t\t\t<\/div>\n\t\t<div class=\"elementor-element elementor-element-44eba76 e-con-full e-flex e-con e-child\" data-id=\"44eba76\" data-element_type=\"container\" data-e-type=\"container\">\n\t\t\t\t<div class=\"elementor-element elementor-element-57de77d drop_image elementor-widget elementor-widget-image\" data-id=\"57de77d\" data-element_type=\"widget\" data-e-type=\"widget\" data-widget_type=\"image.default\">\n\t\t\t\t<div class=\"elementor-widget-container\">\n\t\t\t\t\t\t\t\t\t\t\t\t\t\t\t<img decoding=\"async\" width=\"700\" height=\"988\" src=\"https:\/\/laolaweb.com\/wp-content\/uploads\/2021\/11\/lvz-referenz-zwei.png\" class=\"attachment-medium_large size-medium_large wp-image-7494\" alt=\"Reference LVZ WP Theme\" srcset=\"https:\/\/laolaweb.com\/wp-content\/uploads\/2021\/11\/lvz-referenz-zwei.png 700w, https:\/\/laolaweb.com\/wp-content\/uploads\/2021\/11\/lvz-referenz-zwei-213x300.png 213w\" sizes=\"(max-width: 700px) 100vw, 700px\" \/>\t\t\t\t\t\t\t\t\t\t\t\t\t\t\t<\/div>\n\t\t\t\t<\/div>\n\t\t\t\t<\/div>\n\t\t\t\t<\/div>\n\t\t\t\t\t<\/div>\n\t\t\t\t<\/div>\n\t\t\t\t<\/div>","protected":false},"excerpt":{"rendered":"<p>REFERENZ LVZ Weiterbildung mit der Leipziger Volkszeitung Mobile-First-WordPress-Theme F\u00fcr die Leipziger Volkszeitung (LVZ) wurde unter lvz-weiterbildung.de ein eigenes WordPress-Theme entwickelt. Das Webdesign und die Funktionalit\u00e4t wurden prim\u00e4r f\u00fcr Smartphones (Mobile-First-Design) gestaltet. Die Anwendung listet dem Nutzer berufliche und private Weiterbildungsangebote auf und bietet alle relevanten Informationen rund um das jeweilige Angebot. Mobile-First-Design mit WordPress \u00dcber [&hellip;]<\/p>\n","protected":false},"author":1,"featured_media":0,"parent":44,"menu_order":0,"comment_status":"closed","ping_status":"closed","template":"","meta":{"footnotes":""},"class_list":["post-3655","page","type-page","status-publish","hentry"],"yoast_head":"<!-- This site is optimized with the Yoast SEO plugin v27.0 - https:\/\/yoast.com\/product\/yoast-seo-wordpress\/ -->\n<title>Kunde LVZ | WordPress-Referenz<\/title>\n<meta name=\"description\" content=\"WordPress-Referenz LVZ mit individueller Theme-Programmierung. Kurze Projektbeschreibung mit Zielstellung und Ergebnissen.\" \/>\n<meta name=\"robots\" content=\"index, follow, max-snippet:-1, max-image-preview:large, max-video-preview:-1\" \/>\n<link rel=\"canonical\" href=\"https:\/\/laolaweb.com\/en\/agency\/references\/lvz-training-theme-programming-reference\/\" \/>\n<meta property=\"og:locale\" content=\"en_GB\" \/>\n<meta property=\"og:type\" content=\"article\" \/>\n<meta property=\"og:title\" content=\"Kunde LVZ | WordPress-Referenz\" \/>\n<meta property=\"og:description\" content=\"WordPress-Referenz LVZ mit individueller Theme-Programmierung. Kurze Projektbeschreibung mit Zielstellung und Ergebnissen.\" \/>\n<meta property=\"og:url\" content=\"https:\/\/laolaweb.com\/en\/agency\/references\/lvz-training-theme-programming-reference\/\" \/>\n<meta property=\"og:site_name\" content=\"Internetagentur laOlaWeb - Agentur f\u00fcr WordPress\" \/>\n<meta property=\"article:modified_time\" content=\"2023-04-14T08:50:02+00:00\" \/>\n<meta property=\"og:image\" content=\"https:\/\/laolaweb.com\/wp-content\/uploads\/2021\/11\/lvz-iso-ref-neu-768x822.png\" \/>\n<meta name=\"twitter:card\" content=\"summary_large_image\" \/>\n<meta name=\"twitter:label1\" content=\"Estimated reading time\" \/>\n\t<meta name=\"twitter:data1\" content=\"2 minutes\" \/>\n<!-- \/ Yoast SEO plugin. -->","yoast_head_json":{"title":"Client LVZ | WordPress Reference","description":"WordPress reference LVZ with customised theme programming. Short project description with objectives and results.","robots":{"index":"index","follow":"follow","max-snippet":"max-snippet:-1","max-image-preview":"max-image-preview:large","max-video-preview":"max-video-preview:-1"},"canonical":"https:\/\/laolaweb.com\/en\/agency\/references\/lvz-training-theme-programming-reference\/","og_locale":"en_GB","og_type":"article","og_title":"Kunde LVZ | WordPress-Referenz","og_description":"WordPress-Referenz LVZ mit individueller Theme-Programmierung. Kurze Projektbeschreibung mit Zielstellung und Ergebnissen.","og_url":"https:\/\/laolaweb.com\/en\/agency\/references\/lvz-training-theme-programming-reference\/","og_site_name":"Internetagentur laOlaWeb - Agentur f\u00fcr WordPress","article_modified_time":"2023-04-14T08:50:02+00:00","og_image":[{"url":"https:\/\/laolaweb.com\/wp-content\/uploads\/2021\/11\/lvz-iso-ref-neu-768x822.png","type":"","width":"","height":""}],"twitter_card":"summary_large_image","twitter_misc":{"Estimated reading time":"2 minutes"},"schema":{"@context":"https:\/\/schema.org","@graph":[{"@type":"TechArticle","@id":"https:\/\/laolaweb.com\/agentur\/referenzen\/lvz-weiterbildung-theme-programmierung-referenz\/#article","isPartOf":{"@id":"https:\/\/laolaweb.com\/agentur\/referenzen\/lvz-weiterbildung-theme-programmierung-referenz\/"},"author":{"name":"Manuel","@id":"https:\/\/laolaweb.com\/#\/schema\/person\/c91cf5a4d4b8445fd6a7c152951a70bd"},"headline":"LVZ Weiterbildung Theme Programmierung Referenz","datePublished":"2021-09-21T09:56:22+00:00","dateModified":"2023-04-14T08:50:02+00:00","mainEntityOfPage":{"@id":"https:\/\/laolaweb.com\/agentur\/referenzen\/lvz-weiterbildung-theme-programmierung-referenz\/"},"wordCount":171,"publisher":{"@id":"https:\/\/laolaweb.com\/#organization"},"image":{"@id":"https:\/\/laolaweb.com\/agentur\/referenzen\/lvz-weiterbildung-theme-programmierung-referenz\/#primaryimage"},"thumbnailUrl":"https:\/\/laolaweb.com\/wp-content\/uploads\/2021\/11\/lvz-iso-ref-neu-768x822.png","inLanguage":"en-GB"},{"@type":"WebPage","@id":"https:\/\/laolaweb.com\/agentur\/referenzen\/lvz-weiterbildung-theme-programmierung-referenz\/","url":"https:\/\/laolaweb.com\/agentur\/referenzen\/lvz-weiterbildung-theme-programmierung-referenz\/","name":"Client LVZ | WordPress Reference","isPartOf":{"@id":"https:\/\/laolaweb.com\/#website"},"primaryImageOfPage":{"@id":"https:\/\/laolaweb.com\/agentur\/referenzen\/lvz-weiterbildung-theme-programmierung-referenz\/#primaryimage"},"image":{"@id":"https:\/\/laolaweb.com\/agentur\/referenzen\/lvz-weiterbildung-theme-programmierung-referenz\/#primaryimage"},"thumbnailUrl":"https:\/\/laolaweb.com\/wp-content\/uploads\/2021\/11\/lvz-iso-ref-neu-768x822.png","datePublished":"2021-09-21T09:56:22+00:00","dateModified":"2023-04-14T08:50:02+00:00","description":"WordPress reference LVZ with customised theme programming. Short project description with objectives and results.","breadcrumb":{"@id":"https:\/\/laolaweb.com\/agentur\/referenzen\/lvz-weiterbildung-theme-programmierung-referenz\/#breadcrumb"},"inLanguage":"en-GB","potentialAction":[{"@type":"ReadAction","target":["https:\/\/laolaweb.com\/agentur\/referenzen\/lvz-weiterbildung-theme-programmierung-referenz\/"]}]},{"@type":"ImageObject","inLanguage":"en-GB","@id":"https:\/\/laolaweb.com\/agentur\/referenzen\/lvz-weiterbildung-theme-programmierung-referenz\/#primaryimage","url":"https:\/\/laolaweb.com\/wp-content\/uploads\/2021\/11\/lvz-iso-ref-neu-768x822.png","contentUrl":"https:\/\/laolaweb.com\/wp-content\/uploads\/2021\/11\/lvz-iso-ref-neu-768x822.png"},{"@type":"BreadcrumbList","@id":"https:\/\/laolaweb.com\/agentur\/referenzen\/lvz-weiterbildung-theme-programmierung-referenz\/#breadcrumb","itemListElement":[{"@type":"ListItem","position":1,"name":"Startseite","item":"https:\/\/laolaweb.com\/"},{"@type":"ListItem","position":2,"name":"\u00dcber uns","item":"https:\/\/laolaweb.com\/agentur\/"},{"@type":"ListItem","position":3,"name":"Referenzen","item":"https:\/\/laolaweb.com\/agentur\/referenzen\/"},{"@type":"ListItem","position":4,"name":"LVZ Weiterbildung Theme Programmierung Referenz"}]},{"@type":"WebSite","@id":"https:\/\/laolaweb.com\/#website","url":"https:\/\/laolaweb.com\/","name":"Internet agency laOlaWeb - Agency for WordPress","description":"Professional WordPress websites","publisher":{"@id":"https:\/\/laolaweb.com\/#organization"},"potentialAction":[{"@type":"SearchAction","target":{"@type":"EntryPoint","urlTemplate":"https:\/\/laolaweb.com\/?s={search_term_string}"},"query-input":{"@type":"PropertyValueSpecification","valueRequired":true,"valueName":"search_term_string"}}],"inLanguage":"en-GB"},{"@type":"Organization","@id":"https:\/\/laolaweb.com\/#organization","name":"laOlaWeb GmbH","url":"https:\/\/laolaweb.com\/","logo":{"@type":"ImageObject","inLanguage":"en-GB","@id":"https:\/\/laolaweb.com\/#\/schema\/logo\/image\/","url":"https:\/\/laolaweb.com\/wp-content\/uploads\/2022\/06\/laolaweb-internetagentur.jpg","contentUrl":"https:\/\/laolaweb.com\/wp-content\/uploads\/2022\/06\/laolaweb-internetagentur.jpg","width":400,"height":367,"caption":"laOlaWeb GmbH"},"image":{"@id":"https:\/\/laolaweb.com\/#\/schema\/logo\/image\/"}},{"@type":"Person","@id":"https:\/\/laolaweb.com\/#\/schema\/person\/c91cf5a4d4b8445fd6a7c152951a70bd","name":"Manuel","sameAs":["http:\/\/laolaweb.com"]}]}},"_links":{"self":[{"href":"https:\/\/laolaweb.com\/en\/wp-json\/wp\/v2\/pages\/3655","targetHints":{"allow":["GET"]}}],"collection":[{"href":"https:\/\/laolaweb.com\/en\/wp-json\/wp\/v2\/pages"}],"about":[{"href":"https:\/\/laolaweb.com\/en\/wp-json\/wp\/v2\/types\/page"}],"author":[{"embeddable":true,"href":"https:\/\/laolaweb.com\/en\/wp-json\/wp\/v2\/users\/1"}],"replies":[{"embeddable":true,"href":"https:\/\/laolaweb.com\/en\/wp-json\/wp\/v2\/comments?post=3655"}],"version-history":[{"count":39,"href":"https:\/\/laolaweb.com\/en\/wp-json\/wp\/v2\/pages\/3655\/revisions"}],"predecessor-version":[{"id":14611,"href":"https:\/\/laolaweb.com\/en\/wp-json\/wp\/v2\/pages\/3655\/revisions\/14611"}],"up":[{"embeddable":true,"href":"https:\/\/laolaweb.com\/en\/wp-json\/wp\/v2\/pages\/44"}],"wp:attachment":[{"href":"https:\/\/laolaweb.com\/en\/wp-json\/wp\/v2\/media?parent=3655"}],"curies":[{"name":"wp","href":"https:\/\/api.w.org\/{rel}","templated":true}]}}