{"id":3606,"date":"2021-09-21T11:17:51","date_gmt":"2021-09-21T09:17:51","guid":{"rendered":"https:\/\/e-bike-guide.de\/?page_id=3606"},"modified":"2023-04-14T17:50:41","modified_gmt":"2023-04-14T15:50:41","slug":"rdv-dental-shopware-reference","status":"publish","type":"page","link":"https:\/\/laolaweb.com\/en\/agentur\/referenzen\/rdv-dental-shopware-referenz\/","title":{"rendered":"Reference RDV Dental Shopware with WaWi"},"content":{"rendered":"\t\t<div data-elementor-type=\"wp-page\" data-elementor-id=\"3606\" class=\"elementor elementor-3606\" data-elementor-post-type=\"page\">\n\t\t\t\t<div class=\"elementor-element elementor-element-7eb52fd e-flex e-con-boxed e-con e-parent\" data-id=\"7eb52fd\" data-element_type=\"container\" data-e-type=\"container\" data-settings=\"{&quot;background_background&quot;:&quot;classic&quot;}\">\n\t\t\t\t\t<div class=\"e-con-inner\">\n\t\t<div class=\"elementor-element elementor-element-2cbbd5b rotate e-con-full e-flex e-con e-child\" data-id=\"2cbbd5b\" data-element_type=\"container\" data-e-type=\"container\">\n\t\t\t\t<div class=\"elementor-element elementor-element-de20279 text-trans-zwei elementor-widget elementor-widget-text-editor\" data-id=\"de20279\" data-element_type=\"widget\" data-e-type=\"widget\" data-widget_type=\"text-editor.default\">\n\t\t\t\t<div class=\"elementor-widget-container\">\n\t\t\t\t\t\t\t\t\t<p>REFERENZ<\/p>\t\t\t\t\t\t\t\t<\/div>\n\t\t\t\t<\/div>\n\t\t\t\t<div class=\"elementor-element elementor-element-8dbe9ce text-trans elementor-widget elementor-widget-heading\" data-id=\"8dbe9ce\" data-element_type=\"widget\" data-e-type=\"widget\" data-widget_type=\"heading.default\">\n\t\t\t\t<div class=\"elementor-widget-container\">\n\t\t\t\t\t<p class=\"elementor-heading-title elementor-size-default\">RDV DENTAL<\/p>\t\t\t\t<\/div>\n\t\t\t\t<\/div>\n\t\t\t\t<div class=\"elementor-element elementor-element-ba76c98 text-trans elementor-widget elementor-widget-text-editor\" data-id=\"ba76c98\" data-element_type=\"widget\" data-e-type=\"widget\" data-widget_type=\"text-editor.default\">\n\t\t\t\t<div class=\"elementor-widget-container\">\n\t\t\t\t\t\t\t\t\t<p>Onlineshop mit Shopware<\/p>\t\t\t\t\t\t\t\t<\/div>\n\t\t\t\t<\/div>\n\t\t\t\t<\/div>\n\t\t\t\t\t<\/div>\n\t\t\t\t<\/div>\n\t\t<div class=\"elementor-element elementor-element-c05c3aa e-flex e-con-boxed e-con e-parent\" data-id=\"c05c3aa\" data-element_type=\"container\" data-e-type=\"container\">\n\t\t\t\t\t<div class=\"e-con-inner\">\n\t\t<div class=\"elementor-element elementor-element-c026133 e-con-full e-flex e-con e-child\" data-id=\"c026133\" data-element_type=\"container\" data-e-type=\"container\">\n\t\t\t\t<div class=\"elementor-element elementor-element-a73c7b3 elementor-widget elementor-widget-heading\" data-id=\"a73c7b3\" data-element_type=\"widget\" data-e-type=\"widget\" data-widget_type=\"heading.default\">\n\t\t\t\t<div class=\"elementor-widget-container\">\n\t\t\t\t\t<h1 class=\"elementor-heading-title elementor-size-default\">Anbindung Shopware an Sage-Warenwirtschaft<\/h1>\t\t\t\t<\/div>\n\t\t\t\t<\/div>\n\t\t\t\t<div class=\"elementor-element elementor-element-0d63fb3 elementor-widget elementor-widget-image\" data-id=\"0d63fb3\" data-element_type=\"widget\" data-e-type=\"widget\" data-widget_type=\"image.default\">\n\t\t\t\t<div class=\"elementor-widget-container\">\n\t\t\t\t\t\t\t\t\t\t\t\t\t\t\t<img fetchpriority=\"high\" decoding=\"async\" width=\"768\" height=\"822\" src=\"https:\/\/laolaweb.com\/wp-content\/uploads\/2021\/09\/referenz-rdv-iso-768x822.png\" class=\"attachment-medium_large size-medium_large wp-image-2134\" alt=\"Referenz RDV\" srcset=\"https:\/\/laolaweb.com\/wp-content\/uploads\/2021\/09\/referenz-rdv-iso-768x822.png 768w, https:\/\/laolaweb.com\/wp-content\/uploads\/2021\/09\/referenz-rdv-iso-280x300.png 280w, https:\/\/laolaweb.com\/wp-content\/uploads\/2021\/09\/referenz-rdv-iso-957x1024.png 957w, https:\/\/laolaweb.com\/wp-content\/uploads\/2021\/09\/referenz-rdv-iso.png 1200w\" sizes=\"(max-width: 768px) 100vw, 768px\" \/>\t\t\t\t\t\t\t\t\t\t\t\t\t\t\t<\/div>\n\t\t\t\t<\/div>\n\t\t\t\t<div class=\"elementor-element elementor-element-c0d773f elementor-widget__width-initial elementor-widget elementor-widget-text-editor\" data-id=\"c0d773f\" data-element_type=\"widget\" data-e-type=\"widget\" data-widget_type=\"text-editor.default\">\n\t\t\t\t<div class=\"elementor-widget-container\">\n\t\t\t\t\t\t\t\t\t<p>Die rdv Dental GmbH verkauft gebrauchte medizinische Ger\u00e4te f\u00fcr Zahn\u00e4rzte und Zahnlabore. Da ebenfalls \u00fcber den <strong>Marktplatz von eBay<\/strong> sowie den pers\u00f6nlichen Vertrieb Produkte verkauft werden, m\u00fcssen die <strong>Lagerbest\u00e4nde jederzeit synchron<\/strong> gehalten werden. Die Anbindung zwischen eBay, <a href=\"https:\/\/laolaweb.com\/shopware-leipzig\/\">Shopware<\/a> und der Sage-Warenwirtschaft l\u00e4uft \u00fcber die Middleware Speed4Trade CONNECT von <a href=\"http:\/\/speed4trade.com\" target=\"_blank\" rel=\"noopener\">Speed4Trade<\/a>.\u00a0<\/p>\t\t\t\t\t\t\t\t<\/div>\n\t\t\t\t<\/div>\n\t\t\t\t<\/div>\n\t\t\t\t\t<\/div>\n\t\t\t\t<\/div>\n\t\t<div class=\"elementor-element elementor-element-9b74bce e-flex e-con-boxed e-con e-parent\" data-id=\"9b74bce\" data-element_type=\"container\" data-e-type=\"container\" data-settings=\"{&quot;background_background&quot;:&quot;classic&quot;}\">\n\t\t\t\t\t<div class=\"e-con-inner\">\n\t\t<div class=\"elementor-element elementor-element-89cbe78 e-con-full e-flex e-con e-child\" data-id=\"89cbe78\" data-element_type=\"container\" data-e-type=\"container\">\n\t\t<div class=\"elementor-element elementor-element-f8004dd e-con-full e-flex e-con e-child\" data-id=\"f8004dd\" data-element_type=\"container\" data-e-type=\"container\">\n\t\t\t\t<div class=\"elementor-element elementor-element-a764bcb drop_image elementor-widget elementor-widget-image\" data-id=\"a764bcb\" data-element_type=\"widget\" data-e-type=\"widget\" data-widget_type=\"image.default\">\n\t\t\t\t<div class=\"elementor-widget-container\">\n\t\t\t\t\t\t\t\t\t\t\t\t\t\t\t<img decoding=\"async\" width=\"768\" height=\"1084\" src=\"https:\/\/laolaweb.com\/wp-content\/uploads\/2021\/11\/rdv-ref-neu-zwei-768x1084.png\" class=\"attachment-medium_large size-medium_large wp-image-7487\" alt=\"Referenz RDV WP Shopware\" srcset=\"https:\/\/laolaweb.com\/wp-content\/uploads\/2021\/11\/rdv-ref-neu-zwei-768x1084.png 768w, https:\/\/laolaweb.com\/wp-content\/uploads\/2021\/11\/rdv-ref-neu-zwei-213x300.png 213w, https:\/\/laolaweb.com\/wp-content\/uploads\/2021\/11\/rdv-ref-neu-zwei-726x1024.png 726w, https:\/\/laolaweb.com\/wp-content\/uploads\/2021\/11\/rdv-ref-neu-zwei-1088x1536.png 1088w, https:\/\/laolaweb.com\/wp-content\/uploads\/2021\/11\/rdv-ref-neu-zwei-1451x2048.png 1451w\" sizes=\"(max-width: 768px) 100vw, 768px\" \/>\t\t\t\t\t\t\t\t\t\t\t\t\t\t\t<\/div>\n\t\t\t\t<\/div>\n\t\t\t\t<\/div>\n\t\t<div class=\"elementor-element elementor-element-d436d48 e-con-full e-flex e-con e-child\" data-id=\"d436d48\" data-element_type=\"container\" data-e-type=\"container\">\n\t\t\t\t<div class=\"elementor-element elementor-element-8a6e421 elementor-widget elementor-widget-heading\" data-id=\"8a6e421\" data-element_type=\"widget\" data-e-type=\"widget\" data-widget_type=\"heading.default\">\n\t\t\t\t<div class=\"elementor-widget-container\">\n\t\t\t\t\t<h2 class=\"elementor-heading-title elementor-size-default\">Viele Kan\u00e4le - zentralisierte Verwaltung <\/h2>\t\t\t\t<\/div>\n\t\t\t\t<\/div>\n\t\t\t\t<div class=\"elementor-element elementor-element-3ba8b7b elementor-widget__width-initial elementor-widget elementor-widget-text-editor\" data-id=\"3ba8b7b\" data-element_type=\"widget\" data-e-type=\"widget\" data-widget_type=\"text-editor.default\">\n\t\t\t\t<div class=\"elementor-widget-container\">\n\t\t\t\t\t\t\t\t\t<p>Da viele der gebrauchten Produkte nur einmal vorhanden sind, besteht ein hoher Aufwand, den Produktbestand zu pflegen. Eine <strong>zentrale Produktverwaltung<\/strong> in der bereits bestehenden Warenwirtschaft von Sage war daher die wichtigste Anforderung in diesem Projekt. \u00dcber die Softwarel\u00f6sung von Speed4Trade konnten sowohl der Marktplatz von eBay als auch der neue Shop von <strong>Shopware 5<\/strong> relativ einfach verbunden werden.\u00a0<\/p>\t\t\t\t\t\t\t\t<\/div>\n\t\t\t\t<\/div>\n\t\t\t\t<\/div>\n\t\t\t\t<\/div>\n\t\t\t\t\t<\/div>\n\t\t\t\t<\/div>\n\t\t<div class=\"elementor-element elementor-element-23f7a02 e-flex e-con-boxed e-con e-parent\" data-id=\"23f7a02\" data-element_type=\"container\" data-e-type=\"container\" data-settings=\"{&quot;background_background&quot;:&quot;classic&quot;}\">\n\t\t\t\t\t<div class=\"e-con-inner\">\n\t\t<div class=\"elementor-element elementor-element-973e174 e-con-full e-flex e-con e-child\" data-id=\"973e174\" data-element_type=\"container\" data-e-type=\"container\">\n\t\t<div class=\"elementor-element elementor-element-1da7545 e-con-full e-flex e-con e-child\" data-id=\"1da7545\" data-element_type=\"container\" data-e-type=\"container\">\n\t\t\t\t<div class=\"elementor-element elementor-element-49a059f elementor-widget elementor-widget-heading\" data-id=\"49a059f\" data-element_type=\"widget\" data-e-type=\"widget\" data-widget_type=\"heading.default\">\n\t\t\t\t<div class=\"elementor-widget-container\">\n\t\t\t\t\t<span class=\"elementor-heading-title elementor-size-default\">F\u00fcr Unternehmen mit Ver\u00e4nderungsanspruch<\/span>\t\t\t\t<\/div>\n\t\t\t\t<\/div>\n\t\t\t\t<div class=\"elementor-element elementor-element-5ee07b9 elementor-widget__width-initial elementor-widget elementor-widget-text-editor\" data-id=\"5ee07b9\" data-element_type=\"widget\" data-e-type=\"widget\" data-widget_type=\"text-editor.default\">\n\t\t\t\t<div class=\"elementor-widget-container\">\n\t\t\t\t\t\t\t\t\t<p>\u201ePerfektion aus Leidenschaft\" ist das Motto von rdv Dental aus K\u00f6ln. rdv Dental liefert vom kleinsten Instrument \u00fcber komplette R\u00f6ntgenanlagen bis hin zur vollst\u00e4ndigen Praxisausstattung alles in perfekter Qualit\u00e4t zum Niedrigpreis. Die hochwertigen gebrauchten Dentalprodukte werden seit Neuestem in einem Shopware-5-Onlineshop verkauft.<\/p>\t\t\t\t\t\t\t\t<\/div>\n\t\t\t\t<\/div>\n\t\t\t\t<div class=\"elementor-element elementor-element-16956e7 elementor-align-left underline_button_drei elementor-tablet-align-left elementor-mobile-align-left elementor-widget elementor-widget-button\" data-id=\"16956e7\" data-element_type=\"widget\" data-e-type=\"widget\" data-settings=\"{&quot;motion_fx_motion_fx_scrolling&quot;:&quot;yes&quot;,&quot;motion_fx_devices&quot;:[&quot;desktop&quot;,&quot;laptop&quot;,&quot;tablet&quot;,&quot;mobile&quot;]}\" data-widget_type=\"button.default\">\n\t\t\t\t<div class=\"elementor-widget-container\">\n\t\t\t\t\t\t\t\t\t<div class=\"elementor-button-wrapper\">\n\t\t\t\t\t<a class=\"elementor-button elementor-button-link elementor-size-sm\" href=\"https:\/\/shop.rdv-dental.de\/\" target=\"_blank\">\n\t\t\t\t\t\t<span class=\"elementor-button-content-wrapper\">\n\t\t\t\t\t\t\t\t\t<span class=\"elementor-button-text\">Shopware-Shop ansehen<\/span>\n\t\t\t\t\t<\/span>\n\t\t\t\t\t<\/a>\n\t\t\t\t<\/div>\n\t\t\t\t\t\t\t\t<\/div>\n\t\t\t\t<\/div>\n\t\t\t\t<\/div>\n\t\t<div class=\"elementor-element elementor-element-feaa138 e-con-full e-flex e-con e-child\" data-id=\"feaa138\" data-element_type=\"container\" data-e-type=\"container\">\n\t\t\t\t<div class=\"elementor-element elementor-element-b0475c0 drop_image elementor-widget elementor-widget-image\" data-id=\"b0475c0\" data-element_type=\"widget\" data-e-type=\"widget\" data-widget_type=\"image.default\">\n\t\t\t\t<div class=\"elementor-widget-container\">\n\t\t\t\t\t\t\t\t\t\t\t\t\t\t\t<img decoding=\"async\" width=\"726\" height=\"1024\" src=\"https:\/\/laolaweb.com\/wp-content\/uploads\/2021\/09\/rrdv-dental-referenz.png\" class=\"attachment-medium_large size-medium_large wp-image-3559\" alt=\"Referenz RRDV Produktansicht Mobil\" srcset=\"https:\/\/laolaweb.com\/wp-content\/uploads\/2021\/09\/rrdv-dental-referenz.png 726w, https:\/\/laolaweb.com\/wp-content\/uploads\/2021\/09\/rrdv-dental-referenz-213x300.png 213w\" sizes=\"(max-width: 726px) 100vw, 726px\" \/>\t\t\t\t\t\t\t\t\t\t\t\t\t\t\t<\/div>\n\t\t\t\t<\/div>\n\t\t\t\t<\/div>\n\t\t\t\t<\/div>\n\t\t\t\t\t<\/div>\n\t\t\t\t<\/div>\n\t\t\t\t<\/div>\n\t\t","protected":false},"excerpt":{"rendered":"<p>REFERENZ RDV DENTAL Onlineshop mit Shopware Anbindung Shopware an Sage-Warenwirtschaft Die rdv Dental GmbH verkauft gebrauchte medizinische Ger\u00e4te f\u00fcr Zahn\u00e4rzte und Zahnlabore. Da ebenfalls \u00fcber den Marktplatz von eBay sowie den pers\u00f6nlichen Vertrieb Produkte verkauft werden, m\u00fcssen die Lagerbest\u00e4nde jederzeit synchron gehalten werden. Die Anbindung zwischen eBay, Shopware und der Sage-Warenwirtschaft l\u00e4uft \u00fcber die Middleware [&hellip;]<\/p>\n","protected":false},"author":1,"featured_media":0,"parent":44,"menu_order":0,"comment_status":"closed","ping_status":"closed","template":"","meta":{"footnotes":""},"class_list":["post-3606","page","type-page","status-publish","hentry"],"yoast_head":"<!-- This site is optimized with the Yoast SEO plugin v27.0 - https:\/\/yoast.com\/product\/yoast-seo-wordpress\/ -->\n<title>Kunde RDV Dental | Shopware Referenz<\/title>\n<meta name=\"description\" content=\"Shopware-Referenz RDV mit SAP-Anbindung. Kurze Projektbeschreibung mit Zielstellung und Ergebnissen.\" \/>\n<meta name=\"robots\" content=\"index, follow, max-snippet:-1, max-image-preview:large, max-video-preview:-1\" \/>\n<link rel=\"canonical\" href=\"https:\/\/laolaweb.com\/en\/agency\/references\/rdv-dental-shopware-reference\/\" \/>\n<meta property=\"og:locale\" content=\"en_GB\" \/>\n<meta property=\"og:type\" content=\"article\" \/>\n<meta property=\"og:title\" content=\"Kunde RDV Dental | Shopware Referenz\" \/>\n<meta property=\"og:description\" content=\"Shopware-Referenz RDV mit SAP-Anbindung. Kurze Projektbeschreibung mit Zielstellung und Ergebnissen.\" \/>\n<meta property=\"og:url\" content=\"https:\/\/laolaweb.com\/en\/agency\/references\/rdv-dental-shopware-reference\/\" \/>\n<meta property=\"og:site_name\" content=\"Internetagentur laOlaWeb - Agentur f\u00fcr WordPress\" \/>\n<meta property=\"article:modified_time\" content=\"2023-04-14T15:50:41+00:00\" \/>\n<meta property=\"og:image\" content=\"https:\/\/laolaweb.com\/wp-content\/uploads\/2021\/09\/referenz-rdv-iso-768x822.png\" \/>\n<meta name=\"twitter:card\" content=\"summary_large_image\" \/>\n<meta name=\"twitter:label1\" content=\"Estimated reading time\" \/>\n\t<meta name=\"twitter:data1\" content=\"2 minutes\" \/>\n<!-- \/ Yoast SEO plugin. -->","yoast_head_json":{"title":"Customer RDV Dental | Shopware Reference","description":"Shopware reference RDV with SAP connection. Brief project description with objectives and results.","robots":{"index":"index","follow":"follow","max-snippet":"max-snippet:-1","max-image-preview":"max-image-preview:large","max-video-preview":"max-video-preview:-1"},"canonical":"https:\/\/laolaweb.com\/en\/agency\/references\/rdv-dental-shopware-reference\/","og_locale":"en_GB","og_type":"article","og_title":"Kunde RDV Dental | Shopware Referenz","og_description":"Shopware-Referenz RDV mit SAP-Anbindung. Kurze Projektbeschreibung mit Zielstellung und Ergebnissen.","og_url":"https:\/\/laolaweb.com\/en\/agency\/references\/rdv-dental-shopware-reference\/","og_site_name":"Internetagentur laOlaWeb - Agentur f\u00fcr WordPress","article_modified_time":"2023-04-14T15:50:41+00:00","og_image":[{"url":"https:\/\/laolaweb.com\/wp-content\/uploads\/2021\/09\/referenz-rdv-iso-768x822.png","type":"","width":"","height":""}],"twitter_card":"summary_large_image","twitter_misc":{"Estimated reading time":"2 minutes"},"schema":{"@context":"https:\/\/schema.org","@graph":[{"@type":"TechArticle","@id":"https:\/\/laolaweb.com\/agentur\/referenzen\/rdv-dental-shopware-referenz\/#article","isPartOf":{"@id":"https:\/\/laolaweb.com\/agentur\/referenzen\/rdv-dental-shopware-referenz\/"},"author":{"name":"Manuel","@id":"https:\/\/laolaweb.com\/#\/schema\/person\/c91cf5a4d4b8445fd6a7c152951a70bd"},"headline":"Referenz RDV Dental Shopware mit WaWi","datePublished":"2021-09-21T09:17:51+00:00","dateModified":"2023-04-14T15:50:41+00:00","mainEntityOfPage":{"@id":"https:\/\/laolaweb.com\/agentur\/referenzen\/rdv-dental-shopware-referenz\/"},"wordCount":194,"publisher":{"@id":"https:\/\/laolaweb.com\/#organization"},"image":{"@id":"https:\/\/laolaweb.com\/agentur\/referenzen\/rdv-dental-shopware-referenz\/#primaryimage"},"thumbnailUrl":"https:\/\/laolaweb.com\/wp-content\/uploads\/2021\/09\/referenz-rdv-iso-768x822.png","inLanguage":"en-GB"},{"@type":"WebPage","@id":"https:\/\/laolaweb.com\/agentur\/referenzen\/rdv-dental-shopware-referenz\/","url":"https:\/\/laolaweb.com\/agentur\/referenzen\/rdv-dental-shopware-referenz\/","name":"Customer RDV Dental | Shopware Reference","isPartOf":{"@id":"https:\/\/laolaweb.com\/#website"},"primaryImageOfPage":{"@id":"https:\/\/laolaweb.com\/agentur\/referenzen\/rdv-dental-shopware-referenz\/#primaryimage"},"image":{"@id":"https:\/\/laolaweb.com\/agentur\/referenzen\/rdv-dental-shopware-referenz\/#primaryimage"},"thumbnailUrl":"https:\/\/laolaweb.com\/wp-content\/uploads\/2021\/09\/referenz-rdv-iso-768x822.png","datePublished":"2021-09-21T09:17:51+00:00","dateModified":"2023-04-14T15:50:41+00:00","description":"Shopware reference RDV with SAP connection. Brief project description with objectives and results.","breadcrumb":{"@id":"https:\/\/laolaweb.com\/agentur\/referenzen\/rdv-dental-shopware-referenz\/#breadcrumb"},"inLanguage":"en-GB","potentialAction":[{"@type":"ReadAction","target":["https:\/\/laolaweb.com\/agentur\/referenzen\/rdv-dental-shopware-referenz\/"]}]},{"@type":"ImageObject","inLanguage":"en-GB","@id":"https:\/\/laolaweb.com\/agentur\/referenzen\/rdv-dental-shopware-referenz\/#primaryimage","url":"https:\/\/laolaweb.com\/wp-content\/uploads\/2021\/09\/referenz-rdv-iso-768x822.png","contentUrl":"https:\/\/laolaweb.com\/wp-content\/uploads\/2021\/09\/referenz-rdv-iso-768x822.png"},{"@type":"BreadcrumbList","@id":"https:\/\/laolaweb.com\/agentur\/referenzen\/rdv-dental-shopware-referenz\/#breadcrumb","itemListElement":[{"@type":"ListItem","position":1,"name":"Startseite","item":"https:\/\/laolaweb.com\/"},{"@type":"ListItem","position":2,"name":"\u00dcber uns","item":"https:\/\/laolaweb.com\/agentur\/"},{"@type":"ListItem","position":3,"name":"Referenzen","item":"https:\/\/laolaweb.com\/agentur\/referenzen\/"},{"@type":"ListItem","position":4,"name":"Referenz RDV Dental Shopware mit WaWi"}]},{"@type":"WebSite","@id":"https:\/\/laolaweb.com\/#website","url":"https:\/\/laolaweb.com\/","name":"Internet agency laOlaWeb - Agency for WordPress","description":"Professional WordPress websites","publisher":{"@id":"https:\/\/laolaweb.com\/#organization"},"potentialAction":[{"@type":"SearchAction","target":{"@type":"EntryPoint","urlTemplate":"https:\/\/laolaweb.com\/?s={search_term_string}"},"query-input":{"@type":"PropertyValueSpecification","valueRequired":true,"valueName":"search_term_string"}}],"inLanguage":"en-GB"},{"@type":"Organization","@id":"https:\/\/laolaweb.com\/#organization","name":"laOlaWeb GmbH","url":"https:\/\/laolaweb.com\/","logo":{"@type":"ImageObject","inLanguage":"en-GB","@id":"https:\/\/laolaweb.com\/#\/schema\/logo\/image\/","url":"https:\/\/laolaweb.com\/wp-content\/uploads\/2022\/06\/laolaweb-internetagentur.jpg","contentUrl":"https:\/\/laolaweb.com\/wp-content\/uploads\/2022\/06\/laolaweb-internetagentur.jpg","width":400,"height":367,"caption":"laOlaWeb GmbH"},"image":{"@id":"https:\/\/laolaweb.com\/#\/schema\/logo\/image\/"}},{"@type":"Person","@id":"https:\/\/laolaweb.com\/#\/schema\/person\/c91cf5a4d4b8445fd6a7c152951a70bd","name":"Manuel","sameAs":["http:\/\/laolaweb.com"]}]}},"_links":{"self":[{"href":"https:\/\/laolaweb.com\/en\/wp-json\/wp\/v2\/pages\/3606","targetHints":{"allow":["GET"]}}],"collection":[{"href":"https:\/\/laolaweb.com\/en\/wp-json\/wp\/v2\/pages"}],"about":[{"href":"https:\/\/laolaweb.com\/en\/wp-json\/wp\/v2\/types\/page"}],"author":[{"embeddable":true,"href":"https:\/\/laolaweb.com\/en\/wp-json\/wp\/v2\/users\/1"}],"replies":[{"embeddable":true,"href":"https:\/\/laolaweb.com\/en\/wp-json\/wp\/v2\/comments?post=3606"}],"version-history":[{"count":56,"href":"https:\/\/laolaweb.com\/en\/wp-json\/wp\/v2\/pages\/3606\/revisions"}],"predecessor-version":[{"id":14645,"href":"https:\/\/laolaweb.com\/en\/wp-json\/wp\/v2\/pages\/3606\/revisions\/14645"}],"up":[{"embeddable":true,"href":"https:\/\/laolaweb.com\/en\/wp-json\/wp\/v2\/pages\/44"}],"wp:attachment":[{"href":"https:\/\/laolaweb.com\/en\/wp-json\/wp\/v2\/media?parent=3606"}],"curies":[{"name":"wp","href":"https:\/\/api.w.org\/{rel}","templated":true}]}}