{"id":3600,"date":"2021-09-21T11:14:32","date_gmt":"2021-09-21T09:14:32","guid":{"rendered":"https:\/\/e-bike-guide.de\/?page_id=3600"},"modified":"2023-04-14T11:10:00","modified_gmt":"2023-04-14T09:10:00","slug":"the-graefin-woocommerce-reference","status":"publish","type":"page","link":"https:\/\/laolaweb.com\/en\/agentur\/referenzen\/die-graefin-woocommerce-referenz\/","title":{"rendered":"The Countess WooCommerce Reference"},"content":{"rendered":"\t\t<div data-elementor-type=\"wp-page\" data-elementor-id=\"3600\" class=\"elementor elementor-3600\" data-elementor-post-type=\"page\">\n\t\t\t\t<div class=\"elementor-element elementor-element-de29608 e-flex e-con-boxed e-con e-parent\" data-id=\"de29608\" data-element_type=\"container\" data-e-type=\"container\" data-settings=\"{&quot;background_background&quot;:&quot;classic&quot;}\">\n\t\t\t\t\t<div class=\"e-con-inner\">\n\t\t<div class=\"elementor-element elementor-element-b932bd5 rotate e-con-full e-flex e-con e-child\" data-id=\"b932bd5\" data-element_type=\"container\" data-e-type=\"container\">\n\t\t\t\t<div class=\"elementor-element elementor-element-24aef01 text-trans-zwei elementor-widget elementor-widget-text-editor\" data-id=\"24aef01\" data-element_type=\"widget\" data-e-type=\"widget\" data-widget_type=\"text-editor.default\">\n\t\t\t\t<div class=\"elementor-widget-container\">\n\t\t\t\t\t\t\t\t\t<p>REFERENZ<\/p>\t\t\t\t\t\t\t\t<\/div>\n\t\t\t\t<\/div>\n\t\t\t\t<div class=\"elementor-element elementor-element-02c9113 text-trans elementor-widget elementor-widget-heading\" data-id=\"02c9113\" data-element_type=\"widget\" data-e-type=\"widget\" data-widget_type=\"heading.default\">\n\t\t\t\t<div class=\"elementor-widget-container\">\n\t\t\t\t\t<p class=\"elementor-heading-title elementor-size-default\">Die Gr\u00e4fin<\/p>\t\t\t\t<\/div>\n\t\t\t\t<\/div>\n\t\t\t\t<div class=\"elementor-element elementor-element-d77c1f4 text-trans elementor-widget elementor-widget-text-editor\" data-id=\"d77c1f4\" data-element_type=\"widget\" data-e-type=\"widget\" data-widget_type=\"text-editor.default\">\n\t\t\t\t<div class=\"elementor-widget-container\">\n\t\t\t\t\t\t\t\t\t<p>Onlineshop mit WooCommerce<\/p>\t\t\t\t\t\t\t\t<\/div>\n\t\t\t\t<\/div>\n\t\t\t\t<\/div>\n\t\t\t\t\t<\/div>\n\t\t\t\t<\/div>\n\t\t<div class=\"elementor-element elementor-element-6a0c64c e-flex e-con-boxed e-con e-parent\" data-id=\"6a0c64c\" data-element_type=\"container\" data-e-type=\"container\">\n\t\t\t\t\t<div class=\"e-con-inner\">\n\t\t<div class=\"elementor-element elementor-element-f585130 e-con-full e-flex e-con e-child\" data-id=\"f585130\" data-element_type=\"container\" data-e-type=\"container\">\n\t\t\t\t<div class=\"elementor-element elementor-element-282ddee elementor-widget elementor-widget-heading\" data-id=\"282ddee\" data-element_type=\"widget\" data-e-type=\"widget\" data-widget_type=\"heading.default\">\n\t\t\t\t<div class=\"elementor-widget-container\">\n\t\t\t\t\t<h1 class=\"elementor-heading-title elementor-size-default\">Personalisierte Produkte mit WooCommerce<\/h1>\t\t\t\t<\/div>\n\t\t\t\t<\/div>\n\t\t\t\t<div class=\"elementor-element elementor-element-39c8ffa elementor-widget elementor-widget-image\" data-id=\"39c8ffa\" data-element_type=\"widget\" data-e-type=\"widget\" data-widget_type=\"image.default\">\n\t\t\t\t<div class=\"elementor-widget-container\">\n\t\t\t\t\t\t\t\t\t\t\t\t\t\t\t<img fetchpriority=\"high\" decoding=\"async\" width=\"768\" height=\"822\" src=\"https:\/\/laolaweb.com\/wp-content\/uploads\/2021\/09\/referenz-diegraefin-online-shop-iso-768x822.png\" class=\"attachment-medium_large size-medium_large wp-image-2138\" alt=\"Referenz Die Gr\u00e4fin\" srcset=\"https:\/\/laolaweb.com\/wp-content\/uploads\/2021\/09\/referenz-diegraefin-online-shop-iso-768x822.png 768w, https:\/\/laolaweb.com\/wp-content\/uploads\/2021\/09\/referenz-diegraefin-online-shop-iso-280x300.png 280w, https:\/\/laolaweb.com\/wp-content\/uploads\/2021\/09\/referenz-diegraefin-online-shop-iso-957x1024.png 957w, https:\/\/laolaweb.com\/wp-content\/uploads\/2021\/09\/referenz-diegraefin-online-shop-iso.png 1200w\" sizes=\"(max-width: 768px) 100vw, 768px\" \/>\t\t\t\t\t\t\t\t\t\t\t\t\t\t\t<\/div>\n\t\t\t\t<\/div>\n\t\t\t\t<div class=\"elementor-element elementor-element-8b860c7 elementor-widget__width-initial elementor-widget elementor-widget-text-editor\" data-id=\"8b860c7\" data-element_type=\"widget\" data-e-type=\"widget\" data-widget_type=\"text-editor.default\">\n\t\t\t\t<div class=\"elementor-widget-container\">\n\t\t\t\t\t\t\t\t\t<p>\u00dcber den <a href=\"https:\/\/laolaweb.com\/woocommerce-agentur\/\">WooCommerce-Shop<\/a> der Gr\u00e4fin GmbH k\u00f6nnen personalisierte Produkte f\u00fcr Kinder und Erwachsene konfiguriert und bestellt werden. Das Herz des Webshops ist daher der <strong>Produktkonfigurator<\/strong>, mit dem das Geschenk individuell gestaltet werden kann. In der eigenen Manufaktur werden die Produkte on demand gefertigt und versendet.\u00a0<\/p>\t\t\t\t\t\t\t\t<\/div>\n\t\t\t\t<\/div>\n\t\t\t\t<\/div>\n\t\t\t\t\t<\/div>\n\t\t\t\t<\/div>\n\t\t<div class=\"elementor-element elementor-element-25c1d3a e-flex e-con-boxed e-con e-parent\" data-id=\"25c1d3a\" data-element_type=\"container\" data-e-type=\"container\" data-settings=\"{&quot;background_background&quot;:&quot;classic&quot;}\">\n\t\t\t\t\t<div class=\"e-con-inner\">\n\t\t<div class=\"elementor-element elementor-element-718606c e-con-full e-flex e-con e-child\" data-id=\"718606c\" data-element_type=\"container\" data-e-type=\"container\">\n\t\t<div class=\"elementor-element elementor-element-30c4b9b e-con-full e-flex e-con e-child\" data-id=\"30c4b9b\" data-element_type=\"container\" data-e-type=\"container\">\n\t\t\t\t<div class=\"elementor-element elementor-element-d7d62e5 drop_image elementor-widget elementor-widget-image\" data-id=\"d7d62e5\" data-element_type=\"widget\" data-e-type=\"widget\" data-widget_type=\"image.default\">\n\t\t\t\t<div class=\"elementor-widget-container\">\n\t\t\t\t\t\t\t\t\t\t\t\t\t\t\t<img decoding=\"async\" width=\"726\" height=\"1024\" src=\"https:\/\/laolaweb.com\/wp-content\/uploads\/2021\/09\/die-graefin-ref-front-zwei.png\" class=\"attachment-medium_large size-medium_large wp-image-5594\" alt=\"gr\u00e4fin woocommerce referenz\" srcset=\"https:\/\/laolaweb.com\/wp-content\/uploads\/2021\/09\/die-graefin-ref-front-zwei.png 726w, https:\/\/laolaweb.com\/wp-content\/uploads\/2021\/09\/die-graefin-ref-front-zwei-213x300.png 213w\" sizes=\"(max-width: 726px) 100vw, 726px\" \/>\t\t\t\t\t\t\t\t\t\t\t\t\t\t\t<\/div>\n\t\t\t\t<\/div>\n\t\t\t\t<\/div>\n\t\t<div class=\"elementor-element elementor-element-ddfbb7f e-con-full e-flex e-con e-child\" data-id=\"ddfbb7f\" data-element_type=\"container\" data-e-type=\"container\">\n\t\t\t\t<div class=\"elementor-element elementor-element-97363b7 elementor-widget elementor-widget-heading\" data-id=\"97363b7\" data-element_type=\"widget\" data-e-type=\"widget\" data-widget_type=\"heading.default\">\n\t\t\t\t<div class=\"elementor-widget-container\">\n\t\t\t\t\t<h2 class=\"elementor-heading-title elementor-size-default\">Produktkonfigurator mit  WooCommerce<\/h2>\t\t\t\t<\/div>\n\t\t\t\t<\/div>\n\t\t\t\t<div class=\"elementor-element elementor-element-b7f3eaa elementor-widget__width-initial elementor-widget elementor-widget-text-editor\" data-id=\"b7f3eaa\" data-element_type=\"widget\" data-e-type=\"widget\" data-widget_type=\"text-editor.default\">\n\t\t\t\t<div class=\"elementor-widget-container\">\n\t\t\t\t\t\t\t\t\t<p>Mit dem nutzerfreundlichen Produktkonfigurator erstellt der Kunde Schritt f\u00fcr Schritt sein pers\u00f6nliches Produkt. Neben der Produktauswahl kann der Kunde einen <strong>eigenen Text<\/strong> eingeben sowie die <strong>Schriftart<\/strong> und die <strong>Schriftfarbe<\/strong> w\u00e4hlen. Zus\u00e4tzlich bekommt er relevante Informationen zu den verwendeten Materialien, der nachhaltigen Herstellung und zur Pflege der Produkte.<\/p>\t\t\t\t\t\t\t\t<\/div>\n\t\t\t\t<\/div>\n\t\t\t\t<\/div>\n\t\t\t\t<\/div>\n\t\t\t\t\t<\/div>\n\t\t\t\t<\/div>\n\t\t<div class=\"elementor-element elementor-element-d4cb628 refvideo e-flex e-con-boxed e-con e-parent\" data-id=\"d4cb628\" data-element_type=\"container\" data-e-type=\"container\" data-settings=\"{&quot;background_background&quot;:&quot;video&quot;,&quot;background_video_link&quot;:&quot;\\\/wp-content\\\/uploads\\\/2021\\\/10\\\/graefin-video-ref.m4v&quot;,&quot;background_play_on_mobile&quot;:&quot;yes&quot;}\">\n\t\t\t\t\t<div class=\"e-con-inner\">\n\t\t<div class=\"elementor-background-video-container\">\n\t\t\t\t\t\t\t<video class=\"elementor-background-video-hosted\" role=\"presentation\" autoplay muted playsinline loop><\/video>\n\t\t\t\t\t<\/div>\t\t\t<\/div>\n\t\t\t\t<\/div>\n\t\t<div class=\"elementor-element elementor-element-53a3c7b e-flex e-con-boxed e-con e-parent\" data-id=\"53a3c7b\" data-element_type=\"container\" data-e-type=\"container\" data-settings=\"{&quot;background_background&quot;:&quot;classic&quot;,&quot;shape_divider_bottom&quot;:&quot;mountains&quot;}\">\n\t\t\t\t\t<div class=\"e-con-inner\">\n\t\t\t\t<div class=\"elementor-shape elementor-shape-bottom\" aria-hidden=\"true\" data-negative=\"false\">\n\t\t\t<svg xmlns=\"http:\/\/www.w3.org\/2000\/svg\" viewBox=\"0 0 1000 100\" preserveAspectRatio=\"none\">\n\t<path class=\"elementor-shape-fill\" opacity=\"0.33\" d=\"M473,67.3c-203.9,88.3-263.1-34-320.3,0C66,119.1,0,59.7,0,59.7V0h1000v59.7 c0,0-62.1,26.1-94.9,29.3c-32.8,3.3-62.8-12.3-75.8-22.1C806,49.6,745.3,8.7,694.9,4.7S492.4,59,473,67.3z\"\/>\n\t<path class=\"elementor-shape-fill\" opacity=\"0.66\" d=\"M734,67.3c-45.5,0-77.2-23.2-129.1-39.1c-28.6-8.7-150.3-10.1-254,39.1 s-91.7-34.4-149.2,0C115.7,118.3,0,39.8,0,39.8V0h1000v36.5c0,0-28.2-18.5-92.1-18.5C810.2,18.1,775.7,67.3,734,67.3z\"\/>\n\t<path class=\"elementor-shape-fill\" d=\"M766.1,28.9c-200-57.5-266,65.5-395.1,19.5C242,1.8,242,5.4,184.8,20.6C128,35.8,132.3,44.9,89.9,52.5C28.6,63.7,0,0,0,0 h1000c0,0-9.9,40.9-83.6,48.1S829.6,47,766.1,28.9z\"\/>\n<\/svg>\t\t<\/div>\n\t\t<div class=\"elementor-element elementor-element-8afd323 e-con-full e-flex e-con e-child\" data-id=\"8afd323\" data-element_type=\"container\" data-e-type=\"container\">\n\t\t<div class=\"elementor-element elementor-element-4d684a3 e-con-full e-flex e-con e-child\" data-id=\"4d684a3\" data-element_type=\"container\" data-e-type=\"container\">\n\t\t\t\t<div class=\"elementor-element elementor-element-e832635 elementor-widget elementor-widget-heading\" data-id=\"e832635\" data-element_type=\"widget\" data-e-type=\"widget\" data-widget_type=\"heading.default\">\n\t\t\t\t<div class=\"elementor-widget-container\">\n\t\t\t\t\t<span class=\"elementor-heading-title elementor-size-default\">Regionale Produktion in Handarbeit<\/span>\t\t\t\t<\/div>\n\t\t\t\t<\/div>\n\t\t\t\t<div class=\"elementor-element elementor-element-81fdfae elementor-widget__width-initial elementor-widget elementor-widget-text-editor\" data-id=\"81fdfae\" data-element_type=\"widget\" data-e-type=\"widget\" data-widget_type=\"text-editor.default\">\n\t\t\t\t<div class=\"elementor-widget-container\">\n\t\t\t\t\t\t\t\t\t<p>F\u00fcr die Kissen, Kuschelschafe und -hunde verwendet die Gr\u00e4fin GmbH ausschlie\u00dflich Merinoschurwolle aus dem bayerischen Voralpenland. Auf den Weiden des Voralpenlandes und auf den Bergalmweiden werden die Merino- und Bergschafe gehalten, mit denen die F\u00fcllungen der Kissen und Kuscheltiere <strong>regional in feinster Handarbeit<\/strong> produziert werden.<\/p>\t\t\t\t\t\t\t\t<\/div>\n\t\t\t\t<\/div>\n\t\t\t\t<div class=\"elementor-element elementor-element-e4d6474 elementor-align-left underline_button_drei elementor-tablet-align-left elementor-mobile-align-left elementor-widget elementor-widget-button\" data-id=\"e4d6474\" data-element_type=\"widget\" data-e-type=\"widget\" data-settings=\"{&quot;motion_fx_motion_fx_scrolling&quot;:&quot;yes&quot;,&quot;motion_fx_devices&quot;:[&quot;desktop&quot;,&quot;laptop&quot;,&quot;tablet&quot;,&quot;mobile&quot;]}\" data-widget_type=\"button.default\">\n\t\t\t\t<div class=\"elementor-widget-container\">\n\t\t\t\t\t\t\t\t\t<div class=\"elementor-button-wrapper\">\n\t\t\t\t\t<a class=\"elementor-button elementor-button-link elementor-size-sm\" href=\"https:\/\/diegraefin.net\/\" target=\"_blank\">\n\t\t\t\t\t\t<span class=\"elementor-button-content-wrapper\">\n\t\t\t\t\t\t\t\t\t<span class=\"elementor-button-text\">WooCommerce-Shop ansehen<\/span>\n\t\t\t\t\t<\/span>\n\t\t\t\t\t<\/a>\n\t\t\t\t<\/div>\n\t\t\t\t\t\t\t\t<\/div>\n\t\t\t\t<\/div>\n\t\t\t\t<\/div>\n\t\t<div class=\"elementor-element elementor-element-35b1ed5 e-con-full e-flex e-con e-child\" data-id=\"35b1ed5\" data-element_type=\"container\" data-e-type=\"container\">\n\t\t\t\t<div class=\"elementor-element elementor-element-b6b0082 drop_image elementor-widget elementor-widget-image\" data-id=\"b6b0082\" data-element_type=\"widget\" data-e-type=\"widget\" data-widget_type=\"image.default\">\n\t\t\t\t<div class=\"elementor-widget-container\">\n\t\t\t\t\t\t\t\t\t\t\t\t\t\t\t<img decoding=\"async\" width=\"768\" height=\"1084\" src=\"https:\/\/laolaweb.com\/wp-content\/uploads\/2021\/09\/refrent-die-graefin-front-768x1084.png\" class=\"attachment-medium_large size-medium_large wp-image-2145\" alt=\"Referenz Die Gr\u00e4fin Mobil\" srcset=\"https:\/\/laolaweb.com\/wp-content\/uploads\/2021\/09\/refrent-die-graefin-front-768x1084.png 768w, https:\/\/laolaweb.com\/wp-content\/uploads\/2021\/09\/refrent-die-graefin-front-213x300.png 213w, https:\/\/laolaweb.com\/wp-content\/uploads\/2021\/09\/refrent-die-graefin-front-726x1024.png 726w, https:\/\/laolaweb.com\/wp-content\/uploads\/2021\/09\/refrent-die-graefin-front-1088x1536.png 1088w, https:\/\/laolaweb.com\/wp-content\/uploads\/2021\/09\/refrent-die-graefin-front-1451x2048.png 1451w\" sizes=\"(max-width: 768px) 100vw, 768px\" \/>\t\t\t\t\t\t\t\t\t\t\t\t\t\t\t<\/div>\n\t\t\t\t<\/div>\n\t\t\t\t<\/div>\n\t\t\t\t<\/div>\n\t\t\t\t\t<\/div>\n\t\t\t\t<\/div>\n\t\t\t\t<\/div>\n\t\t","protected":false},"excerpt":{"rendered":"<p>REFERENZ Die Gr\u00e4fin Onlineshop mit WooCommerce Personalisierte Produkte mit WooCommerce \u00dcber den WooCommerce-Shop der Gr\u00e4fin GmbH k\u00f6nnen personalisierte Produkte f\u00fcr Kinder und Erwachsene konfiguriert und bestellt werden. Das Herz des Webshops ist daher der Produktkonfigurator, mit dem das Geschenk individuell gestaltet werden kann. In der eigenen Manufaktur werden die Produkte on demand gefertigt und versendet.\u00a0 [&hellip;]<\/p>\n","protected":false},"author":1,"featured_media":0,"parent":44,"menu_order":0,"comment_status":"closed","ping_status":"closed","template":"","meta":{"footnotes":""},"class_list":["post-3600","page","type-page","status-publish","hentry"],"yoast_head":"<!-- This site is optimized with the Yoast SEO plugin v27.0 - https:\/\/yoast.com\/product\/yoast-seo-wordpress\/ -->\n<title>Kunde Gr\u00e4fin GmbH | WooCommerce Referenz<\/title>\n<meta name=\"description\" content=\"WordPress-Referenz Die Gr\u00e4fin mit WooCommerce-Theme. Kurze Projektbeschreibung mit Zielstellung und Ergebnissen.\" \/>\n<meta name=\"robots\" content=\"index, follow, max-snippet:-1, max-image-preview:large, max-video-preview:-1\" \/>\n<link rel=\"canonical\" href=\"https:\/\/laolaweb.com\/en\/agency\/references\/the-graefin-woocommerce-reference\/\" \/>\n<meta property=\"og:locale\" content=\"en_GB\" \/>\n<meta property=\"og:type\" content=\"article\" \/>\n<meta property=\"og:title\" content=\"Kunde Gr\u00e4fin GmbH | WooCommerce Referenz\" \/>\n<meta property=\"og:description\" content=\"WordPress-Referenz Die Gr\u00e4fin mit WooCommerce-Theme. Kurze Projektbeschreibung mit Zielstellung und Ergebnissen.\" \/>\n<meta property=\"og:url\" content=\"https:\/\/laolaweb.com\/en\/agency\/references\/the-graefin-woocommerce-reference\/\" \/>\n<meta property=\"og:site_name\" content=\"Internetagentur laOlaWeb - Agentur f\u00fcr WordPress\" \/>\n<meta property=\"article:modified_time\" content=\"2023-04-14T09:10:00+00:00\" \/>\n<meta property=\"og:image\" content=\"https:\/\/laolaweb.com\/wp-content\/uploads\/2021\/09\/referenz-diegraefin-online-shop-iso-768x822.png\" \/>\n<meta name=\"twitter:card\" content=\"summary_large_image\" \/>\n<meta name=\"twitter:label1\" content=\"Estimated reading time\" \/>\n\t<meta name=\"twitter:data1\" content=\"2 minutes\" \/>\n<!-- \/ Yoast SEO plugin. -->","yoast_head_json":{"title":"Customer Gr\u00e4fin GmbH | WooCommerce Reference","description":"WordPress reference The Countess with WooCommerce theme. Short project description with objectives and results.","robots":{"index":"index","follow":"follow","max-snippet":"max-snippet:-1","max-image-preview":"max-image-preview:large","max-video-preview":"max-video-preview:-1"},"canonical":"https:\/\/laolaweb.com\/en\/agency\/references\/the-graefin-woocommerce-reference\/","og_locale":"en_GB","og_type":"article","og_title":"Kunde Gr\u00e4fin GmbH | WooCommerce Referenz","og_description":"WordPress-Referenz Die Gr\u00e4fin mit WooCommerce-Theme. Kurze Projektbeschreibung mit Zielstellung und Ergebnissen.","og_url":"https:\/\/laolaweb.com\/en\/agency\/references\/the-graefin-woocommerce-reference\/","og_site_name":"Internetagentur laOlaWeb - Agentur f\u00fcr WordPress","article_modified_time":"2023-04-14T09:10:00+00:00","og_image":[{"url":"https:\/\/laolaweb.com\/wp-content\/uploads\/2021\/09\/referenz-diegraefin-online-shop-iso-768x822.png","type":"","width":"","height":""}],"twitter_card":"summary_large_image","twitter_misc":{"Estimated reading time":"2 minutes"},"schema":{"@context":"https:\/\/schema.org","@graph":[{"@type":"TechArticle","@id":"https:\/\/laolaweb.com\/agentur\/referenzen\/die-graefin-woocommerce-referenz\/#article","isPartOf":{"@id":"https:\/\/laolaweb.com\/agentur\/referenzen\/die-graefin-woocommerce-referenz\/"},"author":{"name":"Manuel","@id":"https:\/\/laolaweb.com\/#\/schema\/person\/c91cf5a4d4b8445fd6a7c152951a70bd"},"headline":"Die Gr\u00e4fin WooCommerce Referenz","datePublished":"2021-09-21T09:14:32+00:00","dateModified":"2023-04-14T09:10:00+00:00","mainEntityOfPage":{"@id":"https:\/\/laolaweb.com\/agentur\/referenzen\/die-graefin-woocommerce-referenz\/"},"wordCount":173,"publisher":{"@id":"https:\/\/laolaweb.com\/#organization"},"image":{"@id":"https:\/\/laolaweb.com\/agentur\/referenzen\/die-graefin-woocommerce-referenz\/#primaryimage"},"thumbnailUrl":"https:\/\/laolaweb.com\/wp-content\/uploads\/2021\/09\/referenz-diegraefin-online-shop-iso-768x822.png","inLanguage":"en-GB"},{"@type":"WebPage","@id":"https:\/\/laolaweb.com\/agentur\/referenzen\/die-graefin-woocommerce-referenz\/","url":"https:\/\/laolaweb.com\/agentur\/referenzen\/die-graefin-woocommerce-referenz\/","name":"Customer Gr\u00e4fin GmbH | WooCommerce Reference","isPartOf":{"@id":"https:\/\/laolaweb.com\/#website"},"primaryImageOfPage":{"@id":"https:\/\/laolaweb.com\/agentur\/referenzen\/die-graefin-woocommerce-referenz\/#primaryimage"},"image":{"@id":"https:\/\/laolaweb.com\/agentur\/referenzen\/die-graefin-woocommerce-referenz\/#primaryimage"},"thumbnailUrl":"https:\/\/laolaweb.com\/wp-content\/uploads\/2021\/09\/referenz-diegraefin-online-shop-iso-768x822.png","datePublished":"2021-09-21T09:14:32+00:00","dateModified":"2023-04-14T09:10:00+00:00","description":"WordPress reference The Countess with WooCommerce theme. Short project description with objectives and results.","breadcrumb":{"@id":"https:\/\/laolaweb.com\/agentur\/referenzen\/die-graefin-woocommerce-referenz\/#breadcrumb"},"inLanguage":"en-GB","potentialAction":[{"@type":"ReadAction","target":["https:\/\/laolaweb.com\/agentur\/referenzen\/die-graefin-woocommerce-referenz\/"]}]},{"@type":"ImageObject","inLanguage":"en-GB","@id":"https:\/\/laolaweb.com\/agentur\/referenzen\/die-graefin-woocommerce-referenz\/#primaryimage","url":"https:\/\/laolaweb.com\/wp-content\/uploads\/2021\/09\/referenz-diegraefin-online-shop-iso-768x822.png","contentUrl":"https:\/\/laolaweb.com\/wp-content\/uploads\/2021\/09\/referenz-diegraefin-online-shop-iso-768x822.png"},{"@type":"BreadcrumbList","@id":"https:\/\/laolaweb.com\/agentur\/referenzen\/die-graefin-woocommerce-referenz\/#breadcrumb","itemListElement":[{"@type":"ListItem","position":1,"name":"Startseite","item":"https:\/\/laolaweb.com\/"},{"@type":"ListItem","position":2,"name":"\u00dcber uns","item":"https:\/\/laolaweb.com\/agentur\/"},{"@type":"ListItem","position":3,"name":"Referenzen","item":"https:\/\/laolaweb.com\/agentur\/referenzen\/"},{"@type":"ListItem","position":4,"name":"Die Gr\u00e4fin WooCommerce Referenz"}]},{"@type":"WebSite","@id":"https:\/\/laolaweb.com\/#website","url":"https:\/\/laolaweb.com\/","name":"Internet agency laOlaWeb - Agency for WordPress","description":"Professional WordPress websites","publisher":{"@id":"https:\/\/laolaweb.com\/#organization"},"potentialAction":[{"@type":"SearchAction","target":{"@type":"EntryPoint","urlTemplate":"https:\/\/laolaweb.com\/?s={search_term_string}"},"query-input":{"@type":"PropertyValueSpecification","valueRequired":true,"valueName":"search_term_string"}}],"inLanguage":"en-GB"},{"@type":"Organization","@id":"https:\/\/laolaweb.com\/#organization","name":"laOlaWeb GmbH","url":"https:\/\/laolaweb.com\/","logo":{"@type":"ImageObject","inLanguage":"en-GB","@id":"https:\/\/laolaweb.com\/#\/schema\/logo\/image\/","url":"https:\/\/laolaweb.com\/wp-content\/uploads\/2022\/06\/laolaweb-internetagentur.jpg","contentUrl":"https:\/\/laolaweb.com\/wp-content\/uploads\/2022\/06\/laolaweb-internetagentur.jpg","width":400,"height":367,"caption":"laOlaWeb GmbH"},"image":{"@id":"https:\/\/laolaweb.com\/#\/schema\/logo\/image\/"}},{"@type":"Person","@id":"https:\/\/laolaweb.com\/#\/schema\/person\/c91cf5a4d4b8445fd6a7c152951a70bd","name":"Manuel","sameAs":["http:\/\/laolaweb.com"]}]}},"_links":{"self":[{"href":"https:\/\/laolaweb.com\/en\/wp-json\/wp\/v2\/pages\/3600","targetHints":{"allow":["GET"]}}],"collection":[{"href":"https:\/\/laolaweb.com\/en\/wp-json\/wp\/v2\/pages"}],"about":[{"href":"https:\/\/laolaweb.com\/en\/wp-json\/wp\/v2\/types\/page"}],"author":[{"embeddable":true,"href":"https:\/\/laolaweb.com\/en\/wp-json\/wp\/v2\/users\/1"}],"replies":[{"embeddable":true,"href":"https:\/\/laolaweb.com\/en\/wp-json\/wp\/v2\/comments?post=3600"}],"version-history":[{"count":36,"href":"https:\/\/laolaweb.com\/en\/wp-json\/wp\/v2\/pages\/3600\/revisions"}],"predecessor-version":[{"id":14623,"href":"https:\/\/laolaweb.com\/en\/wp-json\/wp\/v2\/pages\/3600\/revisions\/14623"}],"up":[{"embeddable":true,"href":"https:\/\/laolaweb.com\/en\/wp-json\/wp\/v2\/pages\/44"}],"wp:attachment":[{"href":"https:\/\/laolaweb.com\/en\/wp-json\/wp\/v2\/media?parent=3600"}],"curies":[{"name":"wp","href":"https:\/\/api.w.org\/{rel}","templated":true}]}}