{"id":3572,"date":"2021-09-21T11:07:04","date_gmt":"2021-09-21T09:07:04","guid":{"rendered":"https:\/\/e-bike-guide.de\/?page_id=3572"},"modified":"2023-04-14T09:21:12","modified_gmt":"2023-04-14T07:21:12","slug":"ovularing-elementor-reference","status":"publish","type":"page","link":"https:\/\/laolaweb.com\/en\/agentur\/referenzen\/ovularing-elementor-referenz\/","title":{"rendered":"OvulaRing reference"},"content":{"rendered":"\t\t<div data-elementor-type=\"wp-page\" data-elementor-id=\"3572\" class=\"elementor elementor-3572\" data-elementor-post-type=\"page\">\n\t\t\t\t<div class=\"elementor-element elementor-element-79b24c5 e-flex e-con-boxed e-con e-parent\" data-id=\"79b24c5\" data-element_type=\"container\" data-e-type=\"container\" data-settings=\"{&quot;background_background&quot;:&quot;classic&quot;}\">\n\t\t\t\t\t<div class=\"e-con-inner\">\n\t\t<div class=\"elementor-element elementor-element-b3b4538 rotate e-con-full e-flex e-con e-child\" data-id=\"b3b4538\" data-element_type=\"container\" data-e-type=\"container\">\n\t\t\t\t<div class=\"elementor-element elementor-element-24b3ce1 text-trans-zwei elementor-widget elementor-widget-text-editor\" data-id=\"24b3ce1\" data-element_type=\"widget\" data-e-type=\"widget\" data-widget_type=\"text-editor.default\">\n\t\t\t\t<div class=\"elementor-widget-container\">\n\t\t\t\t\t\t\t\t\t<p>REFERENZ<\/p>\t\t\t\t\t\t\t\t<\/div>\n\t\t\t\t<\/div>\n\t\t\t\t<div class=\"elementor-element elementor-element-3716c2b text-trans elementor-widget elementor-widget-heading\" data-id=\"3716c2b\" data-element_type=\"widget\" data-e-type=\"widget\" data-widget_type=\"heading.default\">\n\t\t\t\t<div class=\"elementor-widget-container\">\n\t\t\t\t\t<p class=\"elementor-heading-title elementor-size-default\">OVULARING<\/p>\t\t\t\t<\/div>\n\t\t\t\t<\/div>\n\t\t\t\t<div class=\"elementor-element elementor-element-2175cba text-trans elementor-widget elementor-widget-text-editor\" data-id=\"2175cba\" data-element_type=\"widget\" data-e-type=\"widget\" data-widget_type=\"text-editor.default\">\n\t\t\t\t<div class=\"elementor-widget-container\">\n\t\t\t\t\t\t\t\t\t<p>WORDPRESS-WEBSEITE MIT ELEMENTOR<\/p>\t\t\t\t\t\t\t\t<\/div>\n\t\t\t\t<\/div>\n\t\t\t\t<\/div>\n\t\t\t\t\t<\/div>\n\t\t\t\t<\/div>\n\t\t<div class=\"elementor-element elementor-element-47633b8 e-flex e-con-boxed e-con e-parent\" data-id=\"47633b8\" data-element_type=\"container\" data-e-type=\"container\">\n\t\t\t\t\t<div class=\"e-con-inner\">\n\t\t<div class=\"elementor-element elementor-element-7665eb0 e-con-full e-flex e-con e-child\" data-id=\"7665eb0\" data-element_type=\"container\" data-e-type=\"container\">\n\t\t\t\t<div class=\"elementor-element elementor-element-71d9bf8 elementor-widget elementor-widget-heading\" data-id=\"71d9bf8\" data-element_type=\"widget\" data-e-type=\"widget\" data-widget_type=\"heading.default\">\n\t\t\t\t<div class=\"elementor-widget-container\">\n\t\t\t\t\t<h1 class=\"elementor-heading-title elementor-size-default\">Redesign OvulaRing <\/h1>\t\t\t\t<\/div>\n\t\t\t\t<\/div>\n\t\t\t\t<div class=\"elementor-element elementor-element-7839a70 elementor-widget elementor-widget-image\" data-id=\"7839a70\" data-element_type=\"widget\" data-e-type=\"widget\" data-widget_type=\"image.default\">\n\t\t\t\t<div class=\"elementor-widget-container\">\n\t\t\t\t\t\t\t\t\t\t\t\t\t\t\t<img fetchpriority=\"high\" decoding=\"async\" width=\"768\" height=\"822\" src=\"https:\/\/laolaweb.com\/wp-content\/uploads\/2021\/09\/ovularef-768x822.png\" class=\"attachment-medium_large size-medium_large wp-image-5475\" alt=\"Referenz Ovularing Webseite mobile\" srcset=\"https:\/\/laolaweb.com\/wp-content\/uploads\/2021\/09\/ovularef-768x822.png 768w, https:\/\/laolaweb.com\/wp-content\/uploads\/2021\/09\/ovularef-280x300.png 280w, https:\/\/laolaweb.com\/wp-content\/uploads\/2021\/09\/ovularef-957x1024.png 957w, https:\/\/laolaweb.com\/wp-content\/uploads\/2021\/09\/ovularef.png 1200w\" sizes=\"(max-width: 768px) 100vw, 768px\" \/>\t\t\t\t\t\t\t\t\t\t\t\t\t\t\t<\/div>\n\t\t\t\t<\/div>\n\t\t\t\t<div class=\"elementor-element elementor-element-c353167 elementor-widget__width-initial elementor-widget elementor-widget-text-editor\" data-id=\"c353167\" data-element_type=\"widget\" data-e-type=\"widget\" data-widget_type=\"text-editor.default\">\n\t\t\t\t<div class=\"elementor-widget-container\">\n\t\t\t\t\t\t\t\t\t<p>Mit dem Relaunch der <a href=\"https:\/\/laolaweb.com\/wordpress-agentur\/\">WordPress-Webseite<\/a> von OvulaRing wurde der veraltete Page Builder von SiteOrigin abgel\u00f6st werden. Die Entscheidung f\u00fcr <a href=\"https:\/\/laolaweb.com\/elementor-agentur\/\">Elementor<\/a> war schnell getroffen. Die Webseite pr\u00e4sentiert nun mit modernen Bewegungseffekten das innovative Produkt optimal. Mittels <strong>Storytelling<\/strong> wird das Produkt und der jeweiligen Anwendungsbereich einfach, aber dennoch pr\u00e4zise erkl\u00e4rt. Gleichzeitig mit dem Relaunch wurde eine neue, <strong>individuelle Bildsprache<\/strong> umgesetzt.<\/p><p>Der <a href=\"https:\/\/laolaweb.com\/woocommerce-agentur\/\">WooCommerce-Shop<\/a> wurde \u00fcber einen Connector mit der Warenwirtschaft von JTL verbunden.\u00a0<\/p>\t\t\t\t\t\t\t\t<\/div>\n\t\t\t\t<\/div>\n\t\t\t\t<\/div>\n\t\t\t\t\t<\/div>\n\t\t\t\t<\/div>\n\t\t<div class=\"elementor-element elementor-element-d0a29dc e-flex e-con-boxed e-con e-parent\" data-id=\"d0a29dc\" data-element_type=\"container\" data-e-type=\"container\" data-settings=\"{&quot;background_background&quot;:&quot;classic&quot;}\">\n\t\t\t\t\t<div class=\"e-con-inner\">\n\t\t<div class=\"elementor-element elementor-element-aa49172 e-con-full e-flex e-con e-child\" data-id=\"aa49172\" data-element_type=\"container\" data-e-type=\"container\">\n\t\t<div class=\"elementor-element elementor-element-4644ada e-con-full e-flex e-con e-child\" data-id=\"4644ada\" data-element_type=\"container\" data-e-type=\"container\">\n\t\t\t\t<div class=\"elementor-element elementor-element-7370549 drop_image elementor-widget elementor-widget-image\" data-id=\"7370549\" data-element_type=\"widget\" data-e-type=\"widget\" data-widget_type=\"image.default\">\n\t\t\t\t<div class=\"elementor-widget-container\">\n\t\t\t\t\t\t\t\t\t\t\t\t\t\t\t<img decoding=\"async\" width=\"726\" height=\"1024\" src=\"https:\/\/laolaweb.com\/wp-content\/uploads\/2021\/09\/referenz-ovula-neu.png\" class=\"attachment-medium_large size-medium_large wp-image-3548\" alt=\"Referenz OR Internetagentur\" srcset=\"https:\/\/laolaweb.com\/wp-content\/uploads\/2021\/09\/referenz-ovula-neu.png 726w, https:\/\/laolaweb.com\/wp-content\/uploads\/2021\/09\/referenz-ovula-neu-213x300.png 213w\" sizes=\"(max-width: 726px) 100vw, 726px\" \/>\t\t\t\t\t\t\t\t\t\t\t\t\t\t\t<\/div>\n\t\t\t\t<\/div>\n\t\t\t\t<\/div>\n\t\t<div class=\"elementor-element elementor-element-0f13cc2 e-con-full e-flex e-con e-child\" data-id=\"0f13cc2\" data-element_type=\"container\" data-e-type=\"container\">\n\t\t\t\t<div class=\"elementor-element elementor-element-6fefe53 elementor-widget elementor-widget-heading\" data-id=\"6fefe53\" data-element_type=\"widget\" data-e-type=\"widget\" data-widget_type=\"heading.default\">\n\t\t\t\t<div class=\"elementor-widget-container\">\n\t\t\t\t\t<h2 class=\"elementor-heading-title elementor-size-default\">Umbau der Inhalte f\u00fcr optimale SEO<\/h2>\t\t\t\t<\/div>\n\t\t\t\t<\/div>\n\t\t\t\t<div class=\"elementor-element elementor-element-6c2c997 elementor-widget__width-initial elementor-widget elementor-widget-text-editor\" data-id=\"6c2c997\" data-element_type=\"widget\" data-e-type=\"widget\" data-widget_type=\"text-editor.default\">\n\t\t\t\t<div class=\"elementor-widget-container\">\n\t\t\t\t\t\t\t\t\t<p>\u00dcber die Jahre hatte sich eine Menge an Inhalten zu den Kernthemen \u201eZyklus\", \u201eSchwanger werden\" und \u201eNat\u00fcrlich verh\u00fcten\" angesammelt. Es fehlte den Inhalten aber an einer logischen Hierarchie. Somit wurde wertvolles Potenzial f\u00fcr die <a href=\"https:\/\/laolaweb.com\/online-marketing\/suchmaschinenoptimierung-seo\/\">Suchmaschinenoptimierung<\/a> verschenkt. Eine Analyse der bestehenden Inhalte und ein kompletter Neuaufbau der Themen verschafften die n\u00f6tige Ordnung, damit sich sowohl der Nutzer als auch der Google-Crawler optimal zurechtfinden.<\/p>\t\t\t\t\t\t\t\t<\/div>\n\t\t\t\t<\/div>\n\t\t\t\t<\/div>\n\t\t\t\t<\/div>\n\t\t\t\t\t<\/div>\n\t\t\t\t<\/div>\n\t\t<div class=\"elementor-element elementor-element-6cdd500 e-con-full refvideo e-flex e-con e-parent\" data-id=\"6cdd500\" data-element_type=\"container\" data-e-type=\"container\" data-settings=\"{&quot;background_background&quot;:&quot;video&quot;,&quot;background_play_on_mobile&quot;:&quot;yes&quot;,&quot;background_video_link&quot;:&quot;\\\/wp-content\\\/uploads\\\/2021\\\/10\\\/or-video-ref.m4v&quot;}\">\n\t\t<div class=\"elementor-background-video-container\">\n\t\t\t\t\t\t\t<video class=\"elementor-background-video-hosted\" role=\"presentation\" autoplay muted playsinline loop><\/video>\n\t\t\t\t\t<\/div><div class=\"elementor-element elementor-element-21e9b3b e-con-full e-flex e-con e-child\" data-id=\"21e9b3b\" data-element_type=\"container\" data-e-type=\"container\">\n\t\t\t\t<\/div>\n\t\t\t\t<\/div>\n\t\t<div class=\"elementor-element elementor-element-b026416 e-flex e-con-boxed e-con e-parent\" data-id=\"b026416\" data-element_type=\"container\" data-e-type=\"container\" data-settings=\"{&quot;background_background&quot;:&quot;classic&quot;}\">\n\t\t\t\t\t<div class=\"e-con-inner\">\n\t\t<div class=\"elementor-element elementor-element-a21c33e e-con-full e-flex e-con e-child\" data-id=\"a21c33e\" data-element_type=\"container\" data-e-type=\"container\">\n\t\t<div class=\"elementor-element elementor-element-45490b8 e-con-full e-flex e-con e-child\" data-id=\"45490b8\" data-element_type=\"container\" data-e-type=\"container\">\n\t\t\t\t<div class=\"elementor-element elementor-element-b445c27 elementor-widget elementor-widget-heading\" data-id=\"b445c27\" data-element_type=\"widget\" data-e-type=\"widget\" data-widget_type=\"heading.default\">\n\t\t\t\t<div class=\"elementor-widget-container\">\n\t\t\t\t\t<span class=\"elementor-heading-title elementor-size-default\">Migration der Daten<\/span>\t\t\t\t<\/div>\n\t\t\t\t<\/div>\n\t\t\t\t<div class=\"elementor-element elementor-element-3249afe elementor-widget__width-initial elementor-widget elementor-widget-text-editor\" data-id=\"3249afe\" data-element_type=\"widget\" data-e-type=\"widget\" data-widget_type=\"text-editor.default\">\n\t\t\t\t<div class=\"elementor-widget-container\">\n\t\t\t\t\t\t\t\t\t<p>Produkte, Bestellungen, Kundendaten und Affiliates wurden vom alten Shop in den neuen <a href=\"https:\/\/laolaweb.com\/woocommerce-agentur\/\">WooCommerce-Shop<\/a> migriert. Dazu wurden die aktuelle und die neue <strong>Datenbank<\/strong> der OvulaRing-Webseite miteinander verbunden. So gelang ein reibungsloser \u00dcbergang nach dem Relaunch.&nbsp;<\/p>\n<p>Auch wurden die alten URLs mit den neuen URLs gemappt, damit beim Aufruf keine <strong>keine 404-Fehler<\/strong> erzeugt sondern per <strong>301 weitergeleitet<\/strong> werden.&nbsp;<\/p>\t\t\t\t\t\t\t\t<\/div>\n\t\t\t\t<\/div>\n\t\t\t\t<div class=\"elementor-element elementor-element-c1754bd elementor-align-left underline_button_drei elementor-tablet-align-left elementor-mobile-align-left elementor-widget elementor-widget-button\" data-id=\"c1754bd\" data-element_type=\"widget\" data-e-type=\"widget\" data-settings=\"{&quot;motion_fx_motion_fx_scrolling&quot;:&quot;yes&quot;,&quot;motion_fx_devices&quot;:[&quot;desktop&quot;,&quot;laptop&quot;,&quot;tablet&quot;,&quot;mobile&quot;]}\" data-widget_type=\"button.default\">\n\t\t\t\t<div class=\"elementor-widget-container\">\n\t\t\t\t\t\t\t\t\t<div class=\"elementor-button-wrapper\">\n\t\t\t\t\t<a class=\"elementor-button elementor-button-link elementor-size-sm\" href=\"https:\/\/ovularing.com\/\" target=\"_blank\">\n\t\t\t\t\t\t<span class=\"elementor-button-content-wrapper\">\n\t\t\t\t\t\t\t\t\t<span class=\"elementor-button-text\">Webseite ansehen<\/span>\n\t\t\t\t\t<\/span>\n\t\t\t\t\t<\/a>\n\t\t\t\t<\/div>\n\t\t\t\t\t\t\t\t<\/div>\n\t\t\t\t<\/div>\n\t\t\t\t<\/div>\n\t\t<div class=\"elementor-element elementor-element-975874c e-con-full e-flex e-con e-child\" data-id=\"975874c\" data-element_type=\"container\" data-e-type=\"container\">\n\t\t\t\t<div class=\"elementor-element elementor-element-c33fb99 drop_image elementor-widget elementor-widget-image\" data-id=\"c33fb99\" data-element_type=\"widget\" data-e-type=\"widget\" data-widget_type=\"image.default\">\n\t\t\t\t<div class=\"elementor-widget-container\">\n\t\t\t\t\t\t\t\t\t\t\t\t\t\t\t<img decoding=\"async\" width=\"726\" height=\"1024\" src=\"https:\/\/laolaweb.com\/wp-content\/uploads\/2021\/09\/referenz-ovularing-front.png\" class=\"attachment-medium_large size-medium_large wp-image-3539\" alt=\"Referenz Ovularing Mobil\" srcset=\"https:\/\/laolaweb.com\/wp-content\/uploads\/2021\/09\/referenz-ovularing-front.png 726w, https:\/\/laolaweb.com\/wp-content\/uploads\/2021\/09\/referenz-ovularing-front-213x300.png 213w\" sizes=\"(max-width: 726px) 100vw, 726px\" \/>\t\t\t\t\t\t\t\t\t\t\t\t\t\t\t<\/div>\n\t\t\t\t<\/div>\n\t\t\t\t<\/div>\n\t\t\t\t<\/div>\n\t\t\t\t\t<\/div>\n\t\t\t\t<\/div>\n\t\t\t\t<\/div>\n\t\t","protected":false},"excerpt":{"rendered":"<p>REFERENZ OVULARING WORDPRESS-WEBSEITE MIT ELEMENTOR Redesign OvulaRing Mit dem Relaunch der WordPress-Webseite von OvulaRing wurde der veraltete Page Builder von SiteOrigin abgel\u00f6st werden. Die Entscheidung f\u00fcr Elementor war schnell getroffen. Die Webseite pr\u00e4sentiert nun mit modernen Bewegungseffekten das innovative Produkt optimal. Mittels Storytelling wird das Produkt und der jeweiligen Anwendungsbereich einfach, aber dennoch pr\u00e4zise erkl\u00e4rt. [&hellip;]<\/p>\n","protected":false},"author":1,"featured_media":0,"parent":44,"menu_order":0,"comment_status":"closed","ping_status":"closed","template":"","meta":{"footnotes":""},"class_list":["post-3572","page","type-page","status-publish","hentry"],"yoast_head":"<!-- This site is optimized with the Yoast SEO plugin v27.0 - https:\/\/yoast.com\/product\/yoast-seo-wordpress\/ -->\n<title>Kunde Ovularing | Elementor Referenz<\/title>\n<meta name=\"description\" content=\"WordPress-Referenz Ovularing mit Elementor Pro Page Builder. Kurze Projektbeschreibung mit Zielstellung und Ergebnissen.\" \/>\n<meta name=\"robots\" content=\"index, follow, max-snippet:-1, max-image-preview:large, max-video-preview:-1\" \/>\n<link rel=\"canonical\" href=\"https:\/\/laolaweb.com\/en\/agency\/references\/ovularing-elementor-reference\/\" \/>\n<meta property=\"og:locale\" content=\"en_GB\" \/>\n<meta property=\"og:type\" content=\"article\" \/>\n<meta property=\"og:title\" content=\"Kunde Ovularing | Elementor Referenz\" \/>\n<meta property=\"og:description\" content=\"WordPress-Referenz Ovularing mit Elementor Pro Page Builder. Kurze Projektbeschreibung mit Zielstellung und Ergebnissen.\" \/>\n<meta property=\"og:url\" content=\"https:\/\/laolaweb.com\/en\/agency\/references\/ovularing-elementor-reference\/\" \/>\n<meta property=\"og:site_name\" content=\"Internetagentur laOlaWeb - Agentur f\u00fcr WordPress\" \/>\n<meta property=\"article:modified_time\" content=\"2023-04-14T07:21:12+00:00\" \/>\n<meta property=\"og:image\" content=\"https:\/\/laolaweb.com\/wp-content\/uploads\/2021\/09\/ovularef-768x822.png\" \/>\n<meta name=\"twitter:card\" content=\"summary_large_image\" \/>\n<meta name=\"twitter:label1\" content=\"Estimated reading time\" \/>\n\t<meta name=\"twitter:data1\" content=\"2 minutes\" \/>\n<!-- \/ Yoast SEO plugin. -->","yoast_head_json":{"title":"Customer Ovularing | Elementor Reference","description":"WordPress reference Ovularing with Elementor Pro Page Builder. Short project description with objectives and results.","robots":{"index":"index","follow":"follow","max-snippet":"max-snippet:-1","max-image-preview":"max-image-preview:large","max-video-preview":"max-video-preview:-1"},"canonical":"https:\/\/laolaweb.com\/en\/agency\/references\/ovularing-elementor-reference\/","og_locale":"en_GB","og_type":"article","og_title":"Kunde Ovularing | Elementor Referenz","og_description":"WordPress-Referenz Ovularing mit Elementor Pro Page Builder. Kurze Projektbeschreibung mit Zielstellung und Ergebnissen.","og_url":"https:\/\/laolaweb.com\/en\/agency\/references\/ovularing-elementor-reference\/","og_site_name":"Internetagentur laOlaWeb - Agentur f\u00fcr WordPress","article_modified_time":"2023-04-14T07:21:12+00:00","og_image":[{"url":"https:\/\/laolaweb.com\/wp-content\/uploads\/2021\/09\/ovularef-768x822.png","type":"","width":"","height":""}],"twitter_card":"summary_large_image","twitter_misc":{"Estimated reading time":"2 minutes"},"schema":{"@context":"https:\/\/schema.org","@graph":[{"@type":"TechArticle","@id":"https:\/\/laolaweb.com\/agentur\/referenzen\/ovularing-elementor-referenz\/#article","isPartOf":{"@id":"https:\/\/laolaweb.com\/agentur\/referenzen\/ovularing-elementor-referenz\/"},"author":{"name":"Manuel","@id":"https:\/\/laolaweb.com\/#\/schema\/person\/c91cf5a4d4b8445fd6a7c152951a70bd"},"headline":"OvulaRing Referenz","datePublished":"2021-09-21T09:07:04+00:00","dateModified":"2023-04-14T07:21:12+00:00","mainEntityOfPage":{"@id":"https:\/\/laolaweb.com\/agentur\/referenzen\/ovularing-elementor-referenz\/"},"wordCount":219,"publisher":{"@id":"https:\/\/laolaweb.com\/#organization"},"image":{"@id":"https:\/\/laolaweb.com\/agentur\/referenzen\/ovularing-elementor-referenz\/#primaryimage"},"thumbnailUrl":"https:\/\/laolaweb.com\/wp-content\/uploads\/2021\/09\/ovularef-768x822.png","inLanguage":"en-GB"},{"@type":"WebPage","@id":"https:\/\/laolaweb.com\/agentur\/referenzen\/ovularing-elementor-referenz\/","url":"https:\/\/laolaweb.com\/agentur\/referenzen\/ovularing-elementor-referenz\/","name":"Customer Ovularing | Elementor Reference","isPartOf":{"@id":"https:\/\/laolaweb.com\/#website"},"primaryImageOfPage":{"@id":"https:\/\/laolaweb.com\/agentur\/referenzen\/ovularing-elementor-referenz\/#primaryimage"},"image":{"@id":"https:\/\/laolaweb.com\/agentur\/referenzen\/ovularing-elementor-referenz\/#primaryimage"},"thumbnailUrl":"https:\/\/laolaweb.com\/wp-content\/uploads\/2021\/09\/ovularef-768x822.png","datePublished":"2021-09-21T09:07:04+00:00","dateModified":"2023-04-14T07:21:12+00:00","description":"WordPress reference Ovularing with Elementor Pro Page Builder. Short project description with objectives and results.","breadcrumb":{"@id":"https:\/\/laolaweb.com\/agentur\/referenzen\/ovularing-elementor-referenz\/#breadcrumb"},"inLanguage":"en-GB","potentialAction":[{"@type":"ReadAction","target":["https:\/\/laolaweb.com\/agentur\/referenzen\/ovularing-elementor-referenz\/"]}]},{"@type":"ImageObject","inLanguage":"en-GB","@id":"https:\/\/laolaweb.com\/agentur\/referenzen\/ovularing-elementor-referenz\/#primaryimage","url":"https:\/\/laolaweb.com\/wp-content\/uploads\/2021\/09\/ovularef-768x822.png","contentUrl":"https:\/\/laolaweb.com\/wp-content\/uploads\/2021\/09\/ovularef-768x822.png"},{"@type":"BreadcrumbList","@id":"https:\/\/laolaweb.com\/agentur\/referenzen\/ovularing-elementor-referenz\/#breadcrumb","itemListElement":[{"@type":"ListItem","position":1,"name":"Startseite","item":"https:\/\/laolaweb.com\/"},{"@type":"ListItem","position":2,"name":"\u00dcber uns","item":"https:\/\/laolaweb.com\/agentur\/"},{"@type":"ListItem","position":3,"name":"Referenzen","item":"https:\/\/laolaweb.com\/agentur\/referenzen\/"},{"@type":"ListItem","position":4,"name":"OvulaRing Referenz"}]},{"@type":"WebSite","@id":"https:\/\/laolaweb.com\/#website","url":"https:\/\/laolaweb.com\/","name":"Internet agency laOlaWeb - Agency for WordPress","description":"Professional WordPress websites","publisher":{"@id":"https:\/\/laolaweb.com\/#organization"},"potentialAction":[{"@type":"SearchAction","target":{"@type":"EntryPoint","urlTemplate":"https:\/\/laolaweb.com\/?s={search_term_string}"},"query-input":{"@type":"PropertyValueSpecification","valueRequired":true,"valueName":"search_term_string"}}],"inLanguage":"en-GB"},{"@type":"Organization","@id":"https:\/\/laolaweb.com\/#organization","name":"laOlaWeb GmbH","url":"https:\/\/laolaweb.com\/","logo":{"@type":"ImageObject","inLanguage":"en-GB","@id":"https:\/\/laolaweb.com\/#\/schema\/logo\/image\/","url":"https:\/\/laolaweb.com\/wp-content\/uploads\/2022\/06\/laolaweb-internetagentur.jpg","contentUrl":"https:\/\/laolaweb.com\/wp-content\/uploads\/2022\/06\/laolaweb-internetagentur.jpg","width":400,"height":367,"caption":"laOlaWeb GmbH"},"image":{"@id":"https:\/\/laolaweb.com\/#\/schema\/logo\/image\/"}},{"@type":"Person","@id":"https:\/\/laolaweb.com\/#\/schema\/person\/c91cf5a4d4b8445fd6a7c152951a70bd","name":"Manuel","sameAs":["http:\/\/laolaweb.com"]}]}},"_links":{"self":[{"href":"https:\/\/laolaweb.com\/en\/wp-json\/wp\/v2\/pages\/3572","targetHints":{"allow":["GET"]}}],"collection":[{"href":"https:\/\/laolaweb.com\/en\/wp-json\/wp\/v2\/pages"}],"about":[{"href":"https:\/\/laolaweb.com\/en\/wp-json\/wp\/v2\/types\/page"}],"author":[{"embeddable":true,"href":"https:\/\/laolaweb.com\/en\/wp-json\/wp\/v2\/users\/1"}],"replies":[{"embeddable":true,"href":"https:\/\/laolaweb.com\/en\/wp-json\/wp\/v2\/comments?post=3572"}],"version-history":[{"count":63,"href":"https:\/\/laolaweb.com\/en\/wp-json\/wp\/v2\/pages\/3572\/revisions"}],"predecessor-version":[{"id":14564,"href":"https:\/\/laolaweb.com\/en\/wp-json\/wp\/v2\/pages\/3572\/revisions\/14564"}],"up":[{"embeddable":true,"href":"https:\/\/laolaweb.com\/en\/wp-json\/wp\/v2\/pages\/44"}],"wp:attachment":[{"href":"https:\/\/laolaweb.com\/en\/wp-json\/wp\/v2\/media?parent=3572"}],"curies":[{"name":"wp","href":"https:\/\/api.w.org\/{rel}","templated":true}]}}