{"id":3520,"date":"2021-09-21T09:58:00","date_gmt":"2021-09-21T07:58:00","guid":{"rendered":"https:\/\/e-bike-guide.de\/?page_id=3520"},"modified":"2023-04-14T10:29:12","modified_gmt":"2023-04-14T08:29:12","slug":"hotel-bergland-avada-reference","status":"publish","type":"page","link":"https:\/\/laolaweb.com\/en\/agentur\/referenzen\/hotel-bergland-avada-referenz\/","title":{"rendered":"Hotel Bergland Avada reference"},"content":{"rendered":"\t\t<div data-elementor-type=\"wp-page\" data-elementor-id=\"3520\" class=\"elementor elementor-3520\" data-elementor-post-type=\"page\">\n\t\t\t\t<div class=\"elementor-element elementor-element-9d58461 e-flex e-con-boxed e-con e-parent\" data-id=\"9d58461\" data-element_type=\"container\" data-e-type=\"container\" data-settings=\"{&quot;background_background&quot;:&quot;classic&quot;}\">\n\t\t\t\t\t<div class=\"e-con-inner\">\n\t\t<div class=\"elementor-element elementor-element-a1ea65b rotate e-con-full e-flex e-con e-child\" data-id=\"a1ea65b\" data-element_type=\"container\" data-e-type=\"container\">\n\t\t\t\t<div class=\"elementor-element elementor-element-03c432e text-trans-zwei elementor-widget elementor-widget-text-editor\" data-id=\"03c432e\" data-element_type=\"widget\" data-e-type=\"widget\" data-widget_type=\"text-editor.default\">\n\t\t\t\t<div class=\"elementor-widget-container\">\n\t\t\t\t\t\t\t\t\t<p>REFERENZ<\/p>\t\t\t\t\t\t\t\t<\/div>\n\t\t\t\t<\/div>\n\t\t\t\t<div class=\"elementor-element elementor-element-80cdd34 text-trans elementor-widget elementor-widget-heading\" data-id=\"80cdd34\" data-element_type=\"widget\" data-e-type=\"widget\" data-widget_type=\"heading.default\">\n\t\t\t\t<div class=\"elementor-widget-container\">\n\t\t\t\t\t<p class=\"elementor-heading-title elementor-size-default\">HOTEL BERGLAND<\/p>\t\t\t\t<\/div>\n\t\t\t\t<\/div>\n\t\t\t\t<div class=\"elementor-element elementor-element-064d153 text-trans elementor-widget elementor-widget-text-editor\" data-id=\"064d153\" data-element_type=\"widget\" data-e-type=\"widget\" data-widget_type=\"text-editor.default\">\n\t\t\t\t<div class=\"elementor-widget-container\">\n\t\t\t\t\t\t\t\t\t<p>WORDPRESS-WEBSEITE MIT AVADA<\/p>\t\t\t\t\t\t\t\t<\/div>\n\t\t\t\t<\/div>\n\t\t\t\t<\/div>\n\t\t\t\t\t<\/div>\n\t\t\t\t<\/div>\n\t\t<div class=\"elementor-element elementor-element-e762702 e-flex e-con-boxed e-con e-parent\" data-id=\"e762702\" data-element_type=\"container\" data-e-type=\"container\">\n\t\t\t\t\t<div class=\"e-con-inner\">\n\t\t<div class=\"elementor-element elementor-element-52e1dc8 e-con-full e-flex e-con e-child\" data-id=\"52e1dc8\" data-element_type=\"container\" data-e-type=\"container\">\n\t\t\t\t<div class=\"elementor-element elementor-element-7fec2ef elementor-widget elementor-widget-heading\" data-id=\"7fec2ef\" data-element_type=\"widget\" data-e-type=\"widget\" data-widget_type=\"heading.default\">\n\t\t\t\t<div class=\"elementor-widget-container\">\n\t\t\t\t\t<h1 class=\"elementor-heading-title elementor-size-default\">Redesign einer Hotel-Webseite mit WordPress<\/h1>\t\t\t\t<\/div>\n\t\t\t\t<\/div>\n\t\t\t\t<div class=\"elementor-element elementor-element-e9a755b elementor-widget elementor-widget-image\" data-id=\"e9a755b\" data-element_type=\"widget\" data-e-type=\"widget\" data-widget_type=\"image.default\">\n\t\t\t\t<div class=\"elementor-widget-container\">\n\t\t\t\t\t\t\t\t\t\t\t\t\t\t\t<img fetchpriority=\"high\" decoding=\"async\" width=\"768\" height=\"822\" src=\"https:\/\/laolaweb.com\/wp-content\/uploads\/2021\/09\/Referenz-Bergland-Iso-768x822.png\" class=\"attachment-medium_large size-medium_large wp-image-1883\" alt=\"Referenz Bergland\" srcset=\"https:\/\/laolaweb.com\/wp-content\/uploads\/2021\/09\/Referenz-Bergland-Iso-768x822.png 768w, https:\/\/laolaweb.com\/wp-content\/uploads\/2021\/09\/Referenz-Bergland-Iso-280x300.png 280w, https:\/\/laolaweb.com\/wp-content\/uploads\/2021\/09\/Referenz-Bergland-Iso-957x1024.png 957w, https:\/\/laolaweb.com\/wp-content\/uploads\/2021\/09\/Referenz-Bergland-Iso.png 1200w\" sizes=\"(max-width: 768px) 100vw, 768px\" \/>\t\t\t\t\t\t\t\t\t\t\t\t\t\t\t<\/div>\n\t\t\t\t<\/div>\n\t\t\t\t<div class=\"elementor-element elementor-element-e12143d elementor-widget__width-initial elementor-widget elementor-widget-text-editor\" data-id=\"e12143d\" data-element_type=\"widget\" data-e-type=\"widget\" data-widget_type=\"text-editor.default\">\n\t\t\t\t<div class=\"elementor-widget-container\">\n\t\t\t\t\t\t\t\t\t<p>Das Hotel Bergland am Achensee beauftragte uns 2020 mit einem kompletten Redesign der Webseite. Ziel der Webseite war es, das Hotel optisch ansprechend zu pr\u00e4sentieren. Das Hotel, die Zimmer und der Wellness- und Spa-Bereich wurden neu fotografiert und von uns in ein neues Webdesign \u00fcberf\u00fchrt. Die Webseite basiert auf WordPress mit dem <a href=\"https:\/\/laolaweb.com\/wordpress-agentur\/avada-theme\/\">Premium-Theme von Avada<\/a>.<\/p>\t\t\t\t\t\t\t\t<\/div>\n\t\t\t\t<\/div>\n\t\t\t\t<\/div>\n\t\t\t\t\t<\/div>\n\t\t\t\t<\/div>\n\t\t<div class=\"elementor-element elementor-element-e108cbd e-flex e-con-boxed e-con e-parent\" data-id=\"e108cbd\" data-element_type=\"container\" data-e-type=\"container\" data-settings=\"{&quot;background_background&quot;:&quot;classic&quot;}\">\n\t\t\t\t\t<div class=\"e-con-inner\">\n\t\t<div class=\"elementor-element elementor-element-fbace86 e-con-full e-flex e-con e-child\" data-id=\"fbace86\" data-element_type=\"container\" data-e-type=\"container\">\n\t\t<div class=\"elementor-element elementor-element-547c2a6 e-con-full e-flex e-con e-child\" data-id=\"547c2a6\" data-element_type=\"container\" data-e-type=\"container\">\n\t\t\t\t<div class=\"elementor-element elementor-element-9d20c66 drop_image elementor-widget elementor-widget-image\" data-id=\"9d20c66\" data-element_type=\"widget\" data-e-type=\"widget\" data-widget_type=\"image.default\">\n\t\t\t\t<div class=\"elementor-widget-container\">\n\t\t\t\t\t\t\t\t\t\t\t\t\t\t\t<img decoding=\"async\" width=\"726\" height=\"1024\" src=\"https:\/\/laolaweb.com\/wp-content\/uploads\/2021\/09\/avada-referenz-hotel-bergland-front-eins.png\" class=\"attachment-medium_large size-medium_large wp-image-4645\" alt=\"avada referenz hotel bergland\" srcset=\"https:\/\/laolaweb.com\/wp-content\/uploads\/2021\/09\/avada-referenz-hotel-bergland-front-eins.png 726w, https:\/\/laolaweb.com\/wp-content\/uploads\/2021\/09\/avada-referenz-hotel-bergland-front-eins-213x300.png 213w\" sizes=\"(max-width: 726px) 100vw, 726px\" \/>\t\t\t\t\t\t\t\t\t\t\t\t\t\t\t<\/div>\n\t\t\t\t<\/div>\n\t\t\t\t<\/div>\n\t\t<div class=\"elementor-element elementor-element-119b9a4 e-con-full e-flex e-con e-child\" data-id=\"119b9a4\" data-element_type=\"container\" data-e-type=\"container\">\n\t\t\t\t<div class=\"elementor-element elementor-element-2bb4a84 elementor-widget elementor-widget-heading\" data-id=\"2bb4a84\" data-element_type=\"widget\" data-e-type=\"widget\" data-widget_type=\"heading.default\">\n\t\t\t\t<div class=\"elementor-widget-container\">\n\t\t\t\t\t<h2 class=\"elementor-heading-title elementor-size-default\">Sonderangebote in der Nebensaison<\/h2>\t\t\t\t<\/div>\n\t\t\t\t<\/div>\n\t\t\t\t<div class=\"elementor-element elementor-element-518d3ca elementor-widget__width-initial elementor-widget elementor-widget-text-editor\" data-id=\"518d3ca\" data-element_type=\"widget\" data-e-type=\"widget\" data-widget_type=\"text-editor.default\">\n\t\t\t\t<div class=\"elementor-widget-container\">\n\t\t\t\t\t\t\t\t\t<p>Um die Auslastung auch in der Nebensaison m\u00f6glichst hoch zu halten, werden auf der Webseite regelm\u00e4\u00dfig Sommer- und Winterangebote ver\u00f6ffentlicht. Die Sparangebote sollen insbesondere Stammkunden ansprechen, ihre Ferien erneut in dem sch\u00f6nen Hotel Bergland zu einem sehr g\u00fcnstigen Preis zu buchen.<\/p><p>\u00dcber einen direkten Link zum eigenen Buchungsportal k\u00f6nnen Anfragen und Buchungen unmittelbar bearbeitet werden.<\/p>\t\t\t\t\t\t\t\t<\/div>\n\t\t\t\t<\/div>\n\t\t\t\t<\/div>\n\t\t\t\t<\/div>\n\t\t\t\t\t<\/div>\n\t\t\t\t<\/div>\n\t\t<div class=\"elementor-element elementor-element-41c7340 e-con-full refvideo e-flex e-con e-parent\" data-id=\"41c7340\" data-element_type=\"container\" data-e-type=\"container\" data-settings=\"{&quot;background_background&quot;:&quot;video&quot;,&quot;background_play_on_mobile&quot;:&quot;yes&quot;,&quot;background_video_link&quot;:&quot;\\\/wp-content\\\/uploads\\\/2021\\\/10\\\/bergland-video-ref.m4v&quot;}\">\n\t\t<div class=\"elementor-background-video-container\">\n\t\t\t\t\t\t\t<video class=\"elementor-background-video-hosted\" role=\"presentation\" autoplay muted playsinline loop><\/video>\n\t\t\t\t\t<\/div>\t\t<\/div>\n\t\t<div class=\"elementor-element elementor-element-de49709 e-flex e-con-boxed e-con e-parent\" data-id=\"de49709\" data-element_type=\"container\" data-e-type=\"container\" data-settings=\"{&quot;background_background&quot;:&quot;classic&quot;,&quot;shape_divider_bottom&quot;:&quot;mountains&quot;}\">\n\t\t\t\t\t<div class=\"e-con-inner\">\n\t\t\t\t<div class=\"elementor-shape elementor-shape-bottom\" aria-hidden=\"true\" data-negative=\"false\">\n\t\t\t<svg xmlns=\"http:\/\/www.w3.org\/2000\/svg\" viewBox=\"0 0 1000 100\" preserveAspectRatio=\"none\">\n\t<path class=\"elementor-shape-fill\" opacity=\"0.33\" d=\"M473,67.3c-203.9,88.3-263.1-34-320.3,0C66,119.1,0,59.7,0,59.7V0h1000v59.7 c0,0-62.1,26.1-94.9,29.3c-32.8,3.3-62.8-12.3-75.8-22.1C806,49.6,745.3,8.7,694.9,4.7S492.4,59,473,67.3z\"\/>\n\t<path class=\"elementor-shape-fill\" opacity=\"0.66\" d=\"M734,67.3c-45.5,0-77.2-23.2-129.1-39.1c-28.6-8.7-150.3-10.1-254,39.1 s-91.7-34.4-149.2,0C115.7,118.3,0,39.8,0,39.8V0h1000v36.5c0,0-28.2-18.5-92.1-18.5C810.2,18.1,775.7,67.3,734,67.3z\"\/>\n\t<path class=\"elementor-shape-fill\" d=\"M766.1,28.9c-200-57.5-266,65.5-395.1,19.5C242,1.8,242,5.4,184.8,20.6C128,35.8,132.3,44.9,89.9,52.5C28.6,63.7,0,0,0,0 h1000c0,0-9.9,40.9-83.6,48.1S829.6,47,766.1,28.9z\"\/>\n<\/svg>\t\t<\/div>\n\t\t<div class=\"elementor-element elementor-element-36d7bf1 e-con-full e-flex e-con e-child\" data-id=\"36d7bf1\" data-element_type=\"container\" data-e-type=\"container\">\n\t\t<div class=\"elementor-element elementor-element-46b1b83 e-con-full e-flex e-con e-child\" data-id=\"46b1b83\" data-element_type=\"container\" data-e-type=\"container\">\n\t\t\t\t<div class=\"elementor-element elementor-element-83a4541 elementor-widget elementor-widget-heading\" data-id=\"83a4541\" data-element_type=\"widget\" data-e-type=\"widget\" data-widget_type=\"heading.default\">\n\t\t\t\t<div class=\"elementor-widget-container\">\n\t\t\t\t\t<span class=\"elementor-heading-title elementor-size-default\">Redaktioneller Text f\u00fcr organischen Traffic <\/span>\t\t\t\t<\/div>\n\t\t\t\t<\/div>\n\t\t\t\t<div class=\"elementor-element elementor-element-26b9917 elementor-widget__width-initial elementor-widget elementor-widget-text-editor\" data-id=\"26b9917\" data-element_type=\"widget\" data-e-type=\"widget\" data-widget_type=\"text-editor.default\">\n\t\t\t\t<div class=\"elementor-widget-container\">\n\t\t\t\t\t\t\t\t\t<p>Nutzern, die sich \u00fcber die Region informieren wollen, bietet die Hotel-Webseite zahlreiche Informationen \u00fcber Attraktionen und Aktivit\u00e4ten. Die redaktionell hochwertigen Texte schaffen es, Besucher kostenlos auf die Hotel-Webseite zu bringen. Buchungen, die so zustande kommen, sind f\u00fcr das Hotel ohne hohe Kosten f\u00fcr Buchungsportale, wie z.B. booking.com, verbunden.<\/p>\t\t\t\t\t\t\t\t<\/div>\n\t\t\t\t<\/div>\n\t\t\t\t<div class=\"elementor-element elementor-element-d2a6521 elementor-align-left underline_button_drei elementor-tablet-align-left elementor-mobile-align-left elementor-widget elementor-widget-button\" data-id=\"d2a6521\" data-element_type=\"widget\" data-e-type=\"widget\" data-settings=\"{&quot;motion_fx_motion_fx_scrolling&quot;:&quot;yes&quot;,&quot;motion_fx_devices&quot;:[&quot;desktop&quot;,&quot;laptop&quot;,&quot;tablet&quot;,&quot;mobile&quot;]}\" data-widget_type=\"button.default\">\n\t\t\t\t<div class=\"elementor-widget-container\">\n\t\t\t\t\t\t\t\t\t<div class=\"elementor-button-wrapper\">\n\t\t\t\t\t<a class=\"elementor-button elementor-button-link elementor-size-sm\" href=\"https:\/\/www.bergland-pertisau.com\/\" target=\"_blank\">\n\t\t\t\t\t\t<span class=\"elementor-button-content-wrapper\">\n\t\t\t\t\t\t\t\t\t<span class=\"elementor-button-text\">Webseite ansehen<\/span>\n\t\t\t\t\t<\/span>\n\t\t\t\t\t<\/a>\n\t\t\t\t<\/div>\n\t\t\t\t\t\t\t\t<\/div>\n\t\t\t\t<\/div>\n\t\t\t\t<\/div>\n\t\t<div class=\"elementor-element elementor-element-6c712a0 e-con-full e-flex e-con e-child\" data-id=\"6c712a0\" data-element_type=\"container\" data-e-type=\"container\">\n\t\t\t\t<div class=\"elementor-element elementor-element-b8f50a5 drop_image elementor-widget elementor-widget-image\" data-id=\"b8f50a5\" data-element_type=\"widget\" data-e-type=\"widget\" data-widget_type=\"image.default\">\n\t\t\t\t<div class=\"elementor-widget-container\">\n\t\t\t\t\t\t\t\t\t\t\t\t\t\t\t<img decoding=\"async\" width=\"726\" height=\"1024\" src=\"https:\/\/laolaweb.com\/wp-content\/uploads\/2021\/09\/bergland-front-referenz.png\" class=\"attachment-medium_large size-medium_large wp-image-3462\" alt=\"Referenz Bergland Mobil\" srcset=\"https:\/\/laolaweb.com\/wp-content\/uploads\/2021\/09\/bergland-front-referenz.png 726w, https:\/\/laolaweb.com\/wp-content\/uploads\/2021\/09\/bergland-front-referenz-213x300.png 213w\" sizes=\"(max-width: 726px) 100vw, 726px\" \/>\t\t\t\t\t\t\t\t\t\t\t\t\t\t\t<\/div>\n\t\t\t\t<\/div>\n\t\t\t\t<\/div>\n\t\t\t\t<\/div>\n\t\t\t\t\t<\/div>\n\t\t\t\t<\/div>\n\t\t\t\t<\/div>\n\t\t","protected":false},"excerpt":{"rendered":"<p>REFERENZ HOTEL BERGLAND WORDPRESS-WEBSEITE MIT AVADA Redesign einer Hotel-Webseite mit WordPress Das Hotel Bergland am Achensee beauftragte uns 2020 mit einem kompletten Redesign der Webseite. Ziel der Webseite war es, das Hotel optisch ansprechend zu pr\u00e4sentieren. Das Hotel, die Zimmer und der Wellness- und Spa-Bereich wurden neu fotografiert und von uns in ein neues Webdesign [&hellip;]<\/p>\n","protected":false},"author":1,"featured_media":0,"parent":44,"menu_order":0,"comment_status":"closed","ping_status":"closed","template":"","meta":{"footnotes":""},"class_list":["post-3520","page","type-page","status-publish","hentry"],"yoast_head":"<!-- This site is optimized with the Yoast SEO plugin v27.0 - https:\/\/yoast.com\/product\/yoast-seo-wordpress\/ -->\n<title>Referenz Hotel Bergland mit WordPress<\/title>\n<meta name=\"description\" content=\"WordPress-Referenz Hotel Bergland mit Avada-Theme. Kurze Projektbeschreibung mit Zielstellung und Ergebnissen.\" \/>\n<meta name=\"robots\" content=\"index, follow, max-snippet:-1, max-image-preview:large, max-video-preview:-1\" \/>\n<link rel=\"canonical\" href=\"https:\/\/laolaweb.com\/en\/agency\/references\/hotel-bergland-avada-reference\/\" \/>\n<meta property=\"og:locale\" content=\"en_GB\" \/>\n<meta property=\"og:type\" content=\"article\" \/>\n<meta property=\"og:title\" content=\"Referenz Hotel Bergland mit WordPress\" \/>\n<meta property=\"og:description\" content=\"WordPress-Referenz Hotel Bergland mit Avada-Theme. Kurze Projektbeschreibung mit Zielstellung und Ergebnissen.\" \/>\n<meta property=\"og:url\" content=\"https:\/\/laolaweb.com\/en\/agency\/references\/hotel-bergland-avada-reference\/\" \/>\n<meta property=\"og:site_name\" content=\"Internetagentur laOlaWeb - Agentur f\u00fcr WordPress\" \/>\n<meta property=\"article:modified_time\" content=\"2023-04-14T08:29:12+00:00\" \/>\n<meta property=\"og:image\" content=\"https:\/\/laolaweb.com\/wp-content\/uploads\/2021\/09\/Referenz-Bergland-Iso-768x822.png\" \/>\n<meta name=\"twitter:card\" content=\"summary_large_image\" \/>\n<meta name=\"twitter:label1\" content=\"Estimated reading time\" \/>\n\t<meta name=\"twitter:data1\" content=\"2 minutes\" \/>\n<!-- \/ Yoast SEO plugin. -->","yoast_head_json":{"title":"Reference Hotel Bergland with WordPress","description":"WordPress reference Hotel Bergland with Avada theme. Short project description with objectives and results.","robots":{"index":"index","follow":"follow","max-snippet":"max-snippet:-1","max-image-preview":"max-image-preview:large","max-video-preview":"max-video-preview:-1"},"canonical":"https:\/\/laolaweb.com\/en\/agency\/references\/hotel-bergland-avada-reference\/","og_locale":"en_GB","og_type":"article","og_title":"Referenz Hotel Bergland mit WordPress","og_description":"WordPress-Referenz Hotel Bergland mit Avada-Theme. Kurze Projektbeschreibung mit Zielstellung und Ergebnissen.","og_url":"https:\/\/laolaweb.com\/en\/agency\/references\/hotel-bergland-avada-reference\/","og_site_name":"Internetagentur laOlaWeb - Agentur f\u00fcr WordPress","article_modified_time":"2023-04-14T08:29:12+00:00","og_image":[{"url":"https:\/\/laolaweb.com\/wp-content\/uploads\/2021\/09\/Referenz-Bergland-Iso-768x822.png","type":"","width":"","height":""}],"twitter_card":"summary_large_image","twitter_misc":{"Estimated reading time":"2 minutes"},"schema":{"@context":"https:\/\/schema.org","@graph":[{"@type":"TechArticle","@id":"https:\/\/laolaweb.com\/agentur\/referenzen\/hotel-bergland-avada-referenz\/#article","isPartOf":{"@id":"https:\/\/laolaweb.com\/agentur\/referenzen\/hotel-bergland-avada-referenz\/"},"author":{"name":"Manuel","@id":"https:\/\/laolaweb.com\/#\/schema\/person\/c91cf5a4d4b8445fd6a7c152951a70bd"},"headline":"Hotel Bergland Avada Referenz","datePublished":"2021-09-21T07:58:00+00:00","dateModified":"2023-04-14T08:29:12+00:00","mainEntityOfPage":{"@id":"https:\/\/laolaweb.com\/agentur\/referenzen\/hotel-bergland-avada-referenz\/"},"wordCount":197,"publisher":{"@id":"https:\/\/laolaweb.com\/#organization"},"image":{"@id":"https:\/\/laolaweb.com\/agentur\/referenzen\/hotel-bergland-avada-referenz\/#primaryimage"},"thumbnailUrl":"https:\/\/laolaweb.com\/wp-content\/uploads\/2021\/09\/Referenz-Bergland-Iso-768x822.png","inLanguage":"en-GB"},{"@type":"WebPage","@id":"https:\/\/laolaweb.com\/agentur\/referenzen\/hotel-bergland-avada-referenz\/","url":"https:\/\/laolaweb.com\/agentur\/referenzen\/hotel-bergland-avada-referenz\/","name":"Reference Hotel Bergland with WordPress","isPartOf":{"@id":"https:\/\/laolaweb.com\/#website"},"primaryImageOfPage":{"@id":"https:\/\/laolaweb.com\/agentur\/referenzen\/hotel-bergland-avada-referenz\/#primaryimage"},"image":{"@id":"https:\/\/laolaweb.com\/agentur\/referenzen\/hotel-bergland-avada-referenz\/#primaryimage"},"thumbnailUrl":"https:\/\/laolaweb.com\/wp-content\/uploads\/2021\/09\/Referenz-Bergland-Iso-768x822.png","datePublished":"2021-09-21T07:58:00+00:00","dateModified":"2023-04-14T08:29:12+00:00","description":"WordPress reference Hotel Bergland with Avada theme. Short project description with objectives and results.","breadcrumb":{"@id":"https:\/\/laolaweb.com\/agentur\/referenzen\/hotel-bergland-avada-referenz\/#breadcrumb"},"inLanguage":"en-GB","potentialAction":[{"@type":"ReadAction","target":["https:\/\/laolaweb.com\/agentur\/referenzen\/hotel-bergland-avada-referenz\/"]}]},{"@type":"ImageObject","inLanguage":"en-GB","@id":"https:\/\/laolaweb.com\/agentur\/referenzen\/hotel-bergland-avada-referenz\/#primaryimage","url":"https:\/\/laolaweb.com\/wp-content\/uploads\/2021\/09\/Referenz-Bergland-Iso-768x822.png","contentUrl":"https:\/\/laolaweb.com\/wp-content\/uploads\/2021\/09\/Referenz-Bergland-Iso-768x822.png"},{"@type":"BreadcrumbList","@id":"https:\/\/laolaweb.com\/agentur\/referenzen\/hotel-bergland-avada-referenz\/#breadcrumb","itemListElement":[{"@type":"ListItem","position":1,"name":"Startseite","item":"https:\/\/laolaweb.com\/"},{"@type":"ListItem","position":2,"name":"\u00dcber uns","item":"https:\/\/laolaweb.com\/agentur\/"},{"@type":"ListItem","position":3,"name":"Referenzen","item":"https:\/\/laolaweb.com\/agentur\/referenzen\/"},{"@type":"ListItem","position":4,"name":"Hotel Bergland Avada Referenz"}]},{"@type":"WebSite","@id":"https:\/\/laolaweb.com\/#website","url":"https:\/\/laolaweb.com\/","name":"Internet agency laOlaWeb - Agency for WordPress","description":"Professional WordPress websites","publisher":{"@id":"https:\/\/laolaweb.com\/#organization"},"potentialAction":[{"@type":"SearchAction","target":{"@type":"EntryPoint","urlTemplate":"https:\/\/laolaweb.com\/?s={search_term_string}"},"query-input":{"@type":"PropertyValueSpecification","valueRequired":true,"valueName":"search_term_string"}}],"inLanguage":"en-GB"},{"@type":"Organization","@id":"https:\/\/laolaweb.com\/#organization","name":"laOlaWeb GmbH","url":"https:\/\/laolaweb.com\/","logo":{"@type":"ImageObject","inLanguage":"en-GB","@id":"https:\/\/laolaweb.com\/#\/schema\/logo\/image\/","url":"https:\/\/laolaweb.com\/wp-content\/uploads\/2022\/06\/laolaweb-internetagentur.jpg","contentUrl":"https:\/\/laolaweb.com\/wp-content\/uploads\/2022\/06\/laolaweb-internetagentur.jpg","width":400,"height":367,"caption":"laOlaWeb GmbH"},"image":{"@id":"https:\/\/laolaweb.com\/#\/schema\/logo\/image\/"}},{"@type":"Person","@id":"https:\/\/laolaweb.com\/#\/schema\/person\/c91cf5a4d4b8445fd6a7c152951a70bd","name":"Manuel","sameAs":["http:\/\/laolaweb.com"]}]}},"_links":{"self":[{"href":"https:\/\/laolaweb.com\/en\/wp-json\/wp\/v2\/pages\/3520","targetHints":{"allow":["GET"]}}],"collection":[{"href":"https:\/\/laolaweb.com\/en\/wp-json\/wp\/v2\/pages"}],"about":[{"href":"https:\/\/laolaweb.com\/en\/wp-json\/wp\/v2\/types\/page"}],"author":[{"embeddable":true,"href":"https:\/\/laolaweb.com\/en\/wp-json\/wp\/v2\/users\/1"}],"replies":[{"embeddable":true,"href":"https:\/\/laolaweb.com\/en\/wp-json\/wp\/v2\/comments?post=3520"}],"version-history":[{"count":63,"href":"https:\/\/laolaweb.com\/en\/wp-json\/wp\/v2\/pages\/3520\/revisions"}],"predecessor-version":[{"id":14596,"href":"https:\/\/laolaweb.com\/en\/wp-json\/wp\/v2\/pages\/3520\/revisions\/14596"}],"up":[{"embeddable":true,"href":"https:\/\/laolaweb.com\/en\/wp-json\/wp\/v2\/pages\/44"}],"wp:attachment":[{"href":"https:\/\/laolaweb.com\/en\/wp-json\/wp\/v2\/media?parent=3520"}],"curies":[{"name":"wp","href":"https:\/\/api.w.org\/{rel}","templated":true}]}}