{"id":2354,"date":"2021-09-17T08:39:37","date_gmt":"2021-09-17T06:39:37","guid":{"rendered":"https:\/\/e-bike-guide.de\/?page_id=2354"},"modified":"2023-04-14T17:42:12","modified_gmt":"2023-04-14T15:42:12","slug":"taoasis-shopware-reference","status":"publish","type":"page","link":"https:\/\/laolaweb.com\/en\/agentur\/referenzen\/taoasis-shopware-referenz\/","title":{"rendered":"Taoasis Shopware reference"},"content":{"rendered":"\t\t<div data-elementor-type=\"wp-page\" data-elementor-id=\"2354\" class=\"elementor elementor-2354\" data-elementor-post-type=\"page\">\n\t\t\t\t<div class=\"elementor-element elementor-element-8427145 e-flex e-con-boxed e-con e-parent\" data-id=\"8427145\" data-element_type=\"container\" data-e-type=\"container\" data-settings=\"{&quot;background_background&quot;:&quot;classic&quot;}\">\n\t\t\t\t\t<div class=\"e-con-inner\">\n\t\t<div class=\"elementor-element elementor-element-6d666ac rotate e-con-full e-flex e-con e-child\" data-id=\"6d666ac\" data-element_type=\"container\" data-e-type=\"container\">\n\t\t\t\t<div class=\"elementor-element elementor-element-1b7bbd9 text-trans-zwei elementor-widget elementor-widget-text-editor\" data-id=\"1b7bbd9\" data-element_type=\"widget\" data-e-type=\"widget\" data-widget_type=\"text-editor.default\">\n\t\t\t\t<div class=\"elementor-widget-container\">\n\t\t\t\t\t\t\t\t\t<p>REFERENZ<\/p>\t\t\t\t\t\t\t\t<\/div>\n\t\t\t\t<\/div>\n\t\t\t\t<div class=\"elementor-element elementor-element-8febe38 text-trans elementor-widget elementor-widget-heading\" data-id=\"8febe38\" data-element_type=\"widget\" data-e-type=\"widget\" data-widget_type=\"heading.default\">\n\t\t\t\t<div class=\"elementor-widget-container\">\n\t\t\t\t\t<p class=\"elementor-heading-title elementor-size-default\">TAOASIS<\/p>\t\t\t\t<\/div>\n\t\t\t\t<\/div>\n\t\t\t\t<div class=\"elementor-element elementor-element-c3d5e04 text-trans elementor-widget elementor-widget-text-editor\" data-id=\"c3d5e04\" data-element_type=\"widget\" data-e-type=\"widget\" data-widget_type=\"text-editor.default\">\n\t\t\t\t<div class=\"elementor-widget-container\">\n\t\t\t\t\t\t\t\t\t<p>Onlineshop mit Shopware<\/p>\t\t\t\t\t\t\t\t<\/div>\n\t\t\t\t<\/div>\n\t\t\t\t<\/div>\n\t\t\t\t\t<\/div>\n\t\t\t\t<\/div>\n\t\t<div class=\"elementor-element elementor-element-e71eab5 e-flex e-con-boxed e-con e-parent\" data-id=\"e71eab5\" data-element_type=\"container\" data-e-type=\"container\">\n\t\t\t\t\t<div class=\"e-con-inner\">\n\t\t<div class=\"elementor-element elementor-element-4b5f4b3 e-con-full e-flex e-con e-child\" data-id=\"4b5f4b3\" data-element_type=\"container\" data-e-type=\"container\">\n\t\t\t\t<div class=\"elementor-element elementor-element-c1434a4 elementor-widget elementor-widget-heading\" data-id=\"c1434a4\" data-element_type=\"widget\" data-e-type=\"widget\" data-widget_type=\"heading.default\">\n\t\t\t\t<div class=\"elementor-widget-container\">\n\t\t\t\t\t<h1 class=\"elementor-heading-title elementor-size-default\">Relaunch mit Shopware<\/h1>\t\t\t\t<\/div>\n\t\t\t\t<\/div>\n\t\t\t\t<div class=\"elementor-element elementor-element-da57b92 elementor-widget elementor-widget-image\" data-id=\"da57b92\" data-element_type=\"widget\" data-e-type=\"widget\" data-widget_type=\"image.default\">\n\t\t\t\t<div class=\"elementor-widget-container\">\n\t\t\t\t\t\t\t\t\t\t\t\t\t\t\t<img fetchpriority=\"high\" decoding=\"async\" width=\"768\" height=\"822\" src=\"https:\/\/laolaweb.com\/wp-content\/uploads\/2021\/09\/referenz-taoasis-iso-768x822.png\" class=\"attachment-medium_large size-medium_large wp-image-2143\" alt=\"Referenz Taoasis\" srcset=\"https:\/\/laolaweb.com\/wp-content\/uploads\/2021\/09\/referenz-taoasis-iso-768x822.png 768w, https:\/\/laolaweb.com\/wp-content\/uploads\/2021\/09\/referenz-taoasis-iso-280x300.png 280w, https:\/\/laolaweb.com\/wp-content\/uploads\/2021\/09\/referenz-taoasis-iso-957x1024.png 957w, https:\/\/laolaweb.com\/wp-content\/uploads\/2021\/09\/referenz-taoasis-iso.png 1200w\" sizes=\"(max-width: 768px) 100vw, 768px\" \/>\t\t\t\t\t\t\t\t\t\t\t\t\t\t\t<\/div>\n\t\t\t\t<\/div>\n\t\t\t\t<div class=\"elementor-element elementor-element-3b32c5b elementor-widget__width-initial elementor-widget elementor-widget-text-editor\" data-id=\"3b32c5b\" data-element_type=\"widget\" data-e-type=\"widget\" data-widget_type=\"text-editor.default\">\n\t\t\t\t<div class=\"elementor-widget-container\">\n\t\t\t\t\t\t\t\t\t<p>Die TAOASIS GmbH ist ein Hersteller von hochwertigen Produkten, die bisher nur \u00fcber Apotheken vertrieben wurden. Doch TAOASIS versteht sich auch als Vorreiter der Aromatherapie und ist in zahlreichen Projekten engagiert. Neben der M\u00f6glichkeit f\u00fcr Endkunden, die Produkte nun direkt kaufen zu k\u00f6nnen, sollte die Webseite optisch ansprechend \u00fcber Aromatherapie und die Projektarbeit berichten.\u00a0<\/p>\t\t\t\t\t\t\t\t<\/div>\n\t\t\t\t<\/div>\n\t\t\t\t<\/div>\n\t\t\t\t\t<\/div>\n\t\t\t\t<\/div>\n\t\t<div class=\"elementor-element elementor-element-70b458a e-flex e-con-boxed e-con e-parent\" data-id=\"70b458a\" data-element_type=\"container\" data-e-type=\"container\" data-settings=\"{&quot;background_background&quot;:&quot;classic&quot;}\">\n\t\t\t\t\t<div class=\"e-con-inner\">\n\t\t<div class=\"elementor-element elementor-element-8c859ef e-con-full e-flex e-con e-child\" data-id=\"8c859ef\" data-element_type=\"container\" data-e-type=\"container\">\n\t\t<div class=\"elementor-element elementor-element-4b7acfd e-con-full e-flex e-con e-child\" data-id=\"4b7acfd\" data-element_type=\"container\" data-e-type=\"container\">\n\t\t\t\t<div class=\"elementor-element elementor-element-3391f99 drop_image elementor-widget elementor-widget-image\" data-id=\"3391f99\" data-element_type=\"widget\" data-e-type=\"widget\" data-widget_type=\"image.default\">\n\t\t\t\t<div class=\"elementor-widget-container\">\n\t\t\t\t\t\t\t\t\t\t\t\t\t\t\t<img decoding=\"async\" width=\"768\" height=\"1084\" src=\"https:\/\/laolaweb.com\/wp-content\/uploads\/2021\/09\/taoasis-mobile-referenz-768x1084.png\" class=\"attachment-medium_large size-medium_large wp-image-1264\" alt=\"Referenz Taoasis Mobil\" srcset=\"https:\/\/laolaweb.com\/wp-content\/uploads\/2021\/09\/taoasis-mobile-referenz-768x1084.png 768w, https:\/\/laolaweb.com\/wp-content\/uploads\/2021\/09\/taoasis-mobile-referenz-213x300.png 213w, https:\/\/laolaweb.com\/wp-content\/uploads\/2021\/09\/taoasis-mobile-referenz-726x1024.png 726w, https:\/\/laolaweb.com\/wp-content\/uploads\/2021\/09\/taoasis-mobile-referenz-1088x1536.png 1088w, https:\/\/laolaweb.com\/wp-content\/uploads\/2021\/09\/taoasis-mobile-referenz-1451x2048.png 1451w\" sizes=\"(max-width: 768px) 100vw, 768px\" \/>\t\t\t\t\t\t\t\t\t\t\t\t\t\t\t<\/div>\n\t\t\t\t<\/div>\n\t\t\t\t<\/div>\n\t\t<div class=\"elementor-element elementor-element-9fe07a7 e-con-full e-flex e-con e-child\" data-id=\"9fe07a7\" data-element_type=\"container\" data-e-type=\"container\">\n\t\t\t\t<div class=\"elementor-element elementor-element-202f621 elementor-widget elementor-widget-heading\" data-id=\"202f621\" data-element_type=\"widget\" data-e-type=\"widget\" data-widget_type=\"heading.default\">\n\t\t\t\t<div class=\"elementor-widget-container\">\n\t\t\t\t\t<h2 class=\"elementor-heading-title elementor-size-default\">Shopware und WordPress in Kombination<\/h2>\t\t\t\t<\/div>\n\t\t\t\t<\/div>\n\t\t\t\t<div class=\"elementor-element elementor-element-88138ed elementor-widget__width-initial elementor-widget elementor-widget-text-editor\" data-id=\"88138ed\" data-element_type=\"widget\" data-e-type=\"widget\" data-widget_type=\"text-editor.default\">\n\t\t\t\t<div class=\"elementor-widget-container\">\n\t\t\t\t\t\t\t\t\t<p>Die kuratierten Inhalte sollten mit dem CMS von WordPress erstellt werden, da hiermit optisch ansprechende Layouts ohne viel Programmierkenntnisse geschaffen werden k\u00f6nnen. Aufgrund der vorhandenen Warenwirtschaft SAP Business One sollte der Shop mit dem <a href=\"https:\/\/laolaweb.com\/shopware-leipzig\/\">Shopware-System<\/a> umgesetzt werden. \u00dcber die in SAP integrierte Schnittstelle kann so die gesamte Administration von Produkten, Kundenbestellungen und Kunden \u00fcber SAP get\u00e4tigt werden.<\/p>\t\t\t\t\t\t\t\t<\/div>\n\t\t\t\t<\/div>\n\t\t\t\t<\/div>\n\t\t\t\t<\/div>\n\t\t\t\t\t<\/div>\n\t\t\t\t<\/div>\n\t\t<div class=\"elementor-element elementor-element-6f051b2 e-flex e-con-boxed e-con e-parent\" data-id=\"6f051b2\" data-element_type=\"container\" data-e-type=\"container\" data-settings=\"{&quot;background_background&quot;:&quot;video&quot;,&quot;background_video_link&quot;:&quot;\\\/wp-content\\\/uploads\\\/2021\\\/09\\\/laolaweb-taoasis-mobile-video.mp4&quot;,&quot;background_play_on_mobile&quot;:&quot;yes&quot;}\">\n\t\t\t\t\t<div class=\"e-con-inner\">\n\t\t<div class=\"elementor-background-video-container\">\n\t\t\t\t\t\t\t<video class=\"elementor-background-video-hosted\" role=\"presentation\" autoplay muted playsinline loop><\/video>\n\t\t\t\t\t<\/div>\t\t\t<\/div>\n\t\t\t\t<\/div>\n\t\t<div class=\"elementor-element elementor-element-80b9145 e-flex e-con-boxed e-con e-parent\" data-id=\"80b9145\" data-element_type=\"container\" data-e-type=\"container\" data-settings=\"{&quot;background_background&quot;:&quot;classic&quot;,&quot;shape_divider_bottom&quot;:&quot;mountains&quot;}\">\n\t\t\t\t\t<div class=\"e-con-inner\">\n\t\t\t\t<div class=\"elementor-shape elementor-shape-bottom\" aria-hidden=\"true\" data-negative=\"false\">\n\t\t\t<svg xmlns=\"http:\/\/www.w3.org\/2000\/svg\" viewBox=\"0 0 1000 100\" preserveAspectRatio=\"none\">\n\t<path class=\"elementor-shape-fill\" opacity=\"0.33\" d=\"M473,67.3c-203.9,88.3-263.1-34-320.3,0C66,119.1,0,59.7,0,59.7V0h1000v59.7 c0,0-62.1,26.1-94.9,29.3c-32.8,3.3-62.8-12.3-75.8-22.1C806,49.6,745.3,8.7,694.9,4.7S492.4,59,473,67.3z\"\/>\n\t<path class=\"elementor-shape-fill\" opacity=\"0.66\" d=\"M734,67.3c-45.5,0-77.2-23.2-129.1-39.1c-28.6-8.7-150.3-10.1-254,39.1 s-91.7-34.4-149.2,0C115.7,118.3,0,39.8,0,39.8V0h1000v36.5c0,0-28.2-18.5-92.1-18.5C810.2,18.1,775.7,67.3,734,67.3z\"\/>\n\t<path class=\"elementor-shape-fill\" d=\"M766.1,28.9c-200-57.5-266,65.5-395.1,19.5C242,1.8,242,5.4,184.8,20.6C128,35.8,132.3,44.9,89.9,52.5C28.6,63.7,0,0,0,0 h1000c0,0-9.9,40.9-83.6,48.1S829.6,47,766.1,28.9z\"\/>\n<\/svg>\t\t<\/div>\n\t\t<div class=\"elementor-element elementor-element-1afa890 e-con-full e-flex e-con e-child\" data-id=\"1afa890\" data-element_type=\"container\" data-e-type=\"container\">\n\t\t<div class=\"elementor-element elementor-element-975bf64 e-con-full e-flex e-con e-child\" data-id=\"975bf64\" data-element_type=\"container\" data-e-type=\"container\">\n\t\t\t\t<div class=\"elementor-element elementor-element-279badb elementor-widget elementor-widget-heading\" data-id=\"279badb\" data-element_type=\"widget\" data-e-type=\"widget\" data-widget_type=\"heading.default\">\n\t\t\t\t<div class=\"elementor-widget-container\">\n\t\t\t\t\t<span class=\"elementor-heading-title elementor-size-default\">D\u00fcfte, wie sie sein sollten<\/span>\t\t\t\t<\/div>\n\t\t\t\t<\/div>\n\t\t\t\t<div class=\"elementor-element elementor-element-b870bcf elementor-widget__width-initial elementor-widget elementor-widget-text-editor\" data-id=\"b870bcf\" data-element_type=\"widget\" data-e-type=\"widget\" data-widget_type=\"text-editor.default\">\n\t\t\t\t<div class=\"elementor-widget-container\">\n\t\t\t\t\t\t\t\t\tSeit mehr als 25 Jahren steht TAOASIS f\u00fcr 100 % naturreine und hochwertige \u00e4therische \u00d6le aus zertifiziertem Bio-Anbau. In die Produkte kommt nichts hinein, was nicht hineingeh\u00f6rt. Das hei\u00dft: keine tierischen Bestandteile, keine undeklarierten Beimischungen, keine synthetischen Zus\u00e4tze. Alle Produkte der TAOASIS Natur Duft Manufaktur werden konsequent nachhaltig, fair und umweltschonend produziert.\t\t\t\t\t\t\t\t<\/div>\n\t\t\t\t<\/div>\n\t\t\t\t<div class=\"elementor-element elementor-element-27a5b5e elementor-align-left underline_button_drei elementor-tablet-align-left elementor-mobile-align-left elementor-widget elementor-widget-button\" data-id=\"27a5b5e\" data-element_type=\"widget\" data-e-type=\"widget\" data-settings=\"{&quot;motion_fx_motion_fx_scrolling&quot;:&quot;yes&quot;,&quot;motion_fx_devices&quot;:[&quot;desktop&quot;,&quot;laptop&quot;,&quot;tablet&quot;,&quot;mobile&quot;]}\" data-widget_type=\"button.default\">\n\t\t\t\t<div class=\"elementor-widget-container\">\n\t\t\t\t\t\t\t\t\t<div class=\"elementor-button-wrapper\">\n\t\t\t\t\t<a class=\"elementor-button elementor-button-link elementor-size-sm\" href=\"https:\/\/shop.taoasis.com\/neuheiten\/\" target=\"_blank\">\n\t\t\t\t\t\t<span class=\"elementor-button-content-wrapper\">\n\t\t\t\t\t\t\t\t\t<span class=\"elementor-button-text\">Shopware-Shop ansehen<\/span>\n\t\t\t\t\t<\/span>\n\t\t\t\t\t<\/a>\n\t\t\t\t<\/div>\n\t\t\t\t\t\t\t\t<\/div>\n\t\t\t\t<\/div>\n\t\t\t\t<\/div>\n\t\t<div class=\"elementor-element elementor-element-ef9380f e-con-full e-flex e-con e-child\" data-id=\"ef9380f\" data-element_type=\"container\" data-e-type=\"container\">\n\t\t\t\t<div class=\"elementor-element elementor-element-ad418e4 drop_image elementor-widget elementor-widget-image\" data-id=\"ad418e4\" data-element_type=\"widget\" data-e-type=\"widget\" data-widget_type=\"image.default\">\n\t\t\t\t<div class=\"elementor-widget-container\">\n\t\t\t\t\t\t\t\t\t\t\t\t\t\t\t<img decoding=\"async\" width=\"768\" height=\"1245\" src=\"https:\/\/laolaweb.com\/wp-content\/uploads\/2021\/09\/taoasis-refrenz-front-768x1245.png\" class=\"attachment-medium_large size-medium_large wp-image-2453\" alt=\"Referenz Taoasis Mobil\" srcset=\"https:\/\/laolaweb.com\/wp-content\/uploads\/2021\/09\/taoasis-refrenz-front-768x1245.png 768w, https:\/\/laolaweb.com\/wp-content\/uploads\/2021\/09\/taoasis-refrenz-front-185x300.png 185w, https:\/\/laolaweb.com\/wp-content\/uploads\/2021\/09\/taoasis-refrenz-front-632x1024.png 632w, https:\/\/laolaweb.com\/wp-content\/uploads\/2021\/09\/taoasis-refrenz-front-948x1536.png 948w, https:\/\/laolaweb.com\/wp-content\/uploads\/2021\/09\/taoasis-refrenz-front-1264x2048.png 1264w\" sizes=\"(max-width: 768px) 100vw, 768px\" \/>\t\t\t\t\t\t\t\t\t\t\t\t\t\t\t<\/div>\n\t\t\t\t<\/div>\n\t\t\t\t<\/div>\n\t\t\t\t<\/div>\n\t\t\t\t\t<\/div>\n\t\t\t\t<\/div>\n\t\t\t\t<\/div>\n\t\t","protected":false},"excerpt":{"rendered":"<p>REFERENZ TAOASIS Onlineshop mit Shopware Relaunch mit Shopware Die TAOASIS GmbH ist ein Hersteller von hochwertigen Produkten, die bisher nur \u00fcber Apotheken vertrieben wurden. Doch TAOASIS versteht sich auch als Vorreiter der Aromatherapie und ist in zahlreichen Projekten engagiert. Neben der M\u00f6glichkeit f\u00fcr Endkunden, die Produkte nun direkt kaufen zu k\u00f6nnen, sollte die Webseite optisch [&hellip;]<\/p>\n","protected":false},"author":2,"featured_media":0,"parent":44,"menu_order":0,"comment_status":"closed","ping_status":"closed","template":"","meta":{"footnotes":""},"class_list":["post-2354","page","type-page","status-publish","hentry"],"yoast_head":"<!-- This site is optimized with the Yoast SEO plugin v27.0 - https:\/\/yoast.com\/product\/yoast-seo-wordpress\/ -->\n<title>Kunde Taoasis | Referenz der laOlaWeb<\/title>\n<meta name=\"description\" content=\"Shopware 5-Referenz Taoasis mit Anbindung an SAP. Kurze Projektbeschreibung mit Zielstellung und Ergebnissen.\" \/>\n<meta name=\"robots\" content=\"index, follow, max-snippet:-1, max-image-preview:large, max-video-preview:-1\" \/>\n<link rel=\"canonical\" href=\"https:\/\/laolaweb.com\/en\/agency\/references\/taoasis-shopware-reference\/\" \/>\n<meta property=\"og:locale\" content=\"en_GB\" \/>\n<meta property=\"og:type\" content=\"article\" \/>\n<meta property=\"og:title\" content=\"Kunde Taoasis | Referenz der laOlaWeb\" \/>\n<meta property=\"og:description\" content=\"Shopware 5-Referenz Taoasis mit Anbindung an SAP. Kurze Projektbeschreibung mit Zielstellung und Ergebnissen.\" \/>\n<meta property=\"og:url\" content=\"https:\/\/laolaweb.com\/en\/agency\/references\/taoasis-shopware-reference\/\" \/>\n<meta property=\"og:site_name\" content=\"Internetagentur laOlaWeb - Agentur f\u00fcr WordPress\" \/>\n<meta property=\"article:modified_time\" content=\"2023-04-14T15:42:12+00:00\" \/>\n<meta property=\"og:image\" content=\"https:\/\/laolaweb.com\/wp-content\/uploads\/2021\/09\/referenz-taoasis-iso-768x822.png\" \/>\n<meta name=\"twitter:card\" content=\"summary_large_image\" \/>\n<meta name=\"twitter:label1\" content=\"Estimated reading time\" \/>\n\t<meta name=\"twitter:data1\" content=\"2 minutes\" \/>\n<!-- \/ Yoast SEO plugin. -->","yoast_head_json":{"title":"Customer Taoasis | Reference of laOlaWeb","description":"Shopware 5 reference Taoasis with connection to SAP. Brief project description with objectives and results.","robots":{"index":"index","follow":"follow","max-snippet":"max-snippet:-1","max-image-preview":"max-image-preview:large","max-video-preview":"max-video-preview:-1"},"canonical":"https:\/\/laolaweb.com\/en\/agency\/references\/taoasis-shopware-reference\/","og_locale":"en_GB","og_type":"article","og_title":"Kunde Taoasis | Referenz der laOlaWeb","og_description":"Shopware 5-Referenz Taoasis mit Anbindung an SAP. Kurze Projektbeschreibung mit Zielstellung und Ergebnissen.","og_url":"https:\/\/laolaweb.com\/en\/agency\/references\/taoasis-shopware-reference\/","og_site_name":"Internetagentur laOlaWeb - Agentur f\u00fcr WordPress","article_modified_time":"2023-04-14T15:42:12+00:00","og_image":[{"url":"https:\/\/laolaweb.com\/wp-content\/uploads\/2021\/09\/referenz-taoasis-iso-768x822.png","type":"","width":"","height":""}],"twitter_card":"summary_large_image","twitter_misc":{"Estimated reading time":"2 minutes"},"schema":{"@context":"https:\/\/schema.org","@graph":[{"@type":"TechArticle","@id":"https:\/\/laolaweb.com\/agentur\/referenzen\/taoasis-shopware-referenz\/#article","isPartOf":{"@id":"https:\/\/laolaweb.com\/agentur\/referenzen\/taoasis-shopware-referenz\/"},"author":{"name":"Redaktion","@id":"https:\/\/laolaweb.com\/#\/schema\/person\/03bef4d18ea88859e8cee2900c158dfe"},"headline":"Taoasis Shopware Referenz","datePublished":"2021-09-17T06:39:37+00:00","dateModified":"2023-04-14T15:42:12+00:00","mainEntityOfPage":{"@id":"https:\/\/laolaweb.com\/agentur\/referenzen\/taoasis-shopware-referenz\/"},"wordCount":193,"publisher":{"@id":"https:\/\/laolaweb.com\/#organization"},"image":{"@id":"https:\/\/laolaweb.com\/agentur\/referenzen\/taoasis-shopware-referenz\/#primaryimage"},"thumbnailUrl":"https:\/\/laolaweb.com\/wp-content\/uploads\/2021\/09\/referenz-taoasis-iso-768x822.png","inLanguage":"en-GB"},{"@type":"WebPage","@id":"https:\/\/laolaweb.com\/agentur\/referenzen\/taoasis-shopware-referenz\/","url":"https:\/\/laolaweb.com\/agentur\/referenzen\/taoasis-shopware-referenz\/","name":"Customer Taoasis | Reference of laOlaWeb","isPartOf":{"@id":"https:\/\/laolaweb.com\/#website"},"primaryImageOfPage":{"@id":"https:\/\/laolaweb.com\/agentur\/referenzen\/taoasis-shopware-referenz\/#primaryimage"},"image":{"@id":"https:\/\/laolaweb.com\/agentur\/referenzen\/taoasis-shopware-referenz\/#primaryimage"},"thumbnailUrl":"https:\/\/laolaweb.com\/wp-content\/uploads\/2021\/09\/referenz-taoasis-iso-768x822.png","datePublished":"2021-09-17T06:39:37+00:00","dateModified":"2023-04-14T15:42:12+00:00","description":"Shopware 5 reference Taoasis with connection to SAP. Brief project description with objectives and results.","breadcrumb":{"@id":"https:\/\/laolaweb.com\/agentur\/referenzen\/taoasis-shopware-referenz\/#breadcrumb"},"inLanguage":"en-GB","potentialAction":[{"@type":"ReadAction","target":["https:\/\/laolaweb.com\/agentur\/referenzen\/taoasis-shopware-referenz\/"]}]},{"@type":"ImageObject","inLanguage":"en-GB","@id":"https:\/\/laolaweb.com\/agentur\/referenzen\/taoasis-shopware-referenz\/#primaryimage","url":"https:\/\/laolaweb.com\/wp-content\/uploads\/2021\/09\/referenz-taoasis-iso-768x822.png","contentUrl":"https:\/\/laolaweb.com\/wp-content\/uploads\/2021\/09\/referenz-taoasis-iso-768x822.png"},{"@type":"BreadcrumbList","@id":"https:\/\/laolaweb.com\/agentur\/referenzen\/taoasis-shopware-referenz\/#breadcrumb","itemListElement":[{"@type":"ListItem","position":1,"name":"Startseite","item":"https:\/\/laolaweb.com\/"},{"@type":"ListItem","position":2,"name":"\u00dcber uns","item":"https:\/\/laolaweb.com\/agentur\/"},{"@type":"ListItem","position":3,"name":"Referenzen","item":"https:\/\/laolaweb.com\/agentur\/referenzen\/"},{"@type":"ListItem","position":4,"name":"Taoasis Shopware Referenz"}]},{"@type":"WebSite","@id":"https:\/\/laolaweb.com\/#website","url":"https:\/\/laolaweb.com\/","name":"Internet agency laOlaWeb - Agency for WordPress","description":"Professional WordPress websites","publisher":{"@id":"https:\/\/laolaweb.com\/#organization"},"potentialAction":[{"@type":"SearchAction","target":{"@type":"EntryPoint","urlTemplate":"https:\/\/laolaweb.com\/?s={search_term_string}"},"query-input":{"@type":"PropertyValueSpecification","valueRequired":true,"valueName":"search_term_string"}}],"inLanguage":"en-GB"},{"@type":"Organization","@id":"https:\/\/laolaweb.com\/#organization","name":"laOlaWeb GmbH","url":"https:\/\/laolaweb.com\/","logo":{"@type":"ImageObject","inLanguage":"en-GB","@id":"https:\/\/laolaweb.com\/#\/schema\/logo\/image\/","url":"https:\/\/laolaweb.com\/wp-content\/uploads\/2022\/06\/laolaweb-internetagentur.jpg","contentUrl":"https:\/\/laolaweb.com\/wp-content\/uploads\/2022\/06\/laolaweb-internetagentur.jpg","width":400,"height":367,"caption":"laOlaWeb GmbH"},"image":{"@id":"https:\/\/laolaweb.com\/#\/schema\/logo\/image\/"}},{"@type":"Person","@id":"https:\/\/laolaweb.com\/#\/schema\/person\/03bef4d18ea88859e8cee2900c158dfe","name":"Editorial office"}]}},"_links":{"self":[{"href":"https:\/\/laolaweb.com\/en\/wp-json\/wp\/v2\/pages\/2354","targetHints":{"allow":["GET"]}}],"collection":[{"href":"https:\/\/laolaweb.com\/en\/wp-json\/wp\/v2\/pages"}],"about":[{"href":"https:\/\/laolaweb.com\/en\/wp-json\/wp\/v2\/types\/page"}],"author":[{"embeddable":true,"href":"https:\/\/laolaweb.com\/en\/wp-json\/wp\/v2\/users\/2"}],"replies":[{"embeddable":true,"href":"https:\/\/laolaweb.com\/en\/wp-json\/wp\/v2\/comments?post=2354"}],"version-history":[{"count":128,"href":"https:\/\/laolaweb.com\/en\/wp-json\/wp\/v2\/pages\/2354\/revisions"}],"predecessor-version":[{"id":14630,"href":"https:\/\/laolaweb.com\/en\/wp-json\/wp\/v2\/pages\/2354\/revisions\/14630"}],"up":[{"embeddable":true,"href":"https:\/\/laolaweb.com\/en\/wp-json\/wp\/v2\/pages\/44"}],"wp:attachment":[{"href":"https:\/\/laolaweb.com\/en\/wp-json\/wp\/v2\/media?parent=2354"}],"curies":[{"name":"wp","href":"https:\/\/api.w.org\/{rel}","templated":true}]}}