{"id":19997,"date":"2026-02-24T13:56:55","date_gmt":"2026-02-24T12:56:55","guid":{"rendered":"https:\/\/laolaweb.com\/?page_id=19997"},"modified":"2026-02-27T11:48:12","modified_gmt":"2026-02-27T10:48:12","slug":"scheidt-elementor-reference","status":"publish","type":"page","link":"https:\/\/laolaweb.com\/en\/agentur\/referenzen\/scheidt-elementor-referenz\/","title":{"rendered":"Scheidt Elementor reference"},"content":{"rendered":"\t\t<div data-elementor-type=\"wp-page\" data-elementor-id=\"19997\" class=\"elementor elementor-19997\" data-elementor-post-type=\"page\">\n\t\t\t\t<div class=\"elementor-element elementor-element-1b250d1 e-flex e-con-boxed e-con e-parent\" data-id=\"1b250d1\" data-element_type=\"container\" data-e-type=\"container\" data-settings=\"{&quot;background_background&quot;:&quot;classic&quot;}\">\n\t\t\t\t\t<div class=\"e-con-inner\">\n\t\t<div class=\"elementor-element elementor-element-aa494b8 rotate e-con-full e-flex e-con e-child\" data-id=\"aa494b8\" data-element_type=\"container\" data-e-type=\"container\">\n\t\t\t\t<div class=\"elementor-element elementor-element-53d3bbc text-trans-zwei elementor-widget elementor-widget-text-editor\" data-id=\"53d3bbc\" data-element_type=\"widget\" data-e-type=\"widget\" data-widget_type=\"text-editor.default\">\n\t\t\t\t<div class=\"elementor-widget-container\">\n\t\t\t\t\t\t\t\t\t<p>REFERENZ<\/p>\t\t\t\t\t\t\t\t<\/div>\n\t\t\t\t<\/div>\n\t\t\t\t<div class=\"elementor-element elementor-element-efcfaa2 text-trans elementor-widget elementor-widget-heading\" data-id=\"efcfaa2\" data-element_type=\"widget\" data-e-type=\"widget\" data-widget_type=\"heading.default\">\n\t\t\t\t<div class=\"elementor-widget-container\">\n\t\t\t\t\t<p class=\"elementor-heading-title elementor-size-default\">Scheidt<\/p>\t\t\t\t<\/div>\n\t\t\t\t<\/div>\n\t\t\t\t<div class=\"elementor-element elementor-element-cf178ee text-trans elementor-widget elementor-widget-text-editor\" data-id=\"cf178ee\" data-element_type=\"widget\" data-e-type=\"widget\" data-widget_type=\"text-editor.default\">\n\t\t\t\t<div class=\"elementor-widget-container\">\n\t\t\t\t\t\t\t\t\t<p>Webseite mit Elementor<\/p>\t\t\t\t\t\t\t\t<\/div>\n\t\t\t\t<\/div>\n\t\t\t\t<\/div>\n\t\t\t\t\t<\/div>\n\t\t\t\t<\/div>\n\t\t<div class=\"elementor-element elementor-element-e5fbd18 e-flex e-con-boxed e-con e-parent\" data-id=\"e5fbd18\" data-element_type=\"container\" data-e-type=\"container\">\n\t\t\t\t\t<div class=\"e-con-inner\">\n\t\t<div class=\"elementor-element elementor-element-69827ec e-con-full e-flex e-con e-child\" data-id=\"69827ec\" data-element_type=\"container\" data-e-type=\"container\">\n\t\t\t\t<div class=\"elementor-element elementor-element-0bc8190 elementor-widget__width-initial elementor-widget elementor-widget-heading\" data-id=\"0bc8190\" data-element_type=\"widget\" data-e-type=\"widget\" data-widget_type=\"heading.default\">\n\t\t\t\t<div class=\"elementor-widget-container\">\n\t\t\t\t\t<h1 class=\"elementor-heading-title elementor-size-default\">Redesign der Webseite Elementor Pro<\/h1>\t\t\t\t<\/div>\n\t\t\t\t<\/div>\n\t\t\t\t<div class=\"elementor-element elementor-element-b5c9f3a elementor-widget elementor-widget-image\" data-id=\"b5c9f3a\" data-element_type=\"widget\" data-e-type=\"widget\" data-widget_type=\"image.default\">\n\t\t\t\t<div class=\"elementor-widget-container\">\n\t\t\t\t\t\t\t\t\t\t\t\t\t\t\t<img fetchpriority=\"high\" decoding=\"async\" width=\"768\" height=\"822\" src=\"https:\/\/laolaweb.com\/wp-content\/uploads\/2026\/01\/Mockup-schiedt-isometrisch-768x822.webp\" class=\"attachment-medium_large size-medium_large wp-image-19811\" alt=\"\" srcset=\"https:\/\/laolaweb.com\/wp-content\/uploads\/2026\/01\/Mockup-schiedt-isometrisch-768x822.webp 768w, https:\/\/laolaweb.com\/wp-content\/uploads\/2026\/01\/Mockup-schiedt-isometrisch-234x250.webp 234w, https:\/\/laolaweb.com\/wp-content\/uploads\/2026\/01\/Mockup-schiedt-isometrisch-957x1024.webp 957w, https:\/\/laolaweb.com\/wp-content\/uploads\/2026\/01\/Mockup-schiedt-isometrisch-11x12.webp 11w, https:\/\/laolaweb.com\/wp-content\/uploads\/2026\/01\/Mockup-schiedt-isometrisch.webp 1200w\" sizes=\"(max-width: 768px) 100vw, 768px\" \/>\t\t\t\t\t\t\t\t\t\t\t\t\t\t\t<\/div>\n\t\t\t\t<\/div>\n\t\t\t\t<div class=\"elementor-element elementor-element-6a9e3da elementor-widget__width-initial elementor-widget elementor-widget-text-editor\" data-id=\"6a9e3da\" data-element_type=\"widget\" data-e-type=\"widget\" data-widget_type=\"text-editor.default\">\n\t\t\t\t<div class=\"elementor-widget-container\">\n\t\t\t\t\t\t\t\t\t<p data-start=\"119\" data-end=\"475\">Im Rahmen des Website-Redesigns von <strong data-start=\"155\" data-end=\"169\">Schiedt.de<\/strong> lag unser Fokus auf einer klar strukturierten, benutzerfreundlichen Navigation sowie auf der \u00fcbersichtlichen und intuitiven Darstellung der Versorgungsstationen und Trafostationen. Ziel war es, komplexe technische Inhalte verst\u00e4ndlich aufzubereiten und Besuchern eine schnelle Orientierung zu erm\u00f6glichen.<\/p><p data-start=\"477\" data-end=\"716\">Durch eine optimierte Informationsarchitektur, moderne UI\/UX-Standards und ein responsives Design entstand eine Webseite, die sowohl funktional als auch visuell \u00fcberzeugt \u2013 und den hohen Qualit\u00e4tsanspruch von Schiedt digital widerspiegelt.<\/p><p>Diese <a href=\"https:\/\/laolaweb.com\/wordpress-agentur\/\">WordPress-Webseite<\/a> haben wir mit dem Page Builder von <a href=\"https:\/\/laolaweb.com\/elementor-agentur\/\">Elementor<\/a> umgesetzt.<\/p>\t\t\t\t\t\t\t\t<\/div>\n\t\t\t\t<\/div>\n\t\t\t\t<\/div>\n\t\t\t\t\t<\/div>\n\t\t\t\t<\/div>\n\t\t<div class=\"elementor-element elementor-element-4fe56b2 e-flex e-con-boxed e-con e-parent\" data-id=\"4fe56b2\" data-element_type=\"container\" data-e-type=\"container\" data-settings=\"{&quot;background_background&quot;:&quot;classic&quot;}\">\n\t\t\t\t\t<div class=\"e-con-inner\">\n\t\t<div class=\"elementor-element elementor-element-b875796 e-con-full e-flex e-con e-child\" data-id=\"b875796\" data-element_type=\"container\" data-e-type=\"container\">\n\t\t<div class=\"elementor-element elementor-element-888732f e-con-full e-flex e-con e-child\" data-id=\"888732f\" data-element_type=\"container\" data-e-type=\"container\">\n\t\t\t\t<div class=\"elementor-element elementor-element-3e6c2c1 drop_image elementor-widget elementor-widget-image\" data-id=\"3e6c2c1\" data-element_type=\"widget\" data-e-type=\"widget\" data-widget_type=\"image.default\">\n\t\t\t\t<div class=\"elementor-widget-container\">\n\t\t\t\t\t\t\t\t\t\t\t\t\t\t\t<img decoding=\"async\" width=\"726\" height=\"1024\" src=\"https:\/\/laolaweb.com\/wp-content\/uploads\/2026\/01\/Mockup-schiedt-stationen.webp\" class=\"attachment-medium_large size-medium_large wp-image-19812\" alt=\"\" srcset=\"https:\/\/laolaweb.com\/wp-content\/uploads\/2026\/01\/Mockup-schiedt-stationen.webp 726w, https:\/\/laolaweb.com\/wp-content\/uploads\/2026\/01\/Mockup-schiedt-stationen-177x250.webp 177w, https:\/\/laolaweb.com\/wp-content\/uploads\/2026\/01\/Mockup-schiedt-stationen-9x12.webp 9w\" sizes=\"(max-width: 726px) 100vw, 726px\" \/>\t\t\t\t\t\t\t\t\t\t\t\t\t\t\t<\/div>\n\t\t\t\t<\/div>\n\t\t\t\t<\/div>\n\t\t<div class=\"elementor-element elementor-element-daa8c2d e-con-full e-flex e-con e-child\" data-id=\"daa8c2d\" data-element_type=\"container\" data-e-type=\"container\">\n\t\t\t\t<div class=\"elementor-element elementor-element-e6fe980 elementor-widget elementor-widget-heading\" data-id=\"e6fe980\" data-element_type=\"widget\" data-e-type=\"widget\" data-widget_type=\"heading.default\">\n\t\t\t\t<div class=\"elementor-widget-container\">\n\t\t\t\t\t<h2 class=\"elementor-heading-title elementor-size-default\">Schwerpunkte der Umsetzung<\/h2>\t\t\t\t<\/div>\n\t\t\t\t<\/div>\n\t\t\t\t<div class=\"elementor-element elementor-element-fcbd278 elementor-widget__width-initial elementor-widget elementor-widget-text-editor\" data-id=\"fcbd278\" data-element_type=\"widget\" data-e-type=\"widget\" data-widget_type=\"text-editor.default\">\n\t\t\t\t<div class=\"elementor-widget-container\">\n\t\t\t\t\t\t\t\t\t<ul><li data-start=\"791\" data-end=\"1008\"><p data-start=\"793\" data-end=\"1008\"><strong data-start=\"793\" data-end=\"827\">Benutzerfreundliche Navigation<\/strong><br data-start=\"827\" data-end=\"830\" \/>Entwicklung einer klaren Seitenstruktur mit logisch aufgebauter Men\u00fcf\u00fchrung, die eine schnelle Orientierung erm\u00f6glicht und wichtige Inhalte mit wenigen Klicks erreichbar macht.<\/p><\/li><li data-start=\"1010\" data-end=\"1237\"><p data-start=\"1012\" data-end=\"1237\"><strong data-start=\"1012\" data-end=\"1063\">Optimierte Darstellung der Versorgungsstationen<\/strong><br data-start=\"1063\" data-end=\"1066\" \/>Strukturierte Pr\u00e4sentation der Versorgungsstationen mit verst\u00e4ndlicher Gliederung, klarer Informationshierarchie und nutzerorientierter Aufbereitung technischer Inhalte.<\/p><\/li><li data-start=\"1239\" data-end=\"1431\"><p data-start=\"1241\" data-end=\"1431\"><strong data-start=\"1241\" data-end=\"1293\">\u00dcbersichtliche Visualisierung der Trafostationen<\/strong><br data-start=\"1293\" data-end=\"1296\" \/>Einheitliches Designkonzept f\u00fcr die Darstellung der Trafostationen mit Fokus auf Lesbarkeit, Vergleichbarkeit und visueller Klarheit.<\/p><\/li><li data-start=\"1433\" data-end=\"1608\"><p data-start=\"1435\" data-end=\"1608\"><strong data-start=\"1435\" data-end=\"1469\">Verbesserte Nutzerf\u00fchrung (UX)<\/strong><br data-start=\"1469\" data-end=\"1472\" \/>Intuitive Benutzerf\u00fchrung durch klare Call-to-Actions, konsistente Gestaltungselemente und eine reduzierte, funktionale Designsprache.<\/p><\/li><li data-start=\"1610\" data-end=\"1735\"><p data-start=\"1612\" data-end=\"1735\"><strong data-start=\"1612\" data-end=\"1637\">Responsives Webdesign<\/strong><br data-start=\"1637\" data-end=\"1640\" \/>Optimale Darstellung und Bedienbarkeit auf allen Endger\u00e4ten \u2013 vom Desktop bis zum Smartphone.<\/p><\/li><li data-start=\"1737\" data-end=\"1884\"><p data-start=\"1739\" data-end=\"1884\"><strong data-start=\"1739\" data-end=\"1764\">Moderne UI-Gestaltung<\/strong><br data-start=\"1764\" data-end=\"1767\" \/>Zeitgem\u00e4\u00dfes, aufger\u00e4umtes Design, das Professionalit\u00e4t, Technikkompetenz und Markenidentit\u00e4t visuell transportiert.<\/p><\/li><\/ul>\t\t\t\t\t\t\t\t<\/div>\n\t\t\t\t<\/div>\n\t\t\t\t<\/div>\n\t\t\t\t<\/div>\n\t\t\t\t\t<\/div>\n\t\t\t\t<\/div>\n\t\t<div class=\"elementor-element elementor-element-48b3fe3 e-flex e-con-boxed e-con e-parent\" data-id=\"48b3fe3\" data-element_type=\"container\" data-e-type=\"container\" data-settings=\"{&quot;background_background&quot;:&quot;classic&quot;}\">\n\t\t\t\t\t<div class=\"e-con-inner\">\n\t\t<div class=\"elementor-element elementor-element-8cd9a6d e-con-full e-flex e-con e-child\" data-id=\"8cd9a6d\" data-element_type=\"container\" data-e-type=\"container\">\n\t\t<div class=\"elementor-element elementor-element-bdd168f e-con-full e-flex e-con e-child\" data-id=\"bdd168f\" data-element_type=\"container\" data-e-type=\"container\">\n\t\t\t\t<div class=\"elementor-element elementor-element-0cc4367 elementor-widget elementor-widget-heading\" data-id=\"0cc4367\" data-element_type=\"widget\" data-e-type=\"widget\" data-widget_type=\"heading.default\">\n\t\t\t\t<div class=\"elementor-widget-container\">\n\t\t\t\t\t<span class=\"elementor-heading-title elementor-size-default\">Ergebnis<\/span>\t\t\t\t<\/div>\n\t\t\t\t<\/div>\n\t\t\t\t<div class=\"elementor-element elementor-element-82d3326 elementor-widget__width-initial elementor-widget elementor-widget-text-editor\" data-id=\"82d3326\" data-element_type=\"widget\" data-e-type=\"widget\" data-widget_type=\"text-editor.default\">\n\t\t\t\t<div class=\"elementor-widget-container\">\n\t\t\t\t\t\t\t\t\t<p>Die Webseite pr\u00e4sentiert sich nun als leistungsstarke, benutzerfreundliche und zukunftsf\u00e4hige Plattform, die sowohl fachlich als auch visuell \u00fcberzeugt \u2013 und die Kompetenz sowie Innovationskraft von Schiedt professionell digital abbildet.<\/p>\t\t\t\t\t\t\t\t<\/div>\n\t\t\t\t<\/div>\n\t\t\t\t<div class=\"elementor-element elementor-element-9d2ebc2 elementor-align-left underline_button_drei elementor-tablet-align-left elementor-mobile-align-left elementor-widget elementor-widget-button\" data-id=\"9d2ebc2\" data-element_type=\"widget\" data-e-type=\"widget\" data-settings=\"{&quot;motion_fx_motion_fx_scrolling&quot;:&quot;yes&quot;,&quot;motion_fx_devices&quot;:[&quot;desktop&quot;,&quot;laptop&quot;,&quot;tablet&quot;,&quot;mobile&quot;]}\" data-widget_type=\"button.default\">\n\t\t\t\t<div class=\"elementor-widget-container\">\n\t\t\t\t\t\t\t\t\t<div class=\"elementor-button-wrapper\">\n\t\t\t\t\t<a class=\"elementor-button elementor-button-link elementor-size-sm\" href=\"https:\/\/www.scheidt.de\/\" target=\"_blank\">\n\t\t\t\t\t\t<span class=\"elementor-button-content-wrapper\">\n\t\t\t\t\t\t\t\t\t<span class=\"elementor-button-text\">Webseite ansehen<\/span>\n\t\t\t\t\t<\/span>\n\t\t\t\t\t<\/a>\n\t\t\t\t<\/div>\n\t\t\t\t\t\t\t\t<\/div>\n\t\t\t\t<\/div>\n\t\t\t\t<\/div>\n\t\t<div class=\"elementor-element elementor-element-a4ef7b7 e-con-full e-flex e-con e-child\" data-id=\"a4ef7b7\" data-element_type=\"container\" data-e-type=\"container\">\n\t\t\t\t<div class=\"elementor-element elementor-element-8df1976 drop_image elementor-widget elementor-widget-image\" data-id=\"8df1976\" data-element_type=\"widget\" data-e-type=\"widget\" data-widget_type=\"image.default\">\n\t\t\t\t<div class=\"elementor-widget-container\">\n\t\t\t\t\t\t\t\t\t\t\t\t\t\t\t<img decoding=\"async\" width=\"726\" height=\"1024\" src=\"https:\/\/laolaweb.com\/wp-content\/uploads\/2026\/01\/Mockup-schiedt-news.webp\" class=\"attachment-medium_large size-medium_large wp-image-19813\" alt=\"\" srcset=\"https:\/\/laolaweb.com\/wp-content\/uploads\/2026\/01\/Mockup-schiedt-news.webp 726w, https:\/\/laolaweb.com\/wp-content\/uploads\/2026\/01\/Mockup-schiedt-news-177x250.webp 177w, https:\/\/laolaweb.com\/wp-content\/uploads\/2026\/01\/Mockup-schiedt-news-9x12.webp 9w\" sizes=\"(max-width: 726px) 100vw, 726px\" \/>\t\t\t\t\t\t\t\t\t\t\t\t\t\t\t<\/div>\n\t\t\t\t<\/div>\n\t\t\t\t<\/div>\n\t\t\t\t<\/div>\n\t\t\t\t\t<\/div>\n\t\t\t\t<\/div>\n\t\t\t\t<\/div>\n\t\t","protected":false},"excerpt":{"rendered":"<p>REFERENZ Scheidt Webseite mit Elementor Redesign der Webseite Elementor Pro Im Rahmen des Website-Redesigns von Schiedt.de lag unser Fokus auf einer klar strukturierten, benutzerfreundlichen Navigation sowie auf der \u00fcbersichtlichen und intuitiven Darstellung der Versorgungsstationen und Trafostationen. Ziel war es, komplexe technische Inhalte verst\u00e4ndlich aufzubereiten und Besuchern eine schnelle Orientierung zu erm\u00f6glichen. Durch eine optimierte Informationsarchitektur, [&hellip;]<\/p>\n","protected":false},"author":1,"featured_media":0,"parent":44,"menu_order":0,"comment_status":"closed","ping_status":"closed","template":"","meta":{"footnotes":""},"class_list":["post-19997","page","type-page","status-publish","hentry"],"yoast_head":"<!-- This site is optimized with the Yoast SEO plugin v27.0 - https:\/\/yoast.com\/product\/yoast-seo-wordpress\/ -->\n<title>Scheidt Elementor Referenz - Internetagentur laOlaWeb - Agentur f\u00fcr WordPress<\/title>\n<meta name=\"description\" content=\"Im Rahmen des Website-Redesigns von Schiedt.de lag unser Fokus auf einer klar strukturierten, benutzerfreundlichen Navigation.\" \/>\n<meta name=\"robots\" content=\"index, follow, max-snippet:-1, max-image-preview:large, max-video-preview:-1\" \/>\n<link rel=\"canonical\" href=\"https:\/\/laolaweb.com\/en\/agency\/references\/scheidt-elementor-reference\/\" \/>\n<meta property=\"og:locale\" content=\"en_GB\" \/>\n<meta property=\"og:type\" content=\"article\" \/>\n<meta property=\"og:title\" content=\"Scheidt Elementor Referenz - Internetagentur laOlaWeb - Agentur f\u00fcr WordPress\" \/>\n<meta property=\"og:description\" content=\"Im Rahmen des Website-Redesigns von Schiedt.de lag unser Fokus auf einer klar strukturierten, benutzerfreundlichen Navigation.\" \/>\n<meta property=\"og:url\" content=\"https:\/\/laolaweb.com\/en\/agency\/references\/scheidt-elementor-reference\/\" \/>\n<meta property=\"og:site_name\" content=\"Internetagentur laOlaWeb - Agentur f\u00fcr WordPress\" \/>\n<meta property=\"article:modified_time\" content=\"2026-02-27T10:48:12+00:00\" \/>\n<meta property=\"og:image\" content=\"https:\/\/laolaweb.com\/wp-content\/uploads\/2026\/01\/Mockup-schiedt-isometrisch-768x822.webp\" \/>\n<meta name=\"twitter:card\" content=\"summary_large_image\" \/>\n<meta name=\"twitter:label1\" content=\"Estimated reading time\" \/>\n\t<meta name=\"twitter:data1\" content=\"2 minutes\" \/>\n<!-- \/ Yoast SEO plugin. -->","yoast_head_json":{"title":"Scheidt Elementor reference - Internet agency laOlaWeb - Agentur f\u00fcr WordPress","description":"As part of the website redesign of Schiedt.de, our focus was on clearly structured, user-friendly navigation.","robots":{"index":"index","follow":"follow","max-snippet":"max-snippet:-1","max-image-preview":"max-image-preview:large","max-video-preview":"max-video-preview:-1"},"canonical":"https:\/\/laolaweb.com\/en\/agency\/references\/scheidt-elementor-reference\/","og_locale":"en_GB","og_type":"article","og_title":"Scheidt Elementor Referenz - Internetagentur laOlaWeb - Agentur f\u00fcr WordPress","og_description":"Im Rahmen des Website-Redesigns von Schiedt.de lag unser Fokus auf einer klar strukturierten, benutzerfreundlichen Navigation.","og_url":"https:\/\/laolaweb.com\/en\/agency\/references\/scheidt-elementor-reference\/","og_site_name":"Internetagentur laOlaWeb - Agentur f\u00fcr WordPress","article_modified_time":"2026-02-27T10:48:12+00:00","og_image":[{"url":"https:\/\/laolaweb.com\/wp-content\/uploads\/2026\/01\/Mockup-schiedt-isometrisch-768x822.webp","type":"","width":"","height":""}],"twitter_card":"summary_large_image","twitter_misc":{"Estimated reading time":"2 minutes"},"schema":{"@context":"https:\/\/schema.org","@graph":[{"@type":"TechArticle","@id":"https:\/\/laolaweb.com\/agentur\/referenzen\/scheidt-elementor-referenz\/#article","isPartOf":{"@id":"https:\/\/laolaweb.com\/agentur\/referenzen\/scheidt-elementor-referenz\/"},"author":{"name":"Manuel","@id":"https:\/\/laolaweb.com\/#\/schema\/person\/c91cf5a4d4b8445fd6a7c152951a70bd"},"headline":"Scheidt Elementor Referenz","datePublished":"2026-02-24T12:56:55+00:00","dateModified":"2026-02-27T10:48:12+00:00","mainEntityOfPage":{"@id":"https:\/\/laolaweb.com\/agentur\/referenzen\/scheidt-elementor-referenz\/"},"wordCount":248,"publisher":{"@id":"https:\/\/laolaweb.com\/#organization"},"image":{"@id":"https:\/\/laolaweb.com\/agentur\/referenzen\/scheidt-elementor-referenz\/#primaryimage"},"thumbnailUrl":"https:\/\/laolaweb.com\/wp-content\/uploads\/2026\/01\/Mockup-schiedt-isometrisch-768x822.webp","inLanguage":"en-GB"},{"@type":"WebPage","@id":"https:\/\/laolaweb.com\/agentur\/referenzen\/scheidt-elementor-referenz\/","url":"https:\/\/laolaweb.com\/agentur\/referenzen\/scheidt-elementor-referenz\/","name":"Scheidt Elementor reference - Internet agency laOlaWeb - Agentur f\u00fcr WordPress","isPartOf":{"@id":"https:\/\/laolaweb.com\/#website"},"primaryImageOfPage":{"@id":"https:\/\/laolaweb.com\/agentur\/referenzen\/scheidt-elementor-referenz\/#primaryimage"},"image":{"@id":"https:\/\/laolaweb.com\/agentur\/referenzen\/scheidt-elementor-referenz\/#primaryimage"},"thumbnailUrl":"https:\/\/laolaweb.com\/wp-content\/uploads\/2026\/01\/Mockup-schiedt-isometrisch-768x822.webp","datePublished":"2026-02-24T12:56:55+00:00","dateModified":"2026-02-27T10:48:12+00:00","description":"As part of the website redesign of Schiedt.de, our focus was on clearly structured, user-friendly navigation.","breadcrumb":{"@id":"https:\/\/laolaweb.com\/agentur\/referenzen\/scheidt-elementor-referenz\/#breadcrumb"},"inLanguage":"en-GB","potentialAction":[{"@type":"ReadAction","target":["https:\/\/laolaweb.com\/agentur\/referenzen\/scheidt-elementor-referenz\/"]}]},{"@type":"ImageObject","inLanguage":"en-GB","@id":"https:\/\/laolaweb.com\/agentur\/referenzen\/scheidt-elementor-referenz\/#primaryimage","url":"https:\/\/laolaweb.com\/wp-content\/uploads\/2026\/01\/Mockup-schiedt-isometrisch-768x822.webp","contentUrl":"https:\/\/laolaweb.com\/wp-content\/uploads\/2026\/01\/Mockup-schiedt-isometrisch-768x822.webp"},{"@type":"BreadcrumbList","@id":"https:\/\/laolaweb.com\/agentur\/referenzen\/scheidt-elementor-referenz\/#breadcrumb","itemListElement":[{"@type":"ListItem","position":1,"name":"Startseite","item":"https:\/\/laolaweb.com\/"},{"@type":"ListItem","position":2,"name":"\u00dcber uns","item":"https:\/\/laolaweb.com\/agentur\/"},{"@type":"ListItem","position":3,"name":"Referenzen","item":"https:\/\/laolaweb.com\/agentur\/referenzen\/"},{"@type":"ListItem","position":4,"name":"Scheidt Elementor Referenz"}]},{"@type":"WebSite","@id":"https:\/\/laolaweb.com\/#website","url":"https:\/\/laolaweb.com\/","name":"Internet agency laOlaWeb - Agency for WordPress","description":"Professional WordPress websites","publisher":{"@id":"https:\/\/laolaweb.com\/#organization"},"potentialAction":[{"@type":"SearchAction","target":{"@type":"EntryPoint","urlTemplate":"https:\/\/laolaweb.com\/?s={search_term_string}"},"query-input":{"@type":"PropertyValueSpecification","valueRequired":true,"valueName":"search_term_string"}}],"inLanguage":"en-GB"},{"@type":"Organization","@id":"https:\/\/laolaweb.com\/#organization","name":"laOlaWeb GmbH","url":"https:\/\/laolaweb.com\/","logo":{"@type":"ImageObject","inLanguage":"en-GB","@id":"https:\/\/laolaweb.com\/#\/schema\/logo\/image\/","url":"https:\/\/laolaweb.com\/wp-content\/uploads\/2022\/06\/laolaweb-internetagentur.jpg","contentUrl":"https:\/\/laolaweb.com\/wp-content\/uploads\/2022\/06\/laolaweb-internetagentur.jpg","width":400,"height":367,"caption":"laOlaWeb GmbH"},"image":{"@id":"https:\/\/laolaweb.com\/#\/schema\/logo\/image\/"}},{"@type":"Person","@id":"https:\/\/laolaweb.com\/#\/schema\/person\/c91cf5a4d4b8445fd6a7c152951a70bd","name":"Manuel","sameAs":["http:\/\/laolaweb.com"]}]}},"_links":{"self":[{"href":"https:\/\/laolaweb.com\/en\/wp-json\/wp\/v2\/pages\/19997","targetHints":{"allow":["GET"]}}],"collection":[{"href":"https:\/\/laolaweb.com\/en\/wp-json\/wp\/v2\/pages"}],"about":[{"href":"https:\/\/laolaweb.com\/en\/wp-json\/wp\/v2\/types\/page"}],"author":[{"embeddable":true,"href":"https:\/\/laolaweb.com\/en\/wp-json\/wp\/v2\/users\/1"}],"replies":[{"embeddable":true,"href":"https:\/\/laolaweb.com\/en\/wp-json\/wp\/v2\/comments?post=19997"}],"version-history":[{"count":9,"href":"https:\/\/laolaweb.com\/en\/wp-json\/wp\/v2\/pages\/19997\/revisions"}],"predecessor-version":[{"id":20017,"href":"https:\/\/laolaweb.com\/en\/wp-json\/wp\/v2\/pages\/19997\/revisions\/20017"}],"up":[{"embeddable":true,"href":"https:\/\/laolaweb.com\/en\/wp-json\/wp\/v2\/pages\/44"}],"wp:attachment":[{"href":"https:\/\/laolaweb.com\/en\/wp-json\/wp\/v2\/media?parent=19997"}],"curies":[{"name":"wp","href":"https:\/\/api.w.org\/{rel}","templated":true}]}}