{"id":19967,"date":"2026-02-23T14:41:52","date_gmt":"2026-02-23T13:41:52","guid":{"rendered":"https:\/\/laolaweb.com\/?page_id=19967"},"modified":"2026-02-27T11:01:45","modified_gmt":"2026-02-27T10:01:45","slug":"rosenberg-delicatessen-woocommerce-reference","status":"publish","type":"page","link":"https:\/\/laolaweb.com\/en\/agentur\/referenzen\/rosenberg-delikatessen-woocommerce-referenz\/","title":{"rendered":"Rosenberg Delicatessen WooCommerce Reference\u00a0"},"content":{"rendered":"\t\t<div data-elementor-type=\"wp-page\" data-elementor-id=\"19967\" class=\"elementor elementor-19967\" data-elementor-post-type=\"page\">\n\t\t\t\t<div class=\"elementor-element elementor-element-c9fef63 e-flex e-con-boxed e-con e-parent\" data-id=\"c9fef63\" data-element_type=\"container\" data-e-type=\"container\" data-settings=\"{&quot;background_background&quot;:&quot;classic&quot;}\">\n\t\t\t\t\t<div class=\"e-con-inner\">\n\t\t<div class=\"elementor-element elementor-element-597c068 rotate e-con-full e-flex e-con e-child\" data-id=\"597c068\" data-element_type=\"container\" data-e-type=\"container\">\n\t\t\t\t<div class=\"elementor-element elementor-element-3a425b5 text-trans-zwei elementor-widget elementor-widget-text-editor\" data-id=\"3a425b5\" data-element_type=\"widget\" data-e-type=\"widget\" data-widget_type=\"text-editor.default\">\n\t\t\t\t<div class=\"elementor-widget-container\">\n\t\t\t\t\t\t\t\t\t<p>REFERENZ<\/p>\t\t\t\t\t\t\t\t<\/div>\n\t\t\t\t<\/div>\n\t\t\t\t<div class=\"elementor-element elementor-element-6854e41 text-trans elementor-widget elementor-widget-heading\" data-id=\"6854e41\" data-element_type=\"widget\" data-e-type=\"widget\" data-widget_type=\"heading.default\">\n\t\t\t\t<div class=\"elementor-widget-container\">\n\t\t\t\t\t<p class=\"elementor-heading-title elementor-size-default\">Rosenberg Delikatessen<\/p>\t\t\t\t<\/div>\n\t\t\t\t<\/div>\n\t\t\t\t<div class=\"elementor-element elementor-element-8c2ef5b text-trans elementor-widget elementor-widget-text-editor\" data-id=\"8c2ef5b\" data-element_type=\"widget\" data-e-type=\"widget\" data-widget_type=\"text-editor.default\">\n\t\t\t\t<div class=\"elementor-widget-container\">\n\t\t\t\t\t\t\t\t\t<p>Onlineshop mit WooCommerce<\/p>\t\t\t\t\t\t\t\t<\/div>\n\t\t\t\t<\/div>\n\t\t\t\t<\/div>\n\t\t\t\t\t<\/div>\n\t\t\t\t<\/div>\n\t\t<div class=\"elementor-element elementor-element-d565d9b e-flex e-con-boxed e-con e-parent\" data-id=\"d565d9b\" data-element_type=\"container\" data-e-type=\"container\">\n\t\t\t\t\t<div class=\"e-con-inner\">\n\t\t<div class=\"elementor-element elementor-element-eb503af e-con-full e-flex e-con e-child\" data-id=\"eb503af\" data-element_type=\"container\" data-e-type=\"container\">\n\t\t\t\t<div class=\"elementor-element elementor-element-65b16cb elementor-widget__width-initial elementor-widget elementor-widget-heading\" data-id=\"65b16cb\" data-element_type=\"widget\" data-e-type=\"widget\" data-widget_type=\"heading.default\">\n\t\t\t\t<div class=\"elementor-widget-container\">\n\t\t\t\t\t<h1 class=\"elementor-heading-title elementor-size-default\">Redesign des Rosenberg Delikatessen-Onlineshop mit WooCommerce und Elementor Pro<\/h1>\t\t\t\t<\/div>\n\t\t\t\t<\/div>\n\t\t\t\t<div class=\"elementor-element elementor-element-119bf33 elementor-widget elementor-widget-image\" data-id=\"119bf33\" data-element_type=\"widget\" data-e-type=\"widget\" data-widget_type=\"image.default\">\n\t\t\t\t<div class=\"elementor-widget-container\">\n\t\t\t\t\t\t\t\t\t\t\t\t\t\t\t<img fetchpriority=\"high\" decoding=\"async\" width=\"768\" height=\"822\" src=\"https:\/\/laolaweb.com\/wp-content\/uploads\/2026\/02\/rosenberg-delikattesen-referenz-elementor-768x822.webp\" class=\"attachment-medium_large size-medium_large wp-image-19972\" alt=\"\" srcset=\"https:\/\/laolaweb.com\/wp-content\/uploads\/2026\/02\/rosenberg-delikattesen-referenz-elementor-768x822.webp 768w, https:\/\/laolaweb.com\/wp-content\/uploads\/2026\/02\/rosenberg-delikattesen-referenz-elementor-234x250.webp 234w, https:\/\/laolaweb.com\/wp-content\/uploads\/2026\/02\/rosenberg-delikattesen-referenz-elementor-957x1024.webp 957w, https:\/\/laolaweb.com\/wp-content\/uploads\/2026\/02\/rosenberg-delikattesen-referenz-elementor-11x12.webp 11w, https:\/\/laolaweb.com\/wp-content\/uploads\/2026\/02\/rosenberg-delikattesen-referenz-elementor.webp 1200w\" sizes=\"(max-width: 768px) 100vw, 768px\" \/>\t\t\t\t\t\t\t\t\t\t\t\t\t\t\t<\/div>\n\t\t\t\t<\/div>\n\t\t\t\t<div class=\"elementor-element elementor-element-f2300f0 elementor-widget__width-initial elementor-widget elementor-widget-text-editor\" data-id=\"f2300f0\" data-element_type=\"widget\" data-e-type=\"widget\" data-widget_type=\"text-editor.default\">\n\t\t\t\t<div class=\"elementor-widget-container\">\n\t\t\t\t\t\t\t\t\t<p>Rosenberg Delikatessen ben\u00f6tigte einen modernen, leistungsstarken Onlineshop zur Vermarktung hochwertiger <strong data-start=\"564\" data-end=\"588\">Bio-Fruchtaufstriche<\/strong>, <strong data-start=\"590\" data-end=\"609\">Bio-Rohkost-\u00d6le<\/strong> und weiterer Feinkostprodukte.<\/p><p>Die besondere Herausforderung lag in der Entwicklung eines <strong data-start=\"882\" data-end=\"920\">individuellen Produktkonfigurators<\/strong>, der es Kunden erm\u00f6glicht, <strong data-start=\"948\" data-end=\"981\">personalisierte Geschenkboxen<\/strong> zusammenzustellen und diese <strong data-start=\"1010\" data-end=\"1045\">individuell bedrucken zu lassen<\/strong> \u2013 als Kombination aus E-Commerce, Personalisierung und Individualdruck.<\/p><p>Diese <a href=\"https:\/\/laolaweb.com\/wordpress-agentur\/\">WordPress-Webseite<\/a> haben wir mit <a href=\"\/woocommerce-agentur\/\">WooCommerce<\/a> und dem Page Builder von <a href=\"https:\/\/laolaweb.com\/elementor-agentur\/\">Elementor<\/a> umgesetzt.<\/p>\t\t\t\t\t\t\t\t<\/div>\n\t\t\t\t<\/div>\n\t\t\t\t<\/div>\n\t\t\t\t\t<\/div>\n\t\t\t\t<\/div>\n\t\t<div class=\"elementor-element elementor-element-ff4e8b1 e-flex e-con-boxed e-con e-parent\" data-id=\"ff4e8b1\" data-element_type=\"container\" data-e-type=\"container\" data-settings=\"{&quot;background_background&quot;:&quot;classic&quot;}\">\n\t\t\t\t\t<div class=\"e-con-inner\">\n\t\t<div class=\"elementor-element elementor-element-75f109f e-con-full e-flex e-con e-child\" data-id=\"75f109f\" data-element_type=\"container\" data-e-type=\"container\">\n\t\t<div class=\"elementor-element elementor-element-caac5a8 e-con-full e-flex e-con e-child\" data-id=\"caac5a8\" data-element_type=\"container\" data-e-type=\"container\">\n\t\t\t\t<div class=\"elementor-element elementor-element-5508bfd drop_image elementor-widget elementor-widget-image\" data-id=\"5508bfd\" data-element_type=\"widget\" data-e-type=\"widget\" data-widget_type=\"image.default\">\n\t\t\t\t<div class=\"elementor-widget-container\">\n\t\t\t\t\t\t\t\t\t\t\t\t\t\t\t<img decoding=\"async\" width=\"726\" height=\"1024\" src=\"https:\/\/laolaweb.com\/wp-content\/uploads\/2026\/02\/elemntor-referenz-rosenberg-delikatessen.webp\" class=\"attachment-medium_large size-medium_large wp-image-19971\" alt=\"\" srcset=\"https:\/\/laolaweb.com\/wp-content\/uploads\/2026\/02\/elemntor-referenz-rosenberg-delikatessen.webp 726w, https:\/\/laolaweb.com\/wp-content\/uploads\/2026\/02\/elemntor-referenz-rosenberg-delikatessen-177x250.webp 177w, https:\/\/laolaweb.com\/wp-content\/uploads\/2026\/02\/elemntor-referenz-rosenberg-delikatessen-9x12.webp 9w\" sizes=\"(max-width: 726px) 100vw, 726px\" \/>\t\t\t\t\t\t\t\t\t\t\t\t\t\t\t<\/div>\n\t\t\t\t<\/div>\n\t\t\t\t<\/div>\n\t\t<div class=\"elementor-element elementor-element-5439379 e-con-full e-flex e-con e-child\" data-id=\"5439379\" data-element_type=\"container\" data-e-type=\"container\">\n\t\t\t\t<div class=\"elementor-element elementor-element-cbb6f39 elementor-widget elementor-widget-heading\" data-id=\"cbb6f39\" data-element_type=\"widget\" data-e-type=\"widget\" data-widget_type=\"heading.default\">\n\t\t\t\t<div class=\"elementor-widget-container\">\n\t\t\t\t\t<h2 class=\"elementor-heading-title elementor-size-default\">Schwerpunkte der Umsetzung<\/h2>\t\t\t\t<\/div>\n\t\t\t\t<\/div>\n\t\t\t\t<div class=\"elementor-element elementor-element-911a8e1 elementor-widget__width-initial elementor-widget elementor-widget-text-editor\" data-id=\"911a8e1\" data-element_type=\"widget\" data-e-type=\"widget\" data-widget_type=\"text-editor.default\">\n\t\t\t\t<div class=\"elementor-widget-container\">\n\t\t\t\t\t\t\t\t\t<ul><li data-start=\"1143\" data-end=\"1463\"><p data-start=\"1145\" data-end=\"1463\"><strong data-start=\"1145\" data-end=\"1191\">WooCommerce-Onlineshop auf WordPress-Basis<\/strong><br data-start=\"1191\" data-end=\"1194\" \/>Umsetzung eines performanten WooCommerce-Onlineshops mit klarer Struktur, skalierbarer Produktarchitektur und nutzerfreundlicher Navigation. Der Shop wurde auf Wachstum, Sortimentserweiterung und hohe Conversion-Raten ausgelegt und technisch zukunftssicher aufgebaut.<\/p><\/li><li data-start=\"1465\" data-end=\"1922\"><p data-start=\"1467\" data-end=\"1922\"><strong data-start=\"1467\" data-end=\"1522\">Individueller Produktkonfigurator f\u00fcr Geschenkboxen<\/strong><br data-start=\"1522\" data-end=\"1525\" \/>Entwicklung eines <strong data-start=\"1545\" data-end=\"1587\">ma\u00dfgeschneiderten Produktkonfigurators<\/strong>, der Nutzern erm\u00f6glicht, individuelle Geschenkboxen zu erstellen. Kunden k\u00f6nnen Produkte frei kombinieren, Geschenksets personalisieren und zus\u00e4tzliche Optionen wie <strong data-start=\"1753\" data-end=\"1785\">individuellen Druck\/Branding<\/strong> ausw\u00e4hlen. Die Konfiguration wird direkt in den Bestellprozess integriert und automatisch an das Warenkorb- und Bestellsystem \u00fcbergeben.<\/p><\/li><li data-start=\"1924\" data-end=\"2213\"><p data-start=\"1926\" data-end=\"2213\"><strong data-start=\"1926\" data-end=\"1971\">Custom-Funktionalit\u00e4ten &amp; Automatisierung<\/strong><br data-start=\"1971\" data-end=\"1974\" \/>Umsetzung individueller Logiken f\u00fcr Konfigurationsprozesse, Preisberechnung, Variantensteuerung und Druckdaten-Erstellung. Dadurch entstehen automatisierte Abl\u00e4ufe zwischen Frontend, Warenkorb, Bestellverwaltung und Produktionsprozessen.<\/p><\/li><li data-start=\"2215\" data-end=\"2513\"><p data-start=\"2217\" data-end=\"2513\"><strong data-start=\"2217\" data-end=\"2249\">Pixelgenaue Design-Umsetzung<\/strong><br data-start=\"2249\" data-end=\"2252\" \/>Das gesamte Layout wurde <strong data-start=\"2279\" data-end=\"2307\">exakt nach Designvorlage<\/strong> umgesetzt. Typografie, Farben, Abst\u00e4nde, Bildwelten und Interaktionselemente wurden detailgetreu implementiert, um eine konsistente Markenwirkung und einen hochwertigen visuellen Auftritt zu gew\u00e4hrleisten.<\/p><\/li><li data-start=\"2515\" data-end=\"2840\"><p data-start=\"2517\" data-end=\"2840\"><strong data-start=\"2517\" data-end=\"2550\">SEO &amp; Performance-Optimierung<\/strong><br data-start=\"2550\" data-end=\"2553\" \/>Technische und inhaltliche SEO-Optimierung mit Fokus auf Sichtbarkeit im Bio- und Feinkostsegment. Dazu geh\u00f6ren SEO-freundliche URLs, strukturierte Daten, optimierte Produktseiten, Core Web Vitals Optimierung, schnelle Ladezeiten sowie eine saubere Indexierungs- und Kategoriestruktur.<\/p><\/li><\/ul>\t\t\t\t\t\t\t\t<\/div>\n\t\t\t\t<\/div>\n\t\t\t\t<\/div>\n\t\t\t\t<\/div>\n\t\t\t\t\t<\/div>\n\t\t\t\t<\/div>\n\t\t<div class=\"elementor-element elementor-element-239995f e-flex e-con-boxed e-con e-parent\" data-id=\"239995f\" data-element_type=\"container\" data-e-type=\"container\" data-settings=\"{&quot;background_background&quot;:&quot;classic&quot;}\">\n\t\t\t\t\t<div class=\"e-con-inner\">\n\t\t<div class=\"elementor-element elementor-element-6084c27 e-con-full e-flex e-con e-child\" data-id=\"6084c27\" data-element_type=\"container\" data-e-type=\"container\">\n\t\t<div class=\"elementor-element elementor-element-71e4406 e-con-full e-flex e-con e-child\" data-id=\"71e4406\" data-element_type=\"container\" data-e-type=\"container\">\n\t\t\t\t<div class=\"elementor-element elementor-element-d8ed3d9 elementor-widget elementor-widget-heading\" data-id=\"d8ed3d9\" data-element_type=\"widget\" data-e-type=\"widget\" data-widget_type=\"heading.default\">\n\t\t\t\t<div class=\"elementor-widget-container\">\n\t\t\t\t\t<span class=\"elementor-heading-title elementor-size-default\">Ergebnis<\/span>\t\t\t\t<\/div>\n\t\t\t\t<\/div>\n\t\t\t\t<div class=\"elementor-element elementor-element-f55e5eb elementor-widget__width-initial elementor-widget elementor-widget-text-editor\" data-id=\"f55e5eb\" data-element_type=\"widget\" data-e-type=\"widget\" data-widget_type=\"text-editor.default\">\n\t\t\t\t<div class=\"elementor-widget-container\">\n\t\t\t\t\t\t\t\t\t<p>Mit rosenberg-delikatessen.de entstand eine E-Commerce-Plattform, die hochwertige Bio-Produkte, Individualisierung, Personalisierung und technische Komplexit\u00e4t vereint.<\/p>\t\t\t\t\t\t\t\t<\/div>\n\t\t\t\t<\/div>\n\t\t\t\t<div class=\"elementor-element elementor-element-a494cd1 elementor-align-left underline_button_drei elementor-tablet-align-left elementor-mobile-align-left elementor-widget elementor-widget-button\" data-id=\"a494cd1\" data-element_type=\"widget\" data-e-type=\"widget\" data-settings=\"{&quot;motion_fx_motion_fx_scrolling&quot;:&quot;yes&quot;,&quot;motion_fx_devices&quot;:[&quot;desktop&quot;,&quot;laptop&quot;,&quot;tablet&quot;,&quot;mobile&quot;]}\" data-widget_type=\"button.default\">\n\t\t\t\t<div class=\"elementor-widget-container\">\n\t\t\t\t\t\t\t\t\t<div class=\"elementor-button-wrapper\">\n\t\t\t\t\t<a class=\"elementor-button elementor-button-link elementor-size-sm\" href=\"https:\/\/rosenberg-delikatessen.de\/\" target=\"_blank\">\n\t\t\t\t\t\t<span class=\"elementor-button-content-wrapper\">\n\t\t\t\t\t\t\t\t\t<span class=\"elementor-button-text\">Webseite ansehen<\/span>\n\t\t\t\t\t<\/span>\n\t\t\t\t\t<\/a>\n\t\t\t\t<\/div>\n\t\t\t\t\t\t\t\t<\/div>\n\t\t\t\t<\/div>\n\t\t\t\t<\/div>\n\t\t<div class=\"elementor-element elementor-element-707ef44 e-con-full e-flex e-con e-child\" data-id=\"707ef44\" data-element_type=\"container\" data-e-type=\"container\">\n\t\t\t\t<div class=\"elementor-element elementor-element-f29ef44 drop_image elementor-widget elementor-widget-image\" data-id=\"f29ef44\" data-element_type=\"widget\" data-e-type=\"widget\" data-widget_type=\"image.default\">\n\t\t\t\t<div class=\"elementor-widget-container\">\n\t\t\t\t\t\t\t\t\t\t\t\t\t\t\t<img decoding=\"async\" width=\"726\" height=\"1024\" src=\"https:\/\/laolaweb.com\/wp-content\/uploads\/2026\/02\/webseite-mit-elemntor-ertsellen-und-wooocommcerce-shop-refrenz-rosenberg-delikatessen.webp\" class=\"attachment-medium_large size-medium_large wp-image-19970\" alt=\"\" srcset=\"https:\/\/laolaweb.com\/wp-content\/uploads\/2026\/02\/webseite-mit-elemntor-ertsellen-und-wooocommcerce-shop-refrenz-rosenberg-delikatessen.webp 726w, https:\/\/laolaweb.com\/wp-content\/uploads\/2026\/02\/webseite-mit-elemntor-ertsellen-und-wooocommcerce-shop-refrenz-rosenberg-delikatessen-177x250.webp 177w, https:\/\/laolaweb.com\/wp-content\/uploads\/2026\/02\/webseite-mit-elemntor-ertsellen-und-wooocommcerce-shop-refrenz-rosenberg-delikatessen-9x12.webp 9w\" sizes=\"(max-width: 726px) 100vw, 726px\" \/>\t\t\t\t\t\t\t\t\t\t\t\t\t\t\t<\/div>\n\t\t\t\t<\/div>\n\t\t\t\t<\/div>\n\t\t\t\t<\/div>\n\t\t\t\t\t<\/div>\n\t\t\t\t<\/div>\n\t\t\t\t<\/div>\n\t\t","protected":false},"excerpt":{"rendered":"<p>REFERENZ Rosenberg Delikatessen Onlineshop mit WooCommerce Redesign des Rosenberg Delikatessen-Onlineshop mit WooCommerce und Elementor Pro Rosenberg Delikatessen ben\u00f6tigte einen modernen, leistungsstarken Onlineshop zur Vermarktung hochwertiger Bio-Fruchtaufstriche, Bio-Rohkost-\u00d6le und weiterer Feinkostprodukte. Die besondere Herausforderung lag in der Entwicklung eines individuellen Produktkonfigurators, der es Kunden erm\u00f6glicht, personalisierte Geschenkboxen zusammenzustellen und diese individuell bedrucken zu lassen \u2013 als [&hellip;]<\/p>\n","protected":false},"author":1,"featured_media":0,"parent":44,"menu_order":0,"comment_status":"closed","ping_status":"closed","template":"","meta":{"footnotes":""},"class_list":["post-19967","page","type-page","status-publish","hentry"],"yoast_head":"<!-- This site is optimized with the Yoast SEO plugin v27.0 - https:\/\/yoast.com\/product\/yoast-seo-wordpress\/ -->\n<title>Rosenberg Delikatessen WooCommerce Referenz\u00a0 - Internetagentur laOlaWeb - Agentur f\u00fcr WordPress<\/title>\n<meta name=\"description\" content=\"Referenz f\u00fcr Redesign des Rosenberg Delikatessen-Onlineshop mit WooCommerce und Elementor Pro. Mit Anbindung an WaWi und Servdesk.\" \/>\n<meta name=\"robots\" content=\"index, follow, max-snippet:-1, max-image-preview:large, max-video-preview:-1\" \/>\n<link rel=\"canonical\" href=\"https:\/\/laolaweb.com\/en\/agency\/references\/rosenberg-delicatessen-woocommerce-reference\/\" \/>\n<meta property=\"og:locale\" content=\"en_GB\" \/>\n<meta property=\"og:type\" content=\"article\" \/>\n<meta property=\"og:title\" content=\"Rosenberg Delikatessen WooCommerce Referenz\u00a0 - Internetagentur laOlaWeb - Agentur f\u00fcr WordPress\" \/>\n<meta property=\"og:description\" content=\"Referenz f\u00fcr Redesign des Rosenberg Delikatessen-Onlineshop mit WooCommerce und Elementor Pro. Mit Anbindung an WaWi und Servdesk.\" \/>\n<meta property=\"og:url\" content=\"https:\/\/laolaweb.com\/en\/agency\/references\/rosenberg-delicatessen-woocommerce-reference\/\" \/>\n<meta property=\"og:site_name\" content=\"Internetagentur laOlaWeb - Agentur f\u00fcr WordPress\" \/>\n<meta property=\"article:modified_time\" content=\"2026-02-27T10:01:45+00:00\" \/>\n<meta property=\"og:image\" content=\"https:\/\/laolaweb.com\/wp-content\/uploads\/2026\/02\/rosenberg-delikattesen-referenz-elementor-768x822.webp\" \/>\n<meta name=\"twitter:card\" content=\"summary_large_image\" \/>\n<meta name=\"twitter:label1\" content=\"Estimated reading time\" \/>\n\t<meta name=\"twitter:data1\" content=\"3 minutes\" \/>\n<!-- \/ Yoast SEO plugin. -->","yoast_head_json":{"title":"Rosenberg Delikatessen WooCommerce Reference - Internetagentur laOlaWeb - Agentur f\u00fcr WordPress","description":"Reference for redesign of the Rosenberg delicatessen online shop with WooCommerce and Elementor Pro. With connection to WaWi and Servdesk.","robots":{"index":"index","follow":"follow","max-snippet":"max-snippet:-1","max-image-preview":"max-image-preview:large","max-video-preview":"max-video-preview:-1"},"canonical":"https:\/\/laolaweb.com\/en\/agency\/references\/rosenberg-delicatessen-woocommerce-reference\/","og_locale":"en_GB","og_type":"article","og_title":"Rosenberg Delikatessen WooCommerce Referenz\u00a0 - Internetagentur laOlaWeb - Agentur f\u00fcr WordPress","og_description":"Referenz f\u00fcr Redesign des Rosenberg Delikatessen-Onlineshop mit WooCommerce und Elementor Pro. Mit Anbindung an WaWi und Servdesk.","og_url":"https:\/\/laolaweb.com\/en\/agency\/references\/rosenberg-delicatessen-woocommerce-reference\/","og_site_name":"Internetagentur laOlaWeb - Agentur f\u00fcr WordPress","article_modified_time":"2026-02-27T10:01:45+00:00","og_image":[{"url":"https:\/\/laolaweb.com\/wp-content\/uploads\/2026\/02\/rosenberg-delikattesen-referenz-elementor-768x822.webp","type":"","width":"","height":""}],"twitter_card":"summary_large_image","twitter_misc":{"Estimated reading time":"3 minutes"},"schema":{"@context":"https:\/\/schema.org","@graph":[{"@type":"TechArticle","@id":"https:\/\/laolaweb.com\/agentur\/referenzen\/rosenberg-delikatessen-woocommerce-referenz\/#article","isPartOf":{"@id":"https:\/\/laolaweb.com\/agentur\/referenzen\/rosenberg-delikatessen-woocommerce-referenz\/"},"author":{"name":"Manuel","@id":"https:\/\/laolaweb.com\/#\/schema\/person\/c91cf5a4d4b8445fd6a7c152951a70bd"},"headline":"Rosenberg Delikatessen WooCommerce Referenz\u00a0","datePublished":"2026-02-23T13:41:52+00:00","dateModified":"2026-02-27T10:01:45+00:00","mainEntityOfPage":{"@id":"https:\/\/laolaweb.com\/agentur\/referenzen\/rosenberg-delikatessen-woocommerce-referenz\/"},"wordCount":276,"publisher":{"@id":"https:\/\/laolaweb.com\/#organization"},"image":{"@id":"https:\/\/laolaweb.com\/agentur\/referenzen\/rosenberg-delikatessen-woocommerce-referenz\/#primaryimage"},"thumbnailUrl":"https:\/\/laolaweb.com\/wp-content\/uploads\/2026\/02\/rosenberg-delikattesen-referenz-elementor-768x822.webp","inLanguage":"en-GB"},{"@type":"WebPage","@id":"https:\/\/laolaweb.com\/agentur\/referenzen\/rosenberg-delikatessen-woocommerce-referenz\/","url":"https:\/\/laolaweb.com\/agentur\/referenzen\/rosenberg-delikatessen-woocommerce-referenz\/","name":"Rosenberg Delikatessen WooCommerce Reference - Internetagentur laOlaWeb - Agentur f\u00fcr WordPress","isPartOf":{"@id":"https:\/\/laolaweb.com\/#website"},"primaryImageOfPage":{"@id":"https:\/\/laolaweb.com\/agentur\/referenzen\/rosenberg-delikatessen-woocommerce-referenz\/#primaryimage"},"image":{"@id":"https:\/\/laolaweb.com\/agentur\/referenzen\/rosenberg-delikatessen-woocommerce-referenz\/#primaryimage"},"thumbnailUrl":"https:\/\/laolaweb.com\/wp-content\/uploads\/2026\/02\/rosenberg-delikattesen-referenz-elementor-768x822.webp","datePublished":"2026-02-23T13:41:52+00:00","dateModified":"2026-02-27T10:01:45+00:00","description":"Reference for redesign of the Rosenberg delicatessen online shop with WooCommerce and Elementor Pro. With connection to WaWi and Servdesk.","breadcrumb":{"@id":"https:\/\/laolaweb.com\/agentur\/referenzen\/rosenberg-delikatessen-woocommerce-referenz\/#breadcrumb"},"inLanguage":"en-GB","potentialAction":[{"@type":"ReadAction","target":["https:\/\/laolaweb.com\/agentur\/referenzen\/rosenberg-delikatessen-woocommerce-referenz\/"]}]},{"@type":"ImageObject","inLanguage":"en-GB","@id":"https:\/\/laolaweb.com\/agentur\/referenzen\/rosenberg-delikatessen-woocommerce-referenz\/#primaryimage","url":"https:\/\/laolaweb.com\/wp-content\/uploads\/2026\/02\/rosenberg-delikattesen-referenz-elementor-768x822.webp","contentUrl":"https:\/\/laolaweb.com\/wp-content\/uploads\/2026\/02\/rosenberg-delikattesen-referenz-elementor-768x822.webp"},{"@type":"BreadcrumbList","@id":"https:\/\/laolaweb.com\/agentur\/referenzen\/rosenberg-delikatessen-woocommerce-referenz\/#breadcrumb","itemListElement":[{"@type":"ListItem","position":1,"name":"Startseite","item":"https:\/\/laolaweb.com\/"},{"@type":"ListItem","position":2,"name":"\u00dcber uns","item":"https:\/\/laolaweb.com\/agentur\/"},{"@type":"ListItem","position":3,"name":"Referenzen","item":"https:\/\/laolaweb.com\/agentur\/referenzen\/"},{"@type":"ListItem","position":4,"name":"Rosenberg Delikatessen WooCommerce Referenz\u00a0"}]},{"@type":"WebSite","@id":"https:\/\/laolaweb.com\/#website","url":"https:\/\/laolaweb.com\/","name":"Internet agency laOlaWeb - Agency for WordPress","description":"Professional WordPress websites","publisher":{"@id":"https:\/\/laolaweb.com\/#organization"},"potentialAction":[{"@type":"SearchAction","target":{"@type":"EntryPoint","urlTemplate":"https:\/\/laolaweb.com\/?s={search_term_string}"},"query-input":{"@type":"PropertyValueSpecification","valueRequired":true,"valueName":"search_term_string"}}],"inLanguage":"en-GB"},{"@type":"Organization","@id":"https:\/\/laolaweb.com\/#organization","name":"laOlaWeb GmbH","url":"https:\/\/laolaweb.com\/","logo":{"@type":"ImageObject","inLanguage":"en-GB","@id":"https:\/\/laolaweb.com\/#\/schema\/logo\/image\/","url":"https:\/\/laolaweb.com\/wp-content\/uploads\/2022\/06\/laolaweb-internetagentur.jpg","contentUrl":"https:\/\/laolaweb.com\/wp-content\/uploads\/2022\/06\/laolaweb-internetagentur.jpg","width":400,"height":367,"caption":"laOlaWeb GmbH"},"image":{"@id":"https:\/\/laolaweb.com\/#\/schema\/logo\/image\/"}},{"@type":"Person","@id":"https:\/\/laolaweb.com\/#\/schema\/person\/c91cf5a4d4b8445fd6a7c152951a70bd","name":"Manuel","sameAs":["http:\/\/laolaweb.com"]}]}},"_links":{"self":[{"href":"https:\/\/laolaweb.com\/en\/wp-json\/wp\/v2\/pages\/19967","targetHints":{"allow":["GET"]}}],"collection":[{"href":"https:\/\/laolaweb.com\/en\/wp-json\/wp\/v2\/pages"}],"about":[{"href":"https:\/\/laolaweb.com\/en\/wp-json\/wp\/v2\/types\/page"}],"author":[{"embeddable":true,"href":"https:\/\/laolaweb.com\/en\/wp-json\/wp\/v2\/users\/1"}],"replies":[{"embeddable":true,"href":"https:\/\/laolaweb.com\/en\/wp-json\/wp\/v2\/comments?post=19967"}],"version-history":[{"count":4,"href":"https:\/\/laolaweb.com\/en\/wp-json\/wp\/v2\/pages\/19967\/revisions"}],"predecessor-version":[{"id":19975,"href":"https:\/\/laolaweb.com\/en\/wp-json\/wp\/v2\/pages\/19967\/revisions\/19975"}],"up":[{"embeddable":true,"href":"https:\/\/laolaweb.com\/en\/wp-json\/wp\/v2\/pages\/44"}],"wp:attachment":[{"href":"https:\/\/laolaweb.com\/en\/wp-json\/wp\/v2\/media?parent=19967"}],"curies":[{"name":"wp","href":"https:\/\/api.w.org\/{rel}","templated":true}]}}