{"id":19950,"date":"2026-02-23T13:50:03","date_gmt":"2026-02-23T12:50:03","guid":{"rendered":"https:\/\/laolaweb.com\/?page_id=19950"},"modified":"2026-02-27T11:08:54","modified_gmt":"2026-02-27T10:08:54","slug":"physio16-elementor-reference","status":"publish","type":"page","link":"https:\/\/laolaweb.com\/en\/agentur\/referenzen\/physio16-elementor-referenz\/","title":{"rendered":"Physio16 Elementor reference"},"content":{"rendered":"\t\t<div data-elementor-type=\"wp-page\" data-elementor-id=\"19950\" class=\"elementor elementor-19950\" data-elementor-post-type=\"page\">\n\t\t\t\t<div class=\"elementor-element elementor-element-4b8f354 e-flex e-con-boxed e-con e-parent\" data-id=\"4b8f354\" data-element_type=\"container\" data-e-type=\"container\" data-settings=\"{&quot;background_background&quot;:&quot;classic&quot;}\">\n\t\t\t\t\t<div class=\"e-con-inner\">\n\t\t<div class=\"elementor-element elementor-element-4c58a7c rotate e-con-full e-flex e-con e-child\" data-id=\"4c58a7c\" data-element_type=\"container\" data-e-type=\"container\">\n\t\t\t\t<div class=\"elementor-element elementor-element-1c76f63 text-trans-zwei elementor-widget elementor-widget-text-editor\" data-id=\"1c76f63\" data-element_type=\"widget\" data-e-type=\"widget\" data-widget_type=\"text-editor.default\">\n\t\t\t\t<div class=\"elementor-widget-container\">\n\t\t\t\t\t\t\t\t\t<p>REFERENZ<\/p>\t\t\t\t\t\t\t\t<\/div>\n\t\t\t\t<\/div>\n\t\t\t\t<div class=\"elementor-element elementor-element-e414016 text-trans elementor-widget elementor-widget-heading\" data-id=\"e414016\" data-element_type=\"widget\" data-e-type=\"widget\" data-widget_type=\"heading.default\">\n\t\t\t\t<div class=\"elementor-widget-container\">\n\t\t\t\t\t<p class=\"elementor-heading-title elementor-size-default\">Physio16<\/p>\t\t\t\t<\/div>\n\t\t\t\t<\/div>\n\t\t\t\t<div class=\"elementor-element elementor-element-485c416 text-trans elementor-widget elementor-widget-text-editor\" data-id=\"485c416\" data-element_type=\"widget\" data-e-type=\"widget\" data-widget_type=\"text-editor.default\">\n\t\t\t\t<div class=\"elementor-widget-container\">\n\t\t\t\t\t\t\t\t\t<p>Webseite mit Elementor<\/p>\t\t\t\t\t\t\t\t<\/div>\n\t\t\t\t<\/div>\n\t\t\t\t<\/div>\n\t\t\t\t\t<\/div>\n\t\t\t\t<\/div>\n\t\t<div class=\"elementor-element elementor-element-9b84d5d e-flex e-con-boxed e-con e-parent\" data-id=\"9b84d5d\" data-element_type=\"container\" data-e-type=\"container\">\n\t\t\t\t\t<div class=\"e-con-inner\">\n\t\t<div class=\"elementor-element elementor-element-0586cf4 e-con-full e-flex e-con e-child\" data-id=\"0586cf4\" data-element_type=\"container\" data-e-type=\"container\">\n\t\t\t\t<div class=\"elementor-element elementor-element-2aed0d6 elementor-widget__width-initial elementor-widget elementor-widget-heading\" data-id=\"2aed0d6\" data-element_type=\"widget\" data-e-type=\"widget\" data-widget_type=\"heading.default\">\n\t\t\t\t<div class=\"elementor-widget-container\">\n\t\t\t\t\t<h1 class=\"elementor-heading-title elementor-size-default\">WordPress-Webseite mit Elementor Pro<\/h1>\t\t\t\t<\/div>\n\t\t\t\t<\/div>\n\t\t\t\t<div class=\"elementor-element elementor-element-3715623 elementor-widget elementor-widget-image\" data-id=\"3715623\" data-element_type=\"widget\" data-e-type=\"widget\" data-widget_type=\"image.default\">\n\t\t\t\t<div class=\"elementor-widget-container\">\n\t\t\t\t\t\t\t\t\t\t\t\t\t\t\t<img fetchpriority=\"high\" decoding=\"async\" width=\"768\" height=\"822\" src=\"https:\/\/laolaweb.com\/wp-content\/uploads\/2026\/01\/Mockup-Physio16-isometriach-768x822.webp\" class=\"attachment-medium_large size-medium_large wp-image-19759\" alt=\"\" srcset=\"https:\/\/laolaweb.com\/wp-content\/uploads\/2026\/01\/Mockup-Physio16-isometriach-768x822.webp 768w, https:\/\/laolaweb.com\/wp-content\/uploads\/2026\/01\/Mockup-Physio16-isometriach-234x250.webp 234w, https:\/\/laolaweb.com\/wp-content\/uploads\/2026\/01\/Mockup-Physio16-isometriach-957x1024.webp 957w, https:\/\/laolaweb.com\/wp-content\/uploads\/2026\/01\/Mockup-Physio16-isometriach-11x12.webp 11w, https:\/\/laolaweb.com\/wp-content\/uploads\/2026\/01\/Mockup-Physio16-isometriach.webp 1200w\" sizes=\"(max-width: 768px) 100vw, 768px\" \/>\t\t\t\t\t\t\t\t\t\t\t\t\t\t\t<\/div>\n\t\t\t\t<\/div>\n\t\t\t\t<div class=\"elementor-element elementor-element-5a08888 elementor-widget__width-initial elementor-widget elementor-widget-text-editor\" data-id=\"5a08888\" data-element_type=\"widget\" data-e-type=\"widget\" data-widget_type=\"text-editor.default\">\n\t\t\t\t<div class=\"elementor-widget-container\">\n\t\t\t\t\t\t\t\t\t<p data-start=\"109\" data-end=\"460\">Physio16 ben\u00f6tigte eine moderne, professionelle und mehrsprachige Website, die sowohl die fachliche Kompetenz der Praxis als auch die visuelle Qualit\u00e4t der Marke widerspiegelt. <strong data-start=\"286\" data-end=\"366\">Zentrales Ziel der Website war die gezielte F\u00f6rderung der Terminvereinbarung<\/strong> \u2013 durch klare Nutzerf\u00fchrung, vertrauensbildende Inhalte und conversion-optimierte Strukturen.<\/p><p data-start=\"462\" data-end=\"977\" data-is-last-node=\"\" data-is-only-node=\"\">Besonderer Fokus lag auf der Integration hochwertiger, professionell erstellter Bilder, einem klaren, emotionalen Designauftritt sowie einer perfekten technischen Umsetzung auf WordPress-Basis.<\/p><p data-start=\"462\" data-end=\"977\" data-is-last-node=\"\" data-is-only-node=\"\">Das Design wurde von einer preisgekr\u00f6nten Grafikdesignerin entwickelt und sollte pixelgenau in eine performante Website \u00fcberf\u00fchrt werden, <strong data-start=\"794\" data-end=\"905\">mit klar platzierten Call-to-Actions, intuitiver Navigation und strukturierten Kontakt- und Terminbereichen<\/strong>, um Besucher effizient zur Kontaktaufnahme und Terminbuchung zu f\u00fchren.<\/p><p>Diese <a href=\"https:\/\/laolaweb.com\/wordpress-agentur\/\">WordPress-Webseite<\/a> haben wir mit dem Page Builder von <a href=\"https:\/\/laolaweb.com\/elementor-agentur\/\">Elementor<\/a> umgesetzt.<\/p>\t\t\t\t\t\t\t\t<\/div>\n\t\t\t\t<\/div>\n\t\t\t\t<\/div>\n\t\t\t\t\t<\/div>\n\t\t\t\t<\/div>\n\t\t<div class=\"elementor-element elementor-element-9f47d97 e-flex e-con-boxed e-con e-parent\" data-id=\"9f47d97\" data-element_type=\"container\" data-e-type=\"container\" data-settings=\"{&quot;background_background&quot;:&quot;classic&quot;}\">\n\t\t\t\t\t<div class=\"e-con-inner\">\n\t\t<div class=\"elementor-element elementor-element-cefffba e-con-full e-flex e-con e-child\" data-id=\"cefffba\" data-element_type=\"container\" data-e-type=\"container\">\n\t\t<div class=\"elementor-element elementor-element-3721a4c e-con-full e-flex e-con e-child\" data-id=\"3721a4c\" data-element_type=\"container\" data-e-type=\"container\">\n\t\t\t\t<div class=\"elementor-element elementor-element-895652e drop_image elementor-widget elementor-widget-image\" data-id=\"895652e\" data-element_type=\"widget\" data-e-type=\"widget\" data-widget_type=\"image.default\">\n\t\t\t\t<div class=\"elementor-widget-container\">\n\t\t\t\t\t\t\t\t\t\t\t\t\t\t\t<img decoding=\"async\" width=\"726\" height=\"1024\" src=\"https:\/\/laolaweb.com\/wp-content\/uploads\/2026\/02\/refenzen-physio16-new-img.webp\" class=\"attachment-medium_large size-medium_large wp-image-19959\" alt=\"\" srcset=\"https:\/\/laolaweb.com\/wp-content\/uploads\/2026\/02\/refenzen-physio16-new-img.webp 726w, https:\/\/laolaweb.com\/wp-content\/uploads\/2026\/02\/refenzen-physio16-new-img-177x250.webp 177w, https:\/\/laolaweb.com\/wp-content\/uploads\/2026\/02\/refenzen-physio16-new-img-9x12.webp 9w\" sizes=\"(max-width: 726px) 100vw, 726px\" \/>\t\t\t\t\t\t\t\t\t\t\t\t\t\t\t<\/div>\n\t\t\t\t<\/div>\n\t\t\t\t<\/div>\n\t\t<div class=\"elementor-element elementor-element-76a6319 e-con-full e-flex e-con e-child\" data-id=\"76a6319\" data-element_type=\"container\" data-e-type=\"container\">\n\t\t\t\t<div class=\"elementor-element elementor-element-eb18162 elementor-widget elementor-widget-heading\" data-id=\"eb18162\" data-element_type=\"widget\" data-e-type=\"widget\" data-widget_type=\"heading.default\">\n\t\t\t\t<div class=\"elementor-widget-container\">\n\t\t\t\t\t<h2 class=\"elementor-heading-title elementor-size-default\">Schwerpunkte der Umsetzung<\/h2>\t\t\t\t<\/div>\n\t\t\t\t<\/div>\n\t\t\t\t<div class=\"elementor-element elementor-element-edb0aee elementor-widget__width-initial elementor-widget elementor-widget-text-editor\" data-id=\"edb0aee\" data-element_type=\"widget\" data-e-type=\"widget\" data-widget_type=\"text-editor.default\">\n\t\t\t\t<div class=\"elementor-widget-container\">\n\t\t\t\t\t\t\t\t\t<ul><li data-start=\"962\" data-end=\"1314\"><p data-start=\"964\" data-end=\"1314\"><strong data-start=\"964\" data-end=\"1001\">WordPress-Umsetzung mit Elementor<\/strong><br data-start=\"1001\" data-end=\"1004\" \/>Realisierung einer modernen WordPress-Website mit Elementor als flexibles Page-Builder-System. Dadurch entstand eine wartungsfreundliche, skalierbare und zukunftssichere Plattform, die dem Kunden maximale Flexibilit\u00e4t bei der sp\u00e4teren Inhaltspflege bietet und gleichzeitig hohe Performance-Standards erf\u00fcllt.<\/p><\/li><li data-start=\"1316\" data-end=\"1658\"><p data-start=\"1318\" data-end=\"1658\"><strong data-start=\"1318\" data-end=\"1350\">Pixelgenaue Design-Umsetzung<\/strong><br data-start=\"1350\" data-end=\"1353\" \/>Das von der preisgekr\u00f6nten Grafikdesignerin entwickelte Layout wurde von unserem Team <strong data-start=\"1441\" data-end=\"1482\">detailgetreu und pixelgenau umgesetzt<\/strong>. Typografie, Abst\u00e4nde, Farben, Bildkompositionen und Animationen wurden exakt nach Designvorgaben implementiert, um eine hochwertige, konsistente Markenwirkung zu garantieren.<\/p><\/li><li data-start=\"1660\" data-end=\"2028\"><p data-start=\"1662\" data-end=\"2028\"><strong data-start=\"1662\" data-end=\"1696\">Professionelle Bildintegration<\/strong><br data-start=\"1696\" data-end=\"1699\" \/>Besonderes Augenmerk lag auf der <strong data-start=\"1734\" data-end=\"1780\">Einbindung professionell erstellter Bilder<\/strong>. Diese wurden technisch optimiert, responsiv integriert und strategisch im Layout platziert, um eine emotionale Bildsprache, hohe visuelle Qualit\u00e4t und eine starke Vertrauenswirkung f\u00fcr Besucher zu erzeugen \u2013 bei gleichzeitig optimalen Ladezeiten.<\/p><\/li><li data-start=\"2030\" data-end=\"2361\"><p data-start=\"2032\" data-end=\"2361\"><strong data-start=\"2032\" data-end=\"2071\">Mehrsprachigkeit (Deutsch\/Englisch)<\/strong><br data-start=\"2071\" data-end=\"2074\" \/>Umsetzung einer vollst\u00e4ndig zweisprachigen Website mit klarer Sprachstruktur, sauberer URL-Logik und SEO-freundlicher Indexierung. Inhalte, Navigation und Seitenstruktur wurden so aufgebaut, dass sowohl deutsch- als auch englischsprachige Nutzer eine optimale User Experience erhalten.<\/p><\/li><\/ul>\t\t\t\t\t\t\t\t<\/div>\n\t\t\t\t<\/div>\n\t\t\t\t<\/div>\n\t\t\t\t<\/div>\n\t\t\t\t\t<\/div>\n\t\t\t\t<\/div>\n\t\t<div class=\"elementor-element elementor-element-c838108 e-flex e-con-boxed e-con e-parent\" data-id=\"c838108\" data-element_type=\"container\" data-e-type=\"container\" data-settings=\"{&quot;background_background&quot;:&quot;classic&quot;}\">\n\t\t\t\t\t<div class=\"e-con-inner\">\n\t\t<div class=\"elementor-element elementor-element-6f6ccb8 e-con-full e-flex e-con e-child\" data-id=\"6f6ccb8\" data-element_type=\"container\" data-e-type=\"container\">\n\t\t<div class=\"elementor-element elementor-element-05dc4b4 e-con-full e-flex e-con e-child\" data-id=\"05dc4b4\" data-element_type=\"container\" data-e-type=\"container\">\n\t\t\t\t<div class=\"elementor-element elementor-element-4efa1e4 elementor-widget elementor-widget-heading\" data-id=\"4efa1e4\" data-element_type=\"widget\" data-e-type=\"widget\" data-widget_type=\"heading.default\">\n\t\t\t\t<div class=\"elementor-widget-container\">\n\t\t\t\t\t<span class=\"elementor-heading-title elementor-size-default\">Ergebnis<\/span>\t\t\t\t<\/div>\n\t\t\t\t<\/div>\n\t\t\t\t<div class=\"elementor-element elementor-element-5800382 elementor-widget__width-initial elementor-widget elementor-widget-text-editor\" data-id=\"5800382\" data-element_type=\"widget\" data-e-type=\"widget\" data-widget_type=\"text-editor.default\">\n\t\t\t\t<div class=\"elementor-widget-container\">\n\t\t\t\t\t\t\t\t\t<p>Mit physio16.net entstand eine Website, die <strong data-start=\"3083\" data-end=\"3154\">Designqualit\u00e4t, technische Pr\u00e4zision und professionelle Bildwirkung<\/strong> vereint.<\/p><p>Das Projekt zeigt unsere St\u00e4rke in der <strong data-start=\"3203\" data-end=\"3260\">pixelgenauen Umsetzung anspruchsvoller Designkonzepte<\/strong>, der Integration hochwertiger visueller Inhalte und der Entwicklung moderner, SEO-optimierter WordPress-Websites mit Mehrsprachigkeit und klarer Markenf\u00fchrung.<\/p>\t\t\t\t\t\t\t\t<\/div>\n\t\t\t\t<\/div>\n\t\t\t\t<div class=\"elementor-element elementor-element-13c0480 elementor-align-left underline_button_drei elementor-tablet-align-left elementor-mobile-align-left elementor-widget elementor-widget-button\" data-id=\"13c0480\" data-element_type=\"widget\" data-e-type=\"widget\" data-settings=\"{&quot;motion_fx_motion_fx_scrolling&quot;:&quot;yes&quot;,&quot;motion_fx_devices&quot;:[&quot;desktop&quot;,&quot;laptop&quot;,&quot;tablet&quot;,&quot;mobile&quot;]}\" data-widget_type=\"button.default\">\n\t\t\t\t<div class=\"elementor-widget-container\">\n\t\t\t\t\t\t\t\t\t<div class=\"elementor-button-wrapper\">\n\t\t\t\t\t<a class=\"elementor-button elementor-button-link elementor-size-sm\" href=\"https:\/\/physio16.net\/\" target=\"_blank\">\n\t\t\t\t\t\t<span class=\"elementor-button-content-wrapper\">\n\t\t\t\t\t\t\t\t\t<span class=\"elementor-button-text\">Webseite ansehen<\/span>\n\t\t\t\t\t<\/span>\n\t\t\t\t\t<\/a>\n\t\t\t\t<\/div>\n\t\t\t\t\t\t\t\t<\/div>\n\t\t\t\t<\/div>\n\t\t\t\t<\/div>\n\t\t<div class=\"elementor-element elementor-element-e139435 e-con-full e-flex e-con e-child\" data-id=\"e139435\" data-element_type=\"container\" data-e-type=\"container\">\n\t\t\t\t<div class=\"elementor-element elementor-element-6d7c6f3 drop_image elementor-widget elementor-widget-image\" data-id=\"6d7c6f3\" data-element_type=\"widget\" data-e-type=\"widget\" data-widget_type=\"image.default\">\n\t\t\t\t<div class=\"elementor-widget-container\">\n\t\t\t\t\t\t\t\t\t\t\t\t\t\t\t<img decoding=\"async\" width=\"726\" height=\"1024\" src=\"https:\/\/laolaweb.com\/wp-content\/uploads\/2026\/02\/physio16-ref-img-3.webp\" class=\"attachment-medium_large size-medium_large wp-image-19958\" alt=\"\" srcset=\"https:\/\/laolaweb.com\/wp-content\/uploads\/2026\/02\/physio16-ref-img-3.webp 726w, https:\/\/laolaweb.com\/wp-content\/uploads\/2026\/02\/physio16-ref-img-3-177x250.webp 177w, https:\/\/laolaweb.com\/wp-content\/uploads\/2026\/02\/physio16-ref-img-3-9x12.webp 9w\" sizes=\"(max-width: 726px) 100vw, 726px\" \/>\t\t\t\t\t\t\t\t\t\t\t\t\t\t\t<\/div>\n\t\t\t\t<\/div>\n\t\t\t\t<\/div>\n\t\t\t\t<\/div>\n\t\t\t\t\t<\/div>\n\t\t\t\t<\/div>\n\t\t\t\t<\/div>\n\t\t","protected":false},"excerpt":{"rendered":"<p>REFERENZ Physio16 Webseite mit Elementor WordPress-Webseite mit Elementor Pro Physio16 ben\u00f6tigte eine moderne, professionelle und mehrsprachige Website, die sowohl die fachliche Kompetenz der Praxis als auch die visuelle Qualit\u00e4t der Marke widerspiegelt. Zentrales Ziel der Website war die gezielte F\u00f6rderung der Terminvereinbarung \u2013 durch klare Nutzerf\u00fchrung, vertrauensbildende Inhalte und conversion-optimierte Strukturen. Besonderer Fokus lag auf [&hellip;]<\/p>\n","protected":false},"author":1,"featured_media":0,"parent":44,"menu_order":0,"comment_status":"closed","ping_status":"closed","template":"","meta":{"footnotes":""},"class_list":["post-19950","page","type-page","status-publish","hentry"],"yoast_head":"<!-- This site is optimized with the Yoast SEO plugin v27.0 - https:\/\/yoast.com\/product\/yoast-seo-wordpress\/ -->\n<title>Physio16 Elementor Referenz - Internetagentur laOlaWeb - Agentur f\u00fcr WordPress<\/title>\n<meta name=\"description\" content=\"Physio16 ben\u00f6tigte eine moderne, professionelle und mehrsprachige Website. Diese WordPress-Webseite haben wir Elementor umgesetzt.\" \/>\n<meta name=\"robots\" content=\"index, follow, max-snippet:-1, max-image-preview:large, max-video-preview:-1\" \/>\n<link rel=\"canonical\" href=\"https:\/\/laolaweb.com\/en\/agency\/references\/physio16-elementor-reference\/\" \/>\n<meta property=\"og:locale\" content=\"en_GB\" \/>\n<meta property=\"og:type\" content=\"article\" \/>\n<meta property=\"og:title\" content=\"Physio16 Elementor Referenz - Internetagentur laOlaWeb - Agentur f\u00fcr WordPress\" \/>\n<meta property=\"og:description\" content=\"Physio16 ben\u00f6tigte eine moderne, professionelle und mehrsprachige Website. Diese WordPress-Webseite haben wir Elementor umgesetzt.\" \/>\n<meta property=\"og:url\" content=\"https:\/\/laolaweb.com\/en\/agency\/references\/physio16-elementor-reference\/\" \/>\n<meta property=\"og:site_name\" content=\"Internetagentur laOlaWeb - Agentur f\u00fcr WordPress\" \/>\n<meta property=\"article:modified_time\" content=\"2026-02-27T10:08:54+00:00\" \/>\n<meta property=\"og:image\" content=\"https:\/\/laolaweb.com\/wp-content\/uploads\/2026\/01\/Mockup-Physio16-isometriach-768x822.webp\" \/>\n<meta name=\"twitter:card\" content=\"summary_large_image\" \/>\n<meta name=\"twitter:label1\" content=\"Estimated reading time\" \/>\n\t<meta name=\"twitter:data1\" content=\"3 minutes\" \/>\n<!-- \/ Yoast SEO plugin. -->","yoast_head_json":{"title":"Physio16 Elementor reference - Internet agency laOlaWeb - Agentur f\u00fcr WordPress","description":"Physio16 needed a modern, professional and multilingual website. We implemented this WordPress website with Elementor.","robots":{"index":"index","follow":"follow","max-snippet":"max-snippet:-1","max-image-preview":"max-image-preview:large","max-video-preview":"max-video-preview:-1"},"canonical":"https:\/\/laolaweb.com\/en\/agency\/references\/physio16-elementor-reference\/","og_locale":"en_GB","og_type":"article","og_title":"Physio16 Elementor Referenz - Internetagentur laOlaWeb - Agentur f\u00fcr WordPress","og_description":"Physio16 ben\u00f6tigte eine moderne, professionelle und mehrsprachige Website. Diese WordPress-Webseite haben wir Elementor umgesetzt.","og_url":"https:\/\/laolaweb.com\/en\/agency\/references\/physio16-elementor-reference\/","og_site_name":"Internetagentur laOlaWeb - Agentur f\u00fcr WordPress","article_modified_time":"2026-02-27T10:08:54+00:00","og_image":[{"url":"https:\/\/laolaweb.com\/wp-content\/uploads\/2026\/01\/Mockup-Physio16-isometriach-768x822.webp","type":"","width":"","height":""}],"twitter_card":"summary_large_image","twitter_misc":{"Estimated reading time":"3 minutes"},"schema":{"@context":"https:\/\/schema.org","@graph":[{"@type":"TechArticle","@id":"https:\/\/laolaweb.com\/agentur\/referenzen\/physio16-elementor-referenz\/#article","isPartOf":{"@id":"https:\/\/laolaweb.com\/agentur\/referenzen\/physio16-elementor-referenz\/"},"author":{"name":"Manuel","@id":"https:\/\/laolaweb.com\/#\/schema\/person\/c91cf5a4d4b8445fd6a7c152951a70bd"},"headline":"Physio16 Elementor Referenz","datePublished":"2026-02-23T12:50:03+00:00","dateModified":"2026-02-27T10:08:54+00:00","mainEntityOfPage":{"@id":"https:\/\/laolaweb.com\/agentur\/referenzen\/physio16-elementor-referenz\/"},"wordCount":334,"publisher":{"@id":"https:\/\/laolaweb.com\/#organization"},"image":{"@id":"https:\/\/laolaweb.com\/agentur\/referenzen\/physio16-elementor-referenz\/#primaryimage"},"thumbnailUrl":"https:\/\/laolaweb.com\/wp-content\/uploads\/2026\/01\/Mockup-Physio16-isometriach-768x822.webp","inLanguage":"en-GB"},{"@type":"WebPage","@id":"https:\/\/laolaweb.com\/agentur\/referenzen\/physio16-elementor-referenz\/","url":"https:\/\/laolaweb.com\/agentur\/referenzen\/physio16-elementor-referenz\/","name":"Physio16 Elementor reference - Internet agency laOlaWeb - Agentur f\u00fcr WordPress","isPartOf":{"@id":"https:\/\/laolaweb.com\/#website"},"primaryImageOfPage":{"@id":"https:\/\/laolaweb.com\/agentur\/referenzen\/physio16-elementor-referenz\/#primaryimage"},"image":{"@id":"https:\/\/laolaweb.com\/agentur\/referenzen\/physio16-elementor-referenz\/#primaryimage"},"thumbnailUrl":"https:\/\/laolaweb.com\/wp-content\/uploads\/2026\/01\/Mockup-Physio16-isometriach-768x822.webp","datePublished":"2026-02-23T12:50:03+00:00","dateModified":"2026-02-27T10:08:54+00:00","description":"Physio16 needed a modern, professional and multilingual website. We implemented this WordPress website with Elementor.","breadcrumb":{"@id":"https:\/\/laolaweb.com\/agentur\/referenzen\/physio16-elementor-referenz\/#breadcrumb"},"inLanguage":"en-GB","potentialAction":[{"@type":"ReadAction","target":["https:\/\/laolaweb.com\/agentur\/referenzen\/physio16-elementor-referenz\/"]}]},{"@type":"ImageObject","inLanguage":"en-GB","@id":"https:\/\/laolaweb.com\/agentur\/referenzen\/physio16-elementor-referenz\/#primaryimage","url":"https:\/\/laolaweb.com\/wp-content\/uploads\/2026\/01\/Mockup-Physio16-isometriach-768x822.webp","contentUrl":"https:\/\/laolaweb.com\/wp-content\/uploads\/2026\/01\/Mockup-Physio16-isometriach-768x822.webp"},{"@type":"BreadcrumbList","@id":"https:\/\/laolaweb.com\/agentur\/referenzen\/physio16-elementor-referenz\/#breadcrumb","itemListElement":[{"@type":"ListItem","position":1,"name":"Startseite","item":"https:\/\/laolaweb.com\/"},{"@type":"ListItem","position":2,"name":"\u00dcber uns","item":"https:\/\/laolaweb.com\/agentur\/"},{"@type":"ListItem","position":3,"name":"Referenzen","item":"https:\/\/laolaweb.com\/agentur\/referenzen\/"},{"@type":"ListItem","position":4,"name":"Physio16 Elementor Referenz"}]},{"@type":"WebSite","@id":"https:\/\/laolaweb.com\/#website","url":"https:\/\/laolaweb.com\/","name":"Internet agency laOlaWeb - Agency for WordPress","description":"Professional WordPress websites","publisher":{"@id":"https:\/\/laolaweb.com\/#organization"},"potentialAction":[{"@type":"SearchAction","target":{"@type":"EntryPoint","urlTemplate":"https:\/\/laolaweb.com\/?s={search_term_string}"},"query-input":{"@type":"PropertyValueSpecification","valueRequired":true,"valueName":"search_term_string"}}],"inLanguage":"en-GB"},{"@type":"Organization","@id":"https:\/\/laolaweb.com\/#organization","name":"laOlaWeb GmbH","url":"https:\/\/laolaweb.com\/","logo":{"@type":"ImageObject","inLanguage":"en-GB","@id":"https:\/\/laolaweb.com\/#\/schema\/logo\/image\/","url":"https:\/\/laolaweb.com\/wp-content\/uploads\/2022\/06\/laolaweb-internetagentur.jpg","contentUrl":"https:\/\/laolaweb.com\/wp-content\/uploads\/2022\/06\/laolaweb-internetagentur.jpg","width":400,"height":367,"caption":"laOlaWeb GmbH"},"image":{"@id":"https:\/\/laolaweb.com\/#\/schema\/logo\/image\/"}},{"@type":"Person","@id":"https:\/\/laolaweb.com\/#\/schema\/person\/c91cf5a4d4b8445fd6a7c152951a70bd","name":"Manuel","sameAs":["http:\/\/laolaweb.com"]}]}},"_links":{"self":[{"href":"https:\/\/laolaweb.com\/en\/wp-json\/wp\/v2\/pages\/19950","targetHints":{"allow":["GET"]}}],"collection":[{"href":"https:\/\/laolaweb.com\/en\/wp-json\/wp\/v2\/pages"}],"about":[{"href":"https:\/\/laolaweb.com\/en\/wp-json\/wp\/v2\/types\/page"}],"author":[{"embeddable":true,"href":"https:\/\/laolaweb.com\/en\/wp-json\/wp\/v2\/users\/1"}],"replies":[{"embeddable":true,"href":"https:\/\/laolaweb.com\/en\/wp-json\/wp\/v2\/comments?post=19950"}],"version-history":[{"count":10,"href":"https:\/\/laolaweb.com\/en\/wp-json\/wp\/v2\/pages\/19950\/revisions"}],"predecessor-version":[{"id":19966,"href":"https:\/\/laolaweb.com\/en\/wp-json\/wp\/v2\/pages\/19950\/revisions\/19966"}],"up":[{"embeddable":true,"href":"https:\/\/laolaweb.com\/en\/wp-json\/wp\/v2\/pages\/44"}],"wp:attachment":[{"href":"https:\/\/laolaweb.com\/en\/wp-json\/wp\/v2\/media?parent=19950"}],"curies":[{"name":"wp","href":"https:\/\/api.w.org\/{rel}","templated":true}]}}