{"id":19938,"date":"2026-02-23T13:17:04","date_gmt":"2026-02-23T12:17:04","guid":{"rendered":"https:\/\/laolaweb.com\/?page_id=19938"},"modified":"2026-02-27T10:53:13","modified_gmt":"2026-02-27T09:53:13","slug":"allectra-woocommerce-reference","status":"publish","type":"page","link":"https:\/\/laolaweb.com\/en\/agentur\/referenzen\/allectra-woocommerce-referenz\/","title":{"rendered":"Allectra WooCommerce Reference\u00a0"},"content":{"rendered":"\t\t<div data-elementor-type=\"wp-page\" data-elementor-id=\"19938\" class=\"elementor elementor-19938\" data-elementor-post-type=\"page\">\n\t\t\t\t<div class=\"elementor-element elementor-element-14edf17 e-flex e-con-boxed e-con e-parent\" data-id=\"14edf17\" data-element_type=\"container\" data-e-type=\"container\" data-settings=\"{&quot;background_background&quot;:&quot;classic&quot;}\">\n\t\t\t\t\t<div class=\"e-con-inner\">\n\t\t<div class=\"elementor-element elementor-element-c051277 rotate e-con-full e-flex e-con e-child\" data-id=\"c051277\" data-element_type=\"container\" data-e-type=\"container\">\n\t\t\t\t<div class=\"elementor-element elementor-element-2f0abff text-trans-zwei elementor-widget elementor-widget-text-editor\" data-id=\"2f0abff\" data-element_type=\"widget\" data-e-type=\"widget\" data-widget_type=\"text-editor.default\">\n\t\t\t\t<div class=\"elementor-widget-container\">\n\t\t\t\t\t\t\t\t\t<p>REFERENZ<\/p>\t\t\t\t\t\t\t\t<\/div>\n\t\t\t\t<\/div>\n\t\t\t\t<div class=\"elementor-element elementor-element-7763133 text-trans elementor-widget elementor-widget-heading\" data-id=\"7763133\" data-element_type=\"widget\" data-e-type=\"widget\" data-widget_type=\"heading.default\">\n\t\t\t\t<div class=\"elementor-widget-container\">\n\t\t\t\t\t<p class=\"elementor-heading-title elementor-size-default\">Allectra<\/p>\t\t\t\t<\/div>\n\t\t\t\t<\/div>\n\t\t\t\t<div class=\"elementor-element elementor-element-1dede68 text-trans elementor-widget elementor-widget-text-editor\" data-id=\"1dede68\" data-element_type=\"widget\" data-e-type=\"widget\" data-widget_type=\"text-editor.default\">\n\t\t\t\t<div class=\"elementor-widget-container\">\n\t\t\t\t\t\t\t\t\t<p>Onlineshop mit WooCommerce<\/p>\t\t\t\t\t\t\t\t<\/div>\n\t\t\t\t<\/div>\n\t\t\t\t<\/div>\n\t\t\t\t\t<\/div>\n\t\t\t\t<\/div>\n\t\t<div class=\"elementor-element elementor-element-b27998b e-flex e-con-boxed e-con e-parent\" data-id=\"b27998b\" data-element_type=\"container\" data-e-type=\"container\">\n\t\t\t\t\t<div class=\"e-con-inner\">\n\t\t<div class=\"elementor-element elementor-element-2232ed7 e-con-full e-flex e-con e-child\" data-id=\"2232ed7\" data-element_type=\"container\" data-e-type=\"container\">\n\t\t\t\t<div class=\"elementor-element elementor-element-4dd7e7b elementor-widget__width-initial elementor-widget elementor-widget-heading\" data-id=\"4dd7e7b\" data-element_type=\"widget\" data-e-type=\"widget\" data-widget_type=\"heading.default\">\n\t\t\t\t<div class=\"elementor-widget-container\">\n\t\t\t\t\t<h1 class=\"elementor-heading-title elementor-size-default\">Redesign des Allectra-Onlineshop mit WooCommerce und Elementor Pro<\/h1>\t\t\t\t<\/div>\n\t\t\t\t<\/div>\n\t\t\t\t<div class=\"elementor-element elementor-element-8f62ffc elementor-widget elementor-widget-image\" data-id=\"8f62ffc\" data-element_type=\"widget\" data-e-type=\"widget\" data-widget_type=\"image.default\">\n\t\t\t\t<div class=\"elementor-widget-container\">\n\t\t\t\t\t\t\t\t\t\t\t\t\t\t\t<img fetchpriority=\"high\" decoding=\"async\" width=\"768\" height=\"822\" src=\"https:\/\/laolaweb.com\/wp-content\/uploads\/2026\/01\/Mockup-allectra-4-768x822.webp\" class=\"attachment-medium_large size-medium_large wp-image-19818\" alt=\"\" srcset=\"https:\/\/laolaweb.com\/wp-content\/uploads\/2026\/01\/Mockup-allectra-4-768x822.webp 768w, https:\/\/laolaweb.com\/wp-content\/uploads\/2026\/01\/Mockup-allectra-4-234x250.webp 234w, https:\/\/laolaweb.com\/wp-content\/uploads\/2026\/01\/Mockup-allectra-4-957x1024.webp 957w, https:\/\/laolaweb.com\/wp-content\/uploads\/2026\/01\/Mockup-allectra-4-11x12.webp 11w, https:\/\/laolaweb.com\/wp-content\/uploads\/2026\/01\/Mockup-allectra-4.webp 1200w\" sizes=\"(max-width: 768px) 100vw, 768px\" \/>\t\t\t\t\t\t\t\t\t\t\t\t\t\t\t<\/div>\n\t\t\t\t<\/div>\n\t\t\t\t<div class=\"elementor-element elementor-element-8d593e9 elementor-widget__width-initial elementor-widget elementor-widget-text-editor\" data-id=\"8d593e9\" data-element_type=\"widget\" data-e-type=\"widget\" data-widget_type=\"text-editor.default\">\n\t\t\t\t<div class=\"elementor-widget-container\">\n\t\t\t\t\t\t\t\t\t<p>Allectra ben\u00f6tigte eine leistungsstarke, skalierbare und international ausgerichtete E-Commerce-Plattform f\u00fcr den Onlinehandel mit einem Sortiment von \u00fcber <strong data-start=\"574\" data-end=\"593\">5.000 Produkten<\/strong>.<\/p><p>Ziel war es, einen modernen WordPress-Onlineshop zu realisieren, der sowohl technisch als auch inhaltlich h\u00f6chsten Anforderungen entspricht \u2013 inklusive <strong data-start=\"747\" data-end=\"786\">Mehrsprachigkeit (Deutsch\/Englisch)<\/strong> und der <strong data-start=\"795\" data-end=\"878\">Anbindung an eine individuelle Warenwirtschaft<\/strong><\/p><p>Diese <a href=\"https:\/\/laolaweb.com\/wordpress-agentur\/\">WordPress-Webseite<\/a> haben wir mit <a href=\"\/woocommerce-agentur\/\">WooCommerce<\/a> und dem Page Builder von <a href=\"https:\/\/laolaweb.com\/elementor-agentur\/\">Elementor<\/a> umgesetzt.<\/p>\t\t\t\t\t\t\t\t<\/div>\n\t\t\t\t<\/div>\n\t\t\t\t<\/div>\n\t\t\t\t\t<\/div>\n\t\t\t\t<\/div>\n\t\t<div class=\"elementor-element elementor-element-5cfaf75 e-flex e-con-boxed e-con e-parent\" data-id=\"5cfaf75\" data-element_type=\"container\" data-e-type=\"container\" data-settings=\"{&quot;background_background&quot;:&quot;classic&quot;}\">\n\t\t\t\t\t<div class=\"e-con-inner\">\n\t\t<div class=\"elementor-element elementor-element-a9674e0 e-con-full e-flex e-con e-child\" data-id=\"a9674e0\" data-element_type=\"container\" data-e-type=\"container\">\n\t\t<div class=\"elementor-element elementor-element-1b3d91d e-con-full e-flex e-con e-child\" data-id=\"1b3d91d\" data-element_type=\"container\" data-e-type=\"container\">\n\t\t\t\t<div class=\"elementor-element elementor-element-18d2295 drop_image elementor-widget elementor-widget-image\" data-id=\"18d2295\" data-element_type=\"widget\" data-e-type=\"widget\" data-widget_type=\"image.default\">\n\t\t\t\t<div class=\"elementor-widget-container\">\n\t\t\t\t\t\t\t\t\t\t\t\t\t\t\t<img decoding=\"async\" width=\"726\" height=\"1024\" src=\"https:\/\/laolaweb.com\/wp-content\/uploads\/2026\/01\/Mockup-allectra-3.webp\" class=\"attachment-medium_large size-medium_large wp-image-19819\" alt=\"\" srcset=\"https:\/\/laolaweb.com\/wp-content\/uploads\/2026\/01\/Mockup-allectra-3.webp 726w, https:\/\/laolaweb.com\/wp-content\/uploads\/2026\/01\/Mockup-allectra-3-177x250.webp 177w, https:\/\/laolaweb.com\/wp-content\/uploads\/2026\/01\/Mockup-allectra-3-9x12.webp 9w\" sizes=\"(max-width: 726px) 100vw, 726px\" \/>\t\t\t\t\t\t\t\t\t\t\t\t\t\t\t<\/div>\n\t\t\t\t<\/div>\n\t\t\t\t<\/div>\n\t\t<div class=\"elementor-element elementor-element-f8b29ff e-con-full e-flex e-con e-child\" data-id=\"f8b29ff\" data-element_type=\"container\" data-e-type=\"container\">\n\t\t\t\t<div class=\"elementor-element elementor-element-6463370 elementor-widget elementor-widget-heading\" data-id=\"6463370\" data-element_type=\"widget\" data-e-type=\"widget\" data-widget_type=\"heading.default\">\n\t\t\t\t<div class=\"elementor-widget-container\">\n\t\t\t\t\t<h2 class=\"elementor-heading-title elementor-size-default\">Schwerpunkte der Umsetzung<\/h2>\t\t\t\t<\/div>\n\t\t\t\t<\/div>\n\t\t\t\t<div class=\"elementor-element elementor-element-d44e749 elementor-widget__width-initial elementor-widget elementor-widget-text-editor\" data-id=\"d44e749\" data-element_type=\"widget\" data-e-type=\"widget\" data-widget_type=\"text-editor.default\">\n\t\t\t\t<div class=\"elementor-widget-container\">\n\t\t\t\t\t\t\t\t\t<ul><li data-start=\"139\" data-end=\"602\"><p data-start=\"141\" data-end=\"602\"><strong data-start=\"141\" data-end=\"165\">Technische Umsetzung<\/strong><br data-start=\"165\" data-end=\"168\" \/>Umsetzung eines leistungsstarken WordPress-Onlineshops auf WooCommerce-Basis mit skalierbarer Systemarchitektur f\u00fcr \u00fcber 5.000 Produkte. Die technische Struktur wurde auf hohe Performance, Stabilit\u00e4t und Erweiterbarkeit ausgelegt. Durch saubere Code-Strukturen, Caching-Mechanismen und gezielte Performance-Optimierung entstand eine schnelle, zuverl\u00e4ssige Plattform mit optimaler User Experience auf allen Endger\u00e4ten (Mobile First).<\/p><\/li><li data-start=\"604\" data-end=\"1008\"><p data-start=\"606\" data-end=\"1008\"><strong data-start=\"606\" data-end=\"645\">Mehrsprachigkeit (Deutsch\/Englisch)<\/strong><br data-start=\"645\" data-end=\"648\" \/>Integration eines vollst\u00e4ndig zweisprachigen Systems mit zentraler Inhalts- und Produktverwaltung. Die Sprachversionen wurden SEO-freundlich aufgebaut, inklusive sauberer URL-Struktur, hreflang-Attributen und klarer Indexierungslogik. Dadurch wird sowohl die internationale Sichtbarkeit als auch die Benutzerf\u00fchrung f\u00fcr unterschiedliche Zielm\u00e4rkte optimiert.<\/p><\/li><li data-start=\"1010\" data-end=\"1402\"><p data-start=\"1012\" data-end=\"1402\"><strong data-start=\"1012\" data-end=\"1049\">Anbindung an Warenwirtschaft<\/strong><br data-start=\"1049\" data-end=\"1052\" \/>Entwicklung einer individuellen API-Schnittstelle zur Anbindung der propriet\u00e4ren Warenwirtschaft. Produktdaten, Lagerbest\u00e4nde, Preise, Bestellungen und Kundendaten werden automatisiert und in Echtzeit synchronisiert. Dadurch entstehen effiziente Prozesse, hohe Datenkonsistenz und eine nahtlose Verbindung zwischen Online-Shop und Backend-Systemen.<\/p><\/li><li data-start=\"1404\" data-end=\"1748\"><p data-start=\"1406\" data-end=\"1748\"><strong data-start=\"1406\" data-end=\"1436\">E-Commerce-Funktionen &amp; UX<\/strong><br data-start=\"1436\" data-end=\"1439\" \/>Umsetzung intelligenter Produktfilter, leistungsstarker Suchfunktionen und strukturierter Kategorielogik f\u00fcr gro\u00dfe Sortimente. Der Checkout-Prozess wurde gezielt conversion-optimiert und die gesamte User Experience klar, intuitiv und nutzerzentriert gestaltet, um die Conversion-Rate nachhaltig zu steigern.<\/p><\/li><\/ul>\t\t\t\t\t\t\t\t<\/div>\n\t\t\t\t<\/div>\n\t\t\t\t<\/div>\n\t\t\t\t<\/div>\n\t\t\t\t\t<\/div>\n\t\t\t\t<\/div>\n\t\t<div class=\"elementor-element elementor-element-7023fd9 e-flex e-con-boxed e-con e-parent\" data-id=\"7023fd9\" data-element_type=\"container\" data-e-type=\"container\" data-settings=\"{&quot;background_background&quot;:&quot;classic&quot;}\">\n\t\t\t\t\t<div class=\"e-con-inner\">\n\t\t<div class=\"elementor-element elementor-element-3632edb e-con-full e-flex e-con e-child\" data-id=\"3632edb\" data-element_type=\"container\" data-e-type=\"container\">\n\t\t<div class=\"elementor-element elementor-element-53ba9e2 e-con-full e-flex e-con e-child\" data-id=\"53ba9e2\" data-element_type=\"container\" data-e-type=\"container\">\n\t\t\t\t<div class=\"elementor-element elementor-element-322fc8a elementor-widget elementor-widget-heading\" data-id=\"322fc8a\" data-element_type=\"widget\" data-e-type=\"widget\" data-widget_type=\"heading.default\">\n\t\t\t\t<div class=\"elementor-widget-container\">\n\t\t\t\t\t<span class=\"elementor-heading-title elementor-size-default\">Ergebnis<\/span>\t\t\t\t<\/div>\n\t\t\t\t<\/div>\n\t\t\t\t<div class=\"elementor-element elementor-element-f94feb3 elementor-widget__width-initial elementor-widget elementor-widget-text-editor\" data-id=\"f94feb3\" data-element_type=\"widget\" data-e-type=\"widget\" data-widget_type=\"text-editor.default\">\n\t\t\t\t<div class=\"elementor-widget-container\">\n\t\t\t\t\t\t\t\t\tMit allectra.com wurde eine leistungsstarke E-Commerce-Plattform geschaffen, die technische Komplexit\u00e4t, Benutzerfreundlichkeit und Performance vereint. Das Projekt zeigt unsere Expertise in der Entwicklung komplexer WordPress-Onlineshops mit individueller Systemintegration, Mehrsprachigkeit und skalierbarer Architektur.\t\t\t\t\t\t\t\t<\/div>\n\t\t\t\t<\/div>\n\t\t\t\t<div class=\"elementor-element elementor-element-2aab3bc elementor-align-left underline_button_drei elementor-tablet-align-left elementor-mobile-align-left elementor-widget elementor-widget-button\" data-id=\"2aab3bc\" data-element_type=\"widget\" data-e-type=\"widget\" data-settings=\"{&quot;motion_fx_motion_fx_scrolling&quot;:&quot;yes&quot;,&quot;motion_fx_devices&quot;:[&quot;desktop&quot;,&quot;laptop&quot;,&quot;tablet&quot;,&quot;mobile&quot;]}\" data-widget_type=\"button.default\">\n\t\t\t\t<div class=\"elementor-widget-container\">\n\t\t\t\t\t\t\t\t\t<div class=\"elementor-button-wrapper\">\n\t\t\t\t\t<a class=\"elementor-button elementor-button-link elementor-size-sm\" href=\"https:\/\/www.allectra.com\/\" target=\"_blank\">\n\t\t\t\t\t\t<span class=\"elementor-button-content-wrapper\">\n\t\t\t\t\t\t\t\t\t<span class=\"elementor-button-text\">Webseite ansehen<\/span>\n\t\t\t\t\t<\/span>\n\t\t\t\t\t<\/a>\n\t\t\t\t<\/div>\n\t\t\t\t\t\t\t\t<\/div>\n\t\t\t\t<\/div>\n\t\t\t\t<\/div>\n\t\t<div class=\"elementor-element elementor-element-e046ac6 e-con-full e-flex e-con e-child\" data-id=\"e046ac6\" data-element_type=\"container\" data-e-type=\"container\">\n\t\t\t\t<div class=\"elementor-element elementor-element-6183b55 drop_image elementor-widget elementor-widget-image\" data-id=\"6183b55\" data-element_type=\"widget\" data-e-type=\"widget\" data-widget_type=\"image.default\">\n\t\t\t\t<div class=\"elementor-widget-container\">\n\t\t\t\t\t\t\t\t\t\t\t\t\t\t\t<img decoding=\"async\" width=\"726\" height=\"1024\" src=\"https:\/\/laolaweb.com\/wp-content\/uploads\/2026\/01\/Mockup-allectra-2.webp\" class=\"attachment-medium_large size-medium_large wp-image-19820\" alt=\"\" srcset=\"https:\/\/laolaweb.com\/wp-content\/uploads\/2026\/01\/Mockup-allectra-2.webp 726w, https:\/\/laolaweb.com\/wp-content\/uploads\/2026\/01\/Mockup-allectra-2-177x250.webp 177w, https:\/\/laolaweb.com\/wp-content\/uploads\/2026\/01\/Mockup-allectra-2-9x12.webp 9w\" sizes=\"(max-width: 726px) 100vw, 726px\" \/>\t\t\t\t\t\t\t\t\t\t\t\t\t\t\t<\/div>\n\t\t\t\t<\/div>\n\t\t\t\t<\/div>\n\t\t\t\t<\/div>\n\t\t\t\t\t<\/div>\n\t\t\t\t<\/div>\n\t\t\t\t<\/div>\n\t\t","protected":false},"excerpt":{"rendered":"<p>REFERENZ Allectra Onlineshop mit WooCommerce Redesign des Allectra-Onlineshop mit WooCommerce und Elementor Pro Allectra ben\u00f6tigte eine leistungsstarke, skalierbare und international ausgerichtete E-Commerce-Plattform f\u00fcr den Onlinehandel mit einem Sortiment von \u00fcber 5.000 Produkten. Ziel war es, einen modernen WordPress-Onlineshop zu realisieren, der sowohl technisch als auch inhaltlich h\u00f6chsten Anforderungen entspricht \u2013 inklusive Mehrsprachigkeit (Deutsch\/Englisch) und der [&hellip;]<\/p>\n","protected":false},"author":1,"featured_media":0,"parent":44,"menu_order":0,"comment_status":"closed","ping_status":"closed","template":"","meta":{"footnotes":""},"class_list":["post-19938","page","type-page","status-publish","hentry"],"yoast_head":"<!-- This site is optimized with the Yoast SEO plugin v27.0 - https:\/\/yoast.com\/product\/yoast-seo-wordpress\/ -->\n<title>Allectra WooCommerce Referenz\u00a0 - Internetagentur laOlaWeb - Agentur f\u00fcr WordPress<\/title>\n<meta name=\"description\" content=\"Referenz \u00fcber Redesign des Allectra-Onlineshop mit WooCommerce und Elementor Pro.\" \/>\n<meta name=\"robots\" content=\"index, follow, max-snippet:-1, max-image-preview:large, max-video-preview:-1\" \/>\n<link rel=\"canonical\" href=\"https:\/\/laolaweb.com\/en\/agency\/references\/allectra-woocommerce-reference\/\" \/>\n<meta property=\"og:locale\" content=\"en_GB\" \/>\n<meta property=\"og:type\" content=\"article\" \/>\n<meta property=\"og:title\" content=\"Allectra WooCommerce Referenz\u00a0 - Internetagentur laOlaWeb - Agentur f\u00fcr WordPress\" \/>\n<meta property=\"og:description\" content=\"Referenz \u00fcber Redesign des Allectra-Onlineshop mit WooCommerce und Elementor Pro.\" \/>\n<meta property=\"og:url\" content=\"https:\/\/laolaweb.com\/en\/agency\/references\/allectra-woocommerce-reference\/\" \/>\n<meta property=\"og:site_name\" content=\"Internetagentur laOlaWeb - Agentur f\u00fcr WordPress\" \/>\n<meta property=\"article:modified_time\" content=\"2026-02-27T09:53:13+00:00\" \/>\n<meta property=\"og:image\" content=\"https:\/\/laolaweb.com\/wp-content\/uploads\/2026\/01\/Mockup-allectra-4-768x822.webp\" \/>\n<meta name=\"twitter:card\" content=\"summary_large_image\" \/>\n<meta name=\"twitter:label1\" content=\"Estimated reading time\" \/>\n\t<meta name=\"twitter:data1\" content=\"3 minutes\" \/>\n<!-- \/ Yoast SEO plugin. -->","yoast_head_json":{"title":"Allectra WooCommerce reference - Internet agency laOlaWeb - Agentur f\u00fcr WordPress","description":"Reference about redesign of the Allectra online shop with WooCommerce and Elementor Pro.","robots":{"index":"index","follow":"follow","max-snippet":"max-snippet:-1","max-image-preview":"max-image-preview:large","max-video-preview":"max-video-preview:-1"},"canonical":"https:\/\/laolaweb.com\/en\/agency\/references\/allectra-woocommerce-reference\/","og_locale":"en_GB","og_type":"article","og_title":"Allectra WooCommerce Referenz\u00a0 - Internetagentur laOlaWeb - Agentur f\u00fcr WordPress","og_description":"Referenz \u00fcber Redesign des Allectra-Onlineshop mit WooCommerce und Elementor Pro.","og_url":"https:\/\/laolaweb.com\/en\/agency\/references\/allectra-woocommerce-reference\/","og_site_name":"Internetagentur laOlaWeb - Agentur f\u00fcr WordPress","article_modified_time":"2026-02-27T09:53:13+00:00","og_image":[{"url":"https:\/\/laolaweb.com\/wp-content\/uploads\/2026\/01\/Mockup-allectra-4-768x822.webp","type":"","width":"","height":""}],"twitter_card":"summary_large_image","twitter_misc":{"Estimated reading time":"3 minutes"},"schema":{"@context":"https:\/\/schema.org","@graph":[{"@type":"TechArticle","@id":"https:\/\/laolaweb.com\/agentur\/referenzen\/allectra-woocommerce-referenz\/#article","isPartOf":{"@id":"https:\/\/laolaweb.com\/agentur\/referenzen\/allectra-woocommerce-referenz\/"},"author":{"name":"Manuel","@id":"https:\/\/laolaweb.com\/#\/schema\/person\/c91cf5a4d4b8445fd6a7c152951a70bd"},"headline":"Allectra WooCommerce Referenz\u00a0","datePublished":"2026-02-23T12:17:04+00:00","dateModified":"2026-02-27T09:53:13+00:00","mainEntityOfPage":{"@id":"https:\/\/laolaweb.com\/agentur\/referenzen\/allectra-woocommerce-referenz\/"},"wordCount":287,"publisher":{"@id":"https:\/\/laolaweb.com\/#organization"},"image":{"@id":"https:\/\/laolaweb.com\/agentur\/referenzen\/allectra-woocommerce-referenz\/#primaryimage"},"thumbnailUrl":"https:\/\/laolaweb.com\/wp-content\/uploads\/2026\/01\/Mockup-allectra-4-768x822.webp","inLanguage":"en-GB"},{"@type":"WebPage","@id":"https:\/\/laolaweb.com\/agentur\/referenzen\/allectra-woocommerce-referenz\/","url":"https:\/\/laolaweb.com\/agentur\/referenzen\/allectra-woocommerce-referenz\/","name":"Allectra WooCommerce reference - Internet agency laOlaWeb - Agentur f\u00fcr WordPress","isPartOf":{"@id":"https:\/\/laolaweb.com\/#website"},"primaryImageOfPage":{"@id":"https:\/\/laolaweb.com\/agentur\/referenzen\/allectra-woocommerce-referenz\/#primaryimage"},"image":{"@id":"https:\/\/laolaweb.com\/agentur\/referenzen\/allectra-woocommerce-referenz\/#primaryimage"},"thumbnailUrl":"https:\/\/laolaweb.com\/wp-content\/uploads\/2026\/01\/Mockup-allectra-4-768x822.webp","datePublished":"2026-02-23T12:17:04+00:00","dateModified":"2026-02-27T09:53:13+00:00","description":"Reference about redesign of the Allectra online shop with WooCommerce and Elementor Pro.","breadcrumb":{"@id":"https:\/\/laolaweb.com\/agentur\/referenzen\/allectra-woocommerce-referenz\/#breadcrumb"},"inLanguage":"en-GB","potentialAction":[{"@type":"ReadAction","target":["https:\/\/laolaweb.com\/agentur\/referenzen\/allectra-woocommerce-referenz\/"]}]},{"@type":"ImageObject","inLanguage":"en-GB","@id":"https:\/\/laolaweb.com\/agentur\/referenzen\/allectra-woocommerce-referenz\/#primaryimage","url":"https:\/\/laolaweb.com\/wp-content\/uploads\/2026\/01\/Mockup-allectra-4-768x822.webp","contentUrl":"https:\/\/laolaweb.com\/wp-content\/uploads\/2026\/01\/Mockup-allectra-4-768x822.webp"},{"@type":"BreadcrumbList","@id":"https:\/\/laolaweb.com\/agentur\/referenzen\/allectra-woocommerce-referenz\/#breadcrumb","itemListElement":[{"@type":"ListItem","position":1,"name":"Startseite","item":"https:\/\/laolaweb.com\/"},{"@type":"ListItem","position":2,"name":"\u00dcber uns","item":"https:\/\/laolaweb.com\/agentur\/"},{"@type":"ListItem","position":3,"name":"Referenzen","item":"https:\/\/laolaweb.com\/agentur\/referenzen\/"},{"@type":"ListItem","position":4,"name":"Allectra WooCommerce Referenz\u00a0"}]},{"@type":"WebSite","@id":"https:\/\/laolaweb.com\/#website","url":"https:\/\/laolaweb.com\/","name":"Internet agency laOlaWeb - Agency for WordPress","description":"Professional WordPress websites","publisher":{"@id":"https:\/\/laolaweb.com\/#organization"},"potentialAction":[{"@type":"SearchAction","target":{"@type":"EntryPoint","urlTemplate":"https:\/\/laolaweb.com\/?s={search_term_string}"},"query-input":{"@type":"PropertyValueSpecification","valueRequired":true,"valueName":"search_term_string"}}],"inLanguage":"en-GB"},{"@type":"Organization","@id":"https:\/\/laolaweb.com\/#organization","name":"laOlaWeb GmbH","url":"https:\/\/laolaweb.com\/","logo":{"@type":"ImageObject","inLanguage":"en-GB","@id":"https:\/\/laolaweb.com\/#\/schema\/logo\/image\/","url":"https:\/\/laolaweb.com\/wp-content\/uploads\/2022\/06\/laolaweb-internetagentur.jpg","contentUrl":"https:\/\/laolaweb.com\/wp-content\/uploads\/2022\/06\/laolaweb-internetagentur.jpg","width":400,"height":367,"caption":"laOlaWeb GmbH"},"image":{"@id":"https:\/\/laolaweb.com\/#\/schema\/logo\/image\/"}},{"@type":"Person","@id":"https:\/\/laolaweb.com\/#\/schema\/person\/c91cf5a4d4b8445fd6a7c152951a70bd","name":"Manuel","sameAs":["http:\/\/laolaweb.com"]}]}},"_links":{"self":[{"href":"https:\/\/laolaweb.com\/en\/wp-json\/wp\/v2\/pages\/19938","targetHints":{"allow":["GET"]}}],"collection":[{"href":"https:\/\/laolaweb.com\/en\/wp-json\/wp\/v2\/pages"}],"about":[{"href":"https:\/\/laolaweb.com\/en\/wp-json\/wp\/v2\/types\/page"}],"author":[{"embeddable":true,"href":"https:\/\/laolaweb.com\/en\/wp-json\/wp\/v2\/users\/1"}],"replies":[{"embeddable":true,"href":"https:\/\/laolaweb.com\/en\/wp-json\/wp\/v2\/comments?post=19938"}],"version-history":[{"count":8,"href":"https:\/\/laolaweb.com\/en\/wp-json\/wp\/v2\/pages\/19938\/revisions"}],"predecessor-version":[{"id":19987,"href":"https:\/\/laolaweb.com\/en\/wp-json\/wp\/v2\/pages\/19938\/revisions\/19987"}],"up":[{"embeddable":true,"href":"https:\/\/laolaweb.com\/en\/wp-json\/wp\/v2\/pages\/44"}],"wp:attachment":[{"href":"https:\/\/laolaweb.com\/en\/wp-json\/wp\/v2\/media?parent=19938"}],"curies":[{"name":"wp","href":"https:\/\/api.w.org\/{rel}","templated":true}]}}