{"id":19901,"date":"2026-01-30T15:57:34","date_gmt":"2026-01-30T14:57:34","guid":{"rendered":"https:\/\/laolaweb.com\/?page_id=19901"},"modified":"2026-02-27T11:04:31","modified_gmt":"2026-02-27T10:04:31","slug":"imlot-consulting-elementor-reference","status":"publish","type":"page","link":"https:\/\/laolaweb.com\/en\/agentur\/referenzen\/imlot-consulting-elementor-referenz\/","title":{"rendered":"ImLot Consulting Elementor Reference"},"content":{"rendered":"\t\t<div data-elementor-type=\"wp-page\" data-elementor-id=\"19901\" class=\"elementor elementor-19901\" data-elementor-post-type=\"page\">\n\t\t\t\t<div class=\"elementor-element elementor-element-74ee7913 e-flex e-con-boxed e-con e-parent\" data-id=\"74ee7913\" data-element_type=\"container\" data-e-type=\"container\" data-settings=\"{&quot;background_background&quot;:&quot;classic&quot;}\">\n\t\t\t\t\t<div class=\"e-con-inner\">\n\t\t<div class=\"elementor-element elementor-element-51791bc rotate e-con-full e-flex e-con e-child\" data-id=\"51791bc\" data-element_type=\"container\" data-e-type=\"container\">\n\t\t\t\t<div class=\"elementor-element elementor-element-340c69fb text-trans-zwei elementor-widget elementor-widget-text-editor\" data-id=\"340c69fb\" data-element_type=\"widget\" data-e-type=\"widget\" data-widget_type=\"text-editor.default\">\n\t\t\t\t<div class=\"elementor-widget-container\">\n\t\t\t\t\t\t\t\t\t<p>REFERENZ<\/p>\t\t\t\t\t\t\t\t<\/div>\n\t\t\t\t<\/div>\n\t\t\t\t<div class=\"elementor-element elementor-element-46536fdc text-trans elementor-widget elementor-widget-heading\" data-id=\"46536fdc\" data-element_type=\"widget\" data-e-type=\"widget\" data-widget_type=\"heading.default\">\n\t\t\t\t<div class=\"elementor-widget-container\">\n\t\t\t\t\t<p class=\"elementor-heading-title elementor-size-default\">ImLot Cosulting<\/p>\t\t\t\t<\/div>\n\t\t\t\t<\/div>\n\t\t\t\t<div class=\"elementor-element elementor-element-2a8d92d text-trans elementor-widget elementor-widget-text-editor\" data-id=\"2a8d92d\" data-element_type=\"widget\" data-e-type=\"widget\" data-widget_type=\"text-editor.default\">\n\t\t\t\t<div class=\"elementor-widget-container\">\n\t\t\t\t\t\t\t\t\t<p>WORDPRESS-WEBSEITE MIT ELEMENTOR<\/p>\t\t\t\t\t\t\t\t<\/div>\n\t\t\t\t<\/div>\n\t\t\t\t<\/div>\n\t\t\t\t\t<\/div>\n\t\t\t\t<\/div>\n\t\t<div class=\"elementor-element elementor-element-235dd9f9 e-flex e-con-boxed e-con e-parent\" data-id=\"235dd9f9\" data-element_type=\"container\" data-e-type=\"container\">\n\t\t\t\t\t<div class=\"e-con-inner\">\n\t\t<div class=\"elementor-element elementor-element-46e9c3b7 e-con-full e-flex e-con e-child\" data-id=\"46e9c3b7\" data-element_type=\"container\" data-e-type=\"container\">\n\t\t\t\t<div class=\"elementor-element elementor-element-4380fbfd elementor-widget__width-initial elementor-widget elementor-widget-heading\" data-id=\"4380fbfd\" data-element_type=\"widget\" data-e-type=\"widget\" data-widget_type=\"heading.default\">\n\t\t\t\t<div class=\"elementor-widget-container\">\n\t\t\t\t\t<h1 class=\"elementor-heading-title elementor-size-default\">Redesign ImLot  Consultig mit WordPress und Elementor<\/h1>\t\t\t\t<\/div>\n\t\t\t\t<\/div>\n\t\t\t\t<div class=\"elementor-element elementor-element-557b44ef elementor-widget elementor-widget-image\" data-id=\"557b44ef\" data-element_type=\"widget\" data-e-type=\"widget\" data-widget_type=\"image.default\">\n\t\t\t\t<div class=\"elementor-widget-container\">\n\t\t\t\t\t\t\t\t\t\t\t\t\t\t\t<img fetchpriority=\"high\" decoding=\"async\" width=\"768\" height=\"822\" src=\"https:\/\/laolaweb.com\/wp-content\/uploads\/2026\/01\/Mockup-im-Lot-isometrisch-768x822.webp\" class=\"attachment-medium_large size-medium_large wp-image-19808\" alt=\"\" srcset=\"https:\/\/laolaweb.com\/wp-content\/uploads\/2026\/01\/Mockup-im-Lot-isometrisch-768x822.webp 768w, https:\/\/laolaweb.com\/wp-content\/uploads\/2026\/01\/Mockup-im-Lot-isometrisch-234x250.webp 234w, https:\/\/laolaweb.com\/wp-content\/uploads\/2026\/01\/Mockup-im-Lot-isometrisch-957x1024.webp 957w, https:\/\/laolaweb.com\/wp-content\/uploads\/2026\/01\/Mockup-im-Lot-isometrisch-11x12.webp 11w, https:\/\/laolaweb.com\/wp-content\/uploads\/2026\/01\/Mockup-im-Lot-isometrisch.webp 1200w\" sizes=\"(max-width: 768px) 100vw, 768px\" \/>\t\t\t\t\t\t\t\t\t\t\t\t\t\t\t<\/div>\n\t\t\t\t<\/div>\n\t\t\t\t<div class=\"elementor-element elementor-element-77c65cf6 elementor-widget__width-initial elementor-widget elementor-widget-text-editor\" data-id=\"77c65cf6\" data-element_type=\"widget\" data-e-type=\"widget\" data-widget_type=\"text-editor.default\">\n\t\t\t\t<div class=\"elementor-widget-container\">\n\t\t\t\t\t\t\t\t\t<p>F\u00fcr ImLot-Consulting haben wir die bestehende WordPress-Website grundlegend \u00fcberarbeitet und in einen modernen, suchmaschinenoptimierten Unternehmensauftritt \u00fcberf\u00fchrt. Die vorherige Website verf\u00fcgte \u00fcber wenige Inhalte, keine klare Struktur und eine uneinheitliche Bildsprache.<\/p><p>Ziel des Relaunchs war es, die Beratungsleistungen verst\u00e4ndlich darzustellen, Vertrauen aufzubauen und die Positionierung des Unternehmens digital zu st\u00e4rken.<\/p><p>Diese <a href=\"https:\/\/laolaweb.com\/wordpress-agentur\/\">WordPress-Webseite<\/a> haben wir mit dem Page Builder von <a href=\"https:\/\/laolaweb.com\/elementor-agentur\/\">Elementor<\/a> umgesetzt.<\/p>\t\t\t\t\t\t\t\t<\/div>\n\t\t\t\t<\/div>\n\t\t\t\t<\/div>\n\t\t\t\t\t<\/div>\n\t\t\t\t<\/div>\n\t\t<div class=\"elementor-element elementor-element-6a08562d e-flex e-con-boxed e-con e-parent\" data-id=\"6a08562d\" data-element_type=\"container\" data-e-type=\"container\" data-settings=\"{&quot;background_background&quot;:&quot;classic&quot;}\">\n\t\t\t\t\t<div class=\"e-con-inner\">\n\t\t<div class=\"elementor-element elementor-element-1fef2878 e-con-full e-flex e-con e-child\" data-id=\"1fef2878\" data-element_type=\"container\" data-e-type=\"container\">\n\t\t<div class=\"elementor-element elementor-element-3a2d418b e-con-full e-flex e-con e-child\" data-id=\"3a2d418b\" data-element_type=\"container\" data-e-type=\"container\">\n\t\t\t\t<div class=\"elementor-element elementor-element-5e6fb968 drop_image elementor-widget elementor-widget-image\" data-id=\"5e6fb968\" data-element_type=\"widget\" data-e-type=\"widget\" data-widget_type=\"image.default\">\n\t\t\t\t<div class=\"elementor-widget-container\">\n\t\t\t\t\t\t\t\t\t\t\t\t\t\t\t<img decoding=\"async\" width=\"726\" height=\"1024\" src=\"https:\/\/laolaweb.com\/wp-content\/uploads\/2026\/01\/Mockup-im-Lot-zusammenarbeit.webp\" class=\"attachment-medium_large size-medium_large wp-image-19810\" alt=\"\" srcset=\"https:\/\/laolaweb.com\/wp-content\/uploads\/2026\/01\/Mockup-im-Lot-zusammenarbeit.webp 726w, https:\/\/laolaweb.com\/wp-content\/uploads\/2026\/01\/Mockup-im-Lot-zusammenarbeit-177x250.webp 177w, https:\/\/laolaweb.com\/wp-content\/uploads\/2026\/01\/Mockup-im-Lot-zusammenarbeit-9x12.webp 9w\" sizes=\"(max-width: 726px) 100vw, 726px\" \/>\t\t\t\t\t\t\t\t\t\t\t\t\t\t\t<\/div>\n\t\t\t\t<\/div>\n\t\t\t\t<\/div>\n\t\t<div class=\"elementor-element elementor-element-4c74e839 e-con-full e-flex e-con e-child\" data-id=\"4c74e839\" data-element_type=\"container\" data-e-type=\"container\">\n\t\t\t\t<div class=\"elementor-element elementor-element-46d7739d elementor-widget elementor-widget-heading\" data-id=\"46d7739d\" data-element_type=\"widget\" data-e-type=\"widget\" data-widget_type=\"heading.default\">\n\t\t\t\t<div class=\"elementor-widget-container\">\n\t\t\t\t\t<h2 class=\"elementor-heading-title elementor-size-default\">Von der bestehenden Website zum klaren Beratungsauftritt<\/h2>\t\t\t\t<\/div>\n\t\t\t\t<\/div>\n\t\t\t\t<div class=\"elementor-element elementor-element-96c53f6 elementor-widget__width-initial elementor-widget elementor-widget-text-editor\" data-id=\"96c53f6\" data-element_type=\"widget\" data-e-type=\"widget\" data-widget_type=\"text-editor.default\">\n\t\t\t\t<div class=\"elementor-widget-container\">\n\t\t\t\t\t\t\t\t\t<p>Auf Basis der bestehenden technischen WordPress-Struktur wurde die Website inhaltlich, gestalterisch und konzeptionell neu entwickelt. Als Webagentur haben wir die komplette Inhaltsstruktur, die Bildsprache sowie das Designkonzept neu erarbeitet.<\/p><p>Die Leistungen von ImLot-Consulting wurden in klar gegliederte Leistungsseiten \u00fcberf\u00fchrt. Komplexe Beratungsthemen sind nun verst\u00e4ndlich erkl\u00e4rt und logisch aufgebaut, sodass Besucher schnell einen \u00dcberblick erhalten.<\/p>\t\t\t\t\t\t\t\t<\/div>\n\t\t\t\t<\/div>\n\t\t\t\t<\/div>\n\t\t\t\t<\/div>\n\t\t\t\t\t<\/div>\n\t\t\t\t<\/div>\n\t\t<div class=\"elementor-element elementor-element-46264d87 e-flex e-con-boxed e-con e-parent\" data-id=\"46264d87\" data-element_type=\"container\" data-e-type=\"container\" data-settings=\"{&quot;background_background&quot;:&quot;classic&quot;}\">\n\t\t\t\t\t<div class=\"e-con-inner\">\n\t\t<div class=\"elementor-element elementor-element-7afa3fc2 e-con-full e-flex e-con e-child\" data-id=\"7afa3fc2\" data-element_type=\"container\" data-e-type=\"container\">\n\t\t<div class=\"elementor-element elementor-element-1be1202c e-con-full e-flex e-con e-child\" data-id=\"1be1202c\" data-element_type=\"container\" data-e-type=\"container\">\n\t\t\t\t<div class=\"elementor-element elementor-element-590feb16 elementor-widget elementor-widget-heading\" data-id=\"590feb16\" data-element_type=\"widget\" data-e-type=\"widget\" data-widget_type=\"heading.default\">\n\t\t\t\t<div class=\"elementor-widget-container\">\n\t\t\t\t\t<span class=\"elementor-heading-title elementor-size-default\">Ergebnis<\/span>\t\t\t\t<\/div>\n\t\t\t\t<\/div>\n\t\t\t\t<div class=\"elementor-element elementor-element-5cb5a561 elementor-widget__width-initial elementor-widget elementor-widget-text-editor\" data-id=\"5cb5a561\" data-element_type=\"widget\" data-e-type=\"widget\" data-widget_type=\"text-editor.default\">\n\t\t\t\t<div class=\"elementor-widget-container\">\n\t\t\t\t\t\t\t\t\t<p>Die Website wurde von Anfang an <a href=\"\/online-marketing\/suchmaschinenoptimierung-seo\/\">SEO-freundlich<\/a> aufgebaut. Klar strukturierte Leistungsseiten, passende Keywords und eine saubere Seitenstruktur sorgen f\u00fcr gute Auffindbarkeit. Schnelle Ladezeiten und das responsive Design machen die Seite auf allen Ger\u00e4ten angenehm nutzbar.<\/p>\t\t\t\t\t\t\t\t<\/div>\n\t\t\t\t<\/div>\n\t\t\t\t<div class=\"elementor-element elementor-element-65c1cf75 elementor-align-left underline_button_drei elementor-tablet-align-left elementor-mobile-align-left elementor-widget elementor-widget-button\" data-id=\"65c1cf75\" data-element_type=\"widget\" data-e-type=\"widget\" data-settings=\"{&quot;motion_fx_motion_fx_scrolling&quot;:&quot;yes&quot;,&quot;motion_fx_devices&quot;:[&quot;desktop&quot;,&quot;laptop&quot;,&quot;tablet&quot;,&quot;mobile&quot;]}\" data-widget_type=\"button.default\">\n\t\t\t\t<div class=\"elementor-widget-container\">\n\t\t\t\t\t\t\t\t\t<div class=\"elementor-button-wrapper\">\n\t\t\t\t\t<a class=\"elementor-button elementor-button-link elementor-size-sm\" href=\"https:\/\/imlot-consult.de\/\" target=\"_blank\">\n\t\t\t\t\t\t<span class=\"elementor-button-content-wrapper\">\n\t\t\t\t\t\t\t\t\t<span class=\"elementor-button-text\">Webseite ansehen<\/span>\n\t\t\t\t\t<\/span>\n\t\t\t\t\t<\/a>\n\t\t\t\t<\/div>\n\t\t\t\t\t\t\t\t<\/div>\n\t\t\t\t<\/div>\n\t\t\t\t<\/div>\n\t\t<div class=\"elementor-element elementor-element-316d4d02 e-con-full e-flex e-con e-child\" data-id=\"316d4d02\" data-element_type=\"container\" data-e-type=\"container\">\n\t\t\t\t<div class=\"elementor-element elementor-element-465cf45c drop_image elementor-widget elementor-widget-image\" data-id=\"465cf45c\" data-element_type=\"widget\" data-e-type=\"widget\" data-widget_type=\"image.default\">\n\t\t\t\t<div class=\"elementor-widget-container\">\n\t\t\t\t\t\t\t\t\t\t\t\t\t\t\t<img decoding=\"async\" width=\"726\" height=\"1024\" src=\"https:\/\/laolaweb.com\/wp-content\/uploads\/2026\/01\/Mockup-im-Lot-loesung.webp\" class=\"attachment-medium_large size-medium_large wp-image-19809\" alt=\"\" srcset=\"https:\/\/laolaweb.com\/wp-content\/uploads\/2026\/01\/Mockup-im-Lot-loesung.webp 726w, https:\/\/laolaweb.com\/wp-content\/uploads\/2026\/01\/Mockup-im-Lot-loesung-177x250.webp 177w, https:\/\/laolaweb.com\/wp-content\/uploads\/2026\/01\/Mockup-im-Lot-loesung-9x12.webp 9w\" sizes=\"(max-width: 726px) 100vw, 726px\" \/>\t\t\t\t\t\t\t\t\t\t\t\t\t\t\t<\/div>\n\t\t\t\t<\/div>\n\t\t\t\t<\/div>\n\t\t\t\t<\/div>\n\t\t\t\t\t<\/div>\n\t\t\t\t<\/div>\n\t\t<div class=\"elementor-element elementor-element-3c417055 e-con-full e-flex e-con e-parent\" data-id=\"3c417055\" data-element_type=\"container\" data-e-type=\"container\" data-settings=\"{&quot;background_background&quot;:&quot;classic&quot;}\">\n\t\t<div class=\"elementor-element elementor-element-61474793 e-con-full e-flex e-con e-child\" data-id=\"61474793\" data-element_type=\"container\" data-e-type=\"container\">\n\t\t\t\t<div class=\"elementor-element elementor-element-12ab0943 elementor-widget elementor-widget-heading\" data-id=\"12ab0943\" data-element_type=\"widget\" data-e-type=\"widget\" data-widget_type=\"heading.default\">\n\t\t\t\t<div class=\"elementor-widget-container\">\n\t\t\t\t\t<span class=\"elementor-heading-title elementor-size-default\">Kundenstimme<\/span>\t\t\t\t<\/div>\n\t\t\t\t<\/div>\n\t\t\t\t<div class=\"elementor-element elementor-element-76f9c28a elementor-widget elementor-widget-heading\" data-id=\"76f9c28a\" data-element_type=\"widget\" data-e-type=\"widget\" data-widget_type=\"heading.default\">\n\t\t\t\t<div class=\"elementor-widget-container\">\n\t\t\t\t\t<h2 class=\"elementor-heading-title elementor-size-default\">Zur Projektumsetzung und Zusammenarbeit<\/h2>\t\t\t\t<\/div>\n\t\t\t\t<\/div>\n\t\t\t\t<div class=\"elementor-element elementor-element-6aa8cf3 elementor-testimonial--layout-image_stacked drop_column_only elementor-widget__width-initial elementor-widget-mobile__width-inherit elementor-testimonial--skin-default elementor-testimonial--align-center elementor-pagination-type-bullets elementor-widget elementor-widget-testimonial-carousel\" data-id=\"6aa8cf3\" data-element_type=\"widget\" data-e-type=\"widget\" data-settings=\"{&quot;slides_per_view&quot;:&quot;1&quot;,&quot;slides_per_view_mobile&quot;:&quot;1&quot;,&quot;slides_to_scroll&quot;:&quot;1&quot;,&quot;space_between_tablet&quot;:{&quot;unit&quot;:&quot;px&quot;,&quot;size&quot;:13,&quot;sizes&quot;:[]},&quot;pagination&quot;:&quot;bullets&quot;,&quot;speed&quot;:500,&quot;space_between&quot;:{&quot;unit&quot;:&quot;px&quot;,&quot;size&quot;:10,&quot;sizes&quot;:[]},&quot;space_between_laptop&quot;:{&quot;unit&quot;:&quot;px&quot;,&quot;size&quot;:10,&quot;sizes&quot;:[]},&quot;space_between_mobile&quot;:{&quot;unit&quot;:&quot;px&quot;,&quot;size&quot;:10,&quot;sizes&quot;:[]}}\" data-widget_type=\"testimonial-carousel.default\">\n\t\t\t\t<div class=\"elementor-widget-container\">\n\t\t\t\t\t\t\t\t\t<div class=\"elementor-swiper\">\n\t\t\t\t\t<div class=\"elementor-main-swiper swiper\" role=\"region\" aria-roledescription=\"carousel\" aria-label=\"Slider\">\n\t\t\t\t<div class=\"swiper-wrapper\">\n\t\t\t\t\t\t\t\t\t\t\t<div class=\"swiper-slide\" role=\"group\" aria-roledescription=\"slide\">\n\t\t\t\t\t\t\t\t\t<div class=\"elementor-testimonial\">\n\t\t\t\t\t\t\t<div class=\"elementor-testimonial__content\">\n\t\t\t\t\t<div class=\"elementor-testimonial__text\">\n\t\t\t\t\t\tlaOlaWeb hat mir bei der Gestaltung meiner Webseite geholfen. Die au\u00dferordentlich gute Zusammenarbeit fand auf Augenh\u00f6he statt. Meine Anliegen wurden sehr schnell erfasst und prima umgesetzt. Zus\u00e4tzlich bekam ich exzellente Tipps f\u00fcr sp\u00e4tere Anpassungen. Das war herausragend. Ich bin \u00e4u\u00dferst zufrieden mit dem Ergebnis. Das Team wird mich weiterhin professionell betreuen.\t\t\t\t\t<\/div>\n\t\t\t\t\t\t\t\t\t<\/div>\n\t\t\t\t\t\t<div class=\"elementor-testimonial__footer\">\n\t\t\t\t\t\t\t\t<cite class=\"elementor-testimonial__cite\"><span class=\"elementor-testimonial__name\">Anne Sehrer<\/span><span class=\"elementor-testimonial__title\">Gesch\u00e4ftsf\u00fchrerin ImLot-Cosutling<\/span><\/cite>\t\t\t<\/div>\n\t\t<\/div>\n\t\t\t\t\t\t\t\t<\/div>\n\t\t\t\t\t\t\t\t\t<\/div>\n\t\t\t\t\t\t\t<\/div>\n\t\t\t\t<\/div>\n\t\t\t\t\t\t\t\t<\/div>\n\t\t\t\t<\/div>\n\t\t\t\t<\/div>\n\t\t\t\t<\/div>\n\t\t\t\t<\/div>\n\t\t","protected":false},"excerpt":{"rendered":"<p>REFERENZ ImLot Cosulting WORDPRESS-WEBSEITE MIT ELEMENTOR Redesign ImLot Consultig mit WordPress und Elementor F\u00fcr ImLot-Consulting haben wir die bestehende WordPress-Website grundlegend \u00fcberarbeitet und in einen modernen, suchmaschinenoptimierten Unternehmensauftritt \u00fcberf\u00fchrt. Die vorherige Website verf\u00fcgte \u00fcber wenige Inhalte, keine klare Struktur und eine uneinheitliche Bildsprache. Ziel des Relaunchs war es, die Beratungsleistungen verst\u00e4ndlich darzustellen, Vertrauen aufzubauen und [&hellip;]<\/p>\n","protected":false},"author":1,"featured_media":0,"parent":44,"menu_order":0,"comment_status":"closed","ping_status":"closed","template":"","meta":{"footnotes":""},"class_list":["post-19901","page","type-page","status-publish","hentry"],"yoast_head":"<!-- This site is optimized with the Yoast SEO plugin v27.0 - https:\/\/yoast.com\/product\/yoast-seo-wordpress\/ -->\n<title>ImLot Consulting Elementor Referenz - Internetagentur laOlaWeb - Agentur f\u00fcr WordPress<\/title>\n<meta name=\"description\" content=\"Referenz Unternehmensberatung: Redesign ImLot Consultig mit WordPress und Elementor.\" \/>\n<meta name=\"robots\" content=\"index, follow, max-snippet:-1, max-image-preview:large, max-video-preview:-1\" \/>\n<link rel=\"canonical\" href=\"https:\/\/laolaweb.com\/en\/agency\/references\/imlot-consulting-elementor-reference\/\" \/>\n<meta property=\"og:locale\" content=\"en_GB\" \/>\n<meta property=\"og:type\" content=\"article\" \/>\n<meta property=\"og:title\" content=\"ImLot Consulting Elementor Referenz - Internetagentur laOlaWeb - Agentur f\u00fcr WordPress\" \/>\n<meta property=\"og:description\" content=\"Referenz Unternehmensberatung: Redesign ImLot Consultig mit WordPress und Elementor.\" \/>\n<meta property=\"og:url\" content=\"https:\/\/laolaweb.com\/en\/agency\/references\/imlot-consulting-elementor-reference\/\" \/>\n<meta property=\"og:site_name\" content=\"Internetagentur laOlaWeb - Agentur f\u00fcr WordPress\" \/>\n<meta property=\"article:modified_time\" content=\"2026-02-27T10:04:31+00:00\" \/>\n<meta property=\"og:image\" content=\"https:\/\/laolaweb.com\/wp-content\/uploads\/2026\/01\/Mockup-im-Lot-isometrisch-768x822.webp\" \/>\n<meta name=\"twitter:card\" content=\"summary_large_image\" \/>\n<meta name=\"twitter:label1\" content=\"Estimated reading time\" \/>\n\t<meta name=\"twitter:data1\" content=\"2 minutes\" \/>\n<!-- \/ Yoast SEO plugin. -->","yoast_head_json":{"title":"ImLot Consulting Elementor reference - Internet agency laOlaWeb - Agentur f\u00fcr WordPress","description":"Reference Management Consultancy: Redesign ImLot Consultig with WordPress and Elementor.","robots":{"index":"index","follow":"follow","max-snippet":"max-snippet:-1","max-image-preview":"max-image-preview:large","max-video-preview":"max-video-preview:-1"},"canonical":"https:\/\/laolaweb.com\/en\/agency\/references\/imlot-consulting-elementor-reference\/","og_locale":"en_GB","og_type":"article","og_title":"ImLot Consulting Elementor Referenz - Internetagentur laOlaWeb - Agentur f\u00fcr WordPress","og_description":"Referenz Unternehmensberatung: Redesign ImLot Consultig mit WordPress und Elementor.","og_url":"https:\/\/laolaweb.com\/en\/agency\/references\/imlot-consulting-elementor-reference\/","og_site_name":"Internetagentur laOlaWeb - Agentur f\u00fcr WordPress","article_modified_time":"2026-02-27T10:04:31+00:00","og_image":[{"url":"https:\/\/laolaweb.com\/wp-content\/uploads\/2026\/01\/Mockup-im-Lot-isometrisch-768x822.webp","type":"","width":"","height":""}],"twitter_card":"summary_large_image","twitter_misc":{"Estimated reading time":"2 minutes"},"schema":{"@context":"https:\/\/schema.org","@graph":[{"@type":"TechArticle","@id":"https:\/\/laolaweb.com\/agentur\/referenzen\/imlot-consulting-elementor-referenz\/#article","isPartOf":{"@id":"https:\/\/laolaweb.com\/agentur\/referenzen\/imlot-consulting-elementor-referenz\/"},"author":{"name":"Manuel","@id":"https:\/\/laolaweb.com\/#\/schema\/person\/c91cf5a4d4b8445fd6a7c152951a70bd"},"headline":"ImLot Consulting Elementor Referenz","datePublished":"2026-01-30T14:57:34+00:00","dateModified":"2026-02-27T10:04:31+00:00","mainEntityOfPage":{"@id":"https:\/\/laolaweb.com\/agentur\/referenzen\/imlot-consulting-elementor-referenz\/"},"wordCount":253,"publisher":{"@id":"https:\/\/laolaweb.com\/#organization"},"image":{"@id":"https:\/\/laolaweb.com\/agentur\/referenzen\/imlot-consulting-elementor-referenz\/#primaryimage"},"thumbnailUrl":"https:\/\/laolaweb.com\/wp-content\/uploads\/2026\/01\/Mockup-im-Lot-isometrisch-768x822.webp","inLanguage":"en-GB"},{"@type":"WebPage","@id":"https:\/\/laolaweb.com\/agentur\/referenzen\/imlot-consulting-elementor-referenz\/","url":"https:\/\/laolaweb.com\/agentur\/referenzen\/imlot-consulting-elementor-referenz\/","name":"ImLot Consulting Elementor reference - Internet agency laOlaWeb - Agentur f\u00fcr WordPress","isPartOf":{"@id":"https:\/\/laolaweb.com\/#website"},"primaryImageOfPage":{"@id":"https:\/\/laolaweb.com\/agentur\/referenzen\/imlot-consulting-elementor-referenz\/#primaryimage"},"image":{"@id":"https:\/\/laolaweb.com\/agentur\/referenzen\/imlot-consulting-elementor-referenz\/#primaryimage"},"thumbnailUrl":"https:\/\/laolaweb.com\/wp-content\/uploads\/2026\/01\/Mockup-im-Lot-isometrisch-768x822.webp","datePublished":"2026-01-30T14:57:34+00:00","dateModified":"2026-02-27T10:04:31+00:00","description":"Reference Management Consultancy: Redesign ImLot Consultig with WordPress and Elementor.","breadcrumb":{"@id":"https:\/\/laolaweb.com\/agentur\/referenzen\/imlot-consulting-elementor-referenz\/#breadcrumb"},"inLanguage":"en-GB","potentialAction":[{"@type":"ReadAction","target":["https:\/\/laolaweb.com\/agentur\/referenzen\/imlot-consulting-elementor-referenz\/"]}]},{"@type":"ImageObject","inLanguage":"en-GB","@id":"https:\/\/laolaweb.com\/agentur\/referenzen\/imlot-consulting-elementor-referenz\/#primaryimage","url":"https:\/\/laolaweb.com\/wp-content\/uploads\/2026\/01\/Mockup-im-Lot-isometrisch-768x822.webp","contentUrl":"https:\/\/laolaweb.com\/wp-content\/uploads\/2026\/01\/Mockup-im-Lot-isometrisch-768x822.webp"},{"@type":"BreadcrumbList","@id":"https:\/\/laolaweb.com\/agentur\/referenzen\/imlot-consulting-elementor-referenz\/#breadcrumb","itemListElement":[{"@type":"ListItem","position":1,"name":"Startseite","item":"https:\/\/laolaweb.com\/"},{"@type":"ListItem","position":2,"name":"\u00dcber uns","item":"https:\/\/laolaweb.com\/agentur\/"},{"@type":"ListItem","position":3,"name":"Referenzen","item":"https:\/\/laolaweb.com\/agentur\/referenzen\/"},{"@type":"ListItem","position":4,"name":"ImLot Consulting Elementor Referenz"}]},{"@type":"WebSite","@id":"https:\/\/laolaweb.com\/#website","url":"https:\/\/laolaweb.com\/","name":"Internet agency laOlaWeb - Agency for WordPress","description":"Professional WordPress websites","publisher":{"@id":"https:\/\/laolaweb.com\/#organization"},"potentialAction":[{"@type":"SearchAction","target":{"@type":"EntryPoint","urlTemplate":"https:\/\/laolaweb.com\/?s={search_term_string}"},"query-input":{"@type":"PropertyValueSpecification","valueRequired":true,"valueName":"search_term_string"}}],"inLanguage":"en-GB"},{"@type":"Organization","@id":"https:\/\/laolaweb.com\/#organization","name":"laOlaWeb GmbH","url":"https:\/\/laolaweb.com\/","logo":{"@type":"ImageObject","inLanguage":"en-GB","@id":"https:\/\/laolaweb.com\/#\/schema\/logo\/image\/","url":"https:\/\/laolaweb.com\/wp-content\/uploads\/2022\/06\/laolaweb-internetagentur.jpg","contentUrl":"https:\/\/laolaweb.com\/wp-content\/uploads\/2022\/06\/laolaweb-internetagentur.jpg","width":400,"height":367,"caption":"laOlaWeb GmbH"},"image":{"@id":"https:\/\/laolaweb.com\/#\/schema\/logo\/image\/"}},{"@type":"Person","@id":"https:\/\/laolaweb.com\/#\/schema\/person\/c91cf5a4d4b8445fd6a7c152951a70bd","name":"Manuel","sameAs":["http:\/\/laolaweb.com"]}]}},"_links":{"self":[{"href":"https:\/\/laolaweb.com\/en\/wp-json\/wp\/v2\/pages\/19901","targetHints":{"allow":["GET"]}}],"collection":[{"href":"https:\/\/laolaweb.com\/en\/wp-json\/wp\/v2\/pages"}],"about":[{"href":"https:\/\/laolaweb.com\/en\/wp-json\/wp\/v2\/types\/page"}],"author":[{"embeddable":true,"href":"https:\/\/laolaweb.com\/en\/wp-json\/wp\/v2\/users\/1"}],"replies":[{"embeddable":true,"href":"https:\/\/laolaweb.com\/en\/wp-json\/wp\/v2\/comments?post=19901"}],"version-history":[{"count":13,"href":"https:\/\/laolaweb.com\/en\/wp-json\/wp\/v2\/pages\/19901\/revisions"}],"predecessor-version":[{"id":19980,"href":"https:\/\/laolaweb.com\/en\/wp-json\/wp\/v2\/pages\/19901\/revisions\/19980"}],"up":[{"embeddable":true,"href":"https:\/\/laolaweb.com\/en\/wp-json\/wp\/v2\/pages\/44"}],"wp:attachment":[{"href":"https:\/\/laolaweb.com\/en\/wp-json\/wp\/v2\/media?parent=19901"}],"curies":[{"name":"wp","href":"https:\/\/api.w.org\/{rel}","templated":true}]}}