{"id":19888,"date":"2026-01-30T14:58:35","date_gmt":"2026-01-30T13:58:35","guid":{"rendered":"https:\/\/laolaweb.com\/?page_id=19888"},"modified":"2026-02-27T11:07:25","modified_gmt":"2026-02-27T10:07:25","slug":"planfaktur-elementor-reference","status":"publish","type":"page","link":"https:\/\/laolaweb.com\/en\/agentur\/referenzen\/planfaktur-elementor-referenz\/","title":{"rendered":"Planfaktur Elementor reference"},"content":{"rendered":"\t\t<div data-elementor-type=\"wp-page\" data-elementor-id=\"19888\" class=\"elementor elementor-19888\" data-elementor-post-type=\"page\">\n\t\t\t\t<div class=\"elementor-element elementor-element-32dc0619 e-flex e-con-boxed e-con e-parent\" data-id=\"32dc0619\" data-element_type=\"container\" data-e-type=\"container\" data-settings=\"{&quot;background_background&quot;:&quot;classic&quot;}\">\n\t\t\t\t\t<div class=\"e-con-inner\">\n\t\t<div class=\"elementor-element elementor-element-6d66ad60 rotate e-con-full e-flex e-con e-child\" data-id=\"6d66ad60\" data-element_type=\"container\" data-e-type=\"container\">\n\t\t\t\t<div class=\"elementor-element elementor-element-3a111eb2 text-trans-zwei elementor-widget elementor-widget-text-editor\" data-id=\"3a111eb2\" data-element_type=\"widget\" data-e-type=\"widget\" data-widget_type=\"text-editor.default\">\n\t\t\t\t<div class=\"elementor-widget-container\">\n\t\t\t\t\t\t\t\t\t<p>REFERENZ<\/p>\t\t\t\t\t\t\t\t<\/div>\n\t\t\t\t<\/div>\n\t\t\t\t<div class=\"elementor-element elementor-element-6cc49249 text-trans elementor-widget elementor-widget-heading\" data-id=\"6cc49249\" data-element_type=\"widget\" data-e-type=\"widget\" data-widget_type=\"heading.default\">\n\t\t\t\t<div class=\"elementor-widget-container\">\n\t\t\t\t\t<p class=\"elementor-heading-title elementor-size-default\">Planfaktur<\/p>\t\t\t\t<\/div>\n\t\t\t\t<\/div>\n\t\t\t\t<div class=\"elementor-element elementor-element-4f8277a5 text-trans elementor-widget elementor-widget-text-editor\" data-id=\"4f8277a5\" data-element_type=\"widget\" data-e-type=\"widget\" data-widget_type=\"text-editor.default\">\n\t\t\t\t<div class=\"elementor-widget-container\">\n\t\t\t\t\t\t\t\t\t<p>WORDPRESS-WEBSEITE MIT ELEMENTOR<\/p>\t\t\t\t\t\t\t\t<\/div>\n\t\t\t\t<\/div>\n\t\t\t\t<\/div>\n\t\t\t\t\t<\/div>\n\t\t\t\t<\/div>\n\t\t<div class=\"elementor-element elementor-element-5b7023b0 e-flex e-con-boxed e-con e-parent\" data-id=\"5b7023b0\" data-element_type=\"container\" data-e-type=\"container\">\n\t\t\t\t\t<div class=\"e-con-inner\">\n\t\t<div class=\"elementor-element elementor-element-18ffb558 e-con-full e-flex e-con e-child\" data-id=\"18ffb558\" data-element_type=\"container\" data-e-type=\"container\">\n\t\t\t\t<div class=\"elementor-element elementor-element-17d65731 elementor-widget__width-initial elementor-widget elementor-widget-heading\" data-id=\"17d65731\" data-element_type=\"widget\" data-e-type=\"widget\" data-widget_type=\"heading.default\">\n\t\t\t\t<div class=\"elementor-widget-container\">\n\t\t\t\t\t<h1 class=\"elementor-heading-title elementor-size-default\">Webseite mit WordPress und Elementor f\u00fcr Architekturb\u00fcro Planfaktur<\/h1>\t\t\t\t<\/div>\n\t\t\t\t<\/div>\n\t\t\t\t<div class=\"elementor-element elementor-element-50ebd6e9 elementor-widget elementor-widget-image\" data-id=\"50ebd6e9\" data-element_type=\"widget\" data-e-type=\"widget\" data-widget_type=\"image.default\">\n\t\t\t\t<div class=\"elementor-widget-container\">\n\t\t\t\t\t\t\t\t\t\t\t\t\t\t\t<img fetchpriority=\"high\" decoding=\"async\" width=\"768\" height=\"822\" src=\"https:\/\/laolaweb.com\/wp-content\/uploads\/2026\/01\/Mockup-Planfaktur-isometrisch-768x822.webp\" class=\"attachment-medium_large size-medium_large wp-image-19762\" alt=\"\" srcset=\"https:\/\/laolaweb.com\/wp-content\/uploads\/2026\/01\/Mockup-Planfaktur-isometrisch-768x822.webp 768w, https:\/\/laolaweb.com\/wp-content\/uploads\/2026\/01\/Mockup-Planfaktur-isometrisch-234x250.webp 234w, https:\/\/laolaweb.com\/wp-content\/uploads\/2026\/01\/Mockup-Planfaktur-isometrisch-957x1024.webp 957w, https:\/\/laolaweb.com\/wp-content\/uploads\/2026\/01\/Mockup-Planfaktur-isometrisch-11x12.webp 11w, https:\/\/laolaweb.com\/wp-content\/uploads\/2026\/01\/Mockup-Planfaktur-isometrisch.webp 1200w\" sizes=\"(max-width: 768px) 100vw, 768px\" \/>\t\t\t\t\t\t\t\t\t\t\t\t\t\t\t<\/div>\n\t\t\t\t<\/div>\n\t\t\t\t<div class=\"elementor-element elementor-element-251c69e5 elementor-widget__width-initial elementor-widget elementor-widget-text-editor\" data-id=\"251c69e5\" data-element_type=\"widget\" data-e-type=\"widget\" data-widget_type=\"text-editor.default\">\n\t\t\t\t<div class=\"elementor-widget-container\">\n\t\t\t\t\t\t\t\t\t<p>F\u00fcr das <strong>Architekturb\u00fcro Planfaktur<\/strong> haben wir eine neue Website konzipiert und umgesetzt, deren Schwerpunkt auf der <strong>wirkungsvollen Darstellung<\/strong> realisierter Architekturprojekte liegt. Ziel war es, die Projekte visuell in den Vordergrund zu stellen und ihnen durch ein <strong>reduziertes, klares Design<\/strong> den passenden digitalen Raum zu geben.<\/p><p>Die Website wurde bewusst <strong>minimalistisch gestaltet<\/strong>, damit Architektur, Formen, Materialien und Raumwirkung \u00fcber gro\u00dfformatige Bilddarstellungen optimal zur Geltung kommen. Gestaltungselemente und Navigation treten zugunsten der Projektpr\u00e4sentation in den Hintergrund.<\/p><p>Diese <a href=\"https:\/\/laolaweb.com\/wordpress-agentur\/\">WordPress-Webseite<\/a> haben wir mit dem Page Builder von <a href=\"https:\/\/laolaweb.com\/elementor-agentur\/\">Elementor<\/a> umgesetzt.<\/p>\t\t\t\t\t\t\t\t<\/div>\n\t\t\t\t<\/div>\n\t\t\t\t<\/div>\n\t\t\t\t\t<\/div>\n\t\t\t\t<\/div>\n\t\t<div class=\"elementor-element elementor-element-3267a5d8 e-flex e-con-boxed e-con e-parent\" data-id=\"3267a5d8\" data-element_type=\"container\" data-e-type=\"container\" data-settings=\"{&quot;background_background&quot;:&quot;classic&quot;}\">\n\t\t\t\t\t<div class=\"e-con-inner\">\n\t\t<div class=\"elementor-element elementor-element-3dfd235b e-con-full e-flex e-con e-child\" data-id=\"3dfd235b\" data-element_type=\"container\" data-e-type=\"container\">\n\t\t<div class=\"elementor-element elementor-element-5aaef176 e-con-full e-flex e-con e-child\" data-id=\"5aaef176\" data-element_type=\"container\" data-e-type=\"container\">\n\t\t\t\t<div class=\"elementor-element elementor-element-13ef663f drop_image elementor-widget elementor-widget-image\" data-id=\"13ef663f\" data-element_type=\"widget\" data-e-type=\"widget\" data-widget_type=\"image.default\">\n\t\t\t\t<div class=\"elementor-widget-container\">\n\t\t\t\t\t\t\t\t\t\t\t\t\t\t\t<img decoding=\"async\" width=\"726\" height=\"1024\" src=\"https:\/\/laolaweb.com\/wp-content\/uploads\/2026\/01\/Mockup-Planfaktur-ref_1.webp\" class=\"attachment-medium_large size-medium_large wp-image-19765\" alt=\"\" srcset=\"https:\/\/laolaweb.com\/wp-content\/uploads\/2026\/01\/Mockup-Planfaktur-ref_1.webp 726w, https:\/\/laolaweb.com\/wp-content\/uploads\/2026\/01\/Mockup-Planfaktur-ref_1-177x250.webp 177w, https:\/\/laolaweb.com\/wp-content\/uploads\/2026\/01\/Mockup-Planfaktur-ref_1-9x12.webp 9w\" sizes=\"(max-width: 726px) 100vw, 726px\" \/>\t\t\t\t\t\t\t\t\t\t\t\t\t\t\t<\/div>\n\t\t\t\t<\/div>\n\t\t\t\t<\/div>\n\t\t<div class=\"elementor-element elementor-element-4c947cd2 e-con-full e-flex e-con e-child\" data-id=\"4c947cd2\" data-element_type=\"container\" data-e-type=\"container\">\n\t\t\t\t<div class=\"elementor-element elementor-element-471da469 elementor-widget elementor-widget-heading\" data-id=\"471da469\" data-element_type=\"widget\" data-e-type=\"widget\" data-widget_type=\"heading.default\">\n\t\t\t\t<div class=\"elementor-widget-container\">\n\t\t\t\t\t<h2 class=\"elementor-heading-title elementor-size-default\">Schwerpunkte der Umsetzung<\/h2>\t\t\t\t<\/div>\n\t\t\t\t<\/div>\n\t\t\t\t<div class=\"elementor-element elementor-element-9f1ecad elementor-widget__width-initial elementor-widget elementor-widget-text-editor\" data-id=\"9f1ecad\" data-element_type=\"widget\" data-e-type=\"widget\" data-widget_type=\"text-editor.default\">\n\t\t\t\t<div class=\"elementor-widget-container\">\n\t\t\t\t\t\t\t\t\t<ul><li data-start=\"1013\" data-end=\"1226\"><p data-start=\"1015\" data-end=\"1226\"><strong data-start=\"1015\" data-end=\"1051\">Projektfokus statt Inhaltsf\u00fclle:<\/strong> Die Seitenstruktur wurde gezielt auf die Pr\u00e4sentation realisierter Architekturprojekte ausgerichtet. Inhalte sind reduziert, klar gegliedert und projektzentriert aufgebaut.<\/p><\/li><li data-start=\"1228\" data-end=\"1379\"><p data-start=\"1230\" data-end=\"1379\"><strong data-start=\"1230\" data-end=\"1257\">Bildgetriebenes Design:<\/strong> Gro\u00dfformatige Projektbilder, ruhige Layouts und gro\u00dfz\u00fcgige Wei\u00dfr\u00e4ume unterst\u00fctzen die visuelle Wirkung der Architektur.<\/p><\/li><li data-start=\"1381\" data-end=\"1550\"><p data-start=\"1383\" data-end=\"1550\"><strong data-start=\"1383\" data-end=\"1414\">Minimalistische Gestaltung:<\/strong> Typografie, Farben und UI-Elemente wurden bewusst zur\u00fcckhaltend eingesetzt, um ein zeitloses und hochwertiges Gesamtbild zu schaffen.<\/p><\/li><li data-start=\"1552\" data-end=\"1684\"><p data-start=\"1554\" data-end=\"1684\"><strong data-start=\"1554\" data-end=\"1578\">Klare Nutzerf\u00fchrung:<\/strong> Trotz reduzierter Navigation finden Besucher schnell zu Projekten, B\u00fcroprofil und Kontaktinformationen.<\/p><\/li><li data-start=\"1686\" data-end=\"1851\"><p data-start=\"1688\" data-end=\"1851\"><strong data-start=\"1688\" data-end=\"1715\">Responsive Darstellung:<\/strong> Die Projektgalerien und Bildstrecken sind f\u00fcr alle Endger\u00e4te optimiert und behalten auch auf mobilen Displays ihre visuelle Qualit\u00e4t.<\/p><\/li><li data-start=\"1853\" data-end=\"2003\"><p data-start=\"1855\" data-end=\"2003\"><strong data-start=\"1855\" data-end=\"1882\">Flexible Projektpflege:<\/strong> Die technische Umsetzung erm\u00f6glicht das einfache Erg\u00e4nzen neuer Projekte und Bildserien ohne strukturelle Anpassungen.<\/p><\/li><\/ul>\t\t\t\t\t\t\t\t<\/div>\n\t\t\t\t<\/div>\n\t\t\t\t<\/div>\n\t\t\t\t<\/div>\n\t\t\t\t\t<\/div>\n\t\t\t\t<\/div>\n\t\t<div class=\"elementor-element elementor-element-37e00d29 e-flex e-con-boxed e-con e-parent\" data-id=\"37e00d29\" data-element_type=\"container\" data-e-type=\"container\" data-settings=\"{&quot;background_background&quot;:&quot;classic&quot;}\">\n\t\t\t\t\t<div class=\"e-con-inner\">\n\t\t<div class=\"elementor-element elementor-element-1c1c5659 e-con-full e-flex e-con e-child\" data-id=\"1c1c5659\" data-element_type=\"container\" data-e-type=\"container\">\n\t\t<div class=\"elementor-element elementor-element-2bf740aa e-con-full e-flex e-con e-child\" data-id=\"2bf740aa\" data-element_type=\"container\" data-e-type=\"container\">\n\t\t\t\t<div class=\"elementor-element elementor-element-6d51ea0b elementor-widget elementor-widget-heading\" data-id=\"6d51ea0b\" data-element_type=\"widget\" data-e-type=\"widget\" data-widget_type=\"heading.default\">\n\t\t\t\t<div class=\"elementor-widget-container\">\n\t\t\t\t\t<span class=\"elementor-heading-title elementor-size-default\">Ergebnis<\/span>\t\t\t\t<\/div>\n\t\t\t\t<\/div>\n\t\t\t\t<div class=\"elementor-element elementor-element-50990fc0 elementor-widget__width-initial elementor-widget elementor-widget-text-editor\" data-id=\"50990fc0\" data-element_type=\"widget\" data-e-type=\"widget\" data-widget_type=\"text-editor.default\">\n\t\t\t\t<div class=\"elementor-widget-container\">\n\t\t\t\t\t\t\t\t\t<p>Entstanden ist eine <strong data-start=\"2043\" data-end=\"2099\">ruhige, bildstarke und architekturzentrierte Website<\/strong>, die die Haltung und Arbeitsweise von Planfaktur digital widerspiegelt. Die reduzierte Gestaltung lenkt den Blick konsequent auf die realisierten Projekte und schafft eine hochwertige, zeitlose Pr\u00e4sentationsplattform f\u00fcr das B\u00fcro.<\/p>\t\t\t\t\t\t\t\t<\/div>\n\t\t\t\t<\/div>\n\t\t\t\t<div class=\"elementor-element elementor-element-2703e616 elementor-align-left underline_button_drei elementor-tablet-align-left elementor-mobile-align-left elementor-widget elementor-widget-button\" data-id=\"2703e616\" data-element_type=\"widget\" data-e-type=\"widget\" data-settings=\"{&quot;motion_fx_motion_fx_scrolling&quot;:&quot;yes&quot;,&quot;motion_fx_devices&quot;:[&quot;desktop&quot;,&quot;laptop&quot;,&quot;tablet&quot;,&quot;mobile&quot;]}\" data-widget_type=\"button.default\">\n\t\t\t\t<div class=\"elementor-widget-container\">\n\t\t\t\t\t\t\t\t\t<div class=\"elementor-button-wrapper\">\n\t\t\t\t\t<a class=\"elementor-button elementor-button-link elementor-size-sm\" href=\"https:\/\/planfaktur.de\/\" target=\"_blank\">\n\t\t\t\t\t\t<span class=\"elementor-button-content-wrapper\">\n\t\t\t\t\t\t\t\t\t<span class=\"elementor-button-text\">Webseite ansehen<\/span>\n\t\t\t\t\t<\/span>\n\t\t\t\t\t<\/a>\n\t\t\t\t<\/div>\n\t\t\t\t\t\t\t\t<\/div>\n\t\t\t\t<\/div>\n\t\t\t\t<\/div>\n\t\t<div class=\"elementor-element elementor-element-59775bb8 e-con-full e-flex e-con e-child\" data-id=\"59775bb8\" data-element_type=\"container\" data-e-type=\"container\">\n\t\t\t\t<div class=\"elementor-element elementor-element-3df215af drop_image elementor-widget elementor-widget-image\" data-id=\"3df215af\" data-element_type=\"widget\" data-e-type=\"widget\" data-widget_type=\"image.default\">\n\t\t\t\t<div class=\"elementor-widget-container\">\n\t\t\t\t\t\t\t\t\t\t\t\t\t\t\t<img decoding=\"async\" width=\"726\" height=\"1024\" src=\"https:\/\/laolaweb.com\/wp-content\/uploads\/2026\/01\/Mockup-Planfaktur-ref_2.webp\" class=\"attachment-medium_large size-medium_large wp-image-19763\" alt=\"\" srcset=\"https:\/\/laolaweb.com\/wp-content\/uploads\/2026\/01\/Mockup-Planfaktur-ref_2.webp 726w, https:\/\/laolaweb.com\/wp-content\/uploads\/2026\/01\/Mockup-Planfaktur-ref_2-177x250.webp 177w, https:\/\/laolaweb.com\/wp-content\/uploads\/2026\/01\/Mockup-Planfaktur-ref_2-9x12.webp 9w\" sizes=\"(max-width: 726px) 100vw, 726px\" \/>\t\t\t\t\t\t\t\t\t\t\t\t\t\t\t<\/div>\n\t\t\t\t<\/div>\n\t\t\t\t<\/div>\n\t\t\t\t<\/div>\n\t\t\t\t\t<\/div>\n\t\t\t\t<\/div>\n\t\t\t\t<\/div>\n\t\t","protected":false},"excerpt":{"rendered":"<p>REFERENZ Planfaktur WORDPRESS-WEBSEITE MIT ELEMENTOR Webseite mit WordPress und Elementor f\u00fcr Architekturb\u00fcro Planfaktur F\u00fcr das Architekturb\u00fcro Planfaktur haben wir eine neue Website konzipiert und umgesetzt, deren Schwerpunkt auf der wirkungsvollen Darstellung realisierter Architekturprojekte liegt. Ziel war es, die Projekte visuell in den Vordergrund zu stellen und ihnen durch ein reduziertes, klares Design den passenden digitalen [&hellip;]<\/p>\n","protected":false},"author":1,"featured_media":0,"parent":44,"menu_order":0,"comment_status":"closed","ping_status":"closed","template":"","meta":{"footnotes":""},"class_list":["post-19888","page","type-page","status-publish","hentry"],"yoast_head":"<!-- This site is optimized with the Yoast SEO plugin v27.0 - https:\/\/yoast.com\/product\/yoast-seo-wordpress\/ -->\n<title>Planfaktur Elementor Referenz - Internetagentur laOlaWeb - Agentur f\u00fcr WordPress<\/title>\n<meta name=\"description\" content=\"Referenz: Webseite mit WordPress und Elementor f\u00fcr das Architekturb\u00fcro Planfaktur.\" \/>\n<meta name=\"robots\" content=\"index, follow, max-snippet:-1, max-image-preview:large, max-video-preview:-1\" \/>\n<link rel=\"canonical\" href=\"https:\/\/laolaweb.com\/en\/agency\/references\/planfaktur-elementor-reference\/\" \/>\n<meta property=\"og:locale\" content=\"en_GB\" \/>\n<meta property=\"og:type\" content=\"article\" \/>\n<meta property=\"og:title\" content=\"Planfaktur Elementor Referenz - Internetagentur laOlaWeb - Agentur f\u00fcr WordPress\" \/>\n<meta property=\"og:description\" content=\"Referenz: Webseite mit WordPress und Elementor f\u00fcr das Architekturb\u00fcro Planfaktur.\" \/>\n<meta property=\"og:url\" content=\"https:\/\/laolaweb.com\/en\/agency\/references\/planfaktur-elementor-reference\/\" \/>\n<meta property=\"og:site_name\" content=\"Internetagentur laOlaWeb - Agentur f\u00fcr WordPress\" \/>\n<meta property=\"article:modified_time\" content=\"2026-02-27T10:07:25+00:00\" \/>\n<meta property=\"og:image\" content=\"https:\/\/laolaweb.com\/wp-content\/uploads\/2026\/01\/Mockup-Planfaktur-isometrisch-768x822.webp\" \/>\n<meta name=\"twitter:card\" content=\"summary_large_image\" \/>\n<meta name=\"twitter:label1\" content=\"Estimated reading time\" \/>\n\t<meta name=\"twitter:data1\" content=\"2 minutes\" \/>\n<!-- \/ Yoast SEO plugin. -->","yoast_head_json":{"title":"Planfaktur Elementor reference - Internet agency laOlaWeb - Agentur f\u00fcr WordPress","description":"Reference: Website with WordPress and Elementor for the architecture firm Planfaktur.","robots":{"index":"index","follow":"follow","max-snippet":"max-snippet:-1","max-image-preview":"max-image-preview:large","max-video-preview":"max-video-preview:-1"},"canonical":"https:\/\/laolaweb.com\/en\/agency\/references\/planfaktur-elementor-reference\/","og_locale":"en_GB","og_type":"article","og_title":"Planfaktur Elementor Referenz - Internetagentur laOlaWeb - Agentur f\u00fcr WordPress","og_description":"Referenz: Webseite mit WordPress und Elementor f\u00fcr das Architekturb\u00fcro Planfaktur.","og_url":"https:\/\/laolaweb.com\/en\/agency\/references\/planfaktur-elementor-reference\/","og_site_name":"Internetagentur laOlaWeb - Agentur f\u00fcr WordPress","article_modified_time":"2026-02-27T10:07:25+00:00","og_image":[{"url":"https:\/\/laolaweb.com\/wp-content\/uploads\/2026\/01\/Mockup-Planfaktur-isometrisch-768x822.webp","type":"","width":"","height":""}],"twitter_card":"summary_large_image","twitter_misc":{"Estimated reading time":"2 minutes"},"schema":{"@context":"https:\/\/schema.org","@graph":[{"@type":"TechArticle","@id":"https:\/\/laolaweb.com\/agentur\/referenzen\/planfaktur-elementor-referenz\/#article","isPartOf":{"@id":"https:\/\/laolaweb.com\/agentur\/referenzen\/planfaktur-elementor-referenz\/"},"author":{"name":"Manuel","@id":"https:\/\/laolaweb.com\/#\/schema\/person\/c91cf5a4d4b8445fd6a7c152951a70bd"},"headline":"Planfaktur Elementor Referenz","datePublished":"2026-01-30T13:58:35+00:00","dateModified":"2026-02-27T10:07:25+00:00","mainEntityOfPage":{"@id":"https:\/\/laolaweb.com\/agentur\/referenzen\/planfaktur-elementor-referenz\/"},"wordCount":272,"publisher":{"@id":"https:\/\/laolaweb.com\/#organization"},"image":{"@id":"https:\/\/laolaweb.com\/agentur\/referenzen\/planfaktur-elementor-referenz\/#primaryimage"},"thumbnailUrl":"https:\/\/laolaweb.com\/wp-content\/uploads\/2026\/01\/Mockup-Planfaktur-isometrisch-768x822.webp","inLanguage":"en-GB"},{"@type":"WebPage","@id":"https:\/\/laolaweb.com\/agentur\/referenzen\/planfaktur-elementor-referenz\/","url":"https:\/\/laolaweb.com\/agentur\/referenzen\/planfaktur-elementor-referenz\/","name":"Planfaktur Elementor reference - Internet agency laOlaWeb - Agentur f\u00fcr WordPress","isPartOf":{"@id":"https:\/\/laolaweb.com\/#website"},"primaryImageOfPage":{"@id":"https:\/\/laolaweb.com\/agentur\/referenzen\/planfaktur-elementor-referenz\/#primaryimage"},"image":{"@id":"https:\/\/laolaweb.com\/agentur\/referenzen\/planfaktur-elementor-referenz\/#primaryimage"},"thumbnailUrl":"https:\/\/laolaweb.com\/wp-content\/uploads\/2026\/01\/Mockup-Planfaktur-isometrisch-768x822.webp","datePublished":"2026-01-30T13:58:35+00:00","dateModified":"2026-02-27T10:07:25+00:00","description":"Reference: Website with WordPress and Elementor for the architecture firm Planfaktur.","breadcrumb":{"@id":"https:\/\/laolaweb.com\/agentur\/referenzen\/planfaktur-elementor-referenz\/#breadcrumb"},"inLanguage":"en-GB","potentialAction":[{"@type":"ReadAction","target":["https:\/\/laolaweb.com\/agentur\/referenzen\/planfaktur-elementor-referenz\/"]}]},{"@type":"ImageObject","inLanguage":"en-GB","@id":"https:\/\/laolaweb.com\/agentur\/referenzen\/planfaktur-elementor-referenz\/#primaryimage","url":"https:\/\/laolaweb.com\/wp-content\/uploads\/2026\/01\/Mockup-Planfaktur-isometrisch-768x822.webp","contentUrl":"https:\/\/laolaweb.com\/wp-content\/uploads\/2026\/01\/Mockup-Planfaktur-isometrisch-768x822.webp"},{"@type":"BreadcrumbList","@id":"https:\/\/laolaweb.com\/agentur\/referenzen\/planfaktur-elementor-referenz\/#breadcrumb","itemListElement":[{"@type":"ListItem","position":1,"name":"Startseite","item":"https:\/\/laolaweb.com\/"},{"@type":"ListItem","position":2,"name":"\u00dcber uns","item":"https:\/\/laolaweb.com\/agentur\/"},{"@type":"ListItem","position":3,"name":"Referenzen","item":"https:\/\/laolaweb.com\/agentur\/referenzen\/"},{"@type":"ListItem","position":4,"name":"Planfaktur Elementor Referenz"}]},{"@type":"WebSite","@id":"https:\/\/laolaweb.com\/#website","url":"https:\/\/laolaweb.com\/","name":"Internet agency laOlaWeb - Agency for WordPress","description":"Professional WordPress websites","publisher":{"@id":"https:\/\/laolaweb.com\/#organization"},"potentialAction":[{"@type":"SearchAction","target":{"@type":"EntryPoint","urlTemplate":"https:\/\/laolaweb.com\/?s={search_term_string}"},"query-input":{"@type":"PropertyValueSpecification","valueRequired":true,"valueName":"search_term_string"}}],"inLanguage":"en-GB"},{"@type":"Organization","@id":"https:\/\/laolaweb.com\/#organization","name":"laOlaWeb GmbH","url":"https:\/\/laolaweb.com\/","logo":{"@type":"ImageObject","inLanguage":"en-GB","@id":"https:\/\/laolaweb.com\/#\/schema\/logo\/image\/","url":"https:\/\/laolaweb.com\/wp-content\/uploads\/2022\/06\/laolaweb-internetagentur.jpg","contentUrl":"https:\/\/laolaweb.com\/wp-content\/uploads\/2022\/06\/laolaweb-internetagentur.jpg","width":400,"height":367,"caption":"laOlaWeb GmbH"},"image":{"@id":"https:\/\/laolaweb.com\/#\/schema\/logo\/image\/"}},{"@type":"Person","@id":"https:\/\/laolaweb.com\/#\/schema\/person\/c91cf5a4d4b8445fd6a7c152951a70bd","name":"Manuel","sameAs":["http:\/\/laolaweb.com"]}]}},"_links":{"self":[{"href":"https:\/\/laolaweb.com\/en\/wp-json\/wp\/v2\/pages\/19888","targetHints":{"allow":["GET"]}}],"collection":[{"href":"https:\/\/laolaweb.com\/en\/wp-json\/wp\/v2\/pages"}],"about":[{"href":"https:\/\/laolaweb.com\/en\/wp-json\/wp\/v2\/types\/page"}],"author":[{"embeddable":true,"href":"https:\/\/laolaweb.com\/en\/wp-json\/wp\/v2\/users\/1"}],"replies":[{"embeddable":true,"href":"https:\/\/laolaweb.com\/en\/wp-json\/wp\/v2\/comments?post=19888"}],"version-history":[{"count":10,"href":"https:\/\/laolaweb.com\/en\/wp-json\/wp\/v2\/pages\/19888\/revisions"}],"predecessor-version":[{"id":19900,"href":"https:\/\/laolaweb.com\/en\/wp-json\/wp\/v2\/pages\/19888\/revisions\/19900"}],"up":[{"embeddable":true,"href":"https:\/\/laolaweb.com\/en\/wp-json\/wp\/v2\/pages\/44"}],"wp:attachment":[{"href":"https:\/\/laolaweb.com\/en\/wp-json\/wp\/v2\/media?parent=19888"}],"curies":[{"name":"wp","href":"https:\/\/api.w.org\/{rel}","templated":true}]}}