{"id":19879,"date":"2026-01-30T13:44:36","date_gmt":"2026-01-30T12:44:36","guid":{"rendered":"https:\/\/laolaweb.com\/?page_id=19879"},"modified":"2026-02-27T11:02:50","modified_gmt":"2026-02-27T10:02:50","slug":"nico-huesch-gmbh-website-relaunch-with-blockeditor-and-elementor-reference","status":"publish","type":"page","link":"https:\/\/laolaweb.com\/en\/agentur\/referenzen\/nico-huesch-gmbh-website-relaunch-mit-blockeditor-und-elementor-referenz\/","title":{"rendered":"Nico H\u00fcsch GmbH website relaunch with Blockeditor and Elementor reference"},"content":{"rendered":"\t\t<div data-elementor-type=\"wp-page\" data-elementor-id=\"19879\" class=\"elementor elementor-19879\" data-elementor-post-type=\"page\">\n\t\t\t\t<div class=\"elementor-element elementor-element-2f6a3953 e-flex e-con-boxed e-con e-parent\" data-id=\"2f6a3953\" data-element_type=\"container\" data-e-type=\"container\" data-settings=\"{&quot;background_background&quot;:&quot;classic&quot;}\">\n\t\t\t\t\t<div class=\"e-con-inner\">\n\t\t<div class=\"elementor-element elementor-element-58e54d2a rotate e-con-full e-flex e-con e-child\" data-id=\"58e54d2a\" data-element_type=\"container\" data-e-type=\"container\">\n\t\t\t\t<div class=\"elementor-element elementor-element-697d8017 text-trans-zwei elementor-widget elementor-widget-text-editor\" data-id=\"697d8017\" data-element_type=\"widget\" data-e-type=\"widget\" data-widget_type=\"text-editor.default\">\n\t\t\t\t<div class=\"elementor-widget-container\">\n\t\t\t\t\t\t\t\t\t<p>REFERENZ<\/p>\t\t\t\t\t\t\t\t<\/div>\n\t\t\t\t<\/div>\n\t\t\t\t<div class=\"elementor-element elementor-element-54a9977 text-trans elementor-widget elementor-widget-heading\" data-id=\"54a9977\" data-element_type=\"widget\" data-e-type=\"widget\" data-widget_type=\"heading.default\">\n\t\t\t\t<div class=\"elementor-widget-container\">\n\t\t\t\t\t<p class=\"elementor-heading-title elementor-size-default\">Nico H\u00fcsch<\/p>\t\t\t\t<\/div>\n\t\t\t\t<\/div>\n\t\t\t\t<div class=\"elementor-element elementor-element-63cc7663 text-trans elementor-widget elementor-widget-text-editor\" data-id=\"63cc7663\" data-element_type=\"widget\" data-e-type=\"widget\" data-widget_type=\"text-editor.default\">\n\t\t\t\t<div class=\"elementor-widget-container\">\n\t\t\t\t\t\t\t\t\t<p>WORDPRESS-WEBSEITE MIT ELEMENTOR<\/p>\t\t\t\t\t\t\t\t<\/div>\n\t\t\t\t<\/div>\n\t\t\t\t<\/div>\n\t\t\t\t\t<\/div>\n\t\t\t\t<\/div>\n\t\t<div class=\"elementor-element elementor-element-6c8c9905 e-flex e-con-boxed e-con e-parent\" data-id=\"6c8c9905\" data-element_type=\"container\" data-e-type=\"container\">\n\t\t\t\t\t<div class=\"e-con-inner\">\n\t\t<div class=\"elementor-element elementor-element-24fe1a95 e-con-full e-flex e-con e-child\" data-id=\"24fe1a95\" data-element_type=\"container\" data-e-type=\"container\">\n\t\t\t\t<div class=\"elementor-element elementor-element-17c95d43 elementor-widget__width-initial elementor-widget elementor-widget-heading\" data-id=\"17c95d43\" data-element_type=\"widget\" data-e-type=\"widget\" data-widget_type=\"heading.default\">\n\t\t\t\t<div class=\"elementor-widget-container\">\n\t\t\t\t\t<h1 class=\"elementor-heading-title elementor-size-default\">Relaunch der Nico H\u00fcsch Webseite mit WordPress Block Editor und Elementor Pro<\/h1>\t\t\t\t<\/div>\n\t\t\t\t<\/div>\n\t\t\t\t<div class=\"elementor-element elementor-element-42dae10f elementor-widget elementor-widget-image\" data-id=\"42dae10f\" data-element_type=\"widget\" data-e-type=\"widget\" data-widget_type=\"image.default\">\n\t\t\t\t<div class=\"elementor-widget-container\">\n\t\t\t\t\t\t\t\t\t\t\t\t\t\t\t<img fetchpriority=\"high\" decoding=\"async\" width=\"768\" height=\"822\" src=\"https:\/\/laolaweb.com\/wp-content\/uploads\/2026\/01\/Mockup-Nico-Huesch-isometrisch-768x822.webp\" class=\"attachment-medium_large size-medium_large wp-image-19752\" alt=\"\" srcset=\"https:\/\/laolaweb.com\/wp-content\/uploads\/2026\/01\/Mockup-Nico-Huesch-isometrisch-768x822.webp 768w, https:\/\/laolaweb.com\/wp-content\/uploads\/2026\/01\/Mockup-Nico-Huesch-isometrisch-234x250.webp 234w, https:\/\/laolaweb.com\/wp-content\/uploads\/2026\/01\/Mockup-Nico-Huesch-isometrisch-957x1024.webp 957w, https:\/\/laolaweb.com\/wp-content\/uploads\/2026\/01\/Mockup-Nico-Huesch-isometrisch-11x12.webp 11w, https:\/\/laolaweb.com\/wp-content\/uploads\/2026\/01\/Mockup-Nico-Huesch-isometrisch.webp 1200w\" sizes=\"(max-width: 768px) 100vw, 768px\" \/>\t\t\t\t\t\t\t\t\t\t\t\t\t\t\t<\/div>\n\t\t\t\t<\/div>\n\t\t\t\t<div class=\"elementor-element elementor-element-28fdc8dd elementor-widget__width-initial elementor-widget elementor-widget-text-editor\" data-id=\"28fdc8dd\" data-element_type=\"widget\" data-e-type=\"widget\" data-widget_type=\"text-editor.default\">\n\t\t\t\t<div class=\"elementor-widget-container\">\n\t\t\t\t\t\t\t\t\t<p>F\u00fcr den Finanzberater Nico H\u00fcsch haben wir die bestehende Website einem umfassenden Relaunch unterzogen. Ziel war es, die inhaltlich <strong>umfangreichen Artikel<\/strong> rund um Finanzwissen in eine klare, <strong>\u00fcbersichtliche Struktur<\/strong> zu bringen und gleichzeitig ein einheitliches, modernes Design umzusetzen.<\/p><p>Diese <a href=\"https:\/\/laolaweb.com\/wordpress-agentur\/\">WordPress-Webseite<\/a> haben wir mit dem Page Builder von <a href=\"https:\/\/laolaweb.com\/elementor-agentur\/\">Elementor<\/a> umgesetzt.<\/p>\t\t\t\t\t\t\t\t<\/div>\n\t\t\t\t<\/div>\n\t\t\t\t<\/div>\n\t\t\t\t\t<\/div>\n\t\t\t\t<\/div>\n\t\t<div class=\"elementor-element elementor-element-3dd47bce e-flex e-con-boxed e-con e-parent\" data-id=\"3dd47bce\" data-element_type=\"container\" data-e-type=\"container\" data-settings=\"{&quot;background_background&quot;:&quot;classic&quot;}\">\n\t\t\t\t\t<div class=\"e-con-inner\">\n\t\t<div class=\"elementor-element elementor-element-75f5f882 e-con-full e-flex e-con e-child\" data-id=\"75f5f882\" data-element_type=\"container\" data-e-type=\"container\">\n\t\t<div class=\"elementor-element elementor-element-56447acc e-con-full e-flex e-con e-child\" data-id=\"56447acc\" data-element_type=\"container\" data-e-type=\"container\">\n\t\t\t\t<div class=\"elementor-element elementor-element-65858a72 drop_image elementor-widget elementor-widget-image\" data-id=\"65858a72\" data-element_type=\"widget\" data-e-type=\"widget\" data-widget_type=\"image.default\">\n\t\t\t\t<div class=\"elementor-widget-container\">\n\t\t\t\t\t\t\t\t\t\t\t\t\t\t\t<img decoding=\"async\" width=\"726\" height=\"1024\" src=\"https:\/\/laolaweb.com\/wp-content\/uploads\/2026\/01\/Mockup-Nico-Huesch-Einzelbeirtag.webp\" class=\"attachment-medium_large size-medium_large wp-image-19753\" alt=\"\" srcset=\"https:\/\/laolaweb.com\/wp-content\/uploads\/2026\/01\/Mockup-Nico-Huesch-Einzelbeirtag.webp 726w, https:\/\/laolaweb.com\/wp-content\/uploads\/2026\/01\/Mockup-Nico-Huesch-Einzelbeirtag-177x250.webp 177w, https:\/\/laolaweb.com\/wp-content\/uploads\/2026\/01\/Mockup-Nico-Huesch-Einzelbeirtag-9x12.webp 9w\" sizes=\"(max-width: 726px) 100vw, 726px\" \/>\t\t\t\t\t\t\t\t\t\t\t\t\t\t\t<\/div>\n\t\t\t\t<\/div>\n\t\t\t\t<\/div>\n\t\t<div class=\"elementor-element elementor-element-70dc8149 e-con-full e-flex e-con e-child\" data-id=\"70dc8149\" data-element_type=\"container\" data-e-type=\"container\">\n\t\t\t\t<div class=\"elementor-element elementor-element-30e8d1a1 elementor-widget elementor-widget-heading\" data-id=\"30e8d1a1\" data-element_type=\"widget\" data-e-type=\"widget\" data-widget_type=\"heading.default\">\n\t\t\t\t<div class=\"elementor-widget-container\">\n\t\t\t\t\t<h2 class=\"elementor-heading-title elementor-size-default\">Schwerpunkte der Umsetzung<\/h2>\t\t\t\t<\/div>\n\t\t\t\t<\/div>\n\t\t\t\t<div class=\"elementor-element elementor-element-2cec91a8 elementor-widget__width-initial elementor-widget elementor-widget-text-editor\" data-id=\"2cec91a8\" data-element_type=\"widget\" data-e-type=\"widget\" data-widget_type=\"text-editor.default\">\n\t\t\t\t<div class=\"elementor-widget-container\">\n\t\t\t\t\t\t\t\t\t<ul data-start=\"579\" data-end=\"1713\"><li data-start=\"579\" data-end=\"780\"><p data-start=\"581\" data-end=\"780\"><strong data-start=\"581\" data-end=\"622\">Strukturierung umfangreicher Inhalte:<\/strong> Die zahlreichen Fachartikel wurden in ein logisches, thematisch geordnetes System \u00fcberf\u00fchrt, sodass Besucher gezielt auf relevante Themen zugreifen k\u00f6nnen.<\/p><\/li><li data-start=\"782\" data-end=\"980\"><p data-start=\"784\" data-end=\"980\"><strong data-start=\"784\" data-end=\"819\">Modernes, einheitliches Design:<\/strong> Durch ein konsistentes Layout, Typografie, Farbgebung und Bildsprache wird die Marke professionell pr\u00e4sentiert und die Lesbarkeit der Artikel deutlich erh\u00f6ht.<\/p><\/li><li data-start=\"982\" data-end=\"1252\"><p data-start=\"984\" data-end=\"1252\"><strong data-start=\"984\" data-end=\"1012\">Performance-Optimierung:<\/strong> Die Seite wurde als <strong data-start=\"1033\" data-end=\"1088\">Hybrid aus WordPress-Block-Editor und Elementor Pro<\/strong> umgesetzt. Diese Kombination sorgt f\u00fcr schnelle Ladezeiten, flexible Gestaltungsm\u00f6glichkeiten und eine stabile Performance, auch bei sehr umfangreichen Inhalten.<\/p><\/li><li data-start=\"1254\" data-end=\"1550\"><p data-start=\"1256\" data-end=\"1550\"><strong data-start=\"1256\" data-end=\"1278\">Modulare Vorlagen:<\/strong> Dank vorgefertigter, modularer Templates k\u00f6nnen neue Artikel m\u00fchelos erstellt und ver\u00f6ffentlicht werden, ohne dass Redakteure tief in die Technik einsteigen m\u00fcssen. Die Module unterst\u00fctzen dabei auch lange, komplexe Inhalte, die in klaren Abschnitten strukturiert sind.<\/p><\/li><li data-start=\"1552\" data-end=\"1713\"><p data-start=\"1554\" data-end=\"1713\"><strong data-start=\"1554\" data-end=\"1598\">Responsives &amp; nutzerfreundliches Layout:<\/strong> Die Seite ist vollst\u00e4ndig responsive und sorgt f\u00fcr eine optimale Darstellung auf Desktop, Tablet und Smartphone.<\/p><\/li><\/ul><h3 data-start=\"1715\" data-end=\"1727\">\u00a0<\/h3>\t\t\t\t\t\t\t\t<\/div>\n\t\t\t\t<\/div>\n\t\t\t\t<\/div>\n\t\t\t\t<\/div>\n\t\t\t\t\t<\/div>\n\t\t\t\t<\/div>\n\t\t<div class=\"elementor-element elementor-element-346dd6e6 e-flex e-con-boxed e-con e-parent\" data-id=\"346dd6e6\" data-element_type=\"container\" data-e-type=\"container\" data-settings=\"{&quot;background_background&quot;:&quot;classic&quot;}\">\n\t\t\t\t\t<div class=\"e-con-inner\">\n\t\t<div class=\"elementor-element elementor-element-36e7814f e-con-full e-flex e-con e-child\" data-id=\"36e7814f\" data-element_type=\"container\" data-e-type=\"container\">\n\t\t<div class=\"elementor-element elementor-element-35c34ad3 e-con-full e-flex e-con e-child\" data-id=\"35c34ad3\" data-element_type=\"container\" data-e-type=\"container\">\n\t\t\t\t<div class=\"elementor-element elementor-element-11d375be elementor-widget elementor-widget-heading\" data-id=\"11d375be\" data-element_type=\"widget\" data-e-type=\"widget\" data-widget_type=\"heading.default\">\n\t\t\t\t<div class=\"elementor-widget-container\">\n\t\t\t\t\t<span class=\"elementor-heading-title elementor-size-default\">Ergebnis<\/span>\t\t\t\t<\/div>\n\t\t\t\t<\/div>\n\t\t\t\t<div class=\"elementor-element elementor-element-4a4859aa elementor-widget__width-initial elementor-widget elementor-widget-text-editor\" data-id=\"4a4859aa\" data-element_type=\"widget\" data-e-type=\"widget\" data-widget_type=\"text-editor.default\">\n\t\t\t\t<div class=\"elementor-widget-container\">\n\t\t\t\t\t\t\t\t\tMit dem Relaunch verf\u00fcgt Nico H\u00fcsch nun \u00fcber eine \u00fcbersichtliche, performante und inhaltlich hochwertige Website, die Besucher durch Finanzthemen f\u00fchrt, die Lesbarkeit verbessert und die Pflege neuer Artikel deutlich vereinfacht. Die Kombination aus modularer Bauweise, Block-Editor und Elementor Pro macht die Plattform flexibel, zukunftssicher und wartungsfreundlich.\t\t\t\t\t\t\t\t<\/div>\n\t\t\t\t<\/div>\n\t\t\t\t<div class=\"elementor-element elementor-element-1b7aa809 elementor-align-left underline_button_drei elementor-tablet-align-left elementor-mobile-align-left elementor-widget elementor-widget-button\" data-id=\"1b7aa809\" data-element_type=\"widget\" data-e-type=\"widget\" data-settings=\"{&quot;motion_fx_motion_fx_scrolling&quot;:&quot;yes&quot;,&quot;motion_fx_devices&quot;:[&quot;desktop&quot;,&quot;laptop&quot;,&quot;tablet&quot;,&quot;mobile&quot;]}\" data-widget_type=\"button.default\">\n\t\t\t\t<div class=\"elementor-widget-container\">\n\t\t\t\t\t\t\t\t\t<div class=\"elementor-button-wrapper\">\n\t\t\t\t\t<a class=\"elementor-button elementor-button-link elementor-size-sm\" href=\"https:\/\/nicohuesch.de\/\" target=\"_blank\">\n\t\t\t\t\t\t<span class=\"elementor-button-content-wrapper\">\n\t\t\t\t\t\t\t\t\t<span class=\"elementor-button-text\">Webseite ansehen<\/span>\n\t\t\t\t\t<\/span>\n\t\t\t\t\t<\/a>\n\t\t\t\t<\/div>\n\t\t\t\t\t\t\t\t<\/div>\n\t\t\t\t<\/div>\n\t\t\t\t<\/div>\n\t\t<div class=\"elementor-element elementor-element-640470c9 e-con-full e-flex e-con e-child\" data-id=\"640470c9\" data-element_type=\"container\" data-e-type=\"container\">\n\t\t\t\t<div class=\"elementor-element elementor-element-7232a65c drop_image elementor-widget elementor-widget-image\" data-id=\"7232a65c\" data-element_type=\"widget\" data-e-type=\"widget\" data-widget_type=\"image.default\">\n\t\t\t\t<div class=\"elementor-widget-container\">\n\t\t\t\t\t\t\t\t\t\t\t\t\t\t\t<img decoding=\"async\" width=\"726\" height=\"1024\" src=\"https:\/\/laolaweb.com\/wp-content\/uploads\/2026\/01\/iPhone-Nico-Huesch-Beratung-Ablauf.webp\" class=\"attachment-medium_large size-medium_large wp-image-19754\" alt=\"\" srcset=\"https:\/\/laolaweb.com\/wp-content\/uploads\/2026\/01\/iPhone-Nico-Huesch-Beratung-Ablauf.webp 726w, https:\/\/laolaweb.com\/wp-content\/uploads\/2026\/01\/iPhone-Nico-Huesch-Beratung-Ablauf-177x250.webp 177w, https:\/\/laolaweb.com\/wp-content\/uploads\/2026\/01\/iPhone-Nico-Huesch-Beratung-Ablauf-9x12.webp 9w\" sizes=\"(max-width: 726px) 100vw, 726px\" \/>\t\t\t\t\t\t\t\t\t\t\t\t\t\t\t<\/div>\n\t\t\t\t<\/div>\n\t\t\t\t<\/div>\n\t\t\t\t<\/div>\n\t\t\t\t\t<\/div>\n\t\t\t\t<\/div>\n\t\t\t\t<\/div>\n\t\t","protected":false},"excerpt":{"rendered":"<p>REFERENZ Nico H\u00fcsch WORDPRESS-WEBSEITE MIT ELEMENTOR Relaunch der Nico H\u00fcsch Webseite mit WordPress Block Editor und Elementor Pro F\u00fcr den Finanzberater Nico H\u00fcsch haben wir die bestehende Website einem umfassenden Relaunch unterzogen. Ziel war es, die inhaltlich umfangreichen Artikel rund um Finanzwissen in eine klare, \u00fcbersichtliche Struktur zu bringen und gleichzeitig ein einheitliches, modernes Design [&hellip;]<\/p>\n","protected":false},"author":1,"featured_media":0,"parent":44,"menu_order":0,"comment_status":"closed","ping_status":"closed","template":"","meta":{"footnotes":""},"class_list":["post-19879","page","type-page","status-publish","hentry"],"yoast_head":"<!-- This site is optimized with the Yoast SEO plugin v27.0 - https:\/\/yoast.com\/product\/yoast-seo-wordpress\/ -->\n<title>Nico H\u00fcsch GmbH Website-Relaunch mit Blockeditor und Elementor Referenz<\/title>\n<meta name=\"description\" content=\"Referenz: Relaunch der Nico H\u00fcsch Webseite mit Kombination aus WordPress Block Editor und Elementor Pro.\" \/>\n<meta name=\"robots\" content=\"index, follow, max-snippet:-1, max-image-preview:large, max-video-preview:-1\" \/>\n<link rel=\"canonical\" href=\"https:\/\/laolaweb.com\/en\/agency\/references\/nico-huesch-gmbh-website-relaunch-with-blockeditor-and-elementor-reference\/\" \/>\n<meta property=\"og:locale\" content=\"en_GB\" \/>\n<meta property=\"og:type\" content=\"article\" \/>\n<meta property=\"og:title\" content=\"Nico H\u00fcsch GmbH Website-Relaunch mit Blockeditor und Elementor Referenz\" \/>\n<meta property=\"og:description\" content=\"Referenz: Relaunch der Nico H\u00fcsch Webseite mit Kombination aus WordPress Block Editor und Elementor Pro.\" \/>\n<meta property=\"og:url\" content=\"https:\/\/laolaweb.com\/en\/agency\/references\/nico-huesch-gmbh-website-relaunch-with-blockeditor-and-elementor-reference\/\" \/>\n<meta property=\"og:site_name\" content=\"Internetagentur laOlaWeb - Agentur f\u00fcr WordPress\" \/>\n<meta property=\"article:modified_time\" content=\"2026-02-27T10:02:50+00:00\" \/>\n<meta property=\"og:image\" content=\"https:\/\/laolaweb.com\/wp-content\/uploads\/2026\/01\/Mockup-Nico-Huesch-isometrisch-768x822.webp\" \/>\n<meta name=\"twitter:card\" content=\"summary_large_image\" \/>\n<meta name=\"twitter:label1\" content=\"Estimated reading time\" \/>\n\t<meta name=\"twitter:data1\" content=\"2 minutes\" \/>\n<!-- \/ Yoast SEO plugin. -->","yoast_head_json":{"title":"Nico H\u00fcsch GmbH website relaunch with Blockeditor and Elementor reference","description":"Reference: Relaunch of the Nico H\u00fcsch website with a combination of WordPress Block Editor and Elementor Pro.","robots":{"index":"index","follow":"follow","max-snippet":"max-snippet:-1","max-image-preview":"max-image-preview:large","max-video-preview":"max-video-preview:-1"},"canonical":"https:\/\/laolaweb.com\/en\/agency\/references\/nico-huesch-gmbh-website-relaunch-with-blockeditor-and-elementor-reference\/","og_locale":"en_GB","og_type":"article","og_title":"Nico H\u00fcsch GmbH Website-Relaunch mit Blockeditor und Elementor Referenz","og_description":"Referenz: Relaunch der Nico H\u00fcsch Webseite mit Kombination aus WordPress Block Editor und Elementor Pro.","og_url":"https:\/\/laolaweb.com\/en\/agency\/references\/nico-huesch-gmbh-website-relaunch-with-blockeditor-and-elementor-reference\/","og_site_name":"Internetagentur laOlaWeb - Agentur f\u00fcr WordPress","article_modified_time":"2026-02-27T10:02:50+00:00","og_image":[{"url":"https:\/\/laolaweb.com\/wp-content\/uploads\/2026\/01\/Mockup-Nico-Huesch-isometrisch-768x822.webp","type":"","width":"","height":""}],"twitter_card":"summary_large_image","twitter_misc":{"Estimated reading time":"2 minutes"},"schema":{"@context":"https:\/\/schema.org","@graph":[{"@type":"TechArticle","@id":"https:\/\/laolaweb.com\/agentur\/referenzen\/nico-huesch-gmbh-website-relaunch-mit-blockeditor-und-elementor-referenz\/#article","isPartOf":{"@id":"https:\/\/laolaweb.com\/agentur\/referenzen\/nico-huesch-gmbh-website-relaunch-mit-blockeditor-und-elementor-referenz\/"},"author":{"name":"Manuel","@id":"https:\/\/laolaweb.com\/#\/schema\/person\/c91cf5a4d4b8445fd6a7c152951a70bd"},"headline":"Nico H\u00fcsch GmbH Website-Relaunch mit Blockeditor und Elementor Referenz","datePublished":"2026-01-30T12:44:36+00:00","dateModified":"2026-02-27T10:02:50+00:00","mainEntityOfPage":{"@id":"https:\/\/laolaweb.com\/agentur\/referenzen\/nico-huesch-gmbh-website-relaunch-mit-blockeditor-und-elementor-referenz\/"},"wordCount":280,"publisher":{"@id":"https:\/\/laolaweb.com\/#organization"},"image":{"@id":"https:\/\/laolaweb.com\/agentur\/referenzen\/nico-huesch-gmbh-website-relaunch-mit-blockeditor-und-elementor-referenz\/#primaryimage"},"thumbnailUrl":"https:\/\/laolaweb.com\/wp-content\/uploads\/2026\/01\/Mockup-Nico-Huesch-isometrisch-768x822.webp","inLanguage":"en-GB"},{"@type":"WebPage","@id":"https:\/\/laolaweb.com\/agentur\/referenzen\/nico-huesch-gmbh-website-relaunch-mit-blockeditor-und-elementor-referenz\/","url":"https:\/\/laolaweb.com\/agentur\/referenzen\/nico-huesch-gmbh-website-relaunch-mit-blockeditor-und-elementor-referenz\/","name":"Nico H\u00fcsch GmbH website relaunch with Blockeditor and Elementor reference","isPartOf":{"@id":"https:\/\/laolaweb.com\/#website"},"primaryImageOfPage":{"@id":"https:\/\/laolaweb.com\/agentur\/referenzen\/nico-huesch-gmbh-website-relaunch-mit-blockeditor-und-elementor-referenz\/#primaryimage"},"image":{"@id":"https:\/\/laolaweb.com\/agentur\/referenzen\/nico-huesch-gmbh-website-relaunch-mit-blockeditor-und-elementor-referenz\/#primaryimage"},"thumbnailUrl":"https:\/\/laolaweb.com\/wp-content\/uploads\/2026\/01\/Mockup-Nico-Huesch-isometrisch-768x822.webp","datePublished":"2026-01-30T12:44:36+00:00","dateModified":"2026-02-27T10:02:50+00:00","description":"Reference: Relaunch of the Nico H\u00fcsch website with a combination of WordPress Block Editor and Elementor Pro.","breadcrumb":{"@id":"https:\/\/laolaweb.com\/agentur\/referenzen\/nico-huesch-gmbh-website-relaunch-mit-blockeditor-und-elementor-referenz\/#breadcrumb"},"inLanguage":"en-GB","potentialAction":[{"@type":"ReadAction","target":["https:\/\/laolaweb.com\/agentur\/referenzen\/nico-huesch-gmbh-website-relaunch-mit-blockeditor-und-elementor-referenz\/"]}]},{"@type":"ImageObject","inLanguage":"en-GB","@id":"https:\/\/laolaweb.com\/agentur\/referenzen\/nico-huesch-gmbh-website-relaunch-mit-blockeditor-und-elementor-referenz\/#primaryimage","url":"https:\/\/laolaweb.com\/wp-content\/uploads\/2026\/01\/Mockup-Nico-Huesch-isometrisch-768x822.webp","contentUrl":"https:\/\/laolaweb.com\/wp-content\/uploads\/2026\/01\/Mockup-Nico-Huesch-isometrisch-768x822.webp"},{"@type":"BreadcrumbList","@id":"https:\/\/laolaweb.com\/agentur\/referenzen\/nico-huesch-gmbh-website-relaunch-mit-blockeditor-und-elementor-referenz\/#breadcrumb","itemListElement":[{"@type":"ListItem","position":1,"name":"Startseite","item":"https:\/\/laolaweb.com\/"},{"@type":"ListItem","position":2,"name":"\u00dcber uns","item":"https:\/\/laolaweb.com\/agentur\/"},{"@type":"ListItem","position":3,"name":"Referenzen","item":"https:\/\/laolaweb.com\/agentur\/referenzen\/"},{"@type":"ListItem","position":4,"name":"Nico H\u00fcsch GmbH Website-Relaunch mit Blockeditor und Elementor Referenz"}]},{"@type":"WebSite","@id":"https:\/\/laolaweb.com\/#website","url":"https:\/\/laolaweb.com\/","name":"Internet agency laOlaWeb - Agency for WordPress","description":"Professional WordPress websites","publisher":{"@id":"https:\/\/laolaweb.com\/#organization"},"potentialAction":[{"@type":"SearchAction","target":{"@type":"EntryPoint","urlTemplate":"https:\/\/laolaweb.com\/?s={search_term_string}"},"query-input":{"@type":"PropertyValueSpecification","valueRequired":true,"valueName":"search_term_string"}}],"inLanguage":"en-GB"},{"@type":"Organization","@id":"https:\/\/laolaweb.com\/#organization","name":"laOlaWeb GmbH","url":"https:\/\/laolaweb.com\/","logo":{"@type":"ImageObject","inLanguage":"en-GB","@id":"https:\/\/laolaweb.com\/#\/schema\/logo\/image\/","url":"https:\/\/laolaweb.com\/wp-content\/uploads\/2022\/06\/laolaweb-internetagentur.jpg","contentUrl":"https:\/\/laolaweb.com\/wp-content\/uploads\/2022\/06\/laolaweb-internetagentur.jpg","width":400,"height":367,"caption":"laOlaWeb GmbH"},"image":{"@id":"https:\/\/laolaweb.com\/#\/schema\/logo\/image\/"}},{"@type":"Person","@id":"https:\/\/laolaweb.com\/#\/schema\/person\/c91cf5a4d4b8445fd6a7c152951a70bd","name":"Manuel","sameAs":["http:\/\/laolaweb.com"]}]}},"_links":{"self":[{"href":"https:\/\/laolaweb.com\/en\/wp-json\/wp\/v2\/pages\/19879","targetHints":{"allow":["GET"]}}],"collection":[{"href":"https:\/\/laolaweb.com\/en\/wp-json\/wp\/v2\/pages"}],"about":[{"href":"https:\/\/laolaweb.com\/en\/wp-json\/wp\/v2\/types\/page"}],"author":[{"embeddable":true,"href":"https:\/\/laolaweb.com\/en\/wp-json\/wp\/v2\/users\/1"}],"replies":[{"embeddable":true,"href":"https:\/\/laolaweb.com\/en\/wp-json\/wp\/v2\/comments?post=19879"}],"version-history":[{"count":9,"href":"https:\/\/laolaweb.com\/en\/wp-json\/wp\/v2\/pages\/19879\/revisions"}],"predecessor-version":[{"id":20043,"href":"https:\/\/laolaweb.com\/en\/wp-json\/wp\/v2\/pages\/19879\/revisions\/20043"}],"up":[{"embeddable":true,"href":"https:\/\/laolaweb.com\/en\/wp-json\/wp\/v2\/pages\/44"}],"wp:attachment":[{"href":"https:\/\/laolaweb.com\/en\/wp-json\/wp\/v2\/media?parent=19879"}],"curies":[{"name":"wp","href":"https:\/\/api.w.org\/{rel}","templated":true}]}}