{"id":19851,"date":"2026-01-30T10:48:56","date_gmt":"2026-01-30T09:48:56","guid":{"rendered":"https:\/\/laolaweb.com\/?page_id=19851"},"modified":"2026-02-27T11:06:35","modified_gmt":"2026-02-27T10:06:35","slug":"bongu-woocommerce-and-elementor-reference","status":"publish","type":"page","link":"https:\/\/laolaweb.com\/en\/agentur\/referenzen\/bongu-woocommerce-und-elementor-referenz\/","title":{"rendered":"Bongu WooCommerce and Elementor reference"},"content":{"rendered":"\t\t<div data-elementor-type=\"wp-page\" data-elementor-id=\"19851\" class=\"elementor elementor-19851\" data-elementor-post-type=\"page\">\n\t\t\t\t<div class=\"elementor-element elementor-element-3d17c6a0 e-flex e-con-boxed e-con e-parent\" data-id=\"3d17c6a0\" data-element_type=\"container\" data-e-type=\"container\" data-settings=\"{&quot;background_background&quot;:&quot;classic&quot;}\">\n\t\t\t\t\t<div class=\"e-con-inner\">\n\t\t<div class=\"elementor-element elementor-element-9e52b7a rotate e-con-full e-flex e-con e-child\" data-id=\"9e52b7a\" data-element_type=\"container\" data-e-type=\"container\">\n\t\t\t\t<div class=\"elementor-element elementor-element-4a2e041e text-trans-zwei elementor-widget elementor-widget-text-editor\" data-id=\"4a2e041e\" data-element_type=\"widget\" data-e-type=\"widget\" data-widget_type=\"text-editor.default\">\n\t\t\t\t<div class=\"elementor-widget-container\">\n\t\t\t\t\t\t\t\t\t<p>REFERENZ<\/p>\t\t\t\t\t\t\t\t<\/div>\n\t\t\t\t<\/div>\n\t\t\t\t<div class=\"elementor-element elementor-element-4c07612b text-trans elementor-widget elementor-widget-heading\" data-id=\"4c07612b\" data-element_type=\"widget\" data-e-type=\"widget\" data-widget_type=\"heading.default\">\n\t\t\t\t<div class=\"elementor-widget-container\">\n\t\t\t\t\t<p class=\"elementor-heading-title elementor-size-default\">bon'gu<\/p>\t\t\t\t<\/div>\n\t\t\t\t<\/div>\n\t\t\t\t<div class=\"elementor-element elementor-element-464ccdb3 text-trans elementor-widget elementor-widget-text-editor\" data-id=\"464ccdb3\" data-element_type=\"widget\" data-e-type=\"widget\" data-widget_type=\"text-editor.default\">\n\t\t\t\t<div class=\"elementor-widget-container\">\n\t\t\t\t\t\t\t\t\t<p>Onlineshop MIT ELEMENTOR und WooCOmmerce<\/p>\t\t\t\t\t\t\t\t<\/div>\n\t\t\t\t<\/div>\n\t\t\t\t<\/div>\n\t\t\t\t\t<\/div>\n\t\t\t\t<\/div>\n\t\t<div class=\"elementor-element elementor-element-435fec56 e-flex e-con-boxed e-con e-parent\" data-id=\"435fec56\" data-element_type=\"container\" data-e-type=\"container\">\n\t\t\t\t\t<div class=\"e-con-inner\">\n\t\t<div class=\"elementor-element elementor-element-7199d214 e-con-full e-flex e-con e-child\" data-id=\"7199d214\" data-element_type=\"container\" data-e-type=\"container\">\n\t\t\t\t<div class=\"elementor-element elementor-element-19e21910 elementor-widget__width-initial elementor-widget elementor-widget-heading\" data-id=\"19e21910\" data-element_type=\"widget\" data-e-type=\"widget\" data-widget_type=\"heading.default\">\n\t\t\t\t<div class=\"elementor-widget-container\">\n\t\t\t\t\t<h1 class=\"elementor-heading-title elementor-size-default\">bon'gu: Redesign des Onlineshop mit WooCommerce und Elementor<\/h1>\t\t\t\t<\/div>\n\t\t\t\t<\/div>\n\t\t\t\t<div class=\"elementor-element elementor-element-1380097f elementor-widget elementor-widget-image\" data-id=\"1380097f\" data-element_type=\"widget\" data-e-type=\"widget\" data-widget_type=\"image.default\">\n\t\t\t\t<div class=\"elementor-widget-container\">\n\t\t\t\t\t\t\t\t\t\t\t\t\t\t\t<img fetchpriority=\"high\" decoding=\"async\" width=\"768\" height=\"822\" src=\"https:\/\/laolaweb.com\/wp-content\/uploads\/2026\/01\/Mobile-Mockup-isometrisch-Bongu-768x822.webp\" class=\"attachment-medium_large size-medium_large wp-image-19745\" alt=\"\" srcset=\"https:\/\/laolaweb.com\/wp-content\/uploads\/2026\/01\/Mobile-Mockup-isometrisch-Bongu-768x822.webp 768w, https:\/\/laolaweb.com\/wp-content\/uploads\/2026\/01\/Mobile-Mockup-isometrisch-Bongu-234x250.webp 234w, https:\/\/laolaweb.com\/wp-content\/uploads\/2026\/01\/Mobile-Mockup-isometrisch-Bongu-957x1024.webp 957w, https:\/\/laolaweb.com\/wp-content\/uploads\/2026\/01\/Mobile-Mockup-isometrisch-Bongu-11x12.webp 11w, https:\/\/laolaweb.com\/wp-content\/uploads\/2026\/01\/Mobile-Mockup-isometrisch-Bongu.webp 1200w\" sizes=\"(max-width: 768px) 100vw, 768px\" \/>\t\t\t\t\t\t\t\t\t\t\t\t\t\t\t<\/div>\n\t\t\t\t<\/div>\n\t\t\t\t<div class=\"elementor-element elementor-element-2dd77277 elementor-widget__width-initial elementor-widget elementor-widget-text-editor\" data-id=\"2dd77277\" data-element_type=\"widget\" data-e-type=\"widget\" data-widget_type=\"text-editor.default\">\n\t\t\t\t<div class=\"elementor-widget-container\">\n\t\t\t\t\t\t\t\t\t<p>F\u00fcr bon'gu haben wir den Online-Shop v<strong>on Magento zu WordPress mit WooCommerce und Elementor migriert<\/strong> und gleichzeitig ein modernes, elegantes Shop-Design umgesetzt, das die hochwertigen Lebensmittel und Backzutaten ansprechend pr\u00e4sentiert und den gesamten Kaufprozess <strong data-start=\"455\" data-end=\"490\">intuitiv sowie nutzerfreundlich<\/strong> gestaltet.<\/p><p>Ziel war es, die Produktvielfalt klar darzustellen, die Navigation zu vereinfachen und den Nutzer sicher und direkt bis zum Kaufabschluss zu f\u00fchren.<\/p><p>Diese <a href=\"https:\/\/laolaweb.com\/wordpress-agentur\/\">WordPress-Webseite<\/a> haben wir mit dem mit dem E-Commerce Plug-in <a href=\"https:\/\/laolaweb.com\/elementor-agentur\/\">WooCommerce<\/a> umgesetzt.<\/p>\t\t\t\t\t\t\t\t<\/div>\n\t\t\t\t<\/div>\n\t\t\t\t<\/div>\n\t\t\t\t\t<\/div>\n\t\t\t\t<\/div>\n\t\t<div class=\"elementor-element elementor-element-7b821aac e-flex e-con-boxed e-con e-parent\" data-id=\"7b821aac\" data-element_type=\"container\" data-e-type=\"container\" data-settings=\"{&quot;background_background&quot;:&quot;classic&quot;}\">\n\t\t\t\t\t<div class=\"e-con-inner\">\n\t\t<div class=\"elementor-element elementor-element-40bc6bbc e-con-full e-flex e-con e-child\" data-id=\"40bc6bbc\" data-element_type=\"container\" data-e-type=\"container\">\n\t\t<div class=\"elementor-element elementor-element-cad096e e-con-full e-flex e-con e-child\" data-id=\"cad096e\" data-element_type=\"container\" data-e-type=\"container\">\n\t\t\t\t<div class=\"elementor-element elementor-element-2c8f2f6 drop_image elementor-widget elementor-widget-image\" data-id=\"2c8f2f6\" data-element_type=\"widget\" data-e-type=\"widget\" data-widget_type=\"image.default\">\n\t\t\t\t<div class=\"elementor-widget-container\">\n\t\t\t\t\t\t\t\t\t\t\t\t\t\t\t<img decoding=\"async\" width=\"726\" height=\"1024\" src=\"https:\/\/laolaweb.com\/wp-content\/uploads\/2026\/01\/Mobile-Mockup-Bongu-Kasse.webp\" class=\"attachment-medium_large size-medium_large wp-image-19747\" alt=\"\" srcset=\"https:\/\/laolaweb.com\/wp-content\/uploads\/2026\/01\/Mobile-Mockup-Bongu-Kasse.webp 726w, https:\/\/laolaweb.com\/wp-content\/uploads\/2026\/01\/Mobile-Mockup-Bongu-Kasse-177x250.webp 177w, https:\/\/laolaweb.com\/wp-content\/uploads\/2026\/01\/Mobile-Mockup-Bongu-Kasse-9x12.webp 9w\" sizes=\"(max-width: 726px) 100vw, 726px\" \/>\t\t\t\t\t\t\t\t\t\t\t\t\t\t\t<\/div>\n\t\t\t\t<\/div>\n\t\t\t\t<\/div>\n\t\t<div class=\"elementor-element elementor-element-13912f1 e-con-full e-flex e-con e-child\" data-id=\"13912f1\" data-element_type=\"container\" data-e-type=\"container\">\n\t\t\t\t<div class=\"elementor-element elementor-element-298cfee7 elementor-widget elementor-widget-heading\" data-id=\"298cfee7\" data-element_type=\"widget\" data-e-type=\"widget\" data-widget_type=\"heading.default\">\n\t\t\t\t<div class=\"elementor-widget-container\">\n\t\t\t\t\t<h2 class=\"elementor-heading-title elementor-size-default\">Schwerpunkte der Umsetzung<\/h2>\t\t\t\t<\/div>\n\t\t\t\t<\/div>\n\t\t\t\t<div class=\"elementor-element elementor-element-3d17a996 elementor-widget__width-initial elementor-widget elementor-widget-text-editor\" data-id=\"3d17a996\" data-element_type=\"widget\" data-e-type=\"widget\" data-widget_type=\"text-editor.default\">\n\t\t\t\t<div class=\"elementor-widget-container\">\n\t\t\t\t\t\t\t\t\t<ul><li data-start=\"750\" data-end=\"968\"><p data-start=\"752\" data-end=\"968\"><strong data-start=\"752\" data-end=\"784\">Elegante Produktdarstellung:<\/strong> Jedes Produkt wird \u00fcbersichtlich pr\u00e4sentiert, inklusive Varianten, Preisen, Beschreibung, Bildern und Zusatzinformationen, sodass Kunden schnell die passende Auswahl treffen k\u00f6nnen.<\/p><\/li><li data-start=\"970\" data-end=\"1178\"><p data-start=\"972\" data-end=\"1178\"><strong data-start=\"972\" data-end=\"1000\">Intuitive Nutzerf\u00fchrung:<\/strong> Besucher werden gezielt durch Kategorien und Produkte gef\u00fchrt. Dank verst\u00e4ndlicher Men\u00fcstruktur finden Nutzer schnell, was sie suchen.<\/p><\/li><li data-start=\"1180\" data-end=\"1460\"><p data-start=\"1182\" data-end=\"1460\"><strong data-start=\"1182\" data-end=\"1207\">Sicherer Kaufprozess:<\/strong> Der Checkout-Prozess ist schlank und \u00fcbersichtlich gestaltet. Kunden k\u00f6nnen zwischen verschiedenen Zahlungsoptionen w\u00e4hlen, darunter <strong data-start=\"1341\" data-end=\"1401\">PayPal und weitere g\u00e4ngige Zahlungsmethoden<\/strong>, um ein reibungsloses Einkaufserlebnis zu gew\u00e4hrleisten.<\/p><\/li><li data-start=\"1704\" data-end=\"1857\"><p data-start=\"1706\" data-end=\"1857\"><strong data-start=\"1706\" data-end=\"1737\">Newsletter &amp; Kundenbindung:<\/strong> Besucher k\u00f6nnen sich direkt f\u00fcr den Newsletter anmelden, um Angebote, Neuigkeiten und saisonale Aktionen zu erhalten.<\/p><\/li><li data-start=\"1859\" data-end=\"2064\"><p data-start=\"1861\" data-end=\"2064\"><strong data-start=\"1861\" data-end=\"1896\">Rezeptblog &amp; Content-Marketing:<\/strong> Ein integrierter Blog liefert Inspiration, Rezeptideen und Tipps rund um Backen und Kochen, f\u00f6rdert die Markenbindung und steigert die Sichtbarkeit in Suchmaschinen.<\/p><\/li><li data-start=\"2066\" data-end=\"2199\"><p data-start=\"2068\" data-end=\"2199\"><strong data-start=\"2068\" data-end=\"2105\">Responsive &amp; mobile-first Design:<\/strong> Der Shop funktioniert auf allen Endger\u00e4ten optimal \u2013 f\u00fcr unterwegs, am Tablet oder Desktop.<\/p><\/li><li data-start=\"2201\" data-end=\"2358\"><p data-start=\"2203\" data-end=\"2358\"><strong data-start=\"2203\" data-end=\"2230\">Visuelles Storytelling:<\/strong> Hochwertige Bilder, Icons und Typografie vermitteln das Premium- und Genussgef\u00fchl der Marke und st\u00e4rken das Einkaufserlebnis.<\/p><\/li><\/ul>\t\t\t\t\t\t\t\t<\/div>\n\t\t\t\t<\/div>\n\t\t\t\t<\/div>\n\t\t\t\t<\/div>\n\t\t\t\t\t<\/div>\n\t\t\t\t<\/div>\n\t\t<div class=\"elementor-element elementor-element-6addcec5 e-flex e-con-boxed e-con e-parent\" data-id=\"6addcec5\" data-element_type=\"container\" data-e-type=\"container\" data-settings=\"{&quot;background_background&quot;:&quot;classic&quot;}\">\n\t\t\t\t\t<div class=\"e-con-inner\">\n\t\t<div class=\"elementor-element elementor-element-5f32d34d e-con-full e-flex e-con e-child\" data-id=\"5f32d34d\" data-element_type=\"container\" data-e-type=\"container\">\n\t\t<div class=\"elementor-element elementor-element-7fd8c127 e-con-full e-flex e-con e-child\" data-id=\"7fd8c127\" data-element_type=\"container\" data-e-type=\"container\">\n\t\t\t\t<div class=\"elementor-element elementor-element-6184dc4b elementor-widget elementor-widget-heading\" data-id=\"6184dc4b\" data-element_type=\"widget\" data-e-type=\"widget\" data-widget_type=\"heading.default\">\n\t\t\t\t<div class=\"elementor-widget-container\">\n\t\t\t\t\t<span class=\"elementor-heading-title elementor-size-default\">Ergebnis<\/span>\t\t\t\t<\/div>\n\t\t\t\t<\/div>\n\t\t\t\t<div class=\"elementor-element elementor-element-6e7439c5 elementor-widget__width-initial elementor-widget elementor-widget-text-editor\" data-id=\"6e7439c5\" data-element_type=\"widget\" data-e-type=\"widget\" data-widget_type=\"text-editor.default\">\n\t\t\t\t<div class=\"elementor-widget-container\">\n\t\t\t\t\t\t\t\t\t<p>Mit dem neuen Online-Shop bietet bon'gu ein <strong>nahtloses Einkaufserlebnis<\/strong>, das Inspiration, Information und Kauf nahtlos verbindet. Kunden finden Produkte schnell und gelangen einfach von der Inspiration bis zum Checkout.<\/p>\t\t\t\t\t\t\t\t<\/div>\n\t\t\t\t<\/div>\n\t\t\t\t<div class=\"elementor-element elementor-element-1edc8492 elementor-align-left underline_button_drei elementor-tablet-align-left elementor-mobile-align-left elementor-widget elementor-widget-button\" data-id=\"1edc8492\" data-element_type=\"widget\" data-e-type=\"widget\" data-settings=\"{&quot;motion_fx_motion_fx_scrolling&quot;:&quot;yes&quot;,&quot;motion_fx_devices&quot;:[&quot;desktop&quot;,&quot;laptop&quot;,&quot;tablet&quot;,&quot;mobile&quot;]}\" data-widget_type=\"button.default\">\n\t\t\t\t<div class=\"elementor-widget-container\">\n\t\t\t\t\t\t\t\t\t<div class=\"elementor-button-wrapper\">\n\t\t\t\t\t<a class=\"elementor-button elementor-button-link elementor-size-sm\" href=\"https:\/\/bongu.de\/\" target=\"_blank\">\n\t\t\t\t\t\t<span class=\"elementor-button-content-wrapper\">\n\t\t\t\t\t\t\t\t\t<span class=\"elementor-button-text\">Webseite ansehen<\/span>\n\t\t\t\t\t<\/span>\n\t\t\t\t\t<\/a>\n\t\t\t\t<\/div>\n\t\t\t\t\t\t\t\t<\/div>\n\t\t\t\t<\/div>\n\t\t\t\t<\/div>\n\t\t<div class=\"elementor-element elementor-element-1cfd6f82 e-con-full e-flex e-con e-child\" data-id=\"1cfd6f82\" data-element_type=\"container\" data-e-type=\"container\">\n\t\t\t\t<div class=\"elementor-element elementor-element-6c7e0e35 drop_image elementor-widget elementor-widget-image\" data-id=\"6c7e0e35\" data-element_type=\"widget\" data-e-type=\"widget\" data-widget_type=\"image.default\">\n\t\t\t\t<div class=\"elementor-widget-container\">\n\t\t\t\t\t\t\t\t\t\t\t\t\t\t\t<img decoding=\"async\" width=\"726\" height=\"1024\" src=\"https:\/\/laolaweb.com\/wp-content\/uploads\/2026\/01\/Mobile-Mockup-Bongu-Prdoduktdetailansicht.webp\" class=\"attachment-medium_large size-medium_large wp-image-19746\" alt=\"\" srcset=\"https:\/\/laolaweb.com\/wp-content\/uploads\/2026\/01\/Mobile-Mockup-Bongu-Prdoduktdetailansicht.webp 726w, https:\/\/laolaweb.com\/wp-content\/uploads\/2026\/01\/Mobile-Mockup-Bongu-Prdoduktdetailansicht-177x250.webp 177w, https:\/\/laolaweb.com\/wp-content\/uploads\/2026\/01\/Mobile-Mockup-Bongu-Prdoduktdetailansicht-9x12.webp 9w\" sizes=\"(max-width: 726px) 100vw, 726px\" \/>\t\t\t\t\t\t\t\t\t\t\t\t\t\t\t<\/div>\n\t\t\t\t<\/div>\n\t\t\t\t<\/div>\n\t\t\t\t<\/div>\n\t\t\t\t\t<\/div>\n\t\t\t\t<\/div>\n\t\t<div class=\"elementor-element elementor-element-43bc3dc3 e-con-full e-flex e-con e-parent\" data-id=\"43bc3dc3\" data-element_type=\"container\" data-e-type=\"container\" data-settings=\"{&quot;background_background&quot;:&quot;classic&quot;}\">\n\t\t<div class=\"elementor-element elementor-element-7ce5c844 e-con-full e-flex e-con e-child\" data-id=\"7ce5c844\" data-element_type=\"container\" data-e-type=\"container\">\n\t\t\t\t<div class=\"elementor-element elementor-element-32dcf66 elementor-widget elementor-widget-heading\" data-id=\"32dcf66\" data-element_type=\"widget\" data-e-type=\"widget\" data-widget_type=\"heading.default\">\n\t\t\t\t<div class=\"elementor-widget-container\">\n\t\t\t\t\t<span class=\"elementor-heading-title elementor-size-default\">Kundenstimme<\/span>\t\t\t\t<\/div>\n\t\t\t\t<\/div>\n\t\t\t\t<div class=\"elementor-element elementor-element-4a8c6433 elementor-widget elementor-widget-heading\" data-id=\"4a8c6433\" data-element_type=\"widget\" data-e-type=\"widget\" data-widget_type=\"heading.default\">\n\t\t\t\t<div class=\"elementor-widget-container\">\n\t\t\t\t\t<h2 class=\"elementor-heading-title elementor-size-default\">Zur Projektumsetzung und Zusammenarbeit<\/h2>\t\t\t\t<\/div>\n\t\t\t\t<\/div>\n\t\t\t\t<div class=\"elementor-element elementor-element-67e41999 elementor-testimonial--layout-image_stacked drop_column_only elementor-widget__width-initial elementor-widget-mobile__width-inherit elementor-testimonial--skin-default elementor-testimonial--align-center elementor-pagination-type-bullets elementor-widget elementor-widget-testimonial-carousel\" data-id=\"67e41999\" data-element_type=\"widget\" data-e-type=\"widget\" data-settings=\"{&quot;slides_per_view&quot;:&quot;1&quot;,&quot;slides_per_view_mobile&quot;:&quot;1&quot;,&quot;slides_to_scroll&quot;:&quot;1&quot;,&quot;space_between_tablet&quot;:{&quot;unit&quot;:&quot;px&quot;,&quot;size&quot;:13,&quot;sizes&quot;:[]},&quot;pagination&quot;:&quot;bullets&quot;,&quot;speed&quot;:500,&quot;space_between&quot;:{&quot;unit&quot;:&quot;px&quot;,&quot;size&quot;:10,&quot;sizes&quot;:[]},&quot;space_between_laptop&quot;:{&quot;unit&quot;:&quot;px&quot;,&quot;size&quot;:10,&quot;sizes&quot;:[]},&quot;space_between_mobile&quot;:{&quot;unit&quot;:&quot;px&quot;,&quot;size&quot;:10,&quot;sizes&quot;:[]}}\" data-widget_type=\"testimonial-carousel.default\">\n\t\t\t\t<div class=\"elementor-widget-container\">\n\t\t\t\t\t\t\t\t\t<div class=\"elementor-swiper\">\n\t\t\t\t\t<div class=\"elementor-main-swiper swiper\" role=\"region\" aria-roledescription=\"carousel\" aria-label=\"Slider\">\n\t\t\t\t<div class=\"swiper-wrapper\">\n\t\t\t\t\t\t\t\t\t\t\t<div class=\"swiper-slide\" role=\"group\" aria-roledescription=\"slide\">\n\t\t\t\t\t\t\t\t\t<div class=\"elementor-testimonial\">\n\t\t\t\t\t\t\t<div class=\"elementor-testimonial__content\">\n\t\t\t\t\t<div class=\"elementor-testimonial__text\">\n\t\t\t\t\t\tlaolaweb hat f\u00fcr unsere Website in woocommerce neu aufgebaut und den Umzug von magento organisiert - Das klappte bestens!\n\nDas Team von laola ist sehr flexibel, sodass Anpassungen und Problembehebungen immer sehr schnell erledigt werden. Volle Empfehlung!\t\t\t\t\t<\/div>\n\t\t\t\t\t\t\t\t\t<\/div>\n\t\t\t\t\t\t<div class=\"elementor-testimonial__footer\">\n\t\t\t\t\t\t\t\t\t<div class=\"elementor-testimonial__image\">\n\t\t\t\t\t\t<img decoding=\"async\" src=\"https:\/\/laolaweb.com\/wp-content\/uploads\/2026\/01\/bongusheep.png\" alt=\"Rob Schelling\">\n\t\t\t\t\t\t\t\t\t\t\t<\/div>\n\t\t\t\t\t\t\t\t<cite class=\"elementor-testimonial__cite\"><span class=\"elementor-testimonial__name\">Rob Schelling<\/span><span class=\"elementor-testimonial__title\">Gesch\u00e4ftsf\u00fchrer bon'gu<\/span><\/cite>\t\t\t<\/div>\n\t\t<\/div>\n\t\t\t\t\t\t\t\t<\/div>\n\t\t\t\t\t\t\t\t\t<\/div>\n\t\t\t\t\t\t\t<\/div>\n\t\t\t\t<\/div>\n\t\t\t\t\t\t\t\t<\/div>\n\t\t\t\t<\/div>\n\t\t\t\t<\/div>\n\t\t\t\t<\/div>\n\t\t\t\t<\/div>\n\t\t","protected":false},"excerpt":{"rendered":"<p>REFERENZ bon'gu Onlineshop MIT ELEMENTOR und WooCOmmerce bon'gu: Redesign des Onlineshop mit WooCommerce und Elementor F\u00fcr bon'gu haben wir den Online-Shop von Magento zu WordPress mit WooCommerce und Elementor migriert und gleichzeitig ein modernes, elegantes Shop-Design umgesetzt, das die hochwertigen Lebensmittel und Backzutaten ansprechend pr\u00e4sentiert und den gesamten Kaufprozess intuitiv sowie nutzerfreundlich gestaltet. Ziel war [&hellip;]<\/p>\n","protected":false},"author":1,"featured_media":0,"parent":44,"menu_order":0,"comment_status":"closed","ping_status":"closed","template":"","meta":{"footnotes":""},"class_list":["post-19851","page","type-page","status-publish","hentry"],"yoast_head":"<!-- This site is optimized with the Yoast SEO plugin v27.0 - https:\/\/yoast.com\/product\/yoast-seo-wordpress\/ -->\n<title>Bongu WooCommerce und Elementor Referenz - Internetagentur laOlaWeb - Agentur f\u00fcr WordPress<\/title>\n<meta name=\"description\" content=\"Referenz von Magento zu WooCommerce: Redesign des Onlineshop mit WooCommerce und Elementor in nur 2 Monaten.\" \/>\n<meta name=\"robots\" content=\"index, follow, max-snippet:-1, max-image-preview:large, max-video-preview:-1\" \/>\n<link rel=\"canonical\" href=\"https:\/\/laolaweb.com\/en\/agency\/references\/bongu-woocommerce-and-elementor-reference\/\" \/>\n<meta property=\"og:locale\" content=\"en_GB\" \/>\n<meta property=\"og:type\" content=\"article\" \/>\n<meta property=\"og:title\" content=\"Bongu WooCommerce und Elementor Referenz - Internetagentur laOlaWeb - Agentur f\u00fcr WordPress\" \/>\n<meta property=\"og:description\" content=\"Referenz von Magento zu WooCommerce: Redesign des Onlineshop mit WooCommerce und Elementor in nur 2 Monaten.\" \/>\n<meta property=\"og:url\" content=\"https:\/\/laolaweb.com\/en\/agency\/references\/bongu-woocommerce-and-elementor-reference\/\" \/>\n<meta property=\"og:site_name\" content=\"Internetagentur laOlaWeb - Agentur f\u00fcr WordPress\" \/>\n<meta property=\"article:modified_time\" content=\"2026-02-27T10:06:35+00:00\" \/>\n<meta property=\"og:image\" content=\"https:\/\/laolaweb.com\/wp-content\/uploads\/2026\/01\/Mobile-Mockup-isometrisch-Bongu-768x822.webp\" \/>\n<meta name=\"twitter:card\" content=\"summary_large_image\" \/>\n<meta name=\"twitter:label1\" content=\"Estimated reading time\" \/>\n\t<meta name=\"twitter:data1\" content=\"3 minutes\" \/>\n<!-- \/ Yoast SEO plugin. -->","yoast_head_json":{"title":"Bongu WooCommerce and Elementor reference - Internetagentur laOlaWeb - Agentur f\u00fcr WordPress","description":"Reference from Magento to WooCommerce: Redesign of the online shop with WooCommerce and Elementor in just 2 months.","robots":{"index":"index","follow":"follow","max-snippet":"max-snippet:-1","max-image-preview":"max-image-preview:large","max-video-preview":"max-video-preview:-1"},"canonical":"https:\/\/laolaweb.com\/en\/agency\/references\/bongu-woocommerce-and-elementor-reference\/","og_locale":"en_GB","og_type":"article","og_title":"Bongu WooCommerce und Elementor Referenz - Internetagentur laOlaWeb - Agentur f\u00fcr WordPress","og_description":"Referenz von Magento zu WooCommerce: Redesign des Onlineshop mit WooCommerce und Elementor in nur 2 Monaten.","og_url":"https:\/\/laolaweb.com\/en\/agency\/references\/bongu-woocommerce-and-elementor-reference\/","og_site_name":"Internetagentur laOlaWeb - Agentur f\u00fcr WordPress","article_modified_time":"2026-02-27T10:06:35+00:00","og_image":[{"url":"https:\/\/laolaweb.com\/wp-content\/uploads\/2026\/01\/Mobile-Mockup-isometrisch-Bongu-768x822.webp","type":"","width":"","height":""}],"twitter_card":"summary_large_image","twitter_misc":{"Estimated reading time":"3 minutes"},"schema":{"@context":"https:\/\/schema.org","@graph":[{"@type":"TechArticle","@id":"https:\/\/laolaweb.com\/agentur\/referenzen\/bongu-woocommerce-und-elementor-referenz\/#article","isPartOf":{"@id":"https:\/\/laolaweb.com\/agentur\/referenzen\/bongu-woocommerce-und-elementor-referenz\/"},"author":{"name":"Manuel","@id":"https:\/\/laolaweb.com\/#\/schema\/person\/c91cf5a4d4b8445fd6a7c152951a70bd"},"headline":"Bongu WooCommerce und Elementor Referenz","datePublished":"2026-01-30T09:48:56+00:00","dateModified":"2026-02-27T10:06:35+00:00","mainEntityOfPage":{"@id":"https:\/\/laolaweb.com\/agentur\/referenzen\/bongu-woocommerce-und-elementor-referenz\/"},"wordCount":347,"publisher":{"@id":"https:\/\/laolaweb.com\/#organization"},"image":{"@id":"https:\/\/laolaweb.com\/agentur\/referenzen\/bongu-woocommerce-und-elementor-referenz\/#primaryimage"},"thumbnailUrl":"https:\/\/laolaweb.com\/wp-content\/uploads\/2026\/01\/Mobile-Mockup-isometrisch-Bongu-768x822.webp","inLanguage":"en-GB"},{"@type":"WebPage","@id":"https:\/\/laolaweb.com\/agentur\/referenzen\/bongu-woocommerce-und-elementor-referenz\/","url":"https:\/\/laolaweb.com\/agentur\/referenzen\/bongu-woocommerce-und-elementor-referenz\/","name":"Bongu WooCommerce and Elementor reference - Internetagentur laOlaWeb - Agentur f\u00fcr WordPress","isPartOf":{"@id":"https:\/\/laolaweb.com\/#website"},"primaryImageOfPage":{"@id":"https:\/\/laolaweb.com\/agentur\/referenzen\/bongu-woocommerce-und-elementor-referenz\/#primaryimage"},"image":{"@id":"https:\/\/laolaweb.com\/agentur\/referenzen\/bongu-woocommerce-und-elementor-referenz\/#primaryimage"},"thumbnailUrl":"https:\/\/laolaweb.com\/wp-content\/uploads\/2026\/01\/Mobile-Mockup-isometrisch-Bongu-768x822.webp","datePublished":"2026-01-30T09:48:56+00:00","dateModified":"2026-02-27T10:06:35+00:00","description":"Reference from Magento to WooCommerce: Redesign of the online shop with WooCommerce and Elementor in just 2 months.","breadcrumb":{"@id":"https:\/\/laolaweb.com\/agentur\/referenzen\/bongu-woocommerce-und-elementor-referenz\/#breadcrumb"},"inLanguage":"en-GB","potentialAction":[{"@type":"ReadAction","target":["https:\/\/laolaweb.com\/agentur\/referenzen\/bongu-woocommerce-und-elementor-referenz\/"]}]},{"@type":"ImageObject","inLanguage":"en-GB","@id":"https:\/\/laolaweb.com\/agentur\/referenzen\/bongu-woocommerce-und-elementor-referenz\/#primaryimage","url":"https:\/\/laolaweb.com\/wp-content\/uploads\/2026\/01\/Mobile-Mockup-isometrisch-Bongu-768x822.webp","contentUrl":"https:\/\/laolaweb.com\/wp-content\/uploads\/2026\/01\/Mobile-Mockup-isometrisch-Bongu-768x822.webp"},{"@type":"BreadcrumbList","@id":"https:\/\/laolaweb.com\/agentur\/referenzen\/bongu-woocommerce-und-elementor-referenz\/#breadcrumb","itemListElement":[{"@type":"ListItem","position":1,"name":"Startseite","item":"https:\/\/laolaweb.com\/"},{"@type":"ListItem","position":2,"name":"\u00dcber uns","item":"https:\/\/laolaweb.com\/agentur\/"},{"@type":"ListItem","position":3,"name":"Referenzen","item":"https:\/\/laolaweb.com\/agentur\/referenzen\/"},{"@type":"ListItem","position":4,"name":"Bongu WooCommerce und Elementor Referenz"}]},{"@type":"WebSite","@id":"https:\/\/laolaweb.com\/#website","url":"https:\/\/laolaweb.com\/","name":"Internet agency laOlaWeb - Agency for WordPress","description":"Professional WordPress websites","publisher":{"@id":"https:\/\/laolaweb.com\/#organization"},"potentialAction":[{"@type":"SearchAction","target":{"@type":"EntryPoint","urlTemplate":"https:\/\/laolaweb.com\/?s={search_term_string}"},"query-input":{"@type":"PropertyValueSpecification","valueRequired":true,"valueName":"search_term_string"}}],"inLanguage":"en-GB"},{"@type":"Organization","@id":"https:\/\/laolaweb.com\/#organization","name":"laOlaWeb GmbH","url":"https:\/\/laolaweb.com\/","logo":{"@type":"ImageObject","inLanguage":"en-GB","@id":"https:\/\/laolaweb.com\/#\/schema\/logo\/image\/","url":"https:\/\/laolaweb.com\/wp-content\/uploads\/2022\/06\/laolaweb-internetagentur.jpg","contentUrl":"https:\/\/laolaweb.com\/wp-content\/uploads\/2022\/06\/laolaweb-internetagentur.jpg","width":400,"height":367,"caption":"laOlaWeb GmbH"},"image":{"@id":"https:\/\/laolaweb.com\/#\/schema\/logo\/image\/"}},{"@type":"Person","@id":"https:\/\/laolaweb.com\/#\/schema\/person\/c91cf5a4d4b8445fd6a7c152951a70bd","name":"Manuel","sameAs":["http:\/\/laolaweb.com"]}]}},"_links":{"self":[{"href":"https:\/\/laolaweb.com\/en\/wp-json\/wp\/v2\/pages\/19851","targetHints":{"allow":["GET"]}}],"collection":[{"href":"https:\/\/laolaweb.com\/en\/wp-json\/wp\/v2\/pages"}],"about":[{"href":"https:\/\/laolaweb.com\/en\/wp-json\/wp\/v2\/types\/page"}],"author":[{"embeddable":true,"href":"https:\/\/laolaweb.com\/en\/wp-json\/wp\/v2\/users\/1"}],"replies":[{"embeddable":true,"href":"https:\/\/laolaweb.com\/en\/wp-json\/wp\/v2\/comments?post=19851"}],"version-history":[{"count":10,"href":"https:\/\/laolaweb.com\/en\/wp-json\/wp\/v2\/pages\/19851\/revisions"}],"predecessor-version":[{"id":19871,"href":"https:\/\/laolaweb.com\/en\/wp-json\/wp\/v2\/pages\/19851\/revisions\/19871"}],"up":[{"embeddable":true,"href":"https:\/\/laolaweb.com\/en\/wp-json\/wp\/v2\/pages\/44"}],"wp:attachment":[{"href":"https:\/\/laolaweb.com\/en\/wp-json\/wp\/v2\/media?parent=19851"}],"curies":[{"name":"wp","href":"https:\/\/api.w.org\/{rel}","templated":true}]}}