{"id":19843,"date":"2026-01-30T10:18:27","date_gmt":"2026-01-30T09:18:27","guid":{"rendered":"https:\/\/laolaweb.com\/?page_id=19843"},"modified":"2026-02-27T11:09:55","modified_gmt":"2026-02-27T10:09:55","slug":"rheinhessen-blog-elementor-reference","status":"publish","type":"page","link":"https:\/\/laolaweb.com\/en\/agentur\/referenzen\/rheinhessen-blog-elementor-referenz\/","title":{"rendered":"Rheinhessen Blog Elementor Reference"},"content":{"rendered":"\t\t<div data-elementor-type=\"wp-page\" data-elementor-id=\"19843\" class=\"elementor elementor-19843\" data-elementor-post-type=\"page\">\n\t\t\t\t<div class=\"elementor-element elementor-element-71b7fbda e-flex e-con-boxed e-con e-parent\" data-id=\"71b7fbda\" data-element_type=\"container\" data-e-type=\"container\" data-settings=\"{&quot;background_background&quot;:&quot;classic&quot;}\">\n\t\t\t\t\t<div class=\"e-con-inner\">\n\t\t<div class=\"elementor-element elementor-element-79c3ac7a rotate e-con-full e-flex e-con e-child\" data-id=\"79c3ac7a\" data-element_type=\"container\" data-e-type=\"container\">\n\t\t\t\t<div class=\"elementor-element elementor-element-7d64560b text-trans-zwei elementor-widget elementor-widget-text-editor\" data-id=\"7d64560b\" data-element_type=\"widget\" data-e-type=\"widget\" data-widget_type=\"text-editor.default\">\n\t\t\t\t<div class=\"elementor-widget-container\">\n\t\t\t\t\t\t\t\t\t<p>REFERENZ<\/p>\t\t\t\t\t\t\t\t<\/div>\n\t\t\t\t<\/div>\n\t\t\t\t<div class=\"elementor-element elementor-element-5dbe1d3 text-trans elementor-widget elementor-widget-heading\" data-id=\"5dbe1d3\" data-element_type=\"widget\" data-e-type=\"widget\" data-widget_type=\"heading.default\">\n\t\t\t\t<div class=\"elementor-widget-container\">\n\t\t\t\t\t<p class=\"elementor-heading-title elementor-size-default\">Rheinhessen Blog<\/p>\t\t\t\t<\/div>\n\t\t\t\t<\/div>\n\t\t\t\t<div class=\"elementor-element elementor-element-bb85d2e text-trans elementor-widget elementor-widget-text-editor\" data-id=\"bb85d2e\" data-element_type=\"widget\" data-e-type=\"widget\" data-widget_type=\"text-editor.default\">\n\t\t\t\t<div class=\"elementor-widget-container\">\n\t\t\t\t\t\t\t\t\t<p>WORDPRESS-WEBSEITE MIT ELEMENTOR<\/p>\t\t\t\t\t\t\t\t<\/div>\n\t\t\t\t<\/div>\n\t\t\t\t<\/div>\n\t\t\t\t\t<\/div>\n\t\t\t\t<\/div>\n\t\t<div class=\"elementor-element elementor-element-432a0613 e-flex e-con-boxed e-con e-parent\" data-id=\"432a0613\" data-element_type=\"container\" data-e-type=\"container\">\n\t\t\t\t\t<div class=\"e-con-inner\">\n\t\t<div class=\"elementor-element elementor-element-75ca500e e-con-full e-flex e-con e-child\" data-id=\"75ca500e\" data-element_type=\"container\" data-e-type=\"container\">\n\t\t\t\t<div class=\"elementor-element elementor-element-10ab1c3c elementor-widget__width-initial elementor-widget elementor-widget-heading\" data-id=\"10ab1c3c\" data-element_type=\"widget\" data-e-type=\"widget\" data-widget_type=\"heading.default\">\n\t\t\t\t<div class=\"elementor-widget-container\">\n\t\t\t\t\t<h1 class=\"elementor-heading-title elementor-size-default\">Blog-Webseite f\u00fcr Rheinhessen-Touristik mit WordPress und Elementor Pro<\/h1>\t\t\t\t<\/div>\n\t\t\t\t<\/div>\n\t\t\t\t<div class=\"elementor-element elementor-element-2bfe856f elementor-widget elementor-widget-image\" data-id=\"2bfe856f\" data-element_type=\"widget\" data-e-type=\"widget\" data-widget_type=\"image.default\">\n\t\t\t\t<div class=\"elementor-widget-container\">\n\t\t\t\t\t\t\t\t\t\t\t\t\t\t\t<img fetchpriority=\"high\" decoding=\"async\" width=\"768\" height=\"822\" src=\"https:\/\/laolaweb.com\/wp-content\/uploads\/2026\/01\/Mockup-rheinhessen-blog-iso-768x822.webp\" class=\"attachment-medium_large size-medium_large wp-image-19815\" alt=\"\" srcset=\"https:\/\/laolaweb.com\/wp-content\/uploads\/2026\/01\/Mockup-rheinhessen-blog-iso-768x822.webp 768w, https:\/\/laolaweb.com\/wp-content\/uploads\/2026\/01\/Mockup-rheinhessen-blog-iso-234x250.webp 234w, https:\/\/laolaweb.com\/wp-content\/uploads\/2026\/01\/Mockup-rheinhessen-blog-iso-957x1024.webp 957w, https:\/\/laolaweb.com\/wp-content\/uploads\/2026\/01\/Mockup-rheinhessen-blog-iso-11x12.webp 11w, https:\/\/laolaweb.com\/wp-content\/uploads\/2026\/01\/Mockup-rheinhessen-blog-iso.webp 1200w\" sizes=\"(max-width: 768px) 100vw, 768px\" \/>\t\t\t\t\t\t\t\t\t\t\t\t\t\t\t<\/div>\n\t\t\t\t<\/div>\n\t\t\t\t<div class=\"elementor-element elementor-element-2a51f6b5 elementor-widget__width-initial elementor-widget elementor-widget-text-editor\" data-id=\"2a51f6b5\" data-element_type=\"widget\" data-e-type=\"widget\" data-widget_type=\"text-editor.default\">\n\t\t\t\t<div class=\"elementor-widget-container\">\n\t\t\t\t\t\t\t\t\t<p>F\u00fcr den Rheinhessen-Blog wurde eine moderne <strong>Content- und Erlebnisplattform<\/strong> entwickelt, die touristische Angebote der Region klar strukturiert und thematisch erlebbar macht. Ziel war es, die Vielfalt Rheinhessens<strong> digital \u00fcbersichtlich abzubilden<\/strong> und Besuchern eine intuitive Orientierung nach Interessen und Aktivit\u00e4ten zu erm\u00f6glichen.<\/p><p>Die Inhalte wurden in <strong>klar gegliederte Themenwelten<\/strong> \u00fcberf\u00fchrt und redaktionell so aufbereitet, dass Inspiration, Information und konkrete Ausflugsideen miteinander verbunden sind.<\/p><p>Diese <a href=\"https:\/\/laolaweb.com\/wordpress-agentur\/\">WordPress-Webseite<\/a> haben wir mit dem Page Builder von <a href=\"https:\/\/laolaweb.com\/elementor-agentur\/\">Elementor<\/a> umgesetzt.<\/p>\t\t\t\t\t\t\t\t<\/div>\n\t\t\t\t<\/div>\n\t\t\t\t<\/div>\n\t\t\t\t\t<\/div>\n\t\t\t\t<\/div>\n\t\t<div class=\"elementor-element elementor-element-35018bf9 e-flex e-con-boxed e-con e-parent\" data-id=\"35018bf9\" data-element_type=\"container\" data-e-type=\"container\" data-settings=\"{&quot;background_background&quot;:&quot;classic&quot;}\">\n\t\t\t\t\t<div class=\"e-con-inner\">\n\t\t<div class=\"elementor-element elementor-element-34211229 e-con-full e-flex e-con e-child\" data-id=\"34211229\" data-element_type=\"container\" data-e-type=\"container\">\n\t\t<div class=\"elementor-element elementor-element-409f8913 e-con-full e-flex e-con e-child\" data-id=\"409f8913\" data-element_type=\"container\" data-e-type=\"container\">\n\t\t\t\t<div class=\"elementor-element elementor-element-5f19343 drop_image elementor-widget elementor-widget-image\" data-id=\"5f19343\" data-element_type=\"widget\" data-e-type=\"widget\" data-widget_type=\"image.default\">\n\t\t\t\t<div class=\"elementor-widget-container\">\n\t\t\t\t\t\t\t\t\t\t\t\t\t\t\t<img decoding=\"async\" width=\"726\" height=\"1024\" src=\"https:\/\/laolaweb.com\/wp-content\/uploads\/2026\/01\/Mockup-Rheinhessenblog-erlebniskarte.webp\" class=\"attachment-medium_large size-medium_large wp-image-19846\" alt=\"\" srcset=\"https:\/\/laolaweb.com\/wp-content\/uploads\/2026\/01\/Mockup-Rheinhessenblog-erlebniskarte.webp 726w, https:\/\/laolaweb.com\/wp-content\/uploads\/2026\/01\/Mockup-Rheinhessenblog-erlebniskarte-177x250.webp 177w, https:\/\/laolaweb.com\/wp-content\/uploads\/2026\/01\/Mockup-Rheinhessenblog-erlebniskarte-9x12.webp 9w\" sizes=\"(max-width: 726px) 100vw, 726px\" \/>\t\t\t\t\t\t\t\t\t\t\t\t\t\t\t<\/div>\n\t\t\t\t<\/div>\n\t\t\t\t<\/div>\n\t\t<div class=\"elementor-element elementor-element-4c09574c e-con-full e-flex e-con e-child\" data-id=\"4c09574c\" data-element_type=\"container\" data-e-type=\"container\">\n\t\t\t\t<div class=\"elementor-element elementor-element-4e298713 elementor-widget elementor-widget-heading\" data-id=\"4e298713\" data-element_type=\"widget\" data-e-type=\"widget\" data-widget_type=\"heading.default\">\n\t\t\t\t<div class=\"elementor-widget-container\">\n\t\t\t\t\t<h2 class=\"elementor-heading-title elementor-size-default\">Interaktive Erlebniskarte \u2013 Nutzerorientierte Visualisierung der Angebote<\/h2>\t\t\t\t<\/div>\n\t\t\t\t<\/div>\n\t\t\t\t<div class=\"elementor-element elementor-element-5a9604ec elementor-widget__width-initial elementor-widget elementor-widget-text-editor\" data-id=\"5a9604ec\" data-element_type=\"widget\" data-e-type=\"widget\" data-widget_type=\"text-editor.default\">\n\t\t\t\t<div class=\"elementor-widget-container\">\n\t\t\t\t\t\t\t\t\t<p>Im Rahmen des Rheinhessen-Blogs wurde eine <strong>interaktive Erlebniskarte<\/strong> entwickelt, die Besuchern der Region auf einen Blick alle relevanten Aktivit\u00e4ten und Angebote zeigt.<\/p><p>Jeder Punkt auf der Karte ist mit den entsprechenden Blogartikeln verkn\u00fcpft. Nutzer k\u00f6nnen so direkt von der Karte aus detaillierte Informationen, Tipps, Bilder und praktische Hinweise abrufen. Das sorgt f\u00fcr eine <strong>intuitive Navigation<\/strong> zwischen Inspiration und konkreter Planung.<\/p>\t\t\t\t\t\t\t\t<\/div>\n\t\t\t\t<\/div>\n\t\t\t\t<\/div>\n\t\t\t\t<\/div>\n\t\t\t\t\t<\/div>\n\t\t\t\t<\/div>\n\t\t<div class=\"elementor-element elementor-element-17e2c17 e-flex e-con-boxed e-con e-parent\" data-id=\"17e2c17\" data-element_type=\"container\" data-e-type=\"container\" data-settings=\"{&quot;background_background&quot;:&quot;classic&quot;}\">\n\t\t\t\t\t<div class=\"e-con-inner\">\n\t\t<div class=\"elementor-element elementor-element-792b8ee5 e-con-full e-flex e-con e-child\" data-id=\"792b8ee5\" data-element_type=\"container\" data-e-type=\"container\">\n\t\t<div class=\"elementor-element elementor-element-acb5433 e-con-full e-flex e-con e-child\" data-id=\"acb5433\" data-element_type=\"container\" data-e-type=\"container\">\n\t\t\t\t<div class=\"elementor-element elementor-element-34eb2ea1 elementor-widget elementor-widget-heading\" data-id=\"34eb2ea1\" data-element_type=\"widget\" data-e-type=\"widget\" data-widget_type=\"heading.default\">\n\t\t\t\t<div class=\"elementor-widget-container\">\n\t\t\t\t\t<span class=\"elementor-heading-title elementor-size-default\">Ergebnis<\/span>\t\t\t\t<\/div>\n\t\t\t\t<\/div>\n\t\t\t\t<div class=\"elementor-element elementor-element-5c9bc51c elementor-widget__width-initial elementor-widget elementor-widget-text-editor\" data-id=\"5c9bc51c\" data-element_type=\"widget\" data-e-type=\"widget\" data-widget_type=\"text-editor.default\">\n\t\t\t\t<div class=\"elementor-widget-container\">\n\t\t\t\t\t\t\t\t\t<p>Mit dem Rheinhessen-Blog entstand eine digitale Erlebnisplattform, die Inspiration, Information und Planung nahtlos miteinander verbindet. Die Nutzerf\u00fchrung ist intuitiv, die Erlebniswelten klar strukturiert und die Inhalte <strong>suchmaschinenfreundlich aufbereitet<\/strong>. Die Plattform bietet Besuchern eine <strong>ganzheitliche Orientierung<\/strong> durch die Region, steigert die <strong>digitale Sichtbarkeit<\/strong> und st\u00e4rkt die touristische Positionierung von Rheinhessen nachhaltig.<\/p>\t\t\t\t\t\t\t\t<\/div>\n\t\t\t\t<\/div>\n\t\t\t\t<div class=\"elementor-element elementor-element-4121e509 elementor-align-left underline_button_drei elementor-tablet-align-left elementor-mobile-align-left elementor-widget elementor-widget-button\" data-id=\"4121e509\" data-element_type=\"widget\" data-e-type=\"widget\" data-settings=\"{&quot;motion_fx_motion_fx_scrolling&quot;:&quot;yes&quot;,&quot;motion_fx_devices&quot;:[&quot;desktop&quot;,&quot;laptop&quot;,&quot;tablet&quot;,&quot;mobile&quot;]}\" data-widget_type=\"button.default\">\n\t\t\t\t<div class=\"elementor-widget-container\">\n\t\t\t\t\t\t\t\t\t<div class=\"elementor-button-wrapper\">\n\t\t\t\t\t<a class=\"elementor-button elementor-button-link elementor-size-sm\" href=\"https:\/\/rheinhessenblog.de\" target=\"_blank\">\n\t\t\t\t\t\t<span class=\"elementor-button-content-wrapper\">\n\t\t\t\t\t\t\t\t\t<span class=\"elementor-button-text\">Webseite ansehen<\/span>\n\t\t\t\t\t<\/span>\n\t\t\t\t\t<\/a>\n\t\t\t\t<\/div>\n\t\t\t\t\t\t\t\t<\/div>\n\t\t\t\t<\/div>\n\t\t\t\t<\/div>\n\t\t<div class=\"elementor-element elementor-element-533a4e98 e-con-full e-flex e-con e-child\" data-id=\"533a4e98\" data-element_type=\"container\" data-e-type=\"container\">\n\t\t\t\t<div class=\"elementor-element elementor-element-3041f9b6 drop_image elementor-widget elementor-widget-image\" data-id=\"3041f9b6\" data-element_type=\"widget\" data-e-type=\"widget\" data-widget_type=\"image.default\">\n\t\t\t\t<div class=\"elementor-widget-container\">\n\t\t\t\t\t\t\t\t\t\t\t\t\t\t\t<img decoding=\"async\" width=\"726\" height=\"1024\" src=\"https:\/\/laolaweb.com\/wp-content\/uploads\/2026\/01\/Mockup-rheinhessen-blog-filter.webp\" class=\"attachment-medium_large size-medium_large wp-image-19816\" alt=\"\" srcset=\"https:\/\/laolaweb.com\/wp-content\/uploads\/2026\/01\/Mockup-rheinhessen-blog-filter.webp 726w, https:\/\/laolaweb.com\/wp-content\/uploads\/2026\/01\/Mockup-rheinhessen-blog-filter-177x250.webp 177w, https:\/\/laolaweb.com\/wp-content\/uploads\/2026\/01\/Mockup-rheinhessen-blog-filter-9x12.webp 9w\" sizes=\"(max-width: 726px) 100vw, 726px\" \/>\t\t\t\t\t\t\t\t\t\t\t\t\t\t\t<\/div>\n\t\t\t\t<\/div>\n\t\t\t\t<\/div>\n\t\t\t\t<\/div>\n\t\t\t\t\t<\/div>\n\t\t\t\t<\/div>\n\t\t\t\t<\/div>\n\t\t","protected":false},"excerpt":{"rendered":"<p>REFERENZ Rheinhessen Blog WORDPRESS-WEBSEITE MIT ELEMENTOR Blog-Webseite f\u00fcr Rheinhessen-Touristik mit WordPress und Elementor Pro F\u00fcr den Rheinhessen-Blog wurde eine moderne Content- und Erlebnisplattform entwickelt, die touristische Angebote der Region klar strukturiert und thematisch erlebbar macht. Ziel war es, die Vielfalt Rheinhessens digital \u00fcbersichtlich abzubilden und Besuchern eine intuitive Orientierung nach Interessen und Aktivit\u00e4ten zu erm\u00f6glichen. [&hellip;]<\/p>\n","protected":false},"author":1,"featured_media":0,"parent":44,"menu_order":0,"comment_status":"closed","ping_status":"closed","template":"","meta":{"footnotes":""},"class_list":["post-19843","page","type-page","status-publish","hentry"],"yoast_head":"<!-- This site is optimized with the Yoast SEO plugin v27.0 - https:\/\/yoast.com\/product\/yoast-seo-wordpress\/ -->\n<title>Rheinhessen Blog Elementor Referenz - Internetagentur laOlaWeb - Agentur f\u00fcr WordPress<\/title>\n<meta name=\"description\" content=\"Referenz: Blog-Webseite f\u00fcr Rheinhessen-Touristik mit WordPress und Elementor Pro sowie interaktiver Karte.\" \/>\n<meta name=\"robots\" content=\"index, follow, max-snippet:-1, max-image-preview:large, max-video-preview:-1\" \/>\n<link rel=\"canonical\" href=\"https:\/\/laolaweb.com\/en\/agency\/references\/rheinhessen-blog-elementor-reference\/\" \/>\n<meta property=\"og:locale\" content=\"en_GB\" \/>\n<meta property=\"og:type\" content=\"article\" \/>\n<meta property=\"og:title\" content=\"Rheinhessen Blog Elementor Referenz - Internetagentur laOlaWeb - Agentur f\u00fcr WordPress\" \/>\n<meta property=\"og:description\" content=\"Referenz: Blog-Webseite f\u00fcr Rheinhessen-Touristik mit WordPress und Elementor Pro sowie interaktiver Karte.\" \/>\n<meta property=\"og:url\" content=\"https:\/\/laolaweb.com\/en\/agency\/references\/rheinhessen-blog-elementor-reference\/\" \/>\n<meta property=\"og:site_name\" content=\"Internetagentur laOlaWeb - Agentur f\u00fcr WordPress\" \/>\n<meta property=\"article:modified_time\" content=\"2026-02-27T10:09:55+00:00\" \/>\n<meta property=\"og:image\" content=\"https:\/\/laolaweb.com\/wp-content\/uploads\/2026\/01\/Mockup-rheinhessen-blog-iso-768x822.webp\" \/>\n<meta name=\"twitter:card\" content=\"summary_large_image\" \/>\n<meta name=\"twitter:label1\" content=\"Estimated reading time\" \/>\n\t<meta name=\"twitter:data1\" content=\"2 minutes\" \/>\n<!-- \/ Yoast SEO plugin. -->","yoast_head_json":{"title":"Rheinhessen Blog Elementor Reference - Internetagentur laOlaWeb - Agentur f\u00fcr WordPress","description":"Reference: Blog website for Rheinhessen-Touristik with WordPress and Elementor Pro as well as interactive map.","robots":{"index":"index","follow":"follow","max-snippet":"max-snippet:-1","max-image-preview":"max-image-preview:large","max-video-preview":"max-video-preview:-1"},"canonical":"https:\/\/laolaweb.com\/en\/agency\/references\/rheinhessen-blog-elementor-reference\/","og_locale":"en_GB","og_type":"article","og_title":"Rheinhessen Blog Elementor Referenz - Internetagentur laOlaWeb - Agentur f\u00fcr WordPress","og_description":"Referenz: Blog-Webseite f\u00fcr Rheinhessen-Touristik mit WordPress und Elementor Pro sowie interaktiver Karte.","og_url":"https:\/\/laolaweb.com\/en\/agency\/references\/rheinhessen-blog-elementor-reference\/","og_site_name":"Internetagentur laOlaWeb - Agentur f\u00fcr WordPress","article_modified_time":"2026-02-27T10:09:55+00:00","og_image":[{"url":"https:\/\/laolaweb.com\/wp-content\/uploads\/2026\/01\/Mockup-rheinhessen-blog-iso-768x822.webp","type":"","width":"","height":""}],"twitter_card":"summary_large_image","twitter_misc":{"Estimated reading time":"2 minutes"},"schema":{"@context":"https:\/\/schema.org","@graph":[{"@type":"TechArticle","@id":"https:\/\/laolaweb.com\/agentur\/referenzen\/rheinhessen-blog-elementor-referenz\/#article","isPartOf":{"@id":"https:\/\/laolaweb.com\/agentur\/referenzen\/rheinhessen-blog-elementor-referenz\/"},"author":{"name":"Manuel","@id":"https:\/\/laolaweb.com\/#\/schema\/person\/c91cf5a4d4b8445fd6a7c152951a70bd"},"headline":"Rheinhessen Blog Elementor Referenz","datePublished":"2026-01-30T09:18:27+00:00","dateModified":"2026-02-27T10:09:55+00:00","mainEntityOfPage":{"@id":"https:\/\/laolaweb.com\/agentur\/referenzen\/rheinhessen-blog-elementor-referenz\/"},"wordCount":221,"publisher":{"@id":"https:\/\/laolaweb.com\/#organization"},"image":{"@id":"https:\/\/laolaweb.com\/agentur\/referenzen\/rheinhessen-blog-elementor-referenz\/#primaryimage"},"thumbnailUrl":"https:\/\/laolaweb.com\/wp-content\/uploads\/2026\/01\/Mockup-rheinhessen-blog-iso-768x822.webp","inLanguage":"en-GB"},{"@type":"WebPage","@id":"https:\/\/laolaweb.com\/agentur\/referenzen\/rheinhessen-blog-elementor-referenz\/","url":"https:\/\/laolaweb.com\/agentur\/referenzen\/rheinhessen-blog-elementor-referenz\/","name":"Rheinhessen Blog Elementor Reference - Internetagentur laOlaWeb - Agentur f\u00fcr WordPress","isPartOf":{"@id":"https:\/\/laolaweb.com\/#website"},"primaryImageOfPage":{"@id":"https:\/\/laolaweb.com\/agentur\/referenzen\/rheinhessen-blog-elementor-referenz\/#primaryimage"},"image":{"@id":"https:\/\/laolaweb.com\/agentur\/referenzen\/rheinhessen-blog-elementor-referenz\/#primaryimage"},"thumbnailUrl":"https:\/\/laolaweb.com\/wp-content\/uploads\/2026\/01\/Mockup-rheinhessen-blog-iso-768x822.webp","datePublished":"2026-01-30T09:18:27+00:00","dateModified":"2026-02-27T10:09:55+00:00","description":"Reference: Blog website for Rheinhessen-Touristik with WordPress and Elementor Pro as well as interactive map.","breadcrumb":{"@id":"https:\/\/laolaweb.com\/agentur\/referenzen\/rheinhessen-blog-elementor-referenz\/#breadcrumb"},"inLanguage":"en-GB","potentialAction":[{"@type":"ReadAction","target":["https:\/\/laolaweb.com\/agentur\/referenzen\/rheinhessen-blog-elementor-referenz\/"]}]},{"@type":"ImageObject","inLanguage":"en-GB","@id":"https:\/\/laolaweb.com\/agentur\/referenzen\/rheinhessen-blog-elementor-referenz\/#primaryimage","url":"https:\/\/laolaweb.com\/wp-content\/uploads\/2026\/01\/Mockup-rheinhessen-blog-iso-768x822.webp","contentUrl":"https:\/\/laolaweb.com\/wp-content\/uploads\/2026\/01\/Mockup-rheinhessen-blog-iso-768x822.webp"},{"@type":"BreadcrumbList","@id":"https:\/\/laolaweb.com\/agentur\/referenzen\/rheinhessen-blog-elementor-referenz\/#breadcrumb","itemListElement":[{"@type":"ListItem","position":1,"name":"Startseite","item":"https:\/\/laolaweb.com\/"},{"@type":"ListItem","position":2,"name":"\u00dcber uns","item":"https:\/\/laolaweb.com\/agentur\/"},{"@type":"ListItem","position":3,"name":"Referenzen","item":"https:\/\/laolaweb.com\/agentur\/referenzen\/"},{"@type":"ListItem","position":4,"name":"Rheinhessen Blog Elementor Referenz"}]},{"@type":"WebSite","@id":"https:\/\/laolaweb.com\/#website","url":"https:\/\/laolaweb.com\/","name":"Internet agency laOlaWeb - Agency for WordPress","description":"Professional WordPress websites","publisher":{"@id":"https:\/\/laolaweb.com\/#organization"},"potentialAction":[{"@type":"SearchAction","target":{"@type":"EntryPoint","urlTemplate":"https:\/\/laolaweb.com\/?s={search_term_string}"},"query-input":{"@type":"PropertyValueSpecification","valueRequired":true,"valueName":"search_term_string"}}],"inLanguage":"en-GB"},{"@type":"Organization","@id":"https:\/\/laolaweb.com\/#organization","name":"laOlaWeb GmbH","url":"https:\/\/laolaweb.com\/","logo":{"@type":"ImageObject","inLanguage":"en-GB","@id":"https:\/\/laolaweb.com\/#\/schema\/logo\/image\/","url":"https:\/\/laolaweb.com\/wp-content\/uploads\/2022\/06\/laolaweb-internetagentur.jpg","contentUrl":"https:\/\/laolaweb.com\/wp-content\/uploads\/2022\/06\/laolaweb-internetagentur.jpg","width":400,"height":367,"caption":"laOlaWeb GmbH"},"image":{"@id":"https:\/\/laolaweb.com\/#\/schema\/logo\/image\/"}},{"@type":"Person","@id":"https:\/\/laolaweb.com\/#\/schema\/person\/c91cf5a4d4b8445fd6a7c152951a70bd","name":"Manuel","sameAs":["http:\/\/laolaweb.com"]}]}},"_links":{"self":[{"href":"https:\/\/laolaweb.com\/en\/wp-json\/wp\/v2\/pages\/19843","targetHints":{"allow":["GET"]}}],"collection":[{"href":"https:\/\/laolaweb.com\/en\/wp-json\/wp\/v2\/pages"}],"about":[{"href":"https:\/\/laolaweb.com\/en\/wp-json\/wp\/v2\/types\/page"}],"author":[{"embeddable":true,"href":"https:\/\/laolaweb.com\/en\/wp-json\/wp\/v2\/users\/1"}],"replies":[{"embeddable":true,"href":"https:\/\/laolaweb.com\/en\/wp-json\/wp\/v2\/comments?post=19843"}],"version-history":[{"count":7,"href":"https:\/\/laolaweb.com\/en\/wp-json\/wp\/v2\/pages\/19843\/revisions"}],"predecessor-version":[{"id":19857,"href":"https:\/\/laolaweb.com\/en\/wp-json\/wp\/v2\/pages\/19843\/revisions\/19857"}],"up":[{"embeddable":true,"href":"https:\/\/laolaweb.com\/en\/wp-json\/wp\/v2\/pages\/44"}],"wp:attachment":[{"href":"https:\/\/laolaweb.com\/en\/wp-json\/wp\/v2\/media?parent=19843"}],"curies":[{"name":"wp","href":"https:\/\/api.w.org\/{rel}","templated":true}]}}