{"id":19825,"date":"2026-01-30T09:06:42","date_gmt":"2026-01-30T08:06:42","guid":{"rendered":"https:\/\/laolaweb.com\/?page_id=19825"},"modified":"2026-02-27T10:56:54","modified_gmt":"2026-02-27T09:56:54","slug":"job-centre-wuerzburg-elementor-reference","status":"publish","type":"page","link":"https:\/\/laolaweb.com\/en\/agentur\/referenzen\/jobcenter-wuerzburg-elementor-referenz\/","title":{"rendered":"Job Centre W\u00fcrzburg Elementor Reference"},"content":{"rendered":"\t\t<div data-elementor-type=\"wp-page\" data-elementor-id=\"19825\" class=\"elementor elementor-19825\" data-elementor-post-type=\"page\">\n\t\t\t\t<div class=\"elementor-element elementor-element-4362a51c e-flex e-con-boxed e-con e-parent\" data-id=\"4362a51c\" data-element_type=\"container\" data-e-type=\"container\" data-settings=\"{&quot;background_background&quot;:&quot;classic&quot;}\">\n\t\t\t\t\t<div class=\"e-con-inner\">\n\t\t<div class=\"elementor-element elementor-element-4c9f3299 rotate e-con-full e-flex e-con e-child\" data-id=\"4c9f3299\" data-element_type=\"container\" data-e-type=\"container\">\n\t\t\t\t<div class=\"elementor-element elementor-element-321faffd text-trans-zwei elementor-widget elementor-widget-text-editor\" data-id=\"321faffd\" data-element_type=\"widget\" data-e-type=\"widget\" data-widget_type=\"text-editor.default\">\n\t\t\t\t<div class=\"elementor-widget-container\">\n\t\t\t\t\t\t\t\t\t<p>REFERENZ<\/p>\t\t\t\t\t\t\t\t<\/div>\n\t\t\t\t<\/div>\n\t\t\t\t<div class=\"elementor-element elementor-element-64812a64 text-trans elementor-widget elementor-widget-heading\" data-id=\"64812a64\" data-element_type=\"widget\" data-e-type=\"widget\" data-widget_type=\"heading.default\">\n\t\t\t\t<div class=\"elementor-widget-container\">\n\t\t\t\t\t<p class=\"elementor-heading-title elementor-size-default\">Jobcenter W\u00fcrzburg<\/p>\t\t\t\t<\/div>\n\t\t\t\t<\/div>\n\t\t\t\t<div class=\"elementor-element elementor-element-58b57af9 text-trans elementor-widget elementor-widget-text-editor\" data-id=\"58b57af9\" data-element_type=\"widget\" data-e-type=\"widget\" data-widget_type=\"text-editor.default\">\n\t\t\t\t<div class=\"elementor-widget-container\">\n\t\t\t\t\t\t\t\t\t<p>WORDPRESS-WEBSEITE MIT ELEMENTOR<\/p>\t\t\t\t\t\t\t\t<\/div>\n\t\t\t\t<\/div>\n\t\t\t\t<\/div>\n\t\t\t\t\t<\/div>\n\t\t\t\t<\/div>\n\t\t<div class=\"elementor-element elementor-element-22ccfaf1 e-flex e-con-boxed e-con e-parent\" data-id=\"22ccfaf1\" data-element_type=\"container\" data-e-type=\"container\">\n\t\t\t\t\t<div class=\"e-con-inner\">\n\t\t<div class=\"elementor-element elementor-element-2f954bfa e-con-full e-flex e-con e-child\" data-id=\"2f954bfa\" data-element_type=\"container\" data-e-type=\"container\">\n\t\t\t\t<div class=\"elementor-element elementor-element-7d00e60e elementor-widget__width-initial elementor-widget elementor-widget-heading\" data-id=\"7d00e60e\" data-element_type=\"widget\" data-e-type=\"widget\" data-widget_type=\"heading.default\">\n\t\t\t\t<div class=\"elementor-widget-container\">\n\t\t\t\t\t<h1 class=\"elementor-heading-title elementor-size-default\">Website-Relaunch  der Jobcenter W\u00fcrzburg Webseite mit WordPress und Elementor <\/h1>\t\t\t\t<\/div>\n\t\t\t\t<\/div>\n\t\t\t\t<div class=\"elementor-element elementor-element-23eb1c3f elementor-widget elementor-widget-image\" data-id=\"23eb1c3f\" data-element_type=\"widget\" data-e-type=\"widget\" data-widget_type=\"image.default\">\n\t\t\t\t<div class=\"elementor-widget-container\">\n\t\t\t\t\t\t\t\t\t\t\t\t\t\t\t<img fetchpriority=\"high\" decoding=\"async\" width=\"768\" height=\"822\" src=\"https:\/\/laolaweb.com\/wp-content\/uploads\/2026\/01\/Mockup-jc-wuerzburg-3-768x822.webp\" class=\"attachment-medium_large size-medium_large wp-image-19822\" alt=\"\" srcset=\"https:\/\/laolaweb.com\/wp-content\/uploads\/2026\/01\/Mockup-jc-wuerzburg-3-768x822.webp 768w, https:\/\/laolaweb.com\/wp-content\/uploads\/2026\/01\/Mockup-jc-wuerzburg-3-234x250.webp 234w, https:\/\/laolaweb.com\/wp-content\/uploads\/2026\/01\/Mockup-jc-wuerzburg-3-957x1024.webp 957w, https:\/\/laolaweb.com\/wp-content\/uploads\/2026\/01\/Mockup-jc-wuerzburg-3-11x12.webp 11w, https:\/\/laolaweb.com\/wp-content\/uploads\/2026\/01\/Mockup-jc-wuerzburg-3.webp 1200w\" sizes=\"(max-width: 768px) 100vw, 768px\" \/>\t\t\t\t\t\t\t\t\t\t\t\t\t\t\t<\/div>\n\t\t\t\t<\/div>\n\t\t\t\t<div class=\"elementor-element elementor-element-161f7e6d elementor-widget__width-initial elementor-widget elementor-widget-text-editor\" data-id=\"161f7e6d\" data-element_type=\"widget\" data-e-type=\"widget\" data-widget_type=\"text-editor.default\">\n\t\t\t\t<div class=\"elementor-widget-container\">\n\t\t\t\t\t\t\t\t\t<p>Die Website des Jobcenters W\u00fcrzburg wurde im Rahmen eines umfassenden Relaunchs technisch und gestalterisch neu entwickelt. Das neue Design sorgt f\u00fcr eine <strong>klare Struktur<\/strong>, mehr \u00dcbersichtlichkeit und eine deutlich <strong>einfachere Navigation<\/strong>. Inhalte sind nun schneller auffindbar, verst\u00e4ndlich aufbereitet und f\u00fcr <strong>alle Endger\u00e4te optimiert<\/strong>.<\/p><p>Ziel des Relaunchs ist es, B\u00fcrgerinnen und B\u00fcrgern sowie Arbeitgebern einen schnellen und <strong>barrierearmen Zugang<\/strong> zu allen wichtigen Informationen und Services zu erm\u00f6glichen.<\/p><p>Diese <a href=\"https:\/\/laolaweb.com\/wordpress-agentur\/\">WordPress-Webseite<\/a> haben wir mit dem Page Builder von <a href=\"https:\/\/laolaweb.com\/elementor-agentur\/\">Elementor<\/a> umgesetzt.<\/p>\t\t\t\t\t\t\t\t<\/div>\n\t\t\t\t<\/div>\n\t\t\t\t<\/div>\n\t\t\t\t\t<\/div>\n\t\t\t\t<\/div>\n\t\t<div class=\"elementor-element elementor-element-18d88f98 e-flex e-con-boxed e-con e-parent\" data-id=\"18d88f98\" data-element_type=\"container\" data-e-type=\"container\" data-settings=\"{&quot;background_background&quot;:&quot;classic&quot;}\">\n\t\t\t\t\t<div class=\"e-con-inner\">\n\t\t<div class=\"elementor-element elementor-element-37d7aa07 e-con-full e-flex e-con e-child\" data-id=\"37d7aa07\" data-element_type=\"container\" data-e-type=\"container\">\n\t\t<div class=\"elementor-element elementor-element-2fabaf8 e-con-full e-flex e-con e-child\" data-id=\"2fabaf8\" data-element_type=\"container\" data-e-type=\"container\">\n\t\t\t\t<div class=\"elementor-element elementor-element-8ab6cc5 drop_image elementor-widget elementor-widget-image\" data-id=\"8ab6cc5\" data-element_type=\"widget\" data-e-type=\"widget\" data-widget_type=\"image.default\">\n\t\t\t\t<div class=\"elementor-widget-container\">\n\t\t\t\t\t\t\t\t\t\t\t\t\t\t\t<img decoding=\"async\" width=\"726\" height=\"1024\" src=\"https:\/\/laolaweb.com\/wp-content\/uploads\/2026\/01\/Mockup-jc-wuerzburg-2.webp\" class=\"attachment-medium_large size-medium_large wp-image-19823\" alt=\"\" srcset=\"https:\/\/laolaweb.com\/wp-content\/uploads\/2026\/01\/Mockup-jc-wuerzburg-2.webp 726w, https:\/\/laolaweb.com\/wp-content\/uploads\/2026\/01\/Mockup-jc-wuerzburg-2-177x250.webp 177w, https:\/\/laolaweb.com\/wp-content\/uploads\/2026\/01\/Mockup-jc-wuerzburg-2-9x12.webp 9w\" sizes=\"(max-width: 726px) 100vw, 726px\" \/>\t\t\t\t\t\t\t\t\t\t\t\t\t\t\t<\/div>\n\t\t\t\t<\/div>\n\t\t\t\t<\/div>\n\t\t<div class=\"elementor-element elementor-element-26901e3c e-con-full e-flex e-con e-child\" data-id=\"26901e3c\" data-element_type=\"container\" data-e-type=\"container\">\n\t\t\t\t<div class=\"elementor-element elementor-element-4887d531 elementor-widget elementor-widget-heading\" data-id=\"4887d531\" data-element_type=\"widget\" data-e-type=\"widget\" data-widget_type=\"heading.default\">\n\t\t\t\t<div class=\"elementor-widget-container\">\n\t\t\t\t\t<h2 class=\"elementor-heading-title elementor-size-default\">Barrierefreie Webseite und optimale Darstellung auf allen Ger\u00e4ten<\/h2>\t\t\t\t<\/div>\n\t\t\t\t<\/div>\n\t\t\t\t<div class=\"elementor-element elementor-element-625c6715 elementor-widget__width-initial elementor-widget elementor-widget-text-editor\" data-id=\"625c6715\" data-element_type=\"widget\" data-e-type=\"widget\" data-widget_type=\"text-editor.default\">\n\t\t\t\t<div class=\"elementor-widget-container\">\n\t\t\t\t\t\t\t\t\t<p>Ein Schwerpunkt lag auf der Umsetzung eines barrierefreien Webdesigns nach BITV. Die Website ist vollst\u00e4ndig responsiv und auf allen Endger\u00e4ten gut nutzbar. Klare Seitenstrukturen, gut lesbare Typografie, ausreichende Kontraste und verst\u00e4ndlich aufbereitete Inhalte unterst\u00fctzen eine barrierearme Nutzung und erleichtern den Zugang zu Informationen f\u00fcr unterschiedliche Zielgruppen.<\/p>\t\t\t\t\t\t\t\t<\/div>\n\t\t\t\t<\/div>\n\t\t\t\t<\/div>\n\t\t\t\t<\/div>\n\t\t\t\t\t<\/div>\n\t\t\t\t<\/div>\n\t\t<div class=\"elementor-element elementor-element-ff51f9f e-flex e-con-boxed e-con e-parent\" data-id=\"ff51f9f\" data-element_type=\"container\" data-e-type=\"container\" data-settings=\"{&quot;background_background&quot;:&quot;classic&quot;}\">\n\t\t\t\t\t<div class=\"e-con-inner\">\n\t\t<div class=\"elementor-element elementor-element-6e97767b e-con-full e-flex e-con e-child\" data-id=\"6e97767b\" data-element_type=\"container\" data-e-type=\"container\">\n\t\t<div class=\"elementor-element elementor-element-4dbdf7c6 e-con-full e-flex e-con e-child\" data-id=\"4dbdf7c6\" data-element_type=\"container\" data-e-type=\"container\">\n\t\t\t\t<div class=\"elementor-element elementor-element-1c19b3fa elementor-widget elementor-widget-heading\" data-id=\"1c19b3fa\" data-element_type=\"widget\" data-e-type=\"widget\" data-widget_type=\"heading.default\">\n\t\t\t\t<div class=\"elementor-widget-container\">\n\t\t\t\t\t<span class=\"elementor-heading-title elementor-size-default\">Mehr digitaler Service beim Jobcenter W\u00fcrzburg<\/span>\t\t\t\t<\/div>\n\t\t\t\t<\/div>\n\t\t\t\t<div class=\"elementor-element elementor-element-398d3d99 elementor-widget__width-initial elementor-widget elementor-widget-text-editor\" data-id=\"398d3d99\" data-element_type=\"widget\" data-e-type=\"widget\" data-widget_type=\"text-editor.default\">\n\t\t\t\t<div class=\"elementor-widget-container\">\n\t\t\t\t\t\t\t\t\t<p>Mit dem Relaunch st\u00e4rkt das Jobcenter W\u00fcrzburg seine digitale Servicequalit\u00e4t und verbessert nachhaltig die Nutzererfahrung.<\/p>\t\t\t\t\t\t\t\t<\/div>\n\t\t\t\t<\/div>\n\t\t\t\t<div class=\"elementor-element elementor-element-70c9287e elementor-align-left underline_button_drei elementor-tablet-align-left elementor-mobile-align-left elementor-widget elementor-widget-button\" data-id=\"70c9287e\" data-element_type=\"widget\" data-e-type=\"widget\" data-settings=\"{&quot;motion_fx_motion_fx_scrolling&quot;:&quot;yes&quot;,&quot;motion_fx_devices&quot;:[&quot;desktop&quot;,&quot;laptop&quot;,&quot;tablet&quot;,&quot;mobile&quot;]}\" data-widget_type=\"button.default\">\n\t\t\t\t<div class=\"elementor-widget-container\">\n\t\t\t\t\t\t\t\t\t<div class=\"elementor-button-wrapper\">\n\t\t\t\t\t<a class=\"elementor-button elementor-button-link elementor-size-sm\" href=\"https:\/\/jobcenterwuerzburg.de\/\" target=\"_blank\">\n\t\t\t\t\t\t<span class=\"elementor-button-content-wrapper\">\n\t\t\t\t\t\t\t\t\t<span class=\"elementor-button-text\">Webseite ansehen<\/span>\n\t\t\t\t\t<\/span>\n\t\t\t\t\t<\/a>\n\t\t\t\t<\/div>\n\t\t\t\t\t\t\t\t<\/div>\n\t\t\t\t<\/div>\n\t\t\t\t<\/div>\n\t\t<div class=\"elementor-element elementor-element-52baaf2 e-con-full e-flex e-con e-child\" data-id=\"52baaf2\" data-element_type=\"container\" data-e-type=\"container\">\n\t\t\t\t<div class=\"elementor-element elementor-element-6428ab01 drop_image elementor-widget-mobile__width-inherit elementor-widget elementor-widget-image\" data-id=\"6428ab01\" data-element_type=\"widget\" data-e-type=\"widget\" data-widget_type=\"image.default\">\n\t\t\t\t<div class=\"elementor-widget-container\">\n\t\t\t\t\t\t\t\t\t\t\t\t\t\t\t<img decoding=\"async\" width=\"726\" height=\"1024\" src=\"https:\/\/laolaweb.com\/wp-content\/uploads\/2026\/01\/Mockup-jc-wuerzburg-1.webp\" class=\"attachment-medium_large size-medium_large wp-image-19824\" alt=\"\" srcset=\"https:\/\/laolaweb.com\/wp-content\/uploads\/2026\/01\/Mockup-jc-wuerzburg-1.webp 726w, https:\/\/laolaweb.com\/wp-content\/uploads\/2026\/01\/Mockup-jc-wuerzburg-1-177x250.webp 177w, https:\/\/laolaweb.com\/wp-content\/uploads\/2026\/01\/Mockup-jc-wuerzburg-1-9x12.webp 9w\" sizes=\"(max-width: 726px) 100vw, 726px\" \/>\t\t\t\t\t\t\t\t\t\t\t\t\t\t\t<\/div>\n\t\t\t\t<\/div>\n\t\t\t\t<\/div>\n\t\t\t\t<\/div>\n\t\t\t\t\t<\/div>\n\t\t\t\t<\/div>\n\t\t\t\t<\/div>\n\t\t","protected":false},"excerpt":{"rendered":"<p>REFERENZ Jobcenter W\u00fcrzburg WORDPRESS-WEBSEITE MIT ELEMENTOR Website-Relaunch der Jobcenter W\u00fcrzburg Webseite mit WordPress und Elementor Die Website des Jobcenters W\u00fcrzburg wurde im Rahmen eines umfassenden Relaunchs technisch und gestalterisch neu entwickelt. Das neue Design sorgt f\u00fcr eine klare Struktur, mehr \u00dcbersichtlichkeit und eine deutlich einfachere Navigation. Inhalte sind nun schneller auffindbar, verst\u00e4ndlich aufbereitet und f\u00fcr [&hellip;]<\/p>\n","protected":false},"author":1,"featured_media":0,"parent":44,"menu_order":0,"comment_status":"closed","ping_status":"closed","template":"","meta":{"footnotes":""},"class_list":["post-19825","page","type-page","status-publish","hentry"],"yoast_head":"<!-- This site is optimized with the Yoast SEO plugin v27.0 - https:\/\/yoast.com\/product\/yoast-seo-wordpress\/ -->\n<title>Jobcenter W\u00fcrzburg Elementor Referenz - Internetagentur laOlaWeb - Agentur f\u00fcr WordPress<\/title>\n<meta name=\"description\" content=\"Website-Relaunch der Jobcenter W\u00fcrzburg Webseite mit WordPress und Elementor. Jetzt WordPress-Referenz ansehen.\" \/>\n<meta name=\"robots\" content=\"index, follow, max-snippet:-1, max-image-preview:large, max-video-preview:-1\" \/>\n<link rel=\"canonical\" href=\"https:\/\/laolaweb.com\/en\/agency\/references\/job-centre-wuerzburg-elementor-reference\/\" \/>\n<meta property=\"og:locale\" content=\"en_GB\" \/>\n<meta property=\"og:type\" content=\"article\" \/>\n<meta property=\"og:title\" content=\"Jobcenter W\u00fcrzburg Elementor Referenz - Internetagentur laOlaWeb - Agentur f\u00fcr WordPress\" \/>\n<meta property=\"og:description\" content=\"Website-Relaunch der Jobcenter W\u00fcrzburg Webseite mit WordPress und Elementor. Jetzt WordPress-Referenz ansehen.\" \/>\n<meta property=\"og:url\" content=\"https:\/\/laolaweb.com\/en\/agency\/references\/job-centre-wuerzburg-elementor-reference\/\" \/>\n<meta property=\"og:site_name\" content=\"Internetagentur laOlaWeb - Agentur f\u00fcr WordPress\" \/>\n<meta property=\"article:modified_time\" content=\"2026-02-27T09:56:54+00:00\" \/>\n<meta property=\"og:image\" content=\"https:\/\/laolaweb.com\/wp-content\/uploads\/2026\/01\/Mockup-jc-wuerzburg-3-768x822.webp\" \/>\n<meta name=\"twitter:card\" content=\"summary_large_image\" \/>\n<meta name=\"twitter:label1\" content=\"Estimated reading time\" \/>\n\t<meta name=\"twitter:data1\" content=\"2 minutes\" \/>\n<!-- \/ Yoast SEO plugin. -->","yoast_head_json":{"title":"Jobcenter W\u00fcrzburg Elementor Reference - Internetagentur laOlaWeb - Agentur f\u00fcr WordPress","description":"Website relaunch of the Jobcenter W\u00fcrzburg website with WordPress and Elementor. View WordPress reference now.","robots":{"index":"index","follow":"follow","max-snippet":"max-snippet:-1","max-image-preview":"max-image-preview:large","max-video-preview":"max-video-preview:-1"},"canonical":"https:\/\/laolaweb.com\/en\/agency\/references\/job-centre-wuerzburg-elementor-reference\/","og_locale":"en_GB","og_type":"article","og_title":"Jobcenter W\u00fcrzburg Elementor Referenz - Internetagentur laOlaWeb - Agentur f\u00fcr WordPress","og_description":"Website-Relaunch der Jobcenter W\u00fcrzburg Webseite mit WordPress und Elementor. Jetzt WordPress-Referenz ansehen.","og_url":"https:\/\/laolaweb.com\/en\/agency\/references\/job-centre-wuerzburg-elementor-reference\/","og_site_name":"Internetagentur laOlaWeb - Agentur f\u00fcr WordPress","article_modified_time":"2026-02-27T09:56:54+00:00","og_image":[{"url":"https:\/\/laolaweb.com\/wp-content\/uploads\/2026\/01\/Mockup-jc-wuerzburg-3-768x822.webp","type":"","width":"","height":""}],"twitter_card":"summary_large_image","twitter_misc":{"Estimated reading time":"2 minutes"},"schema":{"@context":"https:\/\/schema.org","@graph":[{"@type":"TechArticle","@id":"https:\/\/laolaweb.com\/agentur\/referenzen\/jobcenter-wuerzburg-elementor-referenz\/#article","isPartOf":{"@id":"https:\/\/laolaweb.com\/agentur\/referenzen\/jobcenter-wuerzburg-elementor-referenz\/"},"author":{"name":"Manuel","@id":"https:\/\/laolaweb.com\/#\/schema\/person\/c91cf5a4d4b8445fd6a7c152951a70bd"},"headline":"Jobcenter W\u00fcrzburg Elementor Referenz","datePublished":"2026-01-30T08:06:42+00:00","dateModified":"2026-02-27T09:56:54+00:00","mainEntityOfPage":{"@id":"https:\/\/laolaweb.com\/agentur\/referenzen\/jobcenter-wuerzburg-elementor-referenz\/"},"wordCount":194,"publisher":{"@id":"https:\/\/laolaweb.com\/#organization"},"image":{"@id":"https:\/\/laolaweb.com\/agentur\/referenzen\/jobcenter-wuerzburg-elementor-referenz\/#primaryimage"},"thumbnailUrl":"https:\/\/laolaweb.com\/wp-content\/uploads\/2026\/01\/Mockup-jc-wuerzburg-3-768x822.webp","inLanguage":"en-GB"},{"@type":"WebPage","@id":"https:\/\/laolaweb.com\/agentur\/referenzen\/jobcenter-wuerzburg-elementor-referenz\/","url":"https:\/\/laolaweb.com\/agentur\/referenzen\/jobcenter-wuerzburg-elementor-referenz\/","name":"Jobcenter W\u00fcrzburg Elementor Reference - Internetagentur laOlaWeb - Agentur f\u00fcr WordPress","isPartOf":{"@id":"https:\/\/laolaweb.com\/#website"},"primaryImageOfPage":{"@id":"https:\/\/laolaweb.com\/agentur\/referenzen\/jobcenter-wuerzburg-elementor-referenz\/#primaryimage"},"image":{"@id":"https:\/\/laolaweb.com\/agentur\/referenzen\/jobcenter-wuerzburg-elementor-referenz\/#primaryimage"},"thumbnailUrl":"https:\/\/laolaweb.com\/wp-content\/uploads\/2026\/01\/Mockup-jc-wuerzburg-3-768x822.webp","datePublished":"2026-01-30T08:06:42+00:00","dateModified":"2026-02-27T09:56:54+00:00","description":"Website relaunch of the Jobcenter W\u00fcrzburg website with WordPress and Elementor. View WordPress reference now.","breadcrumb":{"@id":"https:\/\/laolaweb.com\/agentur\/referenzen\/jobcenter-wuerzburg-elementor-referenz\/#breadcrumb"},"inLanguage":"en-GB","potentialAction":[{"@type":"ReadAction","target":["https:\/\/laolaweb.com\/agentur\/referenzen\/jobcenter-wuerzburg-elementor-referenz\/"]}]},{"@type":"ImageObject","inLanguage":"en-GB","@id":"https:\/\/laolaweb.com\/agentur\/referenzen\/jobcenter-wuerzburg-elementor-referenz\/#primaryimage","url":"https:\/\/laolaweb.com\/wp-content\/uploads\/2026\/01\/Mockup-jc-wuerzburg-3-768x822.webp","contentUrl":"https:\/\/laolaweb.com\/wp-content\/uploads\/2026\/01\/Mockup-jc-wuerzburg-3-768x822.webp"},{"@type":"BreadcrumbList","@id":"https:\/\/laolaweb.com\/agentur\/referenzen\/jobcenter-wuerzburg-elementor-referenz\/#breadcrumb","itemListElement":[{"@type":"ListItem","position":1,"name":"Startseite","item":"https:\/\/laolaweb.com\/"},{"@type":"ListItem","position":2,"name":"\u00dcber uns","item":"https:\/\/laolaweb.com\/agentur\/"},{"@type":"ListItem","position":3,"name":"Referenzen","item":"https:\/\/laolaweb.com\/agentur\/referenzen\/"},{"@type":"ListItem","position":4,"name":"Jobcenter W\u00fcrzburg Elementor Referenz"}]},{"@type":"WebSite","@id":"https:\/\/laolaweb.com\/#website","url":"https:\/\/laolaweb.com\/","name":"Internet agency laOlaWeb - Agency for WordPress","description":"Professional WordPress websites","publisher":{"@id":"https:\/\/laolaweb.com\/#organization"},"potentialAction":[{"@type":"SearchAction","target":{"@type":"EntryPoint","urlTemplate":"https:\/\/laolaweb.com\/?s={search_term_string}"},"query-input":{"@type":"PropertyValueSpecification","valueRequired":true,"valueName":"search_term_string"}}],"inLanguage":"en-GB"},{"@type":"Organization","@id":"https:\/\/laolaweb.com\/#organization","name":"laOlaWeb GmbH","url":"https:\/\/laolaweb.com\/","logo":{"@type":"ImageObject","inLanguage":"en-GB","@id":"https:\/\/laolaweb.com\/#\/schema\/logo\/image\/","url":"https:\/\/laolaweb.com\/wp-content\/uploads\/2022\/06\/laolaweb-internetagentur.jpg","contentUrl":"https:\/\/laolaweb.com\/wp-content\/uploads\/2022\/06\/laolaweb-internetagentur.jpg","width":400,"height":367,"caption":"laOlaWeb GmbH"},"image":{"@id":"https:\/\/laolaweb.com\/#\/schema\/logo\/image\/"}},{"@type":"Person","@id":"https:\/\/laolaweb.com\/#\/schema\/person\/c91cf5a4d4b8445fd6a7c152951a70bd","name":"Manuel","sameAs":["http:\/\/laolaweb.com"]}]}},"_links":{"self":[{"href":"https:\/\/laolaweb.com\/en\/wp-json\/wp\/v2\/pages\/19825","targetHints":{"allow":["GET"]}}],"collection":[{"href":"https:\/\/laolaweb.com\/en\/wp-json\/wp\/v2\/pages"}],"about":[{"href":"https:\/\/laolaweb.com\/en\/wp-json\/wp\/v2\/types\/page"}],"author":[{"embeddable":true,"href":"https:\/\/laolaweb.com\/en\/wp-json\/wp\/v2\/users\/1"}],"replies":[{"embeddable":true,"href":"https:\/\/laolaweb.com\/en\/wp-json\/wp\/v2\/comments?post=19825"}],"version-history":[{"count":16,"href":"https:\/\/laolaweb.com\/en\/wp-json\/wp\/v2\/pages\/19825\/revisions"}],"predecessor-version":[{"id":19986,"href":"https:\/\/laolaweb.com\/en\/wp-json\/wp\/v2\/pages\/19825\/revisions\/19986"}],"up":[{"embeddable":true,"href":"https:\/\/laolaweb.com\/en\/wp-json\/wp\/v2\/pages\/44"}],"wp:attachment":[{"href":"https:\/\/laolaweb.com\/en\/wp-json\/wp\/v2\/media?parent=19825"}],"curies":[{"name":"wp","href":"https:\/\/api.w.org\/{rel}","templated":true}]}}