{"id":17522,"date":"2024-08-26T10:01:27","date_gmt":"2024-08-26T08:01:27","guid":{"rendered":"https:\/\/laolaweb.com\/?page_id=17522"},"modified":"2026-02-27T11:46:35","modified_gmt":"2026-02-27T10:46:35","slug":"query-plugin-licence","status":"publish","type":"page","link":"https:\/\/laolaweb.com\/en\/plugins\/plugin-lizenz-abfragen\/","title":{"rendered":"Query plugin licence"},"content":{"rendered":"\t\t<div data-elementor-type=\"wp-page\" data-elementor-id=\"17522\" class=\"elementor elementor-17522\" data-elementor-post-type=\"page\">\n\t\t\t\t<div class=\"elementor-element elementor-element-31654f1 hero_hover e-flex e-con-boxed e-con e-parent\" data-id=\"31654f1\" data-element_type=\"container\" data-e-type=\"container\">\n\t\t\t\t\t<div class=\"e-con-inner\">\n\t\t<div class=\"elementor-element elementor-element-5d45702 e-con-full e-flex e-con e-child\" data-id=\"5d45702\" data-element_type=\"container\" data-e-type=\"container\">\n\t\t\t\t<div class=\"elementor-element elementor-element-56c3efe elementor-widget elementor-widget-text-editor\" data-id=\"56c3efe\" data-element_type=\"widget\" data-e-type=\"widget\" data-widget_type=\"text-editor.default\">\n\t\t\t\t<div class=\"elementor-widget-container\">\n\t\t\t\t\t\t\t\t\t<p>WordPress-Plugins<\/p><p>\u00a0<\/p>\t\t\t\t\t\t\t\t<\/div>\n\t\t\t\t<\/div>\n\t\t\t\t<div class=\"elementor-element elementor-element-9790173 elementor-widget elementor-widget-heading\" data-id=\"9790173\" data-element_type=\"widget\" data-e-type=\"widget\" data-widget_type=\"heading.default\">\n\t\t\t\t<div class=\"elementor-widget-container\">\n\t\t\t\t\t<h1 class=\"elementor-heading-title elementor-size-default\">Plugin Lizenz  abfragen<\/h1>\t\t\t\t<\/div>\n\t\t\t\t<\/div>\n\t\t\t\t<div class=\"elementor-element elementor-element-12280f9 elementor-widget elementor-widget-heading\" data-id=\"12280f9\" data-element_type=\"widget\" data-e-type=\"widget\" data-widget_type=\"heading.default\">\n\t\t\t\t<div class=\"elementor-widget-container\">\n\t\t\t\t\t<h2 class=\"elementor-heading-title elementor-size-default\">Daten zu Ihrer Lizenz abfragen<\/h2>\t\t\t\t<\/div>\n\t\t\t\t<\/div>\n\t\t<div class=\"elementor-element elementor-element-fd2cfdf e-flex e-con-boxed e-con e-child\" data-id=\"fd2cfdf\" data-element_type=\"container\" data-e-type=\"container\">\n\t\t\t\t\t<div class=\"e-con-inner\">\n\t\t<div class=\"elementor-element elementor-element-25802e4 e-flex e-con-boxed e-con e-child\" data-id=\"25802e4\" data-element_type=\"container\" data-e-type=\"container\">\n\t\t\t\t\t<div class=\"e-con-inner\">\n\t\t\t\t<div class=\"elementor-element elementor-element-1fe9ab7 elementor-align-left cta elementor-widget elementor-widget-button\" data-id=\"1fe9ab7\" data-element_type=\"widget\" data-e-type=\"widget\" data-settings=\"{&quot;_animation_laptop&quot;:&quot;none&quot;}\" data-widget_type=\"button.default\">\n\t\t\t\t<div class=\"elementor-widget-container\">\n\t\t\t\t\t\t\t\t\t<div class=\"elementor-button-wrapper\">\n\t\t\t\t\t<a class=\"elementor-button elementor-button-link elementor-size-sm\" href=\"#abfragen\">\n\t\t\t\t\t\t<span class=\"elementor-button-content-wrapper\">\n\t\t\t\t\t\t<span class=\"elementor-button-icon\">\n\t\t\t\t<svg xmlns=\"http:\/\/www.w3.org\/2000\/svg\" xmlns:xlink=\"http:\/\/www.w3.org\/1999\/xlink\" x=\"0px\" y=\"0px\" viewBox=\"0 0 102.7 40.4\" style=\"enable-background:new 0 0 102.7 40.4;\" xml:space=\"preserve\"><style type=\"text\/css\">\t.Schlagschatten{fill:none;}\t.Abgerundete_x0020_Ecken_x0020_2_x0020_Pt_x002E_{fill:#FFFFFF;stroke:#000000;stroke-miterlimit:10;}\t.Interaktiv_x0020_X_x0020_spiegeln{fill:none;}\t.Weich_x0020_abgeflachte_x0020_Kante{fill:url(#SVGID_1_);}\t.Abendd\u00e4mmerung{fill:#FFFFFF;}\t.Laub_GS{fill:#FFDD00;}\t.Pompadour_GS{fill-rule:evenodd;clip-rule:evenodd;fill:#51AEE2;}\t.st0{fill:#2C394C;stroke:#2C394C;stroke-width:4;stroke-linecap:round;stroke-linejoin:round;stroke-miterlimit:10;}<\/style><linearGradient id=\"SVGID_1_\" gradientUnits=\"userSpaceOnUse\" x1=\"-50.9896\" y1=\"-83.357\" x2=\"-50.2825\" y2=\"-82.6498\">\t<stop offset=\"0\" style=\"stop-color:#E6E6EB\"><\/stop>\t<stop offset=\"0.1738\" style=\"stop-color:#E2E2E6\"><\/stop>\t<stop offset=\"0.352\" style=\"stop-color:#D5D4D8\"><\/stop>\t<stop offset=\"0.5323\" style=\"stop-color:#C0BFC2\"><\/stop>\t<stop offset=\"0.7139\" style=\"stop-color:#A4A2A4\"><\/stop>\t<stop offset=\"0.8949\" style=\"stop-color:#828282\"><\/stop>\t<stop offset=\"1\" style=\"stop-color:#6B6E6E\"><\/stop><\/linearGradient><g id=\"Ebene_1\"><\/g><g id=\"Pfeil_x5F_rechts\">\t<g>\t\t<polygon class=\"st0\" points=\"75.2,20.8 75.2,7.2 87,14 98.7,20.8 87,27.5 75.2,34.3   \"><\/polygon>\t\t<path class=\"st0\" d=\"M97.8,20.8H4.8H97.8z\"><\/path>\t<\/g><\/g><\/svg>\t\t\t<\/span>\n\t\t\t\t\t\t\t\t\t<span class=\"elementor-button-text\">Abfragen<\/span>\n\t\t\t\t\t<\/span>\n\t\t\t\t\t<\/a>\n\t\t\t\t<\/div>\n\t\t\t\t\t\t\t\t<\/div>\n\t\t\t\t<\/div>\n\t\t\t\t\t<\/div>\n\t\t\t\t<\/div>\n\t\t\t\t\t<\/div>\n\t\t\t\t<\/div>\n\t\t\t\t<div class=\"elementor-element elementor-element-171393b elementor-absolute elementor-widget elementor-widget-image\" data-id=\"171393b\" data-element_type=\"widget\" data-e-type=\"widget\" data-settings=\"{&quot;_position&quot;:&quot;absolute&quot;}\" data-widget_type=\"image.default\">\n\t\t\t\t<div class=\"elementor-widget-container\">\n\t\t\t\t\t\t\t\t\t\t\t\t\t\t\t<img fetchpriority=\"high\" decoding=\"async\" width=\"800\" height=\"800\" src=\"https:\/\/laolaweb.com\/wp-content\/uploads\/2023\/03\/dots.svg\" class=\"attachment-large size-large wp-image-13790\" alt=\"\" \/>\t\t\t\t\t\t\t\t\t\t\t\t\t\t\t<\/div>\n\t\t\t\t<\/div>\n\t\t\t\t<\/div>\n\t\t<div class=\"elementor-element elementor-element-374c21a image-skew e-flex e-con-boxed e-con e-child\" data-id=\"374c21a\" data-element_type=\"container\" data-e-type=\"container\">\n\t\t\t\t\t<div class=\"e-con-inner\">\n\t\t<div class=\"elementor-element elementor-element-3e06e5c skewimages e-flex e-con-boxed e-con e-child\" data-id=\"3e06e5c\" data-element_type=\"container\" data-e-type=\"container\">\n\t\t\t\t\t<div class=\"e-con-inner\">\n\t\t\t\t<div class=\"elementor-element elementor-element-2fda3da elementor-widget__width-auto myimage-1 elementor-absolute elementor-widget-laptop__width-initial elementor-invisible elementor-widget elementor-widget-image\" data-id=\"2fda3da\" data-element_type=\"widget\" data-e-type=\"widget\" data-settings=\"{&quot;_position&quot;:&quot;absolute&quot;,&quot;_animation&quot;:&quot;zoomIn&quot;}\" data-widget_type=\"image.default\">\n\t\t\t\t<div class=\"elementor-widget-container\">\n\t\t\t\t\t\t\t\t\t\t\t\t\t\t\t<img decoding=\"async\" width=\"509\" height=\"900\" src=\"https:\/\/laolaweb.com\/wp-content\/uploads\/2023\/03\/code-card.png\" class=\"attachment-large size-large wp-image-13799\" alt=\"\" srcset=\"https:\/\/laolaweb.com\/wp-content\/uploads\/2023\/03\/code-card.png 509w, https:\/\/laolaweb.com\/wp-content\/uploads\/2023\/03\/code-card-170x300.png 170w\" sizes=\"(max-width: 509px) 100vw, 509px\" \/>\t\t\t\t\t\t\t\t\t\t\t\t\t\t\t<\/div>\n\t\t\t\t<\/div>\n\t\t\t\t<div class=\"elementor-element elementor-element-ec2e4d8 elementor-absolute myimage-2 elementor-widget-laptop__width-initial elementor-invisible elementor-widget elementor-widget-image\" data-id=\"ec2e4d8\" data-element_type=\"widget\" data-e-type=\"widget\" data-settings=\"{&quot;_position&quot;:&quot;absolute&quot;,&quot;_animation&quot;:&quot;zoomIn&quot;,&quot;_animation_delay&quot;:700}\" data-widget_type=\"image.default\">\n\t\t\t\t<div class=\"elementor-widget-container\">\n\t\t\t\t\t\t\t\t\t\t\t\t\t\t\t<img decoding=\"async\" width=\"579\" height=\"1024\" src=\"https:\/\/laolaweb.com\/wp-content\/uploads\/2024\/05\/personio-layer-img-579x1024.png\" class=\"attachment-large size-large wp-image-16565\" alt=\"\" srcset=\"https:\/\/laolaweb.com\/wp-content\/uploads\/2024\/05\/personio-layer-img-579x1024.png 579w, https:\/\/laolaweb.com\/wp-content\/uploads\/2024\/05\/personio-layer-img-141x250.png 141w, https:\/\/laolaweb.com\/wp-content\/uploads\/2024\/05\/personio-layer-img-768x1357.png 768w, https:\/\/laolaweb.com\/wp-content\/uploads\/2024\/05\/personio-layer-img-869x1536.png 869w, https:\/\/laolaweb.com\/wp-content\/uploads\/2024\/05\/personio-layer-img-7x12.png 7w, https:\/\/laolaweb.com\/wp-content\/uploads\/2024\/05\/personio-layer-img.png 1061w\" sizes=\"(max-width: 579px) 100vw, 579px\" \/>\t\t\t\t\t\t\t\t\t\t\t\t\t\t\t<\/div>\n\t\t\t\t<\/div>\n\t\t\t\t<div class=\"elementor-element elementor-element-901519f myimage-3 elementor-widget-tablet__width-initial e-transform elementor-invisible elementor-widget elementor-widget-image\" data-id=\"901519f\" data-element_type=\"widget\" data-e-type=\"widget\" data-settings=\"{&quot;_animation&quot;:&quot;zoomIn&quot;,&quot;_animation_delay&quot;:1400,&quot;_transform_scale_effect_mobile&quot;:{&quot;unit&quot;:&quot;px&quot;,&quot;size&quot;:1,&quot;sizes&quot;:[]},&quot;_transform_scale_effect&quot;:{&quot;unit&quot;:&quot;px&quot;,&quot;size&quot;:&quot;&quot;,&quot;sizes&quot;:[]},&quot;_transform_scale_effect_laptop&quot;:{&quot;unit&quot;:&quot;px&quot;,&quot;size&quot;:&quot;&quot;,&quot;sizes&quot;:[]},&quot;_transform_scale_effect_tablet&quot;:{&quot;unit&quot;:&quot;px&quot;,&quot;size&quot;:&quot;&quot;,&quot;sizes&quot;:[]}}\" data-widget_type=\"image.default\">\n\t\t\t\t<div class=\"elementor-widget-container\">\n\t\t\t\t\t\t\t\t\t\t\t\t\t\t\t<img loading=\"lazy\" decoding=\"async\" width=\"579\" height=\"1024\" src=\"https:\/\/laolaweb.com\/wp-content\/uploads\/2024\/05\/personio-oberlayer-579x1024.png\" class=\"attachment-large size-large wp-image-16572\" alt=\"\" srcset=\"https:\/\/laolaweb.com\/wp-content\/uploads\/2024\/05\/personio-oberlayer-579x1024.png 579w, https:\/\/laolaweb.com\/wp-content\/uploads\/2024\/05\/personio-oberlayer-141x250.png 141w, https:\/\/laolaweb.com\/wp-content\/uploads\/2024\/05\/personio-oberlayer-768x1357.png 768w, https:\/\/laolaweb.com\/wp-content\/uploads\/2024\/05\/personio-oberlayer-869x1536.png 869w, https:\/\/laolaweb.com\/wp-content\/uploads\/2024\/05\/personio-oberlayer-7x12.png 7w, https:\/\/laolaweb.com\/wp-content\/uploads\/2024\/05\/personio-oberlayer.png 1061w\" sizes=\"(max-width: 579px) 100vw, 579px\" \/>\t\t\t\t\t\t\t\t\t\t\t\t\t\t\t<\/div>\n\t\t\t\t<\/div>\n\t\t\t\t\t<\/div>\n\t\t\t\t<\/div>\n\t\t\t\t<div class=\"elementor-element elementor-element-ff2c125 elementor-widget__width-initial elementor-absolute e-transform elementor-widget elementor-widget-image\" data-id=\"ff2c125\" data-element_type=\"widget\" data-e-type=\"widget\" data-settings=\"{&quot;_position&quot;:&quot;absolute&quot;,&quot;_transform_scale_effect&quot;:{&quot;unit&quot;:&quot;px&quot;,&quot;size&quot;:1.3,&quot;sizes&quot;:[]},&quot;_transform_scale_effect_laptop&quot;:{&quot;unit&quot;:&quot;px&quot;,&quot;size&quot;:1.2,&quot;sizes&quot;:[]},&quot;_transform_scale_effect_tablet&quot;:{&quot;unit&quot;:&quot;px&quot;,&quot;size&quot;:0.9,&quot;sizes&quot;:[]},&quot;_transform_scale_effect_mobile&quot;:{&quot;unit&quot;:&quot;px&quot;,&quot;size&quot;:&quot;&quot;,&quot;sizes&quot;:[]}}\" data-widget_type=\"image.default\">\n\t\t\t\t<div class=\"elementor-widget-container\">\n\t\t\t\t\t\t\t\t\t\t\t\t\t\t\t<img loading=\"lazy\" decoding=\"async\" width=\"800\" height=\"600\" src=\"https:\/\/laolaweb.com\/wp-content\/uploads\/2023\/03\/dots_circle_zwei.svg\" class=\"attachment-full size-full wp-image-13794\" alt=\"\" \/>\t\t\t\t\t\t\t\t\t\t\t\t\t\t\t<\/div>\n\t\t\t\t<\/div>\n\t\t\t\t\t<\/div>\n\t\t\t\t<\/div>\n\t\t\t\t\t<\/div>\n\t\t\t\t<\/div>\n\t\t<div class=\"elementor-element elementor-element-dbda06f e-flex e-con-boxed e-con e-parent\" data-id=\"dbda06f\" data-element_type=\"container\" data-e-type=\"container\">\n\t\t\t\t\t<div class=\"e-con-inner\">\n\t\t\t\t<div class=\"elementor-element elementor-element-f60f6f0 elementor-widget elementor-widget-heading\" data-id=\"f60f6f0\" data-element_type=\"widget\" data-e-type=\"widget\" data-widget_type=\"heading.default\">\n\t\t\t\t<div class=\"elementor-widget-container\">\n\t\t\t\t\t<h2 class=\"elementor-heading-title elementor-size-default\">Daten zu Ihrer Lizenz abfragen<\/h2>\t\t\t\t<\/div>\n\t\t\t\t<\/div>\n\t\t\t\t<div class=\"elementor-element elementor-element-0bc096b elementor-widget elementor-widget-wpforms\" data-id=\"0bc096b\" data-element_type=\"widget\" data-e-type=\"widget\" data-widget_type=\"wpforms.default\">\n\t\t\t\t<div class=\"elementor-widget-container\">\n\t\t\t\t\t<style id=\"wpforms-css-vars-elementor-widget-0bc096b\">\n\t\t\t\t.elementor-widget-wpforms.elementor-element-0bc096b {\n\t\t\t\t--wpforms-field-size-input-height: 43px;\n--wpforms-field-size-input-spacing: 15px;\n--wpforms-field-size-font-size: 16px;\n--wpforms-field-size-line-height: 19px;\n--wpforms-field-size-padding-h: 14px;\n--wpforms-field-size-checkbox-size: 16px;\n--wpforms-field-size-sublabel-spacing: 5px;\n--wpforms-field-size-icon-size: 1;\n--wpforms-label-size-font-size: 16px;\n--wpforms-label-size-line-height: 19px;\n--wpforms-label-size-sublabel-font-size: 14px;\n--wpforms-label-size-sublabel-line-height: 17px;\n--wpforms-button-size-font-size: 17px;\n--wpforms-button-size-height: 41px;\n--wpforms-button-size-padding-h: 15px;\n--wpforms-button-size-margin-top: 10px;\n\n\t\t\t}\n\t\t\t<\/style><div class=\"wpforms-container wpforms-container-full wpforms-render-modern\" id=\"wpforms-17524\"><form id=\"wpforms-form-17524\" class=\"wpforms-validate wpforms-form wpforms-ajax-form\" data-formid=\"17524\" method=\"post\" enctype=\"multipart\/form-data\" action=\"\/en\/wp-json\/wp\/v2\/pages\/17522\" data-token=\"b3ecab1b3ae000a57a5c23ce806fc683\" data-token-time=\"1776168776\"><noscript class=\"wpforms-error-noscript\">Please enable JavaScript in your browser to complete this form.<\/noscript><div class=\"wpforms-hidden\" id=\"wpforms-error-noscript\">Please enable JavaScript in your browser to complete this form.<\/div><div class=\"wpforms-field-container\"><div id=\"wpforms-17524-field_1-container\" class=\"wpforms-field wpforms-field-text\" data-field-id=\"1\"><label class=\"wpforms-field-label\" for=\"wpforms-17524-field_1\">Entweder Lizenz Schl\u00fcssel<\/label><input type=\"text\" id=\"wpforms-17524-field_1\" class=\"wpforms-field-medium\" name=\"wpforms[fields][1]\" aria-errormessage=\"wpforms-17524-field_1-error\" ><\/div><div id=\"wpforms-17524-field_3-container\" class=\"wpforms-field wpforms-field-email\" data-field-id=\"3\"><label class=\"wpforms-field-label\" for=\"wpforms-17524-field_3\">Oder E-Mail<\/label><input type=\"email\" id=\"wpforms-17524-field_3\" class=\"wpforms-field-medium\" name=\"wpforms[fields][3]\" spellcheck=\"false\" aria-errormessage=\"wpforms-17524-field_3-error\" ><\/div><div id=\"wpforms-17524-field_2-container\" class=\"wpforms-field wpforms-field-text\" data-field-id=\"2\"><label class=\"wpforms-field-label\" for=\"wpforms-17524-field_2\">Oder Domain<\/label><input type=\"text\" id=\"wpforms-17524-field_2\" class=\"wpforms-field-medium\" name=\"wpforms[fields][2]\" aria-errormessage=\"wpforms-17524-field_2-error\" ><\/div><\/div><!-- .wpforms-field-container --><div class=\"wpforms-submit-container\" ><input type=\"hidden\" name=\"wpforms[id]\" value=\"17524\"><input type=\"hidden\" name=\"page_title\" value=\"\"><input type=\"hidden\" name=\"page_url\" value=\"https:\/\/laolaweb.com\/en\/wp-json\/wp\/v2\/pages\/17522\"><input type=\"hidden\" name=\"url_referer\" value=\"\"><button type=\"submit\" name=\"wpforms[submit]\" id=\"wpforms-submit-17524\" class=\"wpforms-submit\" data-alt-text=\"Bitte warten \u2026\" data-submit-text=\"Lizenz abfragen\" aria-live=\"assertive\" value=\"wpforms-submit\">Lizenz abfragen<\/button><img loading=\"lazy\" decoding=\"async\" src=\"https:\/\/laolaweb.com\/wp-content\/plugins\/wpforms\/assets\/images\/submit-spin.svg\" class=\"wpforms-submit-spinner\" style=\"display: none;\" width=\"26\" height=\"26\" alt=\"Loading\"><\/div><\/form><\/div>  <!-- .wpforms-container -->\t\t\t\t<\/div>\n\t\t\t\t<\/div>\n\t\t\t\t\t<\/div>\n\t\t\t\t<\/div>\n\t\t\t\t<\/div>\n\t\t","protected":false},"excerpt":{"rendered":"<p>WordPress-Plugins Plugin Licence request Request data about your licence Request data about your licence Please enable JavaScript in your browser to complete this form.please enable JavaScript in your browser to complete this form.either licence keyOr emailOr domain licence request<\/p>","protected":false},"author":6,"featured_media":0,"parent":9498,"menu_order":0,"comment_status":"closed","ping_status":"closed","template":"","meta":{"footnotes":""},"class_list":["post-17522","page","type-page","status-publish","hentry"],"yoast_head":"<!-- This site is optimized with the Yoast SEO plugin v27.0 - https:\/\/yoast.com\/product\/yoast-seo-wordpress\/ -->\n<title>Plugin Lizenz abfragen - Internetagentur laOlaWeb - Agentur f\u00fcr WordPress<\/title>\n<meta name=\"description\" content=\"Hier k\u00f6nnen Sie Ihre Lizenz f\u00fcr das Personio Pro Plugin abfragen\" \/>\n<meta name=\"robots\" content=\"index, follow, max-snippet:-1, max-image-preview:large, max-video-preview:-1\" \/>\n<link rel=\"canonical\" href=\"https:\/\/laolaweb.com\/en\/plugins\/query-plugin-licence\/\" \/>\n<meta property=\"og:locale\" content=\"en_GB\" \/>\n<meta property=\"og:type\" content=\"article\" \/>\n<meta property=\"og:title\" content=\"Plugin Lizenz abfragen - Internetagentur laOlaWeb - Agentur f\u00fcr WordPress\" \/>\n<meta property=\"og:description\" content=\"Hier k\u00f6nnen Sie Ihre Lizenz f\u00fcr das Personio Pro Plugin abfragen\" \/>\n<meta property=\"og:url\" content=\"https:\/\/laolaweb.com\/en\/plugins\/query-plugin-licence\/\" \/>\n<meta property=\"og:site_name\" content=\"Internetagentur laOlaWeb - Agentur f\u00fcr WordPress\" \/>\n<meta property=\"article:modified_time\" content=\"2026-02-27T10:46:35+00:00\" \/>\n<meta property=\"og:image\" content=\"https:\/\/laolaweb.com\/wp-content\/uploads\/2023\/03\/dots.svg\" \/>\n<meta name=\"twitter:card\" content=\"summary_large_image\" \/>\n<meta name=\"twitter:label1\" content=\"Estimated reading time\" \/>\n\t<meta name=\"twitter:data1\" content=\"2 minutes\" \/>\n<!-- \/ Yoast SEO plugin. -->","yoast_head_json":{"title":"Query plugin licence - Internet agency laOlaWeb - Agentur f\u00fcr WordPress","description":"You can request your licence for the Personio Pro plugin here","robots":{"index":"index","follow":"follow","max-snippet":"max-snippet:-1","max-image-preview":"max-image-preview:large","max-video-preview":"max-video-preview:-1"},"canonical":"https:\/\/laolaweb.com\/en\/plugins\/query-plugin-licence\/","og_locale":"en_GB","og_type":"article","og_title":"Plugin Lizenz abfragen - Internetagentur laOlaWeb - Agentur f\u00fcr WordPress","og_description":"Hier k\u00f6nnen Sie Ihre Lizenz f\u00fcr das Personio Pro Plugin abfragen","og_url":"https:\/\/laolaweb.com\/en\/plugins\/query-plugin-licence\/","og_site_name":"Internetagentur laOlaWeb - Agentur f\u00fcr WordPress","article_modified_time":"2026-02-27T10:46:35+00:00","og_image":[{"url":"https:\/\/laolaweb.com\/wp-content\/uploads\/2023\/03\/dots.svg","type":"","width":"","height":""}],"twitter_card":"summary_large_image","twitter_misc":{"Estimated reading time":"2 minutes"},"schema":{"@context":"https:\/\/schema.org","@graph":[{"@type":"TechArticle","@id":"https:\/\/laolaweb.com\/plugins\/plugin-lizenz-abfragen\/#article","isPartOf":{"@id":"https:\/\/laolaweb.com\/plugins\/plugin-lizenz-abfragen\/"},"author":{"name":"Thomas","@id":"https:\/\/laolaweb.com\/#\/schema\/person\/7ab3b4c0a79efd45b0ae3445f352eeb7"},"headline":"Plugin Lizenz abfragen","datePublished":"2024-08-26T08:01:27+00:00","dateModified":"2026-02-27T10:46:35+00:00","mainEntityOfPage":{"@id":"https:\/\/laolaweb.com\/plugins\/plugin-lizenz-abfragen\/"},"wordCount":50,"publisher":{"@id":"https:\/\/laolaweb.com\/#organization"},"image":{"@id":"https:\/\/laolaweb.com\/plugins\/plugin-lizenz-abfragen\/#primaryimage"},"thumbnailUrl":"https:\/\/laolaweb.com\/wp-content\/uploads\/2023\/03\/dots.svg","inLanguage":"en-GB"},{"@type":"WebPage","@id":"https:\/\/laolaweb.com\/plugins\/plugin-lizenz-abfragen\/","url":"https:\/\/laolaweb.com\/plugins\/plugin-lizenz-abfragen\/","name":"Query plugin licence - Internet agency laOlaWeb - Agentur f\u00fcr WordPress","isPartOf":{"@id":"https:\/\/laolaweb.com\/#website"},"primaryImageOfPage":{"@id":"https:\/\/laolaweb.com\/plugins\/plugin-lizenz-abfragen\/#primaryimage"},"image":{"@id":"https:\/\/laolaweb.com\/plugins\/plugin-lizenz-abfragen\/#primaryimage"},"thumbnailUrl":"https:\/\/laolaweb.com\/wp-content\/uploads\/2023\/03\/dots.svg","datePublished":"2024-08-26T08:01:27+00:00","dateModified":"2026-02-27T10:46:35+00:00","description":"You can request your licence for the Personio Pro plugin here","breadcrumb":{"@id":"https:\/\/laolaweb.com\/plugins\/plugin-lizenz-abfragen\/#breadcrumb"},"inLanguage":"en-GB","potentialAction":[{"@type":"ReadAction","target":["https:\/\/laolaweb.com\/plugins\/plugin-lizenz-abfragen\/"]}]},{"@type":"ImageObject","inLanguage":"en-GB","@id":"https:\/\/laolaweb.com\/plugins\/plugin-lizenz-abfragen\/#primaryimage","url":"https:\/\/laolaweb.com\/wp-content\/uploads\/2023\/03\/dots.svg","contentUrl":"https:\/\/laolaweb.com\/wp-content\/uploads\/2023\/03\/dots.svg"},{"@type":"BreadcrumbList","@id":"https:\/\/laolaweb.com\/plugins\/plugin-lizenz-abfragen\/#breadcrumb","itemListElement":[{"@type":"ListItem","position":1,"name":"Startseite","item":"https:\/\/laolaweb.com\/"},{"@type":"ListItem","position":2,"name":"Plugins","item":"https:\/\/laolaweb.com\/plugins\/"},{"@type":"ListItem","position":3,"name":"Plugin Lizenz abfragen"}]},{"@type":"WebSite","@id":"https:\/\/laolaweb.com\/#website","url":"https:\/\/laolaweb.com\/","name":"Internet agency laOlaWeb - Agency for WordPress","description":"Professional WordPress websites","publisher":{"@id":"https:\/\/laolaweb.com\/#organization"},"potentialAction":[{"@type":"SearchAction","target":{"@type":"EntryPoint","urlTemplate":"https:\/\/laolaweb.com\/?s={search_term_string}"},"query-input":{"@type":"PropertyValueSpecification","valueRequired":true,"valueName":"search_term_string"}}],"inLanguage":"en-GB"},{"@type":"Organization","@id":"https:\/\/laolaweb.com\/#organization","name":"laOlaWeb GmbH","url":"https:\/\/laolaweb.com\/","logo":{"@type":"ImageObject","inLanguage":"en-GB","@id":"https:\/\/laolaweb.com\/#\/schema\/logo\/image\/","url":"https:\/\/laolaweb.com\/wp-content\/uploads\/2022\/06\/laolaweb-internetagentur.jpg","contentUrl":"https:\/\/laolaweb.com\/wp-content\/uploads\/2022\/06\/laolaweb-internetagentur.jpg","width":400,"height":367,"caption":"laOlaWeb GmbH"},"image":{"@id":"https:\/\/laolaweb.com\/#\/schema\/logo\/image\/"}},{"@type":"Person","@id":"https:\/\/laolaweb.com\/#\/schema\/person\/7ab3b4c0a79efd45b0ae3445f352eeb7","name":"Thomas"}]}},"_links":{"self":[{"href":"https:\/\/laolaweb.com\/en\/wp-json\/wp\/v2\/pages\/17522","targetHints":{"allow":["GET"]}}],"collection":[{"href":"https:\/\/laolaweb.com\/en\/wp-json\/wp\/v2\/pages"}],"about":[{"href":"https:\/\/laolaweb.com\/en\/wp-json\/wp\/v2\/types\/page"}],"author":[{"embeddable":true,"href":"https:\/\/laolaweb.com\/en\/wp-json\/wp\/v2\/users\/6"}],"replies":[{"embeddable":true,"href":"https:\/\/laolaweb.com\/en\/wp-json\/wp\/v2\/comments?post=17522"}],"version-history":[{"count":7,"href":"https:\/\/laolaweb.com\/en\/wp-json\/wp\/v2\/pages\/17522\/revisions"}],"predecessor-version":[{"id":17532,"href":"https:\/\/laolaweb.com\/en\/wp-json\/wp\/v2\/pages\/17522\/revisions\/17532"}],"up":[{"embeddable":true,"href":"https:\/\/laolaweb.com\/en\/wp-json\/wp\/v2\/pages\/9498"}],"wp:attachment":[{"href":"https:\/\/laolaweb.com\/en\/wp-json\/wp\/v2\/media?parent=17522"}],"curies":[{"name":"wp","href":"https:\/\/api.w.org\/{rel}","templated":true}]}}