{"id":15259,"date":"2023-10-27T16:19:52","date_gmt":"2023-10-27T14:19:52","guid":{"rendered":"https:\/\/laolaweb.com\/?page_id=15259"},"modified":"2026-02-27T10:54:29","modified_gmt":"2026-02-27T09:54:29","slug":"reference-viablue-website-with-elementor-pro","status":"publish","type":"page","link":"https:\/\/laolaweb.com\/en\/agentur\/referenzen\/referenz-viablue-website-mit-elementor-pro\/","title":{"rendered":"Reference ViaBlue website with Elementor Pro"},"content":{"rendered":"\t\t<div data-elementor-type=\"wp-page\" data-elementor-id=\"15259\" class=\"elementor elementor-15259\" data-elementor-post-type=\"page\">\n\t\t\t\t<div class=\"elementor-element elementor-element-44b4f156 e-flex e-con-boxed e-con e-parent\" data-id=\"44b4f156\" data-element_type=\"container\" data-e-type=\"container\" data-settings=\"{&quot;background_background&quot;:&quot;classic&quot;}\">\n\t\t\t\t\t<div class=\"e-con-inner\">\n\t\t<div class=\"elementor-element elementor-element-1060e4e6 rotate e-con-full e-flex e-con e-child\" data-id=\"1060e4e6\" data-element_type=\"container\" data-e-type=\"container\">\n\t\t\t\t<div class=\"elementor-element elementor-element-10fa3334 text-trans-zwei elementor-widget elementor-widget-text-editor\" data-id=\"10fa3334\" data-element_type=\"widget\" data-e-type=\"widget\" data-widget_type=\"text-editor.default\">\n\t\t\t\t<div class=\"elementor-widget-container\">\n\t\t\t\t\t\t\t\t\t<p>REFERENZ<\/p>\t\t\t\t\t\t\t\t<\/div>\n\t\t\t\t<\/div>\n\t\t\t\t<div class=\"elementor-element elementor-element-4f38a426 text-trans elementor-widget elementor-widget-heading\" data-id=\"4f38a426\" data-element_type=\"widget\" data-e-type=\"widget\" data-widget_type=\"heading.default\">\n\t\t\t\t<div class=\"elementor-widget-container\">\n\t\t\t\t\t<p class=\"elementor-heading-title elementor-size-default\">VIABLUE<\/p>\t\t\t\t<\/div>\n\t\t\t\t<\/div>\n\t\t\t\t<div class=\"elementor-element elementor-element-e8f4098 text-trans elementor-widget elementor-widget-text-editor\" data-id=\"e8f4098\" data-element_type=\"widget\" data-e-type=\"widget\" data-widget_type=\"text-editor.default\">\n\t\t\t\t<div class=\"elementor-widget-container\">\n\t\t\t\t\t\t\t\t\t<p>WEBSEITE MIT ELEMENTOR PRO<\/p>\t\t\t\t\t\t\t\t<\/div>\n\t\t\t\t<\/div>\n\t\t\t\t<\/div>\n\t\t\t\t\t<\/div>\n\t\t\t\t<\/div>\n\t\t<div class=\"elementor-element elementor-element-51da1ae4 e-flex e-con-boxed e-con e-parent\" data-id=\"51da1ae4\" data-element_type=\"container\" data-e-type=\"container\">\n\t\t\t\t\t<div class=\"e-con-inner\">\n\t\t<div class=\"elementor-element elementor-element-2792c3ac e-con-full e-flex e-con e-child\" data-id=\"2792c3ac\" data-element_type=\"container\" data-e-type=\"container\">\n\t\t\t\t<div class=\"elementor-element elementor-element-46155f48 elementor-widget elementor-widget-heading\" data-id=\"46155f48\" data-element_type=\"widget\" data-e-type=\"widget\" data-widget_type=\"heading.default\">\n\t\t\t\t<div class=\"elementor-widget-container\">\n\t\t\t\t\t<h1 class=\"elementor-heading-title elementor-size-default\">Referenz  ViaBlue - High End Website <\/h1>\t\t\t\t<\/div>\n\t\t\t\t<\/div>\n\t\t\t\t<div class=\"elementor-element elementor-element-1d6f489a elementor-widget elementor-widget-image\" data-id=\"1d6f489a\" data-element_type=\"widget\" data-e-type=\"widget\" data-widget_type=\"image.default\">\n\t\t\t\t<div class=\"elementor-widget-container\">\n\t\t\t\t\t\t\t\t\t\t\t\t\t\t\t<img fetchpriority=\"high\" decoding=\"async\" width=\"768\" height=\"822\" src=\"https:\/\/laolaweb.com\/wp-content\/uploads\/2023\/08\/viablue-ref3-768x822.png\" class=\"attachment-medium_large size-medium_large wp-image-15113\" alt=\"\" srcset=\"https:\/\/laolaweb.com\/wp-content\/uploads\/2023\/08\/viablue-ref3-768x822.png 768w, https:\/\/laolaweb.com\/wp-content\/uploads\/2023\/08\/viablue-ref3-234x250.png 234w, https:\/\/laolaweb.com\/wp-content\/uploads\/2023\/08\/viablue-ref3-957x1024.png 957w, https:\/\/laolaweb.com\/wp-content\/uploads\/2023\/08\/viablue-ref3.png 1200w\" sizes=\"(max-width: 768px) 100vw, 768px\" \/>\t\t\t\t\t\t\t\t\t\t\t\t\t\t\t<\/div>\n\t\t\t\t<\/div>\n\t\t\t\t<div class=\"elementor-element elementor-element-36ac02a3 elementor-widget__width-initial elementor-widget elementor-widget-text-editor\" data-id=\"36ac02a3\" data-element_type=\"widget\" data-e-type=\"widget\" data-widget_type=\"text-editor.default\">\n\t\t\t\t<div class=\"elementor-widget-container\">\n\t\t\t\t\t\t\t\t\t<p>Seit \u00fcber 20 Jahren steht VIABLUE\u2122 f\u00fcr erstklassigen H\u00f6rgenuss aus Deutschland.<\/p><p>Mit innovativer und einzigartiger Technik, modernsten Fertigungsmethoden und exklusiven Materialien garantieren ViaBlue h\u00f6chste Pr\u00e4zision.<\/p><p>Handgefertigte Kabel mit versilberten Litzen, patentierte Steckverbindungen, unsere AIR-Technologie oder die VIABLUE\u2122 Ultragrip Beschichtung finden weltweit Lob und Anerkennung.<\/p><p>Wir freuen uns sehr, den Auftrag f\u00fcr die neue <a href=\"https:\/\/laolaweb.com\/wordpress-agentur\/\">WordPress-Webseite<\/a> erhalten zu haben und als Agentur mit ViaBlue langfristig zusammenzuarbeiten.\u00a0<\/p>\t\t\t\t\t\t\t\t<\/div>\n\t\t\t\t<\/div>\n\t\t\t\t<\/div>\n\t\t\t\t\t<\/div>\n\t\t\t\t<\/div>\n\t\t<div class=\"elementor-element elementor-element-176d51d9 e-flex e-con-boxed e-con e-parent\" data-id=\"176d51d9\" data-element_type=\"container\" data-e-type=\"container\" data-settings=\"{&quot;background_background&quot;:&quot;classic&quot;}\">\n\t\t\t\t\t<div class=\"e-con-inner\">\n\t\t<div class=\"elementor-element elementor-element-2898b3df e-con-full e-flex e-con e-child\" data-id=\"2898b3df\" data-element_type=\"container\" data-e-type=\"container\">\n\t\t<div class=\"elementor-element elementor-element-3a7eeefb e-con-full e-flex e-con e-child\" data-id=\"3a7eeefb\" data-element_type=\"container\" data-e-type=\"container\">\n\t\t\t\t<div class=\"elementor-element elementor-element-558a8af4 drop_image elementor-widget elementor-widget-image\" data-id=\"558a8af4\" data-element_type=\"widget\" data-e-type=\"widget\" data-widget_type=\"image.default\">\n\t\t\t\t<div class=\"elementor-widget-container\">\n\t\t\t\t\t\t\t\t\t\t\t\t\t\t\t<img decoding=\"async\" width=\"726\" height=\"1024\" src=\"https:\/\/laolaweb.com\/wp-content\/uploads\/2023\/08\/viablue-ref2.png\" class=\"attachment-medium_large size-medium_large wp-image-15114\" alt=\"\" srcset=\"https:\/\/laolaweb.com\/wp-content\/uploads\/2023\/08\/viablue-ref2.png 726w, https:\/\/laolaweb.com\/wp-content\/uploads\/2023\/08\/viablue-ref2-177x250.png 177w\" sizes=\"(max-width: 726px) 100vw, 726px\" \/>\t\t\t\t\t\t\t\t\t\t\t\t\t\t\t<\/div>\n\t\t\t\t<\/div>\n\t\t\t\t<\/div>\n\t\t<div class=\"elementor-element elementor-element-5b8474e6 e-con-full e-flex e-con e-child\" data-id=\"5b8474e6\" data-element_type=\"container\" data-e-type=\"container\">\n\t\t\t\t<div class=\"elementor-element elementor-element-5318357c elementor-widget elementor-widget-heading\" data-id=\"5318357c\" data-element_type=\"widget\" data-e-type=\"widget\" data-widget_type=\"heading.default\">\n\t\t\t\t<div class=\"elementor-widget-container\">\n\t\t\t\t\t<h2 class=\"elementor-heading-title elementor-size-default\">Vom Custom-CMS zu WordPress<\/h2>\t\t\t\t<\/div>\n\t\t\t\t<\/div>\n\t\t\t\t<div class=\"elementor-element elementor-element-1b0bb18f elementor-widget__width-initial elementor-widget elementor-widget-text-editor\" data-id=\"1b0bb18f\" data-element_type=\"widget\" data-e-type=\"widget\" data-widget_type=\"text-editor.default\">\n\t\t\t\t<div class=\"elementor-widget-container\">\n\t\t\t\t\t\t\t\t\t<p>Das Custom CMS sollte durch das CMS von WordPress ersetzt werden. Die Migration von <a href=\"https:\/\/laolaweb.com\/wordpress-agentur\/umzug-zu-wordpress\/\">Custom CMS zu WordPress<\/a> ist eine Kernleistung, die wir als Internetagentur anbieten. Gleichzeitig war es an der Zeit das Webdesign auf den neusten Stand zu bringen.\u00a0 \u00dcber einen automatisierten Import werden die zahlreichen H\u00e4ndler (Partner) aus LexOffice abgeglichen und auf einer Map \u00fcbersichtlich dargestellt.\u00a0<\/p>\t\t\t\t\t\t\t\t<\/div>\n\t\t\t\t<\/div>\n\t\t\t\t<\/div>\n\t\t\t\t<\/div>\n\t\t\t\t\t<\/div>\n\t\t\t\t<\/div>\n\t\t<div class=\"elementor-element elementor-element-2c9d2903 e-flex e-con-boxed e-con e-parent\" data-id=\"2c9d2903\" data-element_type=\"container\" data-e-type=\"container\" data-settings=\"{&quot;background_background&quot;:&quot;classic&quot;,&quot;shape_divider_bottom&quot;:&quot;mountains&quot;}\">\n\t\t\t\t\t<div class=\"e-con-inner\">\n\t\t\t\t<div class=\"elementor-shape elementor-shape-bottom\" aria-hidden=\"true\" data-negative=\"false\">\n\t\t\t<svg xmlns=\"http:\/\/www.w3.org\/2000\/svg\" viewBox=\"0 0 1000 100\" preserveAspectRatio=\"none\">\n\t<path class=\"elementor-shape-fill\" opacity=\"0.33\" d=\"M473,67.3c-203.9,88.3-263.1-34-320.3,0C66,119.1,0,59.7,0,59.7V0h1000v59.7 c0,0-62.1,26.1-94.9,29.3c-32.8,3.3-62.8-12.3-75.8-22.1C806,49.6,745.3,8.7,694.9,4.7S492.4,59,473,67.3z\"\/>\n\t<path class=\"elementor-shape-fill\" opacity=\"0.66\" d=\"M734,67.3c-45.5,0-77.2-23.2-129.1-39.1c-28.6-8.7-150.3-10.1-254,39.1 s-91.7-34.4-149.2,0C115.7,118.3,0,39.8,0,39.8V0h1000v36.5c0,0-28.2-18.5-92.1-18.5C810.2,18.1,775.7,67.3,734,67.3z\"\/>\n\t<path class=\"elementor-shape-fill\" d=\"M766.1,28.9c-200-57.5-266,65.5-395.1,19.5C242,1.8,242,5.4,184.8,20.6C128,35.8,132.3,44.9,89.9,52.5C28.6,63.7,0,0,0,0 h1000c0,0-9.9,40.9-83.6,48.1S829.6,47,766.1,28.9z\"\/>\n<\/svg>\t\t<\/div>\n\t\t<div class=\"elementor-element elementor-element-51aabf05 e-con-full e-flex e-con e-child\" data-id=\"51aabf05\" data-element_type=\"container\" data-e-type=\"container\">\n\t\t<div class=\"elementor-element elementor-element-5a38fcef e-con-full e-flex e-con e-child\" data-id=\"5a38fcef\" data-element_type=\"container\" data-e-type=\"container\">\n\t\t\t\t<div class=\"elementor-element elementor-element-65f3001f elementor-widget elementor-widget-heading\" data-id=\"65f3001f\" data-element_type=\"widget\" data-e-type=\"widget\" data-widget_type=\"heading.default\">\n\t\t\t\t<div class=\"elementor-widget-container\">\n\t\t\t\t\t<span class=\"elementor-heading-title elementor-size-default\">Datenpflege \u00fcber Custom Post Types<\/span>\t\t\t\t<\/div>\n\t\t\t\t<\/div>\n\t\t\t\t<div class=\"elementor-element elementor-element-3918aa0b elementor-widget__width-initial elementor-widget elementor-widget-text-editor\" data-id=\"3918aa0b\" data-element_type=\"widget\" data-e-type=\"widget\" data-widget_type=\"text-editor.default\">\n\t\t\t\t<div class=\"elementor-widget-container\">\n\t\t\t\t\t\t\t\t\t<p>Um die Datenpflege zu vereinfachen und die Darstellung der Produkte systematisch anzuordnen, wurden verschiedene Custom Post Types erstellt.<\/p><p>Diese Logik wurde mit dem Plugin von <a href=\"https:\/\/crocoblock.com\/\" target=\"_blank\" rel=\"noopener\">Crocoblock bzw. JetPlugins<\/a> umgesetzt.<\/p><p>Zus\u00e4tzlich wurde das neue Mega Men\u00fc von Elementor Pro verwendet, um die ganze Produktpalette \u00fcbersichtlich darzustellen.<\/p><p>\u00a0<\/p>\t\t\t\t\t\t\t\t<\/div>\n\t\t\t\t<\/div>\n\t\t\t\t<div class=\"elementor-element elementor-element-2848986a elementor-align-left underline_button_drei elementor-tablet-align-left elementor-mobile-align-left elementor-widget elementor-widget-button\" data-id=\"2848986a\" data-element_type=\"widget\" data-e-type=\"widget\" data-settings=\"{&quot;motion_fx_motion_fx_scrolling&quot;:&quot;yes&quot;,&quot;motion_fx_devices&quot;:[&quot;desktop&quot;,&quot;laptop&quot;,&quot;tablet&quot;,&quot;mobile&quot;]}\" data-widget_type=\"button.default\">\n\t\t\t\t<div class=\"elementor-widget-container\">\n\t\t\t\t\t\t\t\t\t<div class=\"elementor-button-wrapper\">\n\t\t\t\t\t<a class=\"elementor-button elementor-button-link elementor-size-sm\" href=\"https:\/\/viablue.de\/\" target=\"_blank\">\n\t\t\t\t\t\t<span class=\"elementor-button-content-wrapper\">\n\t\t\t\t\t\t\t\t\t<span class=\"elementor-button-text\">Webseite ansehen<\/span>\n\t\t\t\t\t<\/span>\n\t\t\t\t\t<\/a>\n\t\t\t\t<\/div>\n\t\t\t\t\t\t\t\t<\/div>\n\t\t\t\t<\/div>\n\t\t\t\t<\/div>\n\t\t<div class=\"elementor-element elementor-element-20b583d e-con-full e-flex e-con e-child\" data-id=\"20b583d\" data-element_type=\"container\" data-e-type=\"container\">\n\t\t\t\t<div class=\"elementor-element elementor-element-9172eb5 drop_image elementor-widget elementor-widget-image\" data-id=\"9172eb5\" data-element_type=\"widget\" data-e-type=\"widget\" data-widget_type=\"image.default\">\n\t\t\t\t<div class=\"elementor-widget-container\">\n\t\t\t\t\t\t\t\t\t\t\t\t\t\t\t<img decoding=\"async\" width=\"726\" height=\"1024\" src=\"https:\/\/laolaweb.com\/wp-content\/uploads\/2023\/08\/via-blue-ref1.png\" class=\"attachment-medium_large size-medium_large wp-image-15115\" alt=\"\" srcset=\"https:\/\/laolaweb.com\/wp-content\/uploads\/2023\/08\/via-blue-ref1.png 726w, https:\/\/laolaweb.com\/wp-content\/uploads\/2023\/08\/via-blue-ref1-177x250.png 177w\" sizes=\"(max-width: 726px) 100vw, 726px\" \/>\t\t\t\t\t\t\t\t\t\t\t\t\t\t\t<\/div>\n\t\t\t\t<\/div>\n\t\t\t\t<\/div>\n\t\t\t\t<\/div>\n\t\t\t\t\t<\/div>\n\t\t\t\t<\/div>\n\t\t\t\t<\/div>\n\t\t","protected":false},"excerpt":{"rendered":"<p>REFERENZ VIABLUE WEBSEITE MIT ELEMENTOR PRO Referenz ViaBlue &#8211; High End Website Seit \u00fcber 20 Jahren steht VIABLUE\u2122 f\u00fcr erstklassigen H\u00f6rgenuss aus Deutschland. Mit innovativer und einzigartiger Technik, modernsten Fertigungsmethoden und exklusiven Materialien garantieren ViaBlue h\u00f6chste Pr\u00e4zision. Handgefertigte Kabel mit versilberten Litzen, patentierte Steckverbindungen, unsere AIR-Technologie oder die VIABLUE\u2122 Ultragrip Beschichtung finden weltweit Lob und [&hellip;]<\/p>\n","protected":false},"author":2,"featured_media":0,"parent":44,"menu_order":0,"comment_status":"closed","ping_status":"closed","template":"","meta":{"footnotes":""},"class_list":["post-15259","page","type-page","status-publish","hentry"],"yoast_head":"<!-- This site is optimized with the Yoast SEO plugin v27.0 - https:\/\/yoast.com\/product\/yoast-seo-wordpress\/ -->\n<title>Referenz ViaBlue Website mit Elementor Pro - Internetagentur laOlaWeb - Agentur f\u00fcr WordPress<\/title>\n<meta name=\"description\" content=\"Referenz neue WordPress-Webseite f\u00fcr ViaBlue und die langfristige Zusammenarbeit.\" \/>\n<meta name=\"robots\" content=\"index, follow, max-snippet:-1, max-image-preview:large, max-video-preview:-1\" \/>\n<link rel=\"canonical\" href=\"https:\/\/laolaweb.com\/en\/agency\/references\/reference-viablue-website-with-elementor-pro\/\" \/>\n<meta property=\"og:locale\" content=\"en_GB\" \/>\n<meta property=\"og:type\" content=\"article\" \/>\n<meta property=\"og:title\" content=\"Referenz ViaBlue Website mit Elementor Pro - Internetagentur laOlaWeb - Agentur f\u00fcr WordPress\" \/>\n<meta property=\"og:description\" content=\"Referenz neue WordPress-Webseite f\u00fcr ViaBlue und die langfristige Zusammenarbeit.\" \/>\n<meta property=\"og:url\" content=\"https:\/\/laolaweb.com\/en\/agency\/references\/reference-viablue-website-with-elementor-pro\/\" \/>\n<meta property=\"og:site_name\" content=\"Internetagentur laOlaWeb - Agentur f\u00fcr WordPress\" \/>\n<meta property=\"article:modified_time\" content=\"2026-02-27T09:54:29+00:00\" \/>\n<meta property=\"og:image\" content=\"https:\/\/laolaweb.com\/wp-content\/uploads\/2023\/08\/viablue-ref3-768x822.png\" \/>\n<meta name=\"twitter:card\" content=\"summary_large_image\" \/>\n<meta name=\"twitter:label1\" content=\"Estimated reading time\" \/>\n\t<meta name=\"twitter:data1\" content=\"2 minutes\" \/>\n<!-- \/ Yoast SEO plugin. -->","yoast_head_json":{"title":"Reference ViaBlue website with Elementor Pro - Internet agency laOlaWeb - Agentur f\u00fcr WordPress","description":"Reference new WordPress website for ViaBlue and the long-term collaboration.","robots":{"index":"index","follow":"follow","max-snippet":"max-snippet:-1","max-image-preview":"max-image-preview:large","max-video-preview":"max-video-preview:-1"},"canonical":"https:\/\/laolaweb.com\/en\/agency\/references\/reference-viablue-website-with-elementor-pro\/","og_locale":"en_GB","og_type":"article","og_title":"Referenz ViaBlue Website mit Elementor Pro - Internetagentur laOlaWeb - Agentur f\u00fcr WordPress","og_description":"Referenz neue WordPress-Webseite f\u00fcr ViaBlue und die langfristige Zusammenarbeit.","og_url":"https:\/\/laolaweb.com\/en\/agency\/references\/reference-viablue-website-with-elementor-pro\/","og_site_name":"Internetagentur laOlaWeb - Agentur f\u00fcr WordPress","article_modified_time":"2026-02-27T09:54:29+00:00","og_image":[{"url":"https:\/\/laolaweb.com\/wp-content\/uploads\/2023\/08\/viablue-ref3-768x822.png","type":"","width":"","height":""}],"twitter_card":"summary_large_image","twitter_misc":{"Estimated reading time":"2 minutes"},"schema":{"@context":"https:\/\/schema.org","@graph":[{"@type":"TechArticle","@id":"https:\/\/laolaweb.com\/agentur\/referenzen\/referenz-viablue-website-mit-elementor-pro\/#article","isPartOf":{"@id":"https:\/\/laolaweb.com\/agentur\/referenzen\/referenz-viablue-website-mit-elementor-pro\/"},"author":{"name":"Redaktion","@id":"https:\/\/laolaweb.com\/#\/schema\/person\/03bef4d18ea88859e8cee2900c158dfe"},"headline":"Referenz ViaBlue Website mit Elementor Pro","datePublished":"2023-10-27T14:19:52+00:00","dateModified":"2026-02-27T09:54:29+00:00","mainEntityOfPage":{"@id":"https:\/\/laolaweb.com\/agentur\/referenzen\/referenz-viablue-website-mit-elementor-pro\/"},"wordCount":202,"publisher":{"@id":"https:\/\/laolaweb.com\/#organization"},"image":{"@id":"https:\/\/laolaweb.com\/agentur\/referenzen\/referenz-viablue-website-mit-elementor-pro\/#primaryimage"},"thumbnailUrl":"https:\/\/laolaweb.com\/wp-content\/uploads\/2023\/08\/viablue-ref3-768x822.png","inLanguage":"en-GB"},{"@type":"WebPage","@id":"https:\/\/laolaweb.com\/agentur\/referenzen\/referenz-viablue-website-mit-elementor-pro\/","url":"https:\/\/laolaweb.com\/agentur\/referenzen\/referenz-viablue-website-mit-elementor-pro\/","name":"Reference ViaBlue website with Elementor Pro - Internet agency laOlaWeb - Agentur f\u00fcr WordPress","isPartOf":{"@id":"https:\/\/laolaweb.com\/#website"},"primaryImageOfPage":{"@id":"https:\/\/laolaweb.com\/agentur\/referenzen\/referenz-viablue-website-mit-elementor-pro\/#primaryimage"},"image":{"@id":"https:\/\/laolaweb.com\/agentur\/referenzen\/referenz-viablue-website-mit-elementor-pro\/#primaryimage"},"thumbnailUrl":"https:\/\/laolaweb.com\/wp-content\/uploads\/2023\/08\/viablue-ref3-768x822.png","datePublished":"2023-10-27T14:19:52+00:00","dateModified":"2026-02-27T09:54:29+00:00","description":"Reference new WordPress website for ViaBlue and the long-term collaboration.","breadcrumb":{"@id":"https:\/\/laolaweb.com\/agentur\/referenzen\/referenz-viablue-website-mit-elementor-pro\/#breadcrumb"},"inLanguage":"en-GB","potentialAction":[{"@type":"ReadAction","target":["https:\/\/laolaweb.com\/agentur\/referenzen\/referenz-viablue-website-mit-elementor-pro\/"]}]},{"@type":"ImageObject","inLanguage":"en-GB","@id":"https:\/\/laolaweb.com\/agentur\/referenzen\/referenz-viablue-website-mit-elementor-pro\/#primaryimage","url":"https:\/\/laolaweb.com\/wp-content\/uploads\/2023\/08\/viablue-ref3-768x822.png","contentUrl":"https:\/\/laolaweb.com\/wp-content\/uploads\/2023\/08\/viablue-ref3-768x822.png"},{"@type":"BreadcrumbList","@id":"https:\/\/laolaweb.com\/agentur\/referenzen\/referenz-viablue-website-mit-elementor-pro\/#breadcrumb","itemListElement":[{"@type":"ListItem","position":1,"name":"Startseite","item":"https:\/\/laolaweb.com\/"},{"@type":"ListItem","position":2,"name":"\u00dcber uns","item":"https:\/\/laolaweb.com\/agentur\/"},{"@type":"ListItem","position":3,"name":"Referenzen","item":"https:\/\/laolaweb.com\/agentur\/referenzen\/"},{"@type":"ListItem","position":4,"name":"Referenz ViaBlue Website mit Elementor Pro"}]},{"@type":"WebSite","@id":"https:\/\/laolaweb.com\/#website","url":"https:\/\/laolaweb.com\/","name":"Internet agency laOlaWeb - Agency for WordPress","description":"Professional WordPress websites","publisher":{"@id":"https:\/\/laolaweb.com\/#organization"},"potentialAction":[{"@type":"SearchAction","target":{"@type":"EntryPoint","urlTemplate":"https:\/\/laolaweb.com\/?s={search_term_string}"},"query-input":{"@type":"PropertyValueSpecification","valueRequired":true,"valueName":"search_term_string"}}],"inLanguage":"en-GB"},{"@type":"Organization","@id":"https:\/\/laolaweb.com\/#organization","name":"laOlaWeb GmbH","url":"https:\/\/laolaweb.com\/","logo":{"@type":"ImageObject","inLanguage":"en-GB","@id":"https:\/\/laolaweb.com\/#\/schema\/logo\/image\/","url":"https:\/\/laolaweb.com\/wp-content\/uploads\/2022\/06\/laolaweb-internetagentur.jpg","contentUrl":"https:\/\/laolaweb.com\/wp-content\/uploads\/2022\/06\/laolaweb-internetagentur.jpg","width":400,"height":367,"caption":"laOlaWeb GmbH"},"image":{"@id":"https:\/\/laolaweb.com\/#\/schema\/logo\/image\/"}},{"@type":"Person","@id":"https:\/\/laolaweb.com\/#\/schema\/person\/03bef4d18ea88859e8cee2900c158dfe","name":"Editorial office"}]}},"_links":{"self":[{"href":"https:\/\/laolaweb.com\/en\/wp-json\/wp\/v2\/pages\/15259","targetHints":{"allow":["GET"]}}],"collection":[{"href":"https:\/\/laolaweb.com\/en\/wp-json\/wp\/v2\/pages"}],"about":[{"href":"https:\/\/laolaweb.com\/en\/wp-json\/wp\/v2\/types\/page"}],"author":[{"embeddable":true,"href":"https:\/\/laolaweb.com\/en\/wp-json\/wp\/v2\/users\/2"}],"replies":[{"embeddable":true,"href":"https:\/\/laolaweb.com\/en\/wp-json\/wp\/v2\/comments?post=15259"}],"version-history":[{"count":13,"href":"https:\/\/laolaweb.com\/en\/wp-json\/wp\/v2\/pages\/15259\/revisions"}],"predecessor-version":[{"id":17656,"href":"https:\/\/laolaweb.com\/en\/wp-json\/wp\/v2\/pages\/15259\/revisions\/17656"}],"up":[{"embeddable":true,"href":"https:\/\/laolaweb.com\/en\/wp-json\/wp\/v2\/pages\/44"}],"wp:attachment":[{"href":"https:\/\/laolaweb.com\/en\/wp-json\/wp\/v2\/media?parent=15259"}],"curies":[{"name":"wp","href":"https:\/\/api.w.org\/{rel}","templated":true}]}}