{"id":12991,"date":"2023-03-10T11:56:12","date_gmt":"2023-03-10T10:56:12","guid":{"rendered":"https:\/\/laolaweb.com\/?page_id=12991"},"modified":"2026-02-27T10:58:58","modified_gmt":"2026-02-27T09:58:58","slug":"reference-avada-theme-for-rope-tech","status":"publish","type":"page","link":"https:\/\/laolaweb.com\/en\/agentur\/referenzen\/referenz-avada-theme-fuer-rope-tech\/","title":{"rendered":"Reference Avada Theme for Rope-Tech"},"content":{"rendered":"\t\t<div data-elementor-type=\"wp-page\" data-elementor-id=\"12991\" class=\"elementor elementor-12991\" data-elementor-post-type=\"page\">\n\t\t\t\t\t\t<section class=\"elementor-section elementor-top-section elementor-element elementor-element-b0abd89 elementor-section-height-min-height elementor-section-boxed elementor-section-height-default elementor-section-items-middle\" data-id=\"b0abd89\" data-element_type=\"section\" data-e-type=\"section\" data-settings=\"{&quot;background_background&quot;:&quot;classic&quot;}\">\n\t\t\t\t\t\t\t<div class=\"elementor-background-overlay\"><\/div>\n\t\t\t\t\t\t\t<div class=\"elementor-container elementor-column-gap-default\">\n\t\t\t\t\t<div class=\"elementor-column elementor-col-100 elementor-top-column elementor-element elementor-element-173c6477 rotate\" data-id=\"173c6477\" data-element_type=\"column\" data-e-type=\"column\">\n\t\t\t<div class=\"elementor-widget-wrap elementor-element-populated\">\n\t\t\t\t\t\t<div class=\"elementor-element elementor-element-59f761ed text-trans-zwei elementor-widget elementor-widget-text-editor\" data-id=\"59f761ed\" data-element_type=\"widget\" data-e-type=\"widget\" data-widget_type=\"text-editor.default\">\n\t\t\t\t<div class=\"elementor-widget-container\">\n\t\t\t\t\t\t\t\t\t<p>REFERENZ<\/p>\t\t\t\t\t\t\t\t<\/div>\n\t\t\t\t<\/div>\n\t\t\t\t<div class=\"elementor-element elementor-element-4def810b text-trans elementor-widget elementor-widget-heading\" data-id=\"4def810b\" data-element_type=\"widget\" data-e-type=\"widget\" data-widget_type=\"heading.default\">\n\t\t\t\t<div class=\"elementor-widget-container\">\n\t\t\t\t\t<p class=\"elementor-heading-title elementor-size-default\">RopeTech<\/p>\t\t\t\t<\/div>\n\t\t\t\t<\/div>\n\t\t\t\t<div class=\"elementor-element elementor-element-2623c13 text-trans elementor-widget elementor-widget-text-editor\" data-id=\"2623c13\" data-element_type=\"widget\" data-e-type=\"widget\" data-widget_type=\"text-editor.default\">\n\t\t\t\t<div class=\"elementor-widget-container\">\n\t\t\t\t\t\t\t\t\t<p>EXPERTE F\u00dcR ABSTURZSICHERUNGen und H\u00d6HENARBEIT<\/p>\t\t\t\t\t\t\t\t<\/div>\n\t\t\t\t<\/div>\n\t\t\t\t\t<\/div>\n\t\t<\/div>\n\t\t\t\t\t<\/div>\n\t\t<\/section>\n\t\t\t\t<section class=\"elementor-section elementor-top-section elementor-element elementor-element-b5f5e2c elementor-section-boxed elementor-section-height-default elementor-section-height-default\" data-id=\"b5f5e2c\" data-element_type=\"section\" data-e-type=\"section\">\n\t\t\t\t\t\t\t<div class=\"elementor-background-overlay\"><\/div>\n\t\t\t\t\t\t\t<div class=\"elementor-container elementor-column-gap-default\">\n\t\t\t\t\t<div class=\"elementor-column elementor-col-100 elementor-top-column elementor-element elementor-element-652c8825\" data-id=\"652c8825\" data-element_type=\"column\" data-e-type=\"column\">\n\t\t\t<div class=\"elementor-widget-wrap elementor-element-populated\">\n\t\t\t\t\t\t<div class=\"elementor-element elementor-element-51a5556a elementor-widget elementor-widget-heading\" data-id=\"51a5556a\" data-element_type=\"widget\" data-e-type=\"widget\" data-widget_type=\"heading.default\">\n\t\t\t\t<div class=\"elementor-widget-container\">\n\t\t\t\t\t<h1 class=\"elementor-heading-title elementor-size-default\">Referenz f\u00fcr Avada mit Event-Kalender<\/h1>\t\t\t\t<\/div>\n\t\t\t\t<\/div>\n\t\t\t\t<div class=\"elementor-element elementor-element-7399a5ec elementor-widget elementor-widget-image\" data-id=\"7399a5ec\" data-element_type=\"widget\" data-e-type=\"widget\" data-widget_type=\"image.default\">\n\t\t\t\t<div class=\"elementor-widget-container\">\n\t\t\t\t\t\t\t\t\t\t\t\t\t\t\t<img fetchpriority=\"high\" decoding=\"async\" width=\"800\" height=\"856\" src=\"https:\/\/laolaweb.com\/wp-content\/uploads\/2023\/03\/ropetech-avada-referenz-957x1024.png\" class=\"attachment-large size-large wp-image-12955\" alt=\"\" srcset=\"https:\/\/laolaweb.com\/wp-content\/uploads\/2023\/03\/ropetech-avada-referenz-957x1024.png 957w, https:\/\/laolaweb.com\/wp-content\/uploads\/2023\/03\/ropetech-avada-referenz-280x300.png 280w, https:\/\/laolaweb.com\/wp-content\/uploads\/2023\/03\/ropetech-avada-referenz-768x822.png 768w, https:\/\/laolaweb.com\/wp-content\/uploads\/2023\/03\/ropetech-avada-referenz.png 1200w\" sizes=\"(max-width: 800px) 100vw, 800px\" \/>\t\t\t\t\t\t\t\t\t\t\t\t\t\t\t<\/div>\n\t\t\t\t<\/div>\n\t\t\t\t<div class=\"elementor-element elementor-element-133a0c39 elementor-widget__width-initial elementor-widget elementor-widget-text-editor\" data-id=\"133a0c39\" data-element_type=\"widget\" data-e-type=\"widget\" data-widget_type=\"text-editor.default\">\n\t\t\t\t<div class=\"elementor-widget-container\">\n\t\t\t\t\t\t\t\t\t<p>RopeTech aus \u00d6sterreich bietet Inspektions-, Instandhaltungs-, Montage-, Dokumentations-, und Sanierungsarbeiten.<br \/>Dort wo es f\u00fcr Ihre gef\u00e4hrlich wird sind die Experten von RopeTech gefragt.<\/p><p>Die teilweise spektakul\u00e4ren Arbeitseins\u00e4tze sollten visuell auf der <a href=\"https:\/\/laolaweb.com\/wordpress-agentur\/avada-theme\/\">Website mit dem Avada-Theme<\/a>\u00a0durch unsere Agentur dargestellt werden.\u00a0<\/p>\t\t\t\t\t\t\t\t<\/div>\n\t\t\t\t<\/div>\n\t\t\t\t\t<\/div>\n\t\t<\/div>\n\t\t\t\t\t<\/div>\n\t\t<\/section>\n\t\t\t\t<section class=\"elementor-section elementor-top-section elementor-element elementor-element-45e0b806 elementor-section-boxed elementor-section-height-default elementor-section-height-default\" data-id=\"45e0b806\" data-element_type=\"section\" data-e-type=\"section\" data-settings=\"{&quot;background_background&quot;:&quot;classic&quot;}\">\n\t\t\t\t\t\t<div class=\"elementor-container elementor-column-gap-default\">\n\t\t\t\t\t<div class=\"elementor-column elementor-col-100 elementor-top-column elementor-element elementor-element-42cb9a21\" data-id=\"42cb9a21\" data-element_type=\"column\" data-e-type=\"column\">\n\t\t\t<div class=\"elementor-widget-wrap elementor-element-populated\">\n\t\t\t\t\t\t<section class=\"elementor-section elementor-inner-section elementor-element elementor-element-44c11df1 elementor-section-boxed elementor-section-height-default elementor-section-height-default\" data-id=\"44c11df1\" data-element_type=\"section\" data-e-type=\"section\">\n\t\t\t\t\t\t<div class=\"elementor-container elementor-column-gap-default\">\n\t\t\t\t\t<div class=\"elementor-column elementor-col-50 elementor-inner-column elementor-element elementor-element-43e8a8e8\" data-id=\"43e8a8e8\" data-element_type=\"column\" data-e-type=\"column\">\n\t\t\t<div class=\"elementor-widget-wrap elementor-element-populated\">\n\t\t\t\t\t\t<div class=\"elementor-element elementor-element-3dedb1cb drop_image elementor-widget elementor-widget-image\" data-id=\"3dedb1cb\" data-element_type=\"widget\" data-e-type=\"widget\" data-widget_type=\"image.default\">\n\t\t\t\t<div class=\"elementor-widget-container\">\n\t\t\t\t\t\t\t\t\t\t\t\t\t\t\t<img decoding=\"async\" width=\"726\" height=\"1024\" src=\"https:\/\/laolaweb.com\/wp-content\/uploads\/2023\/03\/ropetech-avada-referenz-2.png\" class=\"attachment-large size-large wp-image-12954\" alt=\"\" srcset=\"https:\/\/laolaweb.com\/wp-content\/uploads\/2023\/03\/ropetech-avada-referenz-2.png 726w, https:\/\/laolaweb.com\/wp-content\/uploads\/2023\/03\/ropetech-avada-referenz-2-213x300.png 213w\" sizes=\"(max-width: 726px) 100vw, 726px\" \/>\t\t\t\t\t\t\t\t\t\t\t\t\t\t\t<\/div>\n\t\t\t\t<\/div>\n\t\t\t\t\t<\/div>\n\t\t<\/div>\n\t\t\t\t<div class=\"elementor-column elementor-col-50 elementor-inner-column elementor-element elementor-element-bfb5a28\" data-id=\"bfb5a28\" data-element_type=\"column\" data-e-type=\"column\">\n\t\t\t<div class=\"elementor-widget-wrap elementor-element-populated\">\n\t\t\t\t\t\t<div class=\"elementor-element elementor-element-7993971f elementor-widget elementor-widget-heading\" data-id=\"7993971f\" data-element_type=\"widget\" data-e-type=\"widget\" data-widget_type=\"heading.default\">\n\t\t\t\t<div class=\"elementor-widget-container\">\n\t\t\t\t\t<h2 class=\"elementor-heading-title elementor-size-default\">Visuelle Einblicke in die T\u00e4tigkeiten<\/h2>\t\t\t\t<\/div>\n\t\t\t\t<\/div>\n\t\t\t\t<div class=\"elementor-element elementor-element-5068d0b1 elementor-widget__width-initial elementor-widget elementor-widget-text-editor\" data-id=\"5068d0b1\" data-element_type=\"widget\" data-e-type=\"widget\" data-widget_type=\"text-editor.default\">\n\t\t\t\t<div class=\"elementor-widget-container\">\n\t\t\t\t\t\t\t\t\t<p>Die Einsatzorte von einen Dienstleister f\u00fcr H\u00f6henarbeiten sind vielf\u00e4ltig. Dieses sollte auf der <a href=\"https:\/\/laolaweb.com\/wordpress-agentur\/\">WordPress-Webseite<\/a> sowohl mit Bildern als auch mit gut strukturieren Textpassagen transportiert werden. Im Ergebnisse besticht das <a title=\"Webdesign WordPress\" href=\"\/\" rel=\"\">Webdesign<\/a> durch aussagekr\u00e4ftigen Bilder in Kombination mit informativen Textpassagen.\u00a0<\/p><p>Ein Konzept f\u00fcr die <a href=\"https:\/\/laolaweb.com\/online-marketing\/suchmaschinenoptimierung-seo\/\">Suchmaschinenoptimierung (SEO)<\/a> wurde vor Beginn der Webseiten-Umsetzung durch unsere Agentur erarbeitet und mit dem Kunden abgestimmt.\u00a0<\/p>\t\t\t\t\t\t\t\t<\/div>\n\t\t\t\t<\/div>\n\t\t\t\t\t<\/div>\n\t\t<\/div>\n\t\t\t\t\t<\/div>\n\t\t<\/section>\n\t\t\t\t\t<\/div>\n\t\t<\/div>\n\t\t\t\t\t<\/div>\n\t\t<\/section>\n\t\t\t\t<section class=\"elementor-section elementor-top-section elementor-element elementor-element-2893e190 elementor-section-boxed elementor-section-height-default elementor-section-height-default\" data-id=\"2893e190\" data-element_type=\"section\" data-e-type=\"section\" data-settings=\"{&quot;background_background&quot;:&quot;classic&quot;}\">\n\t\t\t\t\t\t<div class=\"elementor-container elementor-column-gap-default\">\n\t\t\t\t\t<div class=\"elementor-column elementor-col-100 elementor-top-column elementor-element elementor-element-444e8c69\" data-id=\"444e8c69\" data-element_type=\"column\" data-e-type=\"column\">\n\t\t\t<div class=\"elementor-widget-wrap elementor-element-populated\">\n\t\t\t\t\t\t<section class=\"elementor-section elementor-inner-section elementor-element elementor-element-5a8e8489 elementor-reverse-mobile elementor-section-boxed elementor-section-height-default elementor-section-height-default\" data-id=\"5a8e8489\" data-element_type=\"section\" data-e-type=\"section\">\n\t\t\t\t\t\t<div class=\"elementor-container elementor-column-gap-default\">\n\t\t\t\t\t<div class=\"elementor-column elementor-col-50 elementor-inner-column elementor-element elementor-element-3d76b9a5\" data-id=\"3d76b9a5\" data-element_type=\"column\" data-e-type=\"column\">\n\t\t\t<div class=\"elementor-widget-wrap elementor-element-populated\">\n\t\t\t\t\t\t<div class=\"elementor-element elementor-element-3b6b29b9 elementor-widget elementor-widget-heading\" data-id=\"3b6b29b9\" data-element_type=\"widget\" data-e-type=\"widget\" data-widget_type=\"heading.default\">\n\t\t\t\t<div class=\"elementor-widget-container\">\n\t\t\t\t\t<span class=\"elementor-heading-title elementor-size-default\">Plugin f\u00fcr Events<\/span>\t\t\t\t<\/div>\n\t\t\t\t<\/div>\n\t\t\t\t<div class=\"elementor-element elementor-element-4eb2b624 elementor-widget__width-initial elementor-widget elementor-widget-text-editor\" data-id=\"4eb2b624\" data-element_type=\"widget\" data-e-type=\"widget\" data-widget_type=\"text-editor.default\">\n\t\t\t\t<div class=\"elementor-widget-container\">\n\t\t\t\t\t\t\t\t\t<p>Neben der Auftragsarbeit, bietet RopeTech auch Schulungen und Pr\u00fcfungen in diesem Bereich an.\u00a0<\/p><p>Diese sollten nicht nur \u00fcbersichtlich dargestellt werden, sondern es sollten auch Tickets f\u00fcr die Veranstaltungen direkt \u00fcber die Webseite verkauft werden. Dazu installierten wir das <a href=\"https:\/\/laolaweb.com\/plugins\/\">WordPress-Plugin<\/a> von <a href=\"https:\/\/theeventscalendar.com\/\" target=\"_blank\" rel=\"noopener\">The Events Calendar<\/a> \u00a0und das <a href=\"https:\/\/laolaweb.com\/woocommerce-agentur\/\">Shop-Plugin von WooCommerce<\/a>.<\/p>\t\t\t\t\t\t\t\t<\/div>\n\t\t\t\t<\/div>\n\t\t\t\t<div class=\"elementor-element elementor-element-6f5cea87 elementor-align-left underline_button_drei elementor-tablet-align-left elementor-mobile-align-left elementor-widget elementor-widget-button\" data-id=\"6f5cea87\" data-element_type=\"widget\" data-e-type=\"widget\" data-settings=\"{&quot;motion_fx_motion_fx_scrolling&quot;:&quot;yes&quot;,&quot;motion_fx_devices&quot;:[&quot;desktop&quot;,&quot;laptop&quot;,&quot;tablet&quot;,&quot;mobile&quot;]}\" data-widget_type=\"button.default\">\n\t\t\t\t<div class=\"elementor-widget-container\">\n\t\t\t\t\t\t\t\t\t<div class=\"elementor-button-wrapper\">\n\t\t\t\t\t<a class=\"elementor-button elementor-button-link elementor-size-sm\" href=\"https:\/\/rope-tech.at\/\" target=\"_blank\">\n\t\t\t\t\t\t<span class=\"elementor-button-content-wrapper\">\n\t\t\t\t\t\t\t\t\t<span class=\"elementor-button-text\">Webseite ansehen<\/span>\n\t\t\t\t\t<\/span>\n\t\t\t\t\t<\/a>\n\t\t\t\t<\/div>\n\t\t\t\t\t\t\t\t<\/div>\n\t\t\t\t<\/div>\n\t\t\t\t\t<\/div>\n\t\t<\/div>\n\t\t\t\t<div class=\"elementor-column elementor-col-50 elementor-inner-column elementor-element elementor-element-28a668f3\" data-id=\"28a668f3\" data-element_type=\"column\" data-e-type=\"column\">\n\t\t\t<div class=\"elementor-widget-wrap elementor-element-populated\">\n\t\t\t\t\t\t<div class=\"elementor-element elementor-element-60415b2f drop_image elementor-widget elementor-widget-image\" data-id=\"60415b2f\" data-element_type=\"widget\" data-e-type=\"widget\" data-widget_type=\"image.default\">\n\t\t\t\t<div class=\"elementor-widget-container\">\n\t\t\t\t\t\t\t\t\t\t\t\t\t\t\t<img decoding=\"async\" width=\"726\" height=\"1024\" src=\"https:\/\/laolaweb.com\/wp-content\/uploads\/2023\/03\/ropetech-avada-referenz-3.png\" class=\"attachment-large size-large wp-image-12953\" alt=\"\" srcset=\"https:\/\/laolaweb.com\/wp-content\/uploads\/2023\/03\/ropetech-avada-referenz-3.png 726w, https:\/\/laolaweb.com\/wp-content\/uploads\/2023\/03\/ropetech-avada-referenz-3-213x300.png 213w\" sizes=\"(max-width: 726px) 100vw, 726px\" \/>\t\t\t\t\t\t\t\t\t\t\t\t\t\t\t<\/div>\n\t\t\t\t<\/div>\n\t\t\t\t\t<\/div>\n\t\t<\/div>\n\t\t\t\t\t<\/div>\n\t\t<\/section>\n\t\t\t\t\t<\/div>\n\t\t<\/div>\n\t\t\t\t\t<\/div>\n\t\t<\/section>\n\t\t\t\t<\/div>\n\t\t","protected":false},"excerpt":{"rendered":"<p>REFERENZ RopeTech EXPERTE F\u00dcR ABSTURZSICHERUNGen und H\u00d6HENARBEIT Referenz f\u00fcr Avada mit Event-Kalender RopeTech aus \u00d6sterreich bietet Inspektions-, Instandhaltungs-, Montage-, Dokumentations-, und Sanierungsarbeiten.Dort wo es f\u00fcr Ihre gef\u00e4hrlich wird sind die Experten von RopeTech gefragt. Die teilweise spektakul\u00e4ren Arbeitseins\u00e4tze sollten visuell auf der Website mit dem Avada-Theme\u00a0durch unsere Agentur dargestellt werden.\u00a0 Visuelle Einblicke in die T\u00e4tigkeiten [&hellip;]<\/p>\n","protected":false},"author":2,"featured_media":0,"parent":44,"menu_order":0,"comment_status":"closed","ping_status":"closed","template":"","meta":{"footnotes":""},"class_list":["post-12991","page","type-page","status-publish","hentry"],"yoast_head":"<!-- This site is optimized with the Yoast SEO plugin v27.0 - https:\/\/yoast.com\/product\/yoast-seo-wordpress\/ -->\n<title>Referenz Avada Theme f\u00fcr Rope-Tech - Internetagentur laOlaWeb - Agentur f\u00fcr WordPress<\/title>\n<meta name=\"description\" content=\"Referenz f\u00fcr Avada-Theme mit Event-Kalender. Buchungs-Tool und Leistungs\u00fcbersicht. Jetzt Referenz ansehen.\" \/>\n<meta name=\"robots\" content=\"index, follow, max-snippet:-1, max-image-preview:large, max-video-preview:-1\" \/>\n<link rel=\"canonical\" href=\"https:\/\/laolaweb.com\/en\/agency\/references\/reference-avada-theme-for-rope-tech\/\" \/>\n<meta property=\"og:locale\" content=\"en_GB\" \/>\n<meta property=\"og:type\" content=\"article\" \/>\n<meta property=\"og:title\" content=\"Referenz Avada Theme f\u00fcr Rope-Tech - Internetagentur laOlaWeb - Agentur f\u00fcr WordPress\" \/>\n<meta property=\"og:description\" content=\"Referenz f\u00fcr Avada-Theme mit Event-Kalender. Buchungs-Tool und Leistungs\u00fcbersicht. Jetzt Referenz ansehen.\" \/>\n<meta property=\"og:url\" content=\"https:\/\/laolaweb.com\/en\/agency\/references\/reference-avada-theme-for-rope-tech\/\" \/>\n<meta property=\"og:site_name\" content=\"Internetagentur laOlaWeb - Agentur f\u00fcr WordPress\" \/>\n<meta property=\"article:modified_time\" content=\"2026-02-27T09:58:58+00:00\" \/>\n<meta property=\"og:image\" content=\"https:\/\/laolaweb.com\/wp-content\/uploads\/2023\/03\/ropetech-avada-referenz-957x1024.png\" \/>\n<meta name=\"twitter:card\" content=\"summary_large_image\" \/>\n<meta name=\"twitter:label1\" content=\"Estimated reading time\" \/>\n\t<meta name=\"twitter:data1\" content=\"2 minutes\" \/>\n<!-- \/ Yoast SEO plugin. -->","yoast_head_json":{"title":"Reference Avada Theme for Rope-Tech - Internet agency laOlaWeb - Agentur f\u00fcr WordPress","description":"Reference for Avada theme with event calendar. Booking tool and overview of services. View reference now.","robots":{"index":"index","follow":"follow","max-snippet":"max-snippet:-1","max-image-preview":"max-image-preview:large","max-video-preview":"max-video-preview:-1"},"canonical":"https:\/\/laolaweb.com\/en\/agency\/references\/reference-avada-theme-for-rope-tech\/","og_locale":"en_GB","og_type":"article","og_title":"Referenz Avada Theme f\u00fcr Rope-Tech - Internetagentur laOlaWeb - Agentur f\u00fcr WordPress","og_description":"Referenz f\u00fcr Avada-Theme mit Event-Kalender. Buchungs-Tool und Leistungs\u00fcbersicht. Jetzt Referenz ansehen.","og_url":"https:\/\/laolaweb.com\/en\/agency\/references\/reference-avada-theme-for-rope-tech\/","og_site_name":"Internetagentur laOlaWeb - Agentur f\u00fcr WordPress","article_modified_time":"2026-02-27T09:58:58+00:00","og_image":[{"url":"https:\/\/laolaweb.com\/wp-content\/uploads\/2023\/03\/ropetech-avada-referenz-957x1024.png","type":"","width":"","height":""}],"twitter_card":"summary_large_image","twitter_misc":{"Estimated reading time":"2 minutes"},"schema":{"@context":"https:\/\/schema.org","@graph":[{"@type":"TechArticle","@id":"https:\/\/laolaweb.com\/agentur\/referenzen\/referenz-avada-theme-fuer-rope-tech\/#article","isPartOf":{"@id":"https:\/\/laolaweb.com\/agentur\/referenzen\/referenz-avada-theme-fuer-rope-tech\/"},"author":{"name":"Redaktion","@id":"https:\/\/laolaweb.com\/#\/schema\/person\/03bef4d18ea88859e8cee2900c158dfe"},"headline":"Referenz Avada Theme f\u00fcr Rope-Tech","datePublished":"2023-03-10T10:56:12+00:00","dateModified":"2026-02-27T09:58:58+00:00","mainEntityOfPage":{"@id":"https:\/\/laolaweb.com\/agentur\/referenzen\/referenz-avada-theme-fuer-rope-tech\/"},"wordCount":190,"publisher":{"@id":"https:\/\/laolaweb.com\/#organization"},"image":{"@id":"https:\/\/laolaweb.com\/agentur\/referenzen\/referenz-avada-theme-fuer-rope-tech\/#primaryimage"},"thumbnailUrl":"https:\/\/laolaweb.com\/wp-content\/uploads\/2023\/03\/ropetech-avada-referenz-957x1024.png","inLanguage":"en-GB"},{"@type":"WebPage","@id":"https:\/\/laolaweb.com\/agentur\/referenzen\/referenz-avada-theme-fuer-rope-tech\/","url":"https:\/\/laolaweb.com\/agentur\/referenzen\/referenz-avada-theme-fuer-rope-tech\/","name":"Reference Avada Theme for Rope-Tech - Internet agency laOlaWeb - Agentur f\u00fcr WordPress","isPartOf":{"@id":"https:\/\/laolaweb.com\/#website"},"primaryImageOfPage":{"@id":"https:\/\/laolaweb.com\/agentur\/referenzen\/referenz-avada-theme-fuer-rope-tech\/#primaryimage"},"image":{"@id":"https:\/\/laolaweb.com\/agentur\/referenzen\/referenz-avada-theme-fuer-rope-tech\/#primaryimage"},"thumbnailUrl":"https:\/\/laolaweb.com\/wp-content\/uploads\/2023\/03\/ropetech-avada-referenz-957x1024.png","datePublished":"2023-03-10T10:56:12+00:00","dateModified":"2026-02-27T09:58:58+00:00","description":"Reference for Avada theme with event calendar. Booking tool and overview of services. View reference now.","breadcrumb":{"@id":"https:\/\/laolaweb.com\/agentur\/referenzen\/referenz-avada-theme-fuer-rope-tech\/#breadcrumb"},"inLanguage":"en-GB","potentialAction":[{"@type":"ReadAction","target":["https:\/\/laolaweb.com\/agentur\/referenzen\/referenz-avada-theme-fuer-rope-tech\/"]}]},{"@type":"ImageObject","inLanguage":"en-GB","@id":"https:\/\/laolaweb.com\/agentur\/referenzen\/referenz-avada-theme-fuer-rope-tech\/#primaryimage","url":"https:\/\/laolaweb.com\/wp-content\/uploads\/2023\/03\/ropetech-avada-referenz-957x1024.png","contentUrl":"https:\/\/laolaweb.com\/wp-content\/uploads\/2023\/03\/ropetech-avada-referenz-957x1024.png"},{"@type":"BreadcrumbList","@id":"https:\/\/laolaweb.com\/agentur\/referenzen\/referenz-avada-theme-fuer-rope-tech\/#breadcrumb","itemListElement":[{"@type":"ListItem","position":1,"name":"Startseite","item":"https:\/\/laolaweb.com\/"},{"@type":"ListItem","position":2,"name":"\u00dcber uns","item":"https:\/\/laolaweb.com\/agentur\/"},{"@type":"ListItem","position":3,"name":"Referenzen","item":"https:\/\/laolaweb.com\/agentur\/referenzen\/"},{"@type":"ListItem","position":4,"name":"Referenz Avada Theme f\u00fcr Rope-Tech"}]},{"@type":"WebSite","@id":"https:\/\/laolaweb.com\/#website","url":"https:\/\/laolaweb.com\/","name":"Internet agency laOlaWeb - Agency for WordPress","description":"Professional WordPress websites","publisher":{"@id":"https:\/\/laolaweb.com\/#organization"},"potentialAction":[{"@type":"SearchAction","target":{"@type":"EntryPoint","urlTemplate":"https:\/\/laolaweb.com\/?s={search_term_string}"},"query-input":{"@type":"PropertyValueSpecification","valueRequired":true,"valueName":"search_term_string"}}],"inLanguage":"en-GB"},{"@type":"Organization","@id":"https:\/\/laolaweb.com\/#organization","name":"laOlaWeb GmbH","url":"https:\/\/laolaweb.com\/","logo":{"@type":"ImageObject","inLanguage":"en-GB","@id":"https:\/\/laolaweb.com\/#\/schema\/logo\/image\/","url":"https:\/\/laolaweb.com\/wp-content\/uploads\/2022\/06\/laolaweb-internetagentur.jpg","contentUrl":"https:\/\/laolaweb.com\/wp-content\/uploads\/2022\/06\/laolaweb-internetagentur.jpg","width":400,"height":367,"caption":"laOlaWeb GmbH"},"image":{"@id":"https:\/\/laolaweb.com\/#\/schema\/logo\/image\/"}},{"@type":"Person","@id":"https:\/\/laolaweb.com\/#\/schema\/person\/03bef4d18ea88859e8cee2900c158dfe","name":"Editorial office"}]}},"_links":{"self":[{"href":"https:\/\/laolaweb.com\/en\/wp-json\/wp\/v2\/pages\/12991","targetHints":{"allow":["GET"]}}],"collection":[{"href":"https:\/\/laolaweb.com\/en\/wp-json\/wp\/v2\/pages"}],"about":[{"href":"https:\/\/laolaweb.com\/en\/wp-json\/wp\/v2\/types\/page"}],"author":[{"embeddable":true,"href":"https:\/\/laolaweb.com\/en\/wp-json\/wp\/v2\/users\/2"}],"replies":[{"embeddable":true,"href":"https:\/\/laolaweb.com\/en\/wp-json\/wp\/v2\/comments?post=12991"}],"version-history":[{"count":31,"href":"https:\/\/laolaweb.com\/en\/wp-json\/wp\/v2\/pages\/12991\/revisions"}],"predecessor-version":[{"id":13028,"href":"https:\/\/laolaweb.com\/en\/wp-json\/wp\/v2\/pages\/12991\/revisions\/13028"}],"up":[{"embeddable":true,"href":"https:\/\/laolaweb.com\/en\/wp-json\/wp\/v2\/pages\/44"}],"wp:attachment":[{"href":"https:\/\/laolaweb.com\/en\/wp-json\/wp\/v2\/media?parent=12991"}],"curies":[{"name":"wp","href":"https:\/\/api.w.org\/{rel}","templated":true}]}}