{"id":12947,"date":"2023-03-10T11:09:37","date_gmt":"2023-03-10T10:09:37","guid":{"rendered":"https:\/\/laolaweb.com\/?page_id=12947"},"modified":"2026-02-27T10:51:34","modified_gmt":"2026-02-27T09:51:34","slug":"reference-avada-enertec","status":"publish","type":"page","link":"https:\/\/laolaweb.com\/en\/agentur\/referenzen\/referenz-avada-enertec\/","title":{"rendered":"Reference Avada Enertec"},"content":{"rendered":"\t\t<div data-elementor-type=\"wp-page\" data-elementor-id=\"12947\" class=\"elementor elementor-12947\" data-elementor-post-type=\"page\">\n\t\t\t\t\t\t<section class=\"elementor-section elementor-top-section elementor-element elementor-element-6a85afbb elementor-section-height-min-height elementor-section-boxed elementor-section-height-default elementor-section-items-middle\" data-id=\"6a85afbb\" data-element_type=\"section\" data-e-type=\"section\" data-settings=\"{&quot;background_background&quot;:&quot;classic&quot;}\">\n\t\t\t\t\t\t\t<div class=\"elementor-background-overlay\"><\/div>\n\t\t\t\t\t\t\t<div class=\"elementor-container elementor-column-gap-default\">\n\t\t\t\t\t<div class=\"elementor-column elementor-col-100 elementor-top-column elementor-element elementor-element-5bf111c7 rotate\" data-id=\"5bf111c7\" data-element_type=\"column\" data-e-type=\"column\">\n\t\t\t<div class=\"elementor-widget-wrap elementor-element-populated\">\n\t\t\t\t\t\t<div class=\"elementor-element elementor-element-1530f8e9 text-trans-zwei elementor-widget elementor-widget-text-editor\" data-id=\"1530f8e9\" data-element_type=\"widget\" data-e-type=\"widget\" data-widget_type=\"text-editor.default\">\n\t\t\t\t<div class=\"elementor-widget-container\">\n\t\t\t\t\t\t\t\t\t<p>REFERENZ<\/p>\t\t\t\t\t\t\t\t<\/div>\n\t\t\t\t<\/div>\n\t\t\t\t<div class=\"elementor-element elementor-element-2e1eecba text-trans elementor-widget elementor-widget-heading\" data-id=\"2e1eecba\" data-element_type=\"widget\" data-e-type=\"widget\" data-widget_type=\"heading.default\">\n\t\t\t\t<div class=\"elementor-widget-container\">\n\t\t\t\t\t<p class=\"elementor-heading-title elementor-size-default\">Enertec AG<\/p>\t\t\t\t<\/div>\n\t\t\t\t<\/div>\n\t\t\t\t<div class=\"elementor-element elementor-element-7fd16c79 text-trans elementor-widget elementor-widget-text-editor\" data-id=\"7fd16c79\" data-element_type=\"widget\" data-e-type=\"widget\" data-widget_type=\"text-editor.default\">\n\t\t\t\t<div class=\"elementor-widget-container\">\n\t\t\t\t\t\t\t\t\tMesstechnik von enertec engineering\t\t\t\t\t\t\t\t<\/div>\n\t\t\t\t<\/div>\n\t\t\t\t\t<\/div>\n\t\t<\/div>\n\t\t\t\t\t<\/div>\n\t\t<\/section>\n\t\t\t\t<section class=\"elementor-section elementor-top-section elementor-element elementor-element-2731e26a elementor-section-boxed elementor-section-height-default elementor-section-height-default\" data-id=\"2731e26a\" data-element_type=\"section\" data-e-type=\"section\">\n\t\t\t\t\t\t\t<div class=\"elementor-background-overlay\"><\/div>\n\t\t\t\t\t\t\t<div class=\"elementor-container elementor-column-gap-default\">\n\t\t\t\t\t<div class=\"elementor-column elementor-col-100 elementor-top-column elementor-element elementor-element-1d5acd60\" data-id=\"1d5acd60\" data-element_type=\"column\" data-e-type=\"column\">\n\t\t\t<div class=\"elementor-widget-wrap elementor-element-populated\">\n\t\t\t\t\t\t<div class=\"elementor-element elementor-element-187af4fd elementor-widget elementor-widget-heading\" data-id=\"187af4fd\" data-element_type=\"widget\" data-e-type=\"widget\" data-widget_type=\"heading.default\">\n\t\t\t\t<div class=\"elementor-widget-container\">\n\t\t\t\t\t<h1 class=\"elementor-heading-title elementor-size-default\">Referenz f\u00fcr Avada-Theme zur Akquise<\/h1>\t\t\t\t<\/div>\n\t\t\t\t<\/div>\n\t\t\t\t<div class=\"elementor-element elementor-element-1d058dcb elementor-widget elementor-widget-image\" data-id=\"1d058dcb\" data-element_type=\"widget\" data-e-type=\"widget\" data-widget_type=\"image.default\">\n\t\t\t\t<div class=\"elementor-widget-container\">\n\t\t\t\t\t\t\t\t\t\t\t\t\t\t\t<img fetchpriority=\"high\" decoding=\"async\" width=\"800\" height=\"856\" src=\"https:\/\/laolaweb.com\/wp-content\/uploads\/2023\/03\/Litec-avada-referenz-3-957x1024.png\" class=\"attachment-large size-large wp-image-12944\" alt=\"\" srcset=\"https:\/\/laolaweb.com\/wp-content\/uploads\/2023\/03\/Litec-avada-referenz-3-957x1024.png 957w, https:\/\/laolaweb.com\/wp-content\/uploads\/2023\/03\/Litec-avada-referenz-3-280x300.png 280w, https:\/\/laolaweb.com\/wp-content\/uploads\/2023\/03\/Litec-avada-referenz-3-768x822.png 768w, https:\/\/laolaweb.com\/wp-content\/uploads\/2023\/03\/Litec-avada-referenz-3.png 1200w\" sizes=\"(max-width: 800px) 100vw, 800px\" \/>\t\t\t\t\t\t\t\t\t\t\t\t\t\t\t<\/div>\n\t\t\t\t<\/div>\n\t\t\t\t<div class=\"elementor-element elementor-element-2adbaaab elementor-widget__width-initial elementor-widget elementor-widget-text-editor\" data-id=\"2adbaaab\" data-element_type=\"widget\" data-e-type=\"widget\" data-widget_type=\"text-editor.default\">\n\t\t\t\t<div class=\"elementor-widget-container\">\n\t\t\t\t\t\t\t\t\t<p>Die Enertec Engineering AG aus der Schweiz ist ein f\u00fchrender und sehr innovativer Hersteller von Kraftmessdosen mit einer grossen Auswahl an Kraftaufnehmern.<\/p><p>\u00dcber die neue <a href=\"https:\/\/laolaweb.com\/wordpress-agentur\/\">WordPress-Website<\/a> sollen potenzielle Kunden den Leistungsumfang der Enertec Engineering AG kennen lernen.\u00a0<\/p><p>Da der Kunde bereits eine Webseite auf Basis des <a href=\"https:\/\/laolaweb.com\/wordpress-agentur\/avada-theme\/\">Avada-Themes<\/a> hatte, war es sein expliziter Wunsch dieses Premium Theme erneut zu verwenden.\u00a0<\/p>\t\t\t\t\t\t\t\t<\/div>\n\t\t\t\t<\/div>\n\t\t\t\t\t<\/div>\n\t\t<\/div>\n\t\t\t\t\t<\/div>\n\t\t<\/section>\n\t\t\t\t<section class=\"elementor-section elementor-top-section elementor-element elementor-element-fa83c27 elementor-section-boxed elementor-section-height-default elementor-section-height-default\" data-id=\"fa83c27\" data-element_type=\"section\" data-e-type=\"section\" data-settings=\"{&quot;background_background&quot;:&quot;classic&quot;}\">\n\t\t\t\t\t\t<div class=\"elementor-container elementor-column-gap-default\">\n\t\t\t\t\t<div class=\"elementor-column elementor-col-100 elementor-top-column elementor-element elementor-element-3552b221\" data-id=\"3552b221\" data-element_type=\"column\" data-e-type=\"column\">\n\t\t\t<div class=\"elementor-widget-wrap elementor-element-populated\">\n\t\t\t\t\t\t<section class=\"elementor-section elementor-inner-section elementor-element elementor-element-1773fe47 elementor-section-boxed elementor-section-height-default elementor-section-height-default\" data-id=\"1773fe47\" data-element_type=\"section\" data-e-type=\"section\">\n\t\t\t\t\t\t<div class=\"elementor-container elementor-column-gap-default\">\n\t\t\t\t\t<div class=\"elementor-column elementor-col-50 elementor-inner-column elementor-element elementor-element-6b84eb8d\" data-id=\"6b84eb8d\" data-element_type=\"column\" data-e-type=\"column\">\n\t\t\t<div class=\"elementor-widget-wrap elementor-element-populated\">\n\t\t\t\t\t\t<div class=\"elementor-element elementor-element-7c56d932 drop_image elementor-widget elementor-widget-image\" data-id=\"7c56d932\" data-element_type=\"widget\" data-e-type=\"widget\" data-widget_type=\"image.default\">\n\t\t\t\t<div class=\"elementor-widget-container\">\n\t\t\t\t\t\t\t\t\t\t\t\t\t\t\t<img decoding=\"async\" width=\"726\" height=\"1024\" src=\"https:\/\/laolaweb.com\/wp-content\/uploads\/2023\/03\/Litec-avada-referenz-1.png\" class=\"attachment-large size-large wp-image-12946\" alt=\"\" srcset=\"https:\/\/laolaweb.com\/wp-content\/uploads\/2023\/03\/Litec-avada-referenz-1.png 726w, https:\/\/laolaweb.com\/wp-content\/uploads\/2023\/03\/Litec-avada-referenz-1-213x300.png 213w\" sizes=\"(max-width: 726px) 100vw, 726px\" \/>\t\t\t\t\t\t\t\t\t\t\t\t\t\t\t<\/div>\n\t\t\t\t<\/div>\n\t\t\t\t\t<\/div>\n\t\t<\/div>\n\t\t\t\t<div class=\"elementor-column elementor-col-50 elementor-inner-column elementor-element elementor-element-3986d19d\" data-id=\"3986d19d\" data-element_type=\"column\" data-e-type=\"column\">\n\t\t\t<div class=\"elementor-widget-wrap elementor-element-populated\">\n\t\t\t\t\t\t<div class=\"elementor-element elementor-element-37d9b62e elementor-widget elementor-widget-heading\" data-id=\"37d9b62e\" data-element_type=\"widget\" data-e-type=\"widget\" data-widget_type=\"heading.default\">\n\t\t\t\t<div class=\"elementor-widget-container\">\n\t\t\t\t\t<h2 class=\"elementor-heading-title elementor-size-default\">Produkte bis ins Detail <\/h2>\t\t\t\t<\/div>\n\t\t\t\t<\/div>\n\t\t\t\t<div class=\"elementor-element elementor-element-3c628645 elementor-widget__width-initial elementor-widget elementor-widget-text-editor\" data-id=\"3c628645\" data-element_type=\"widget\" data-e-type=\"widget\" data-widget_type=\"text-editor.default\">\n\t\t\t\t<div class=\"elementor-widget-container\">\n\t\t\t\t\t\t\t\t\t<p>Die Angaben zu den Produkten sind sehr umfangreich. Neben den <strong>technischen Details<\/strong> sollte auch die Anwendung und das Einsatzgebiet der jeweiligen Produkte \u00fcbersichtlich dargestellt werden.\u00a0<\/p><p>Um die Kundenw\u00fcnsche und Anforderungen noch besser zu verstehen, muss sich der Interessent zun\u00e4chst mit Enertec in Verbindung setzen. So nutzt Enertec die Webseite als <strong>Akquise-Tool<\/strong> f\u00fcr gro\u00dfe und kleine Kunden.\u00a0<\/p>\t\t\t\t\t\t\t\t<\/div>\n\t\t\t\t<\/div>\n\t\t\t\t\t<\/div>\n\t\t<\/div>\n\t\t\t\t\t<\/div>\n\t\t<\/section>\n\t\t\t\t\t<\/div>\n\t\t<\/div>\n\t\t\t\t\t<\/div>\n\t\t<\/section>\n\t\t\t\t<section class=\"elementor-section elementor-top-section elementor-element elementor-element-556adb60 elementor-section-boxed elementor-section-height-default elementor-section-height-default\" data-id=\"556adb60\" data-element_type=\"section\" data-e-type=\"section\" data-settings=\"{&quot;background_background&quot;:&quot;classic&quot;}\">\n\t\t\t\t\t\t<div class=\"elementor-container elementor-column-gap-default\">\n\t\t\t\t\t<div class=\"elementor-column elementor-col-100 elementor-top-column elementor-element elementor-element-729620ca\" data-id=\"729620ca\" data-element_type=\"column\" data-e-type=\"column\">\n\t\t\t<div class=\"elementor-widget-wrap elementor-element-populated\">\n\t\t\t\t\t\t<section class=\"elementor-section elementor-inner-section elementor-element elementor-element-47ba0956 elementor-reverse-mobile elementor-section-boxed elementor-section-height-default elementor-section-height-default\" data-id=\"47ba0956\" data-element_type=\"section\" data-e-type=\"section\">\n\t\t\t\t\t\t<div class=\"elementor-container elementor-column-gap-default\">\n\t\t\t\t\t<div class=\"elementor-column elementor-col-50 elementor-inner-column elementor-element elementor-element-5fe25c2d\" data-id=\"5fe25c2d\" data-element_type=\"column\" data-e-type=\"column\">\n\t\t\t<div class=\"elementor-widget-wrap elementor-element-populated\">\n\t\t\t\t\t\t<div class=\"elementor-element elementor-element-6014def8 elementor-widget elementor-widget-heading\" data-id=\"6014def8\" data-element_type=\"widget\" data-e-type=\"widget\" data-widget_type=\"heading.default\">\n\t\t\t\t<div class=\"elementor-widget-container\">\n\t\t\t\t\t<span class=\"elementor-heading-title elementor-size-default\">Ein Projekt mit \"Long-Tail-SEO\"<\/span>\t\t\t\t<\/div>\n\t\t\t\t<\/div>\n\t\t\t\t<div class=\"elementor-element elementor-element-44309bbc elementor-widget__width-initial elementor-widget elementor-widget-text-editor\" data-id=\"44309bbc\" data-element_type=\"widget\" data-e-type=\"widget\" data-widget_type=\"text-editor.default\">\n\t\t\t\t<div class=\"elementor-widget-container\">\n\t\t\t\t\t\t\t\t\t<p>Die Produkte sind sehr speziell aber nicht konkurrenzlos. Daher war es wichtig den Markt, die Kunden und die Anforderungen dieser <strong>Branche zu verstehen<\/strong> und im Anschluss mit dem Kunden die richtigen Keywords auszuw\u00e4hlen.\u00a0<\/p><p>Insbesondere weil die Begriffe (Keywords9 in Deutschland sich teilweise von denen in der Schweiz unterscheiden.\u00a0\u00a0<\/p>\t\t\t\t\t\t\t\t<\/div>\n\t\t\t\t<\/div>\n\t\t\t\t<div class=\"elementor-element elementor-element-38a94560 elementor-align-left underline_button_drei elementor-tablet-align-left elementor-mobile-align-left elementor-widget elementor-widget-button\" data-id=\"38a94560\" data-element_type=\"widget\" data-e-type=\"widget\" data-settings=\"{&quot;motion_fx_motion_fx_scrolling&quot;:&quot;yes&quot;,&quot;motion_fx_devices&quot;:[&quot;desktop&quot;,&quot;laptop&quot;,&quot;tablet&quot;,&quot;mobile&quot;]}\" data-widget_type=\"button.default\">\n\t\t\t\t<div class=\"elementor-widget-container\">\n\t\t\t\t\t\t\t\t\t<div class=\"elementor-button-wrapper\">\n\t\t\t\t\t<a class=\"elementor-button elementor-button-link elementor-size-sm\" href=\"https:\/\/enertec.ch\/\" target=\"_blank\">\n\t\t\t\t\t\t<span class=\"elementor-button-content-wrapper\">\n\t\t\t\t\t\t\t\t\t<span class=\"elementor-button-text\">Webseite ansehen<\/span>\n\t\t\t\t\t<\/span>\n\t\t\t\t\t<\/a>\n\t\t\t\t<\/div>\n\t\t\t\t\t\t\t\t<\/div>\n\t\t\t\t<\/div>\n\t\t\t\t\t<\/div>\n\t\t<\/div>\n\t\t\t\t<div class=\"elementor-column elementor-col-50 elementor-inner-column elementor-element elementor-element-5188dec1\" data-id=\"5188dec1\" data-element_type=\"column\" data-e-type=\"column\">\n\t\t\t<div class=\"elementor-widget-wrap elementor-element-populated\">\n\t\t\t\t\t\t<div class=\"elementor-element elementor-element-494db89b drop_image elementor-widget elementor-widget-image\" data-id=\"494db89b\" data-element_type=\"widget\" data-e-type=\"widget\" data-widget_type=\"image.default\">\n\t\t\t\t<div class=\"elementor-widget-container\">\n\t\t\t\t\t\t\t\t\t\t\t\t\t\t\t<img decoding=\"async\" width=\"726\" height=\"1024\" src=\"https:\/\/laolaweb.com\/wp-content\/uploads\/2023\/03\/Litec-avada-referenz-2.png\" class=\"attachment-large size-large wp-image-12945\" alt=\"\" srcset=\"https:\/\/laolaweb.com\/wp-content\/uploads\/2023\/03\/Litec-avada-referenz-2.png 726w, https:\/\/laolaweb.com\/wp-content\/uploads\/2023\/03\/Litec-avada-referenz-2-213x300.png 213w\" sizes=\"(max-width: 726px) 100vw, 726px\" \/>\t\t\t\t\t\t\t\t\t\t\t\t\t\t\t<\/div>\n\t\t\t\t<\/div>\n\t\t\t\t\t<\/div>\n\t\t<\/div>\n\t\t\t\t\t<\/div>\n\t\t<\/section>\n\t\t\t\t\t<\/div>\n\t\t<\/div>\n\t\t\t\t\t<\/div>\n\t\t<\/section>\n\t\t\t\t<\/div>\n\t\t","protected":false},"excerpt":{"rendered":"<p>REFERENZ Enertec AG Messtechnik von enertec engineering Referenz f\u00fcr Avada-Theme zur Akquise Die Enertec Engineering AG aus der Schweiz ist ein f\u00fchrender und sehr innovativer Hersteller von Kraftmessdosen mit einer grossen Auswahl an Kraftaufnehmern. \u00dcber die neue WordPress-Website sollen potenzielle Kunden den Leistungsumfang der Enertec Engineering AG kennen lernen.\u00a0 Da der Kunde bereits eine Webseite [&hellip;]<\/p>\n","protected":false},"author":2,"featured_media":0,"parent":44,"menu_order":0,"comment_status":"closed","ping_status":"closed","template":"","meta":{"footnotes":""},"class_list":["post-12947","page","type-page","status-publish","hentry"],"yoast_head":"<!-- This site is optimized with the Yoast SEO plugin v27.0 - https:\/\/yoast.com\/product\/yoast-seo-wordpress\/ -->\n<title>Referenz Avada Enertec - Internetagentur laOlaWeb - Agentur f\u00fcr WordPress<\/title>\n<meta name=\"description\" content=\"\u00dcber die neue Avada-Website sollen potenzielle Kunden den Leistungsumfang der Enertec Engineering AG kennen lernen.\" \/>\n<meta name=\"robots\" content=\"index, follow, max-snippet:-1, max-image-preview:large, max-video-preview:-1\" \/>\n<link rel=\"canonical\" href=\"https:\/\/laolaweb.com\/en\/agency\/references\/reference-avada-enertec\/\" \/>\n<meta property=\"og:locale\" content=\"en_GB\" \/>\n<meta property=\"og:type\" content=\"article\" \/>\n<meta property=\"og:title\" content=\"Referenz Avada Enertec - Internetagentur laOlaWeb - Agentur f\u00fcr WordPress\" \/>\n<meta property=\"og:description\" content=\"\u00dcber die neue Avada-Website sollen potenzielle Kunden den Leistungsumfang der Enertec Engineering AG kennen lernen.\" \/>\n<meta property=\"og:url\" content=\"https:\/\/laolaweb.com\/en\/agency\/references\/reference-avada-enertec\/\" \/>\n<meta property=\"og:site_name\" content=\"Internetagentur laOlaWeb - Agentur f\u00fcr WordPress\" \/>\n<meta property=\"article:modified_time\" content=\"2026-02-27T09:51:34+00:00\" \/>\n<meta property=\"og:image\" content=\"https:\/\/laolaweb.com\/wp-content\/uploads\/2023\/03\/Litec-avada-referenz-3-957x1024.png\" \/>\n<meta name=\"twitter:card\" content=\"summary_large_image\" \/>\n<meta name=\"twitter:label1\" content=\"Estimated reading time\" \/>\n\t<meta name=\"twitter:data1\" content=\"2 minutes\" \/>\n<!-- \/ Yoast SEO plugin. -->","yoast_head_json":{"title":"Reference Avada Enertec - Internet agency laOlaWeb - Agency for WordPress","description":"The new Avada website is designed to familiarise potential customers with Enertec Engineering AG's range of services.","robots":{"index":"index","follow":"follow","max-snippet":"max-snippet:-1","max-image-preview":"max-image-preview:large","max-video-preview":"max-video-preview:-1"},"canonical":"https:\/\/laolaweb.com\/en\/agency\/references\/reference-avada-enertec\/","og_locale":"en_GB","og_type":"article","og_title":"Referenz Avada Enertec - Internetagentur laOlaWeb - Agentur f\u00fcr WordPress","og_description":"\u00dcber die neue Avada-Website sollen potenzielle Kunden den Leistungsumfang der Enertec Engineering AG kennen lernen.","og_url":"https:\/\/laolaweb.com\/en\/agency\/references\/reference-avada-enertec\/","og_site_name":"Internetagentur laOlaWeb - Agentur f\u00fcr WordPress","article_modified_time":"2026-02-27T09:51:34+00:00","og_image":[{"url":"https:\/\/laolaweb.com\/wp-content\/uploads\/2023\/03\/Litec-avada-referenz-3-957x1024.png","type":"","width":"","height":""}],"twitter_card":"summary_large_image","twitter_misc":{"Estimated reading time":"2 minutes"},"schema":{"@context":"https:\/\/schema.org","@graph":[{"@type":"TechArticle","@id":"https:\/\/laolaweb.com\/agentur\/referenzen\/referenz-avada-enertec\/#article","isPartOf":{"@id":"https:\/\/laolaweb.com\/agentur\/referenzen\/referenz-avada-enertec\/"},"author":{"name":"Redaktion","@id":"https:\/\/laolaweb.com\/#\/schema\/person\/03bef4d18ea88859e8cee2900c158dfe"},"headline":"Referenz Avada Enertec","datePublished":"2023-03-10T10:09:37+00:00","dateModified":"2026-02-27T09:51:34+00:00","mainEntityOfPage":{"@id":"https:\/\/laolaweb.com\/agentur\/referenzen\/referenz-avada-enertec\/"},"wordCount":195,"publisher":{"@id":"https:\/\/laolaweb.com\/#organization"},"image":{"@id":"https:\/\/laolaweb.com\/agentur\/referenzen\/referenz-avada-enertec\/#primaryimage"},"thumbnailUrl":"https:\/\/laolaweb.com\/wp-content\/uploads\/2023\/03\/Litec-avada-referenz-3-957x1024.png","inLanguage":"en-GB"},{"@type":"WebPage","@id":"https:\/\/laolaweb.com\/agentur\/referenzen\/referenz-avada-enertec\/","url":"https:\/\/laolaweb.com\/agentur\/referenzen\/referenz-avada-enertec\/","name":"Reference Avada Enertec - Internet agency laOlaWeb - Agency for WordPress","isPartOf":{"@id":"https:\/\/laolaweb.com\/#website"},"primaryImageOfPage":{"@id":"https:\/\/laolaweb.com\/agentur\/referenzen\/referenz-avada-enertec\/#primaryimage"},"image":{"@id":"https:\/\/laolaweb.com\/agentur\/referenzen\/referenz-avada-enertec\/#primaryimage"},"thumbnailUrl":"https:\/\/laolaweb.com\/wp-content\/uploads\/2023\/03\/Litec-avada-referenz-3-957x1024.png","datePublished":"2023-03-10T10:09:37+00:00","dateModified":"2026-02-27T09:51:34+00:00","description":"The new Avada website is designed to familiarise potential customers with Enertec Engineering AG's range of services.","breadcrumb":{"@id":"https:\/\/laolaweb.com\/agentur\/referenzen\/referenz-avada-enertec\/#breadcrumb"},"inLanguage":"en-GB","potentialAction":[{"@type":"ReadAction","target":["https:\/\/laolaweb.com\/agentur\/referenzen\/referenz-avada-enertec\/"]}]},{"@type":"ImageObject","inLanguage":"en-GB","@id":"https:\/\/laolaweb.com\/agentur\/referenzen\/referenz-avada-enertec\/#primaryimage","url":"https:\/\/laolaweb.com\/wp-content\/uploads\/2023\/03\/Litec-avada-referenz-3-957x1024.png","contentUrl":"https:\/\/laolaweb.com\/wp-content\/uploads\/2023\/03\/Litec-avada-referenz-3-957x1024.png"},{"@type":"BreadcrumbList","@id":"https:\/\/laolaweb.com\/agentur\/referenzen\/referenz-avada-enertec\/#breadcrumb","itemListElement":[{"@type":"ListItem","position":1,"name":"Startseite","item":"https:\/\/laolaweb.com\/"},{"@type":"ListItem","position":2,"name":"\u00dcber uns","item":"https:\/\/laolaweb.com\/agentur\/"},{"@type":"ListItem","position":3,"name":"Referenzen","item":"https:\/\/laolaweb.com\/agentur\/referenzen\/"},{"@type":"ListItem","position":4,"name":"Referenz Avada Enertec"}]},{"@type":"WebSite","@id":"https:\/\/laolaweb.com\/#website","url":"https:\/\/laolaweb.com\/","name":"Internet agency laOlaWeb - Agency for WordPress","description":"Professional WordPress websites","publisher":{"@id":"https:\/\/laolaweb.com\/#organization"},"potentialAction":[{"@type":"SearchAction","target":{"@type":"EntryPoint","urlTemplate":"https:\/\/laolaweb.com\/?s={search_term_string}"},"query-input":{"@type":"PropertyValueSpecification","valueRequired":true,"valueName":"search_term_string"}}],"inLanguage":"en-GB"},{"@type":"Organization","@id":"https:\/\/laolaweb.com\/#organization","name":"laOlaWeb GmbH","url":"https:\/\/laolaweb.com\/","logo":{"@type":"ImageObject","inLanguage":"en-GB","@id":"https:\/\/laolaweb.com\/#\/schema\/logo\/image\/","url":"https:\/\/laolaweb.com\/wp-content\/uploads\/2022\/06\/laolaweb-internetagentur.jpg","contentUrl":"https:\/\/laolaweb.com\/wp-content\/uploads\/2022\/06\/laolaweb-internetagentur.jpg","width":400,"height":367,"caption":"laOlaWeb GmbH"},"image":{"@id":"https:\/\/laolaweb.com\/#\/schema\/logo\/image\/"}},{"@type":"Person","@id":"https:\/\/laolaweb.com\/#\/schema\/person\/03bef4d18ea88859e8cee2900c158dfe","name":"Editorial office"}]}},"_links":{"self":[{"href":"https:\/\/laolaweb.com\/en\/wp-json\/wp\/v2\/pages\/12947","targetHints":{"allow":["GET"]}}],"collection":[{"href":"https:\/\/laolaweb.com\/en\/wp-json\/wp\/v2\/pages"}],"about":[{"href":"https:\/\/laolaweb.com\/en\/wp-json\/wp\/v2\/types\/page"}],"author":[{"embeddable":true,"href":"https:\/\/laolaweb.com\/en\/wp-json\/wp\/v2\/users\/2"}],"replies":[{"embeddable":true,"href":"https:\/\/laolaweb.com\/en\/wp-json\/wp\/v2\/comments?post=12947"}],"version-history":[{"count":37,"href":"https:\/\/laolaweb.com\/en\/wp-json\/wp\/v2\/pages\/12947\/revisions"}],"predecessor-version":[{"id":12990,"href":"https:\/\/laolaweb.com\/en\/wp-json\/wp\/v2\/pages\/12947\/revisions\/12990"}],"up":[{"embeddable":true,"href":"https:\/\/laolaweb.com\/en\/wp-json\/wp\/v2\/pages\/44"}],"wp:attachment":[{"href":"https:\/\/laolaweb.com\/en\/wp-json\/wp\/v2\/media?parent=12947"}],"curies":[{"name":"wp","href":"https:\/\/api.w.org\/{rel}","templated":true}]}}