{"id":10252,"date":"2022-06-30T10:24:24","date_gmt":"2022-06-30T08:24:24","guid":{"rendered":"https:\/\/laolaweb.com\/?page_id=10252"},"modified":"2026-02-27T11:14:32","modified_gmt":"2026-02-27T10:14:32","slug":"shortcodes","status":"publish","type":"page","link":"https:\/\/laolaweb.com\/en\/plugins\/personio-wordpress-plugin\/shortcodes\/","title":{"rendered":"WP Personio Integration - Shortcodes"},"content":{"rendered":"\t\t<div data-elementor-type=\"wp-page\" data-elementor-id=\"10252\" class=\"elementor elementor-10252\" data-elementor-post-type=\"page\">\n\t\t\t\t\t\t<section class=\"elementor-section elementor-top-section elementor-element elementor-element-6efa83a elementor-section-height-min-height elementor-section-boxed elementor-section-height-default elementor-section-items-middle\" data-id=\"6efa83a\" data-element_type=\"section\" data-e-type=\"section\">\n\t\t\t\t\t\t<div class=\"elementor-container elementor-column-gap-default\">\n\t\t\t\t\t<div class=\"elementor-column elementor-col-50 elementor-top-column elementor-element elementor-element-068a772\" data-id=\"068a772\" data-element_type=\"column\" data-e-type=\"column\">\n\t\t\t<div class=\"elementor-widget-wrap elementor-element-populated\">\n\t\t\t\t\t\t<div class=\"elementor-element elementor-element-b50734d elementor-widget__width-initial elementor-widget-tablet__width-initial elementor-widget elementor-widget-heading\" data-id=\"b50734d\" data-element_type=\"widget\" data-e-type=\"widget\" data-widget_type=\"heading.default\">\n\t\t\t\t<div class=\"elementor-widget-container\">\n\t\t\t\t\t<h1 class=\"elementor-heading-title elementor-size-default\">Personio WordPress-Plugin: Shortcodes<\/h1>\t\t\t\t<\/div>\n\t\t\t\t<\/div>\n\t\t\t\t<div class=\"elementor-element elementor-element-d0c7b50 elementor-widget elementor-widget-heading\" data-id=\"d0c7b50\" data-element_type=\"widget\" data-e-type=\"widget\" data-widget_type=\"heading.default\">\n\t\t\t\t<div class=\"elementor-widget-container\">\n\t\t\t\t\t<h2 class=\"elementor-heading-title elementor-size-default\">Die folgenden Shortcodes k\u00f6nnen im Plugin verwendet werden, um in das WordPress-Projekt importierte offene Stellen in der Webseite auszugeben.<\/h2>\t\t\t\t<\/div>\n\t\t\t\t<\/div>\n\t\t\t\t\t<\/div>\n\t\t<\/div>\n\t\t\t\t<div class=\"elementor-column elementor-col-50 elementor-top-column elementor-element elementor-element-ce5f93d skewheader-bg-drei\" data-id=\"ce5f93d\" data-element_type=\"column\" data-e-type=\"column\" data-settings=\"{&quot;background_background&quot;:&quot;classic&quot;}\">\n\t\t\t<div class=\"elementor-widget-wrap elementor-element-populated\">\n\t\t\t\t\t\t<div class=\"elementor-element elementor-element-7e48804 e-transform elementor-widget elementor-widget-image\" data-id=\"7e48804\" data-element_type=\"widget\" data-e-type=\"widget\" data-settings=\"{&quot;_transform_skewX_effect&quot;:{&quot;unit&quot;:&quot;px&quot;,&quot;size&quot;:-7,&quot;sizes&quot;:[]},&quot;_transform_skewY_effect&quot;:{&quot;unit&quot;:&quot;px&quot;,&quot;size&quot;:3,&quot;sizes&quot;:[]},&quot;_transform_skewX_effect_laptop&quot;:{&quot;unit&quot;:&quot;deg&quot;,&quot;size&quot;:&quot;&quot;,&quot;sizes&quot;:[]},&quot;_transform_skewX_effect_tablet&quot;:{&quot;unit&quot;:&quot;deg&quot;,&quot;size&quot;:&quot;&quot;,&quot;sizes&quot;:[]},&quot;_transform_skewX_effect_mobile&quot;:{&quot;unit&quot;:&quot;deg&quot;,&quot;size&quot;:&quot;&quot;,&quot;sizes&quot;:[]},&quot;_transform_skewY_effect_laptop&quot;:{&quot;unit&quot;:&quot;deg&quot;,&quot;size&quot;:&quot;&quot;,&quot;sizes&quot;:[]},&quot;_transform_skewY_effect_tablet&quot;:{&quot;unit&quot;:&quot;deg&quot;,&quot;size&quot;:&quot;&quot;,&quot;sizes&quot;:[]},&quot;_transform_skewY_effect_mobile&quot;:{&quot;unit&quot;:&quot;deg&quot;,&quot;size&quot;:&quot;&quot;,&quot;sizes&quot;:[]}}\" data-widget_type=\"image.default\">\n\t\t\t\t<div class=\"elementor-widget-container\">\n\t\t\t\t\t\t\t\t\t\t\t\t\t\t\t<img fetchpriority=\"high\" decoding=\"async\" width=\"674\" height=\"1199\" src=\"https:\/\/laolaweb.com\/wp-content\/uploads\/2022\/07\/personio-jobs-wordpress-mobile.jpg\" class=\"attachment-full size-full wp-image-10624\" alt=\"personio wordpress-plugin stellen\" srcset=\"https:\/\/laolaweb.com\/wp-content\/uploads\/2022\/07\/personio-jobs-wordpress-mobile.jpg 674w, https:\/\/laolaweb.com\/wp-content\/uploads\/2022\/07\/personio-jobs-wordpress-mobile-169x300.jpg 169w, https:\/\/laolaweb.com\/wp-content\/uploads\/2022\/07\/personio-jobs-wordpress-mobile-576x1024.jpg 576w\" sizes=\"(max-width: 674px) 100vw, 674px\" \/>\t\t\t\t\t\t\t\t\t\t\t\t\t\t\t<\/div>\n\t\t\t\t<\/div>\n\t\t\t\t\t<\/div>\n\t\t<\/div>\n\t\t\t\t\t<\/div>\n\t\t<\/section>\n\t\t\t\t<section class=\"elementor-section elementor-top-section elementor-element elementor-element-2bb8512 elementor-section-boxed elementor-section-height-default elementor-section-height-default\" data-id=\"2bb8512\" data-element_type=\"section\" data-e-type=\"section\">\n\t\t\t\t\t\t<div class=\"elementor-container elementor-column-gap-default\">\n\t\t\t\t\t<div class=\"elementor-column elementor-col-100 elementor-top-column elementor-element elementor-element-92830bc\" data-id=\"92830bc\" data-element_type=\"column\" data-e-type=\"column\">\n\t\t\t<div class=\"elementor-widget-wrap elementor-element-populated\">\n\t\t\t\t\t\t<div class=\"elementor-element elementor-element-994e1b0 elementor-widget elementor-widget-heading\" data-id=\"994e1b0\" data-element_type=\"widget\" data-e-type=\"widget\" data-widget_type=\"heading.default\">\n\t\t\t\t<div class=\"elementor-widget-container\">\n\t\t\t\t\t<h2 class=\"elementor-heading-title elementor-size-default\">Aufbau der Shortcodes<\/h2>\t\t\t\t<\/div>\n\t\t\t\t<\/div>\n\t\t\t\t<div class=\"elementor-element elementor-element-2f5bb5f elementor-widget elementor-widget-text-editor\" data-id=\"2f5bb5f\" data-element_type=\"widget\" data-e-type=\"widget\" data-widget_type=\"text-editor.default\">\n\t\t\t\t<div class=\"elementor-widget-container\">\n\t\t\t\t\t\t\t\t\t<p>Bei <a href=\"https:\/\/github.com\/threadi\/wp-personio-integration-light\/blob\/master\/doc\/shortcodes_de.md\">Github <\/a>sind die m\u00f6glichen Shortcodes jederzeit aktuell. Die Seite hier dient<br \/>jediglich der \u00dcbersicht.<\/p><p>Das Plugin stellt 2 Shortcodes f\u00fcr die Ausgabe von Stellen von Personio in der Webseite bereit. Bis auf einen, sind alle Parameter an beiden Shortcodes optional. Wenn ein Parameter am Shortcode nicht angegeben wird, gelten die Einstellungen zu Templates aus den Plugin-Einstellungen.<\/p><h3>Shortcode f\u00fcr eine Listen-Ansicht<\/h3><p>Beispiel f\u00fcr Aufbau des Shortcodes f\u00fcr eine Listen-Ansicht:<\/p><blockquote><p>[personioPositions lang=\"de\" showfilter=\"1\" filter=\"recruitingCategory,schedule\" filtertype=\"linklist\" templates=\"title,excerpt\" excerpt=\"recruitingCategory,schedule\" sort=\"asc\" sortby=\"title\"]<\/p><\/blockquote><h3>Shortcode f\u00fcr eine Einzel-Ansicht<\/h3><div>Beispiel f\u00fcr Aufbau des Shortcodes f\u00fcr eine Einzelansicht:<\/div><blockquote><p>[personioPosition lang=\"de\" templates=\"title,content,formular\" id=\"42\"]<\/p><\/blockquote><h3>Auszug der verf\u00fcgbaren Parameter<\/h3><h4>lang<\/h4><ul><li>legt die Ausgabe-Sprache fest<\/li><li>muss eine vom Plugin unterst\u00fctzte Sprache sein<\/li><li>wird als 2-Zeichen-Wert angegeben, z.B. \"it\" f\u00fcr italienisch<\/li><li>Beispiel:<\/li><\/ul><blockquote><p>[personioPositions lang=\"de\"]<\/p><\/blockquote><h4>showfilter<\/h4><ul><li>nur f\u00fcr Listen-Ansicht verf\u00fcgbar<\/li><li>Wert 1 um Filter-Ansicht zu aktivieren<\/li><li>Wert 0 um Filter-Ansicht zu deaktivieren<\/li><li>welche Inhalte der Filter hat, wird im Parameter \"filter\" festgelegt<\/li><\/ul><h4>filter<\/h4><ul><li>nur f\u00fcr Listen-Ansicht verf\u00fcgbar<\/li><li>legt fest, welche Filter angezeigt werden<\/li><li>verf\u00fcgbare Werte werden kommagetrennt angegeben:<ul><li>recruitingCategory =&gt; f\u00fcr die Kategorie<\/li><li>schedule<\/li><li>occupationCategory<\/li><li>\u00a0department<\/li><li>employmenttype<\/li><li>seniority<\/li><li>schedule<\/li><li>experience<\/li><\/ul><\/li><\/ul><h4>filtertype<\/h4><ul><li>nur f\u00fcr Listen-Ansicht verf\u00fcgbar<\/li><li>legt fest wie die Filter-Ansicht ausgegeben wird<\/li><li>nur einer der folgenden Werte darf angegeben werden:<ul><li>linklist<\/li><li>selectbox<\/li><\/ul><\/li><\/ul><h4>templates<\/h4><ul><li>legt den Aufbau des Templates f\u00fcr eine Stelle fest<\/li><li>verf\u00fcgbare Werte werden kommagetrennt angegeben:<ul><li>title =&gt; f\u00fcr den Titel der Stelle<\/li><li>excerpt =&gt; f\u00fcr die Liste der Kategorien denen die Stelle zugeordnet ist<\/li><li>content =&gt; f\u00fcr den Beschreibungstext zur Stelle<\/li><li>formular =&gt; f\u00fcr den Link zum Bewerbungsformular<\/li><li>meta =&gt; nur in Pro-Version verf\u00fcgbar, wenn SEO aktiviert ist<\/li><\/ul><\/li><\/ul><h4>excerpt<\/h4><ul><li>legt fest welche Kategorien an der Stelle als Ausschnitt angezeigt werden<\/li><li>verf\u00fcgbare Werte werden kommagetrennt angegeben:<ul><li>recruitingCategory =&gt; f\u00fcr die Kategorie<\/li><li>schedule<\/li><li>occupationCategory<\/li><li>department<\/li><li>employmenttype<\/li><li>seniority<\/li><li>schedule<\/li><li>experience<\/li><\/ul><\/li><\/ul><h4>sort<\/h4><ul><li>nur f\u00fcr Listen-Ansicht verf\u00fcgbar<\/li><li>legt die Sortierreihenfolge f\u00fcr die Stellen in der Liste fest<\/li><li>nur einer der folgenden Werte darf angegeben werden:<ul><li>asc =&gt; f\u00fcr aufsteigend<\/li><li>desc =&gt; f\u00fcr absteigend<\/li><\/ul><\/li><\/ul><h4>sortby<\/h4><ul><li>nur f\u00fcr Listen-Ansicht verf\u00fcgbar<\/li><li>legt fest nach welchem Wert die Liste der Stellen sortiert werden soll<\/li><li>nur einer der folgenden Werte darf angegeben werden:<ul><li>title =&gt; nach dem Titel der Stelle<\/li><li>date =&gt; nach dem Datum zu dem die Stelle in WordPress importiert wurde<\/li><\/ul><\/li><\/ul><h4>ids<\/h4><ul><li>nur f\u00fcr Listen-Ansicht verf\u00fcgbar<\/li><li>schr\u00e4nkt die Ansicht auf die angegebenen PersonioIDs ein<\/li><li>welche IDs verf\u00fcgbar sind, ist in der Liste \"offene Stellen\" in der Spalte \"PersonioId\" zu sehen<\/li><\/ul><h4>personioid<\/h4><ul><li>einziges Pflichtfeld f\u00fcr Shortcodes<\/li><li>nur f\u00fcr Detail-Ansicht verf\u00fcgbar<\/li><li>legt fest, welche konkrete Stelle angezeigt wird<\/li><li>welche IDs verf\u00fcgbar sind, ist in der Liste \"offene Stellen\" in der Spalte \"PersonioId\" zu sehen<\/li><\/ul>\t\t\t\t\t\t\t\t<\/div>\n\t\t\t\t<\/div>\n\t\t\t\t\t<\/div>\n\t\t<\/div>\n\t\t\t\t\t<\/div>\n\t\t<\/section>\n\t\t<div class=\"elementor-element elementor-element-8ceaa95 e-flex e-con-boxed e-con e-parent\" data-id=\"8ceaa95\" data-element_type=\"container\" data-e-type=\"container\" data-settings=\"{&quot;background_background&quot;:&quot;classic&quot;}\">\n\t\t\t\t\t<div class=\"e-con-inner\">\n\t\t<div class=\"elementor-element elementor-element-e059148 e-flex e-con-boxed e-con e-parent\" data-id=\"e059148\" data-element_type=\"container\" data-e-type=\"container\">\n\t\t\t\t\t<div class=\"e-con-inner\">\n\t\t\t\t<div class=\"elementor-element elementor-element-e5ef46f elementor-widget elementor-widget-heading\" data-id=\"e5ef46f\" data-element_type=\"widget\" data-e-type=\"widget\" data-widget_type=\"heading.default\">\n\t\t\t\t<div class=\"elementor-widget-container\">\n\t\t\t\t\t<h2 class=\"elementor-heading-title elementor-size-default\">praktische Shortcode-Beispiele<\/h2>\t\t\t\t<\/div>\n\t\t\t\t<\/div>\n\t\t\t\t\t<\/div>\n\t\t\t\t<\/div>\n\t\t<div class=\"elementor-element elementor-element-d49480b e-flex e-con-boxed e-con e-parent\" data-id=\"d49480b\" data-element_type=\"container\" data-e-type=\"container\" data-settings=\"{&quot;background_background&quot;:&quot;classic&quot;}\">\n\t\t\t\t\t<div class=\"e-con-inner\">\n\t\t\t\t<div class=\"elementor-element elementor-element-6df1d05 elementor-widget__width-initial elementor-widget elementor-widget-text-editor\" data-id=\"6df1d05\" data-element_type=\"widget\" data-e-type=\"widget\" data-widget_type=\"text-editor.default\">\n\t\t\t\t<div class=\"elementor-widget-container\">\n\t\t\t\t\t\t\t\t\t<p><strong>Liste ohne Filter &amp; mit Titel &amp; Beschreibungstext pro Stelle<\/strong><\/p><blockquote><p>[personioPositions templates=\"title,content\"]<\/p><\/blockquote><p><strong>Liste mit Filter &amp; Titel &amp; Auszug pro Stelle<\/strong><\/p><blockquote><p>[personioPositions showfilter=\"1\" filter=\"recruitingCategory,schedule\" templates=\"title,excerpt\"]<\/p><\/blockquote><p><strong>Einzelansicht einer Stelle mit Titel, Inhalt &amp; Bewerbungslink<\/strong><\/p><blockquote><p>[personioPosition id=\"42\" templates=\"title,content,formular\"]<\/p><\/blockquote><p>\u00a0<\/p>\t\t\t\t\t\t\t\t<\/div>\n\t\t\t\t<\/div>\n\t\t\t\t\t<\/div>\n\t\t\t\t<\/div>\n\t\t\t\t\t<\/div>\n\t\t\t\t<\/div>\n\t\t<div class=\"elementor-element elementor-element-403ccee e-flex e-con-boxed e-con e-parent\" data-id=\"403ccee\" data-element_type=\"container\" data-e-type=\"container\">\n\t\t\t\t\t<div class=\"e-con-inner\">\n\t\t\t\t<div class=\"elementor-element elementor-element-5773d75 elementor-widget elementor-widget-heading\" data-id=\"5773d75\" data-element_type=\"widget\" data-e-type=\"widget\" data-widget_type=\"heading.default\">\n\t\t\t\t<div class=\"elementor-widget-container\">\n\t\t\t\t\t<h2 class=\"elementor-heading-title elementor-size-default\">Gerne beraten wir Sie zu diesem Plugin <\/h2>\t\t\t\t<\/div>\n\t\t\t\t<\/div>\n\t\t\t\t<div class=\"elementor-element elementor-element-81a7a4c elementor-align-center elementor-widget elementor-widget-button\" data-id=\"81a7a4c\" data-element_type=\"widget\" data-e-type=\"widget\" data-widget_type=\"button.default\">\n\t\t\t\t<div class=\"elementor-widget-container\">\n\t\t\t\t\t\t\t\t\t<div class=\"elementor-button-wrapper\">\n\t\t\t\t\t<a class=\"elementor-button elementor-button-link elementor-size-sm\" href=\"\/kontakt\/\">\n\t\t\t\t\t\t<span class=\"elementor-button-content-wrapper\">\n\t\t\t\t\t\t\t\t\t<span class=\"elementor-button-text\">Kontakt aufnehmen<\/span>\n\t\t\t\t\t<\/span>\n\t\t\t\t\t<\/a>\n\t\t\t\t<\/div>\n\t\t\t\t\t\t\t\t<\/div>\n\t\t\t\t<\/div>\n\t\t\t\t\t<\/div>\n\t\t\t\t<\/div>\n\t\t\t\t<\/div>\n\t\t","protected":false},"excerpt":{"rendered":"<p>Personio WordPress-Plugin: Shortcodes Die folgenden Shortcodes k\u00f6nnen im Plugin verwendet werden, um in das WordPress-Projekt importierte offene Stellen in der Webseite auszugeben. Aufbau der Shortcodes Bei Github sind die m\u00f6glichen Shortcodes jederzeit aktuell. Die Seite hier dientjediglich der \u00dcbersicht. Das Plugin stellt 2 Shortcodes f\u00fcr die Ausgabe von Stellen von Personio in der Webseite bereit. [&hellip;]<\/p>\n","protected":false},"author":6,"featured_media":0,"parent":9496,"menu_order":0,"comment_status":"closed","ping_status":"closed","template":"","meta":{"footnotes":""},"class_list":["post-10252","page","type-page","status-publish","hentry"],"yoast_head":"<!-- This site is optimized with the Yoast SEO plugin v27.0 - https:\/\/yoast.com\/product\/yoast-seo-wordpress\/ -->\n<title>WP Personio Integration - Shortcodes - Internetagentur laOlaWeb - Agentur f\u00fcr WordPress<\/title>\n<meta name=\"description\" content=\"Shortcodes, um in das WordPress-Projekt importierte offene Stellen in der Webseite auszugeben.\" \/>\n<meta name=\"robots\" content=\"index, follow, max-snippet:-1, max-image-preview:large, max-video-preview:-1\" \/>\n<link rel=\"canonical\" href=\"https:\/\/laolaweb.com\/en\/plugins\/personio-wordpress-plugin\/shortcodes\/\" \/>\n<meta property=\"og:locale\" content=\"en_GB\" \/>\n<meta property=\"og:type\" content=\"article\" \/>\n<meta property=\"og:title\" content=\"WP Personio Integration - Shortcodes - Internetagentur laOlaWeb - Agentur f\u00fcr WordPress\" \/>\n<meta property=\"og:description\" content=\"Shortcodes, um in das WordPress-Projekt importierte offene Stellen in der Webseite auszugeben.\" \/>\n<meta property=\"og:url\" content=\"https:\/\/laolaweb.com\/en\/plugins\/personio-wordpress-plugin\/shortcodes\/\" \/>\n<meta property=\"og:site_name\" content=\"Internetagentur laOlaWeb - Agentur f\u00fcr WordPress\" \/>\n<meta property=\"article:modified_time\" content=\"2026-02-27T10:14:32+00:00\" \/>\n<meta property=\"og:image\" content=\"https:\/\/laolaweb.com\/wp-content\/uploads\/2022\/07\/personio-jobs-wordpress-mobile.jpg\" \/>\n<meta name=\"twitter:card\" content=\"summary_large_image\" \/>\n<meta name=\"twitter:label1\" content=\"Estimated reading time\" \/>\n\t<meta name=\"twitter:data1\" content=\"3 minutes\" \/>\n<!-- \/ Yoast SEO plugin. -->","yoast_head_json":{"title":"WP Personio Integration - Shortcodes - Internet agency laOlaWeb - Agentur f\u00fcr WordPress","description":"Shortcodes to display vacancies imported into the WordPress project on the website.","robots":{"index":"index","follow":"follow","max-snippet":"max-snippet:-1","max-image-preview":"max-image-preview:large","max-video-preview":"max-video-preview:-1"},"canonical":"https:\/\/laolaweb.com\/en\/plugins\/personio-wordpress-plugin\/shortcodes\/","og_locale":"en_GB","og_type":"article","og_title":"WP Personio Integration - Shortcodes - Internetagentur laOlaWeb - Agentur f\u00fcr WordPress","og_description":"Shortcodes, um in das WordPress-Projekt importierte offene Stellen in der Webseite auszugeben.","og_url":"https:\/\/laolaweb.com\/en\/plugins\/personio-wordpress-plugin\/shortcodes\/","og_site_name":"Internetagentur laOlaWeb - Agentur f\u00fcr WordPress","article_modified_time":"2026-02-27T10:14:32+00:00","og_image":[{"url":"https:\/\/laolaweb.com\/wp-content\/uploads\/2022\/07\/personio-jobs-wordpress-mobile.jpg","type":"","width":"","height":""}],"twitter_card":"summary_large_image","twitter_misc":{"Estimated reading time":"3 minutes"},"schema":{"@context":"https:\/\/schema.org","@graph":[{"@type":"TechArticle","@id":"https:\/\/laolaweb.com\/plugins\/personio-wordpress-plugin\/shortcodes\/#article","isPartOf":{"@id":"https:\/\/laolaweb.com\/plugins\/personio-wordpress-plugin\/shortcodes\/"},"author":{"name":"Thomas","@id":"https:\/\/laolaweb.com\/#\/schema\/person\/7ab3b4c0a79efd45b0ae3445f352eeb7"},"headline":"WP Personio Integration &#8211; Shortcodes","datePublished":"2022-06-30T08:24:24+00:00","dateModified":"2026-02-27T10:14:32+00:00","mainEntityOfPage":{"@id":"https:\/\/laolaweb.com\/plugins\/personio-wordpress-plugin\/shortcodes\/"},"wordCount":563,"publisher":{"@id":"https:\/\/laolaweb.com\/#organization"},"image":{"@id":"https:\/\/laolaweb.com\/plugins\/personio-wordpress-plugin\/shortcodes\/#primaryimage"},"thumbnailUrl":"https:\/\/laolaweb.com\/wp-content\/uploads\/2022\/07\/personio-jobs-wordpress-mobile.jpg","inLanguage":"en-GB"},{"@type":"WebPage","@id":"https:\/\/laolaweb.com\/plugins\/personio-wordpress-plugin\/shortcodes\/","url":"https:\/\/laolaweb.com\/plugins\/personio-wordpress-plugin\/shortcodes\/","name":"WP Personio Integration - Shortcodes - Internet agency laOlaWeb - Agentur f\u00fcr WordPress","isPartOf":{"@id":"https:\/\/laolaweb.com\/#website"},"primaryImageOfPage":{"@id":"https:\/\/laolaweb.com\/plugins\/personio-wordpress-plugin\/shortcodes\/#primaryimage"},"image":{"@id":"https:\/\/laolaweb.com\/plugins\/personio-wordpress-plugin\/shortcodes\/#primaryimage"},"thumbnailUrl":"https:\/\/laolaweb.com\/wp-content\/uploads\/2022\/07\/personio-jobs-wordpress-mobile.jpg","datePublished":"2022-06-30T08:24:24+00:00","dateModified":"2026-02-27T10:14:32+00:00","description":"Shortcodes to display vacancies imported into the WordPress project on the website.","breadcrumb":{"@id":"https:\/\/laolaweb.com\/plugins\/personio-wordpress-plugin\/shortcodes\/#breadcrumb"},"inLanguage":"en-GB","potentialAction":[{"@type":"ReadAction","target":["https:\/\/laolaweb.com\/plugins\/personio-wordpress-plugin\/shortcodes\/"]}]},{"@type":"ImageObject","inLanguage":"en-GB","@id":"https:\/\/laolaweb.com\/plugins\/personio-wordpress-plugin\/shortcodes\/#primaryimage","url":"https:\/\/laolaweb.com\/wp-content\/uploads\/2022\/07\/personio-jobs-wordpress-mobile.jpg","contentUrl":"https:\/\/laolaweb.com\/wp-content\/uploads\/2022\/07\/personio-jobs-wordpress-mobile.jpg"},{"@type":"BreadcrumbList","@id":"https:\/\/laolaweb.com\/plugins\/personio-wordpress-plugin\/shortcodes\/#breadcrumb","itemListElement":[{"@type":"ListItem","position":1,"name":"Startseite","item":"https:\/\/laolaweb.com\/"},{"@type":"ListItem","position":2,"name":"Plugins","item":"https:\/\/laolaweb.com\/plugins\/"},{"@type":"ListItem","position":3,"name":"Personio WordPress-Plugin","item":"https:\/\/laolaweb.com\/plugins\/personio-wordpress-plugin\/"},{"@type":"ListItem","position":4,"name":"WP Personio Integration &#8211; Shortcodes"}]},{"@type":"WebSite","@id":"https:\/\/laolaweb.com\/#website","url":"https:\/\/laolaweb.com\/","name":"Internet agency laOlaWeb - Agency for WordPress","description":"Professional WordPress websites","publisher":{"@id":"https:\/\/laolaweb.com\/#organization"},"potentialAction":[{"@type":"SearchAction","target":{"@type":"EntryPoint","urlTemplate":"https:\/\/laolaweb.com\/?s={search_term_string}"},"query-input":{"@type":"PropertyValueSpecification","valueRequired":true,"valueName":"search_term_string"}}],"inLanguage":"en-GB"},{"@type":"Organization","@id":"https:\/\/laolaweb.com\/#organization","name":"laOlaWeb GmbH","url":"https:\/\/laolaweb.com\/","logo":{"@type":"ImageObject","inLanguage":"en-GB","@id":"https:\/\/laolaweb.com\/#\/schema\/logo\/image\/","url":"https:\/\/laolaweb.com\/wp-content\/uploads\/2022\/06\/laolaweb-internetagentur.jpg","contentUrl":"https:\/\/laolaweb.com\/wp-content\/uploads\/2022\/06\/laolaweb-internetagentur.jpg","width":400,"height":367,"caption":"laOlaWeb GmbH"},"image":{"@id":"https:\/\/laolaweb.com\/#\/schema\/logo\/image\/"}},{"@type":"Person","@id":"https:\/\/laolaweb.com\/#\/schema\/person\/7ab3b4c0a79efd45b0ae3445f352eeb7","name":"Thomas"}]}},"_links":{"self":[{"href":"https:\/\/laolaweb.com\/en\/wp-json\/wp\/v2\/pages\/10252","targetHints":{"allow":["GET"]}}],"collection":[{"href":"https:\/\/laolaweb.com\/en\/wp-json\/wp\/v2\/pages"}],"about":[{"href":"https:\/\/laolaweb.com\/en\/wp-json\/wp\/v2\/types\/page"}],"author":[{"embeddable":true,"href":"https:\/\/laolaweb.com\/en\/wp-json\/wp\/v2\/users\/6"}],"replies":[{"embeddable":true,"href":"https:\/\/laolaweb.com\/en\/wp-json\/wp\/v2\/comments?post=10252"}],"version-history":[{"count":45,"href":"https:\/\/laolaweb.com\/en\/wp-json\/wp\/v2\/pages\/10252\/revisions"}],"predecessor-version":[{"id":12094,"href":"https:\/\/laolaweb.com\/en\/wp-json\/wp\/v2\/pages\/10252\/revisions\/12094"}],"up":[{"embeddable":true,"href":"https:\/\/laolaweb.com\/en\/wp-json\/wp\/v2\/pages\/9496"}],"wp:attachment":[{"href":"https:\/\/laolaweb.com\/en\/wp-json\/wp\/v2\/media?parent=10252"}],"curies":[{"name":"wp","href":"https:\/\/api.w.org\/{rel}","templated":true}]}}