{"id":10143,"date":"2022-06-22T11:31:06","date_gmt":"2022-06-22T09:31:06","guid":{"rendered":"https:\/\/laolaweb.com\/?page_id=10143"},"modified":"2023-04-14T11:14:09","modified_gmt":"2023-04-14T09:14:09","slug":"viva-la-mama-woocommerce-reference","status":"publish","type":"page","link":"https:\/\/laolaweb.com\/en\/agentur\/referenzen\/viva-la-mama-woocommerce-referenz\/","title":{"rendered":"Viva la Mama WooCommerce reference"},"content":{"rendered":"\t\t<div data-elementor-type=\"wp-page\" data-elementor-id=\"10143\" class=\"elementor elementor-10143\" data-elementor-post-type=\"page\">\n\t\t\t\t<div class=\"elementor-element elementor-element-2423cd5 e-flex e-con-boxed e-con e-parent\" data-id=\"2423cd5\" data-element_type=\"container\" data-e-type=\"container\" data-settings=\"{&quot;background_background&quot;:&quot;classic&quot;}\">\n\t\t\t\t\t<div class=\"e-con-inner\">\n\t\t<div class=\"elementor-element elementor-element-27818ee rotate e-con-full e-flex e-con e-parent\" data-id=\"27818ee\" data-element_type=\"container\" data-e-type=\"container\">\n\t\t\t\t<div class=\"elementor-element elementor-element-98d5ddf text-trans-zwei elementor-widget elementor-widget-text-editor\" data-id=\"98d5ddf\" data-element_type=\"widget\" data-e-type=\"widget\" data-widget_type=\"text-editor.default\">\n\t\t\t\t<div class=\"elementor-widget-container\">\n\t\t\t\t\t\t\t\t\t<p>REFERENZ<\/p>\t\t\t\t\t\t\t\t<\/div>\n\t\t\t\t<\/div>\n\t\t\t\t<div class=\"elementor-element elementor-element-62c76d7 text-trans elementor-widget elementor-widget-heading\" data-id=\"62c76d7\" data-element_type=\"widget\" data-e-type=\"widget\" data-widget_type=\"heading.default\">\n\t\t\t\t<div class=\"elementor-widget-container\">\n\t\t\t\t\t<p class=\"elementor-heading-title elementor-size-default\">VIVA LA MAMA<\/p>\t\t\t\t<\/div>\n\t\t\t\t<\/div>\n\t\t\t\t<div class=\"elementor-element elementor-element-a8859cc text-trans elementor-widget elementor-widget-text-editor\" data-id=\"a8859cc\" data-element_type=\"widget\" data-e-type=\"widget\" data-widget_type=\"text-editor.default\">\n\t\t\t\t<div class=\"elementor-widget-container\">\n\t\t\t\t\t\t\t\t\t<p>Onlineshop mit WooCommerce<\/p>\t\t\t\t\t\t\t\t<\/div>\n\t\t\t\t<\/div>\n\t\t\t\t<\/div>\n\t\t\t\t\t<\/div>\n\t\t\t\t<\/div>\n\t\t<div class=\"elementor-element elementor-element-d977aa7 e-flex e-con-boxed e-con e-parent\" data-id=\"d977aa7\" data-element_type=\"container\" data-e-type=\"container\">\n\t\t\t\t\t<div class=\"e-con-inner\">\n\t\t<div class=\"elementor-element elementor-element-97b918e e-con-full e-flex e-con e-parent\" data-id=\"97b918e\" data-element_type=\"container\" data-e-type=\"container\">\n\t\t\t\t<div class=\"elementor-element elementor-element-7d7b4d5 elementor-widget elementor-widget-heading\" data-id=\"7d7b4d5\" data-element_type=\"widget\" data-e-type=\"widget\" data-widget_type=\"heading.default\">\n\t\t\t\t<div class=\"elementor-widget-container\">\n\t\t\t\t\t<h1 class=\"elementor-heading-title elementor-size-default\">Relaunch mit WooCommerce<\/h1>\t\t\t\t<\/div>\n\t\t\t\t<\/div>\n\t\t\t\t<div class=\"elementor-element elementor-element-70cb227 elementor-widget elementor-widget-image\" data-id=\"70cb227\" data-element_type=\"widget\" data-e-type=\"widget\" data-widget_type=\"image.default\">\n\t\t\t\t<div class=\"elementor-widget-container\">\n\t\t\t\t\t\t\t\t\t\t\t\t\t\t\t<img fetchpriority=\"high\" decoding=\"async\" width=\"768\" height=\"822\" src=\"https:\/\/laolaweb.com\/wp-content\/uploads\/2022\/06\/referenz-vivalamama-isometrisch-768x822.png\" class=\"attachment-medium_large size-medium_large wp-image-9534\" alt=\"referenz wordpress vivalamama woocommce \u00fcbersicht\" srcset=\"https:\/\/laolaweb.com\/wp-content\/uploads\/2022\/06\/referenz-vivalamama-isometrisch-768x822.png 768w, https:\/\/laolaweb.com\/wp-content\/uploads\/2022\/06\/referenz-vivalamama-isometrisch-280x300.png 280w, https:\/\/laolaweb.com\/wp-content\/uploads\/2022\/06\/referenz-vivalamama-isometrisch-957x1024.png 957w, https:\/\/laolaweb.com\/wp-content\/uploads\/2022\/06\/referenz-vivalamama-isometrisch.png 1200w\" sizes=\"(max-width: 768px) 100vw, 768px\" \/>\t\t\t\t\t\t\t\t\t\t\t\t\t\t\t<\/div>\n\t\t\t\t<\/div>\n\t\t\t\t<div class=\"elementor-element elementor-element-5ecdc4f elementor-widget__width-initial elementor-widget elementor-widget-text-editor\" data-id=\"5ecdc4f\" data-element_type=\"widget\" data-e-type=\"widget\" data-widget_type=\"text-editor.default\">\n\t\t\t\t<div class=\"elementor-widget-container\">\n\t\t\t\t\t\t\t\t\t<p>Viva la Mama entwirft, produziert und verkauft Babytragejacken sowie Umstandsmode vorwiegend \u00fcber den eigenen Onlineshop. Auf Grund der eng gefassten Zielgruppe haben wir uns in der Konzeptionsphase f\u00fcr einen strengen <strong>Mobile-First-Ansatz<\/strong> entschieden, da \u00fcber 90% der Zugriffe \u00fcber kleine Bildschirme (Smartphone) erfolgen.<\/p>\t\t\t\t\t\t\t\t<\/div>\n\t\t\t\t<\/div>\n\t\t\t\t<\/div>\n\t\t\t\t\t<\/div>\n\t\t\t\t<\/div>\n\t\t<div class=\"elementor-element elementor-element-578267b e-flex e-con-boxed e-con e-parent\" data-id=\"578267b\" data-element_type=\"container\" data-e-type=\"container\" data-settings=\"{&quot;background_background&quot;:&quot;classic&quot;}\">\n\t\t\t\t\t<div class=\"e-con-inner\">\n\t\t<div class=\"elementor-element elementor-element-1897612 e-con-full e-flex e-con e-parent\" data-id=\"1897612\" data-element_type=\"container\" data-e-type=\"container\">\n\t\t<div class=\"elementor-element elementor-element-c786270 e-con-full e-flex e-con e-parent\" data-id=\"c786270\" data-element_type=\"container\" data-e-type=\"container\">\n\t\t\t\t<div class=\"elementor-element elementor-element-2a4e207 drop_image elementor-widget elementor-widget-image\" data-id=\"2a4e207\" data-element_type=\"widget\" data-e-type=\"widget\" data-widget_type=\"image.default\">\n\t\t\t\t<div class=\"elementor-widget-container\">\n\t\t\t\t\t\t\t\t\t\t\t\t\t\t\t<img decoding=\"async\" width=\"450\" height=\"860\" src=\"https:\/\/laolaweb.com\/wp-content\/uploads\/2022\/06\/referenz-vivalamamam-produktdetailseite.png\" class=\"attachment-medium_large size-medium_large wp-image-9535\" alt=\"referenz wordpress vivalamama woocommce\" srcset=\"https:\/\/laolaweb.com\/wp-content\/uploads\/2022\/06\/referenz-vivalamamam-produktdetailseite.png 450w, https:\/\/laolaweb.com\/wp-content\/uploads\/2022\/06\/referenz-vivalamamam-produktdetailseite-157x300.png 157w\" sizes=\"(max-width: 450px) 100vw, 450px\" \/>\t\t\t\t\t\t\t\t\t\t\t\t\t\t\t<\/div>\n\t\t\t\t<\/div>\n\t\t\t\t<\/div>\n\t\t<div class=\"elementor-element elementor-element-ed88241 e-con-full e-flex e-con e-parent\" data-id=\"ed88241\" data-element_type=\"container\" data-e-type=\"container\">\n\t\t\t\t<div class=\"elementor-element elementor-element-833376b elementor-widget elementor-widget-heading\" data-id=\"833376b\" data-element_type=\"widget\" data-e-type=\"widget\" data-widget_type=\"heading.default\">\n\t\t\t\t<div class=\"elementor-widget-container\">\n\t\t\t\t\t<h2 class=\"elementor-heading-title elementor-size-default\">Optimale Usability auf dem Smartphone<\/h2>\t\t\t\t<\/div>\n\t\t\t\t<\/div>\n\t\t\t\t<div class=\"elementor-element elementor-element-86ee213 elementor-widget__width-initial elementor-widget elementor-widget-text-editor\" data-id=\"86ee213\" data-element_type=\"widget\" data-e-type=\"widget\" data-widget_type=\"text-editor.default\">\n\t\t\t\t<div class=\"elementor-widget-container\">\n\t\t\t\t\t\t\t\t\t<p>Der neue <a title=\"WooCommerce\" href=\"https:\/\/laolaweb.com\/woocommerce-agentur\/\" rel=\"\">WooCommerce-Shop<\/a> wurde mit dem Page-Builder von <a title=\"Elementor Page Builder\" href=\"https:\/\/laolaweb.com\/elementor-agentur\/\" rel=\"\">Elementor<\/a> erstellt. Neben dem Redesign (neues Logo, neue Schriften und Farben) wurden auch essenziellen Shopping-Funktionen wie Filter oder Sortierung \u00fcberarbeitet und optimiert. Die unterschiedlichen Farben eins Modells wurden zu einem Produkt zusammen gefasst, so k\u00f6nnen die Nutzerinnen jetzt schon in den Listen sehen, welche Produktfarben verf\u00fcgbar sind.\u00a0<\/p>\t\t\t\t\t\t\t\t<\/div>\n\t\t\t\t<\/div>\n\t\t\t\t<\/div>\n\t\t\t\t<\/div>\n\t\t\t\t\t<\/div>\n\t\t\t\t<\/div>\n\t\t<div class=\"elementor-element elementor-element-9fe74da e-flex e-con-boxed e-con e-parent\" data-id=\"9fe74da\" data-element_type=\"container\" data-e-type=\"container\" data-settings=\"{&quot;background_background&quot;:&quot;classic&quot;,&quot;shape_divider_bottom&quot;:&quot;mountains&quot;}\">\n\t\t\t\t\t<div class=\"e-con-inner\">\n\t\t\t\t<div class=\"elementor-shape elementor-shape-bottom\" aria-hidden=\"true\" data-negative=\"false\">\n\t\t\t<svg xmlns=\"http:\/\/www.w3.org\/2000\/svg\" viewBox=\"0 0 1000 100\" preserveAspectRatio=\"none\">\n\t<path class=\"elementor-shape-fill\" opacity=\"0.33\" d=\"M473,67.3c-203.9,88.3-263.1-34-320.3,0C66,119.1,0,59.7,0,59.7V0h1000v59.7 c0,0-62.1,26.1-94.9,29.3c-32.8,3.3-62.8-12.3-75.8-22.1C806,49.6,745.3,8.7,694.9,4.7S492.4,59,473,67.3z\"\/>\n\t<path class=\"elementor-shape-fill\" opacity=\"0.66\" d=\"M734,67.3c-45.5,0-77.2-23.2-129.1-39.1c-28.6-8.7-150.3-10.1-254,39.1 s-91.7-34.4-149.2,0C115.7,118.3,0,39.8,0,39.8V0h1000v36.5c0,0-28.2-18.5-92.1-18.5C810.2,18.1,775.7,67.3,734,67.3z\"\/>\n\t<path class=\"elementor-shape-fill\" d=\"M766.1,28.9c-200-57.5-266,65.5-395.1,19.5C242,1.8,242,5.4,184.8,20.6C128,35.8,132.3,44.9,89.9,52.5C28.6,63.7,0,0,0,0 h1000c0,0-9.9,40.9-83.6,48.1S829.6,47,766.1,28.9z\"\/>\n<\/svg>\t\t<\/div>\n\t\t<div class=\"elementor-element elementor-element-d370109 e-con-full e-flex e-con e-parent\" data-id=\"d370109\" data-element_type=\"container\" data-e-type=\"container\">\n\t\t<div class=\"elementor-element elementor-element-0f71ad5 e-con-full e-flex e-con e-parent\" data-id=\"0f71ad5\" data-element_type=\"container\" data-e-type=\"container\">\n\t\t\t\t<div class=\"elementor-element elementor-element-910dbba elementor-widget elementor-widget-heading\" data-id=\"910dbba\" data-element_type=\"widget\" data-e-type=\"widget\" data-widget_type=\"heading.default\">\n\t\t\t\t<div class=\"elementor-widget-container\">\n\t\t\t\t\t<span class=\"elementor-heading-title elementor-size-default\">Relaunch ohne Daten- und Ranking-Verluste<\/span>\t\t\t\t<\/div>\n\t\t\t\t<\/div>\n\t\t\t\t<div class=\"elementor-element elementor-element-38ddba5 elementor-widget__width-initial elementor-widget elementor-widget-text-editor\" data-id=\"38ddba5\" data-element_type=\"widget\" data-e-type=\"widget\" data-widget_type=\"text-editor.default\">\n\t\t\t\t<div class=\"elementor-widget-container\">\n\t\t\t\t\t\t\t\t\t<p>In der 4 Monaten der Projektumsetzung entstanden neue Daten \u00fcber die Live-Seite. Diese m\u00fcssen kurz vor Livegang in das neue System migriert werden, um keine Datenverluste bei Bestellungen, Kommentaren, Bewertungen u.s.w. zu haben. Ebenfalls mussten alle bestehenden URLs auf die neuen URLs gemappt werden, um die Sichtbarkeit in den Suchmaschinen (Keyword-Rankings) zu erhalten.<br><\/p>\t\t\t\t\t\t\t\t<\/div>\n\t\t\t\t<\/div>\n\t\t\t\t<div class=\"elementor-element elementor-element-3ac67a5 elementor-align-left underline_button_drei elementor-tablet-align-left elementor-mobile-align-left elementor-widget elementor-widget-button\" data-id=\"3ac67a5\" data-element_type=\"widget\" data-e-type=\"widget\" data-settings=\"{&quot;motion_fx_motion_fx_scrolling&quot;:&quot;yes&quot;,&quot;motion_fx_devices&quot;:[&quot;desktop&quot;,&quot;laptop&quot;,&quot;tablet&quot;,&quot;mobile&quot;]}\" data-widget_type=\"button.default\">\n\t\t\t\t<div class=\"elementor-widget-container\">\n\t\t\t\t\t\t\t\t\t<div class=\"elementor-button-wrapper\">\n\t\t\t\t\t<a class=\"elementor-button elementor-button-link elementor-size-sm\" href=\"https:\/\/vivalamama.de\/\" target=\"_blank\">\n\t\t\t\t\t\t<span class=\"elementor-button-content-wrapper\">\n\t\t\t\t\t\t\t\t\t<span class=\"elementor-button-text\">Zum Shop <\/span>\n\t\t\t\t\t<\/span>\n\t\t\t\t\t<\/a>\n\t\t\t\t<\/div>\n\t\t\t\t\t\t\t\t<\/div>\n\t\t\t\t<\/div>\n\t\t\t\t<\/div>\n\t\t<div class=\"elementor-element elementor-element-eb11923 e-con-full e-flex e-con e-parent\" data-id=\"eb11923\" data-element_type=\"container\" data-e-type=\"container\">\n\t\t\t\t<div class=\"elementor-element elementor-element-c026475 drop_image elementor-widget elementor-widget-image\" data-id=\"c026475\" data-element_type=\"widget\" data-e-type=\"widget\" data-widget_type=\"image.default\">\n\t\t\t\t<div class=\"elementor-widget-container\">\n\t\t\t\t\t\t\t\t\t\t\t\t\t\t\t<img decoding=\"async\" width=\"450\" height=\"860\" src=\"https:\/\/laolaweb.com\/wp-content\/uploads\/2022\/06\/referenz-vivalamamam-startseite.png\" class=\"attachment-medium_large size-medium_large wp-image-9536\" alt=\"referenz wordpress vivalamama startseite\" srcset=\"https:\/\/laolaweb.com\/wp-content\/uploads\/2022\/06\/referenz-vivalamamam-startseite.png 450w, https:\/\/laolaweb.com\/wp-content\/uploads\/2022\/06\/referenz-vivalamamam-startseite-157x300.png 157w\" sizes=\"(max-width: 450px) 100vw, 450px\" \/>\t\t\t\t\t\t\t\t\t\t\t\t\t\t\t<\/div>\n\t\t\t\t<\/div>\n\t\t\t\t<\/div>\n\t\t\t\t<\/div>\n\t\t\t\t\t<\/div>\n\t\t\t\t<\/div>\n\t\t\t\t<\/div>\n\t\t","protected":false},"excerpt":{"rendered":"<p>REFERENZ VIVA LA MAMA Onlineshop mit WooCommerce Relaunch mit WooCommerce Viva la Mama entwirft, produziert und verkauft Babytragejacken sowie Umstandsmode vorwiegend \u00fcber den eigenen Onlineshop. Auf Grund der eng gefassten Zielgruppe haben wir uns in der Konzeptionsphase f\u00fcr einen strengen Mobile-First-Ansatz entschieden, da \u00fcber 90% der Zugriffe \u00fcber kleine Bildschirme (Smartphone) erfolgen. Optimale Usability auf [&hellip;]<\/p>\n","protected":false},"author":1,"featured_media":0,"parent":44,"menu_order":0,"comment_status":"closed","ping_status":"closed","template":"","meta":{"footnotes":""},"class_list":["post-10143","page","type-page","status-publish","hentry"],"yoast_head":"<!-- This site is optimized with the Yoast SEO plugin v27.0 - https:\/\/yoast.com\/product\/yoast-seo-wordpress\/ -->\n<title>Viva la Mama Referenz<\/title>\n<meta name=\"description\" content=\"WooCommerce-Referenz Viva la Mama mit Elementor-Theme. Kurze Projektbeschreibung mit Zielstellung und Ergebnissen.\" \/>\n<meta name=\"robots\" content=\"index, follow, max-snippet:-1, max-image-preview:large, max-video-preview:-1\" \/>\n<link rel=\"canonical\" href=\"https:\/\/laolaweb.com\/en\/agency\/references\/viva-la-mama-woocommerce-reference\/\" \/>\n<meta property=\"og:locale\" content=\"en_GB\" \/>\n<meta property=\"og:type\" content=\"article\" \/>\n<meta property=\"og:title\" content=\"Viva la Mama Referenz\" \/>\n<meta property=\"og:description\" content=\"WooCommerce-Referenz Viva la Mama mit Elementor-Theme. Kurze Projektbeschreibung mit Zielstellung und Ergebnissen.\" \/>\n<meta property=\"og:url\" content=\"https:\/\/laolaweb.com\/en\/agency\/references\/viva-la-mama-woocommerce-reference\/\" \/>\n<meta property=\"og:site_name\" content=\"Internetagentur laOlaWeb - Agentur f\u00fcr WordPress\" \/>\n<meta property=\"article:modified_time\" content=\"2023-04-14T09:14:09+00:00\" \/>\n<meta property=\"og:image\" content=\"https:\/\/laolaweb.com\/wp-content\/uploads\/2022\/06\/referenz-vivalamama-isometrisch-768x822.png\" \/>\n<meta name=\"twitter:card\" content=\"summary_large_image\" \/>\n<meta name=\"twitter:label1\" content=\"Estimated reading time\" \/>\n\t<meta name=\"twitter:data1\" content=\"2 minutes\" \/>\n<!-- \/ Yoast SEO plugin. -->","yoast_head_json":{"title":"Viva la Mama reference","description":"WooCommerce reference Viva la Mama with Elementor theme. Short project description with objectives and results.","robots":{"index":"index","follow":"follow","max-snippet":"max-snippet:-1","max-image-preview":"max-image-preview:large","max-video-preview":"max-video-preview:-1"},"canonical":"https:\/\/laolaweb.com\/en\/agency\/references\/viva-la-mama-woocommerce-reference\/","og_locale":"en_GB","og_type":"article","og_title":"Viva la Mama Referenz","og_description":"WooCommerce-Referenz Viva la Mama mit Elementor-Theme. Kurze Projektbeschreibung mit Zielstellung und Ergebnissen.","og_url":"https:\/\/laolaweb.com\/en\/agency\/references\/viva-la-mama-woocommerce-reference\/","og_site_name":"Internetagentur laOlaWeb - Agentur f\u00fcr WordPress","article_modified_time":"2023-04-14T09:14:09+00:00","og_image":[{"url":"https:\/\/laolaweb.com\/wp-content\/uploads\/2022\/06\/referenz-vivalamama-isometrisch-768x822.png","type":"","width":"","height":""}],"twitter_card":"summary_large_image","twitter_misc":{"Estimated reading time":"2 minutes"},"schema":{"@context":"https:\/\/schema.org","@graph":[{"@type":"TechArticle","@id":"https:\/\/laolaweb.com\/agentur\/referenzen\/viva-la-mama-woocommerce-referenz\/#article","isPartOf":{"@id":"https:\/\/laolaweb.com\/agentur\/referenzen\/viva-la-mama-woocommerce-referenz\/"},"author":{"name":"Manuel","@id":"https:\/\/laolaweb.com\/#\/schema\/person\/c91cf5a4d4b8445fd6a7c152951a70bd"},"headline":"Viva la Mama WooCommerce Referenz","datePublished":"2022-06-22T09:31:06+00:00","dateModified":"2023-04-14T09:14:09+00:00","mainEntityOfPage":{"@id":"https:\/\/laolaweb.com\/agentur\/referenzen\/viva-la-mama-woocommerce-referenz\/"},"wordCount":181,"publisher":{"@id":"https:\/\/laolaweb.com\/#organization"},"image":{"@id":"https:\/\/laolaweb.com\/agentur\/referenzen\/viva-la-mama-woocommerce-referenz\/#primaryimage"},"thumbnailUrl":"https:\/\/laolaweb.com\/wp-content\/uploads\/2022\/06\/referenz-vivalamama-isometrisch-768x822.png","inLanguage":"en-GB"},{"@type":"WebPage","@id":"https:\/\/laolaweb.com\/agentur\/referenzen\/viva-la-mama-woocommerce-referenz\/","url":"https:\/\/laolaweb.com\/agentur\/referenzen\/viva-la-mama-woocommerce-referenz\/","name":"Viva la Mama reference","isPartOf":{"@id":"https:\/\/laolaweb.com\/#website"},"primaryImageOfPage":{"@id":"https:\/\/laolaweb.com\/agentur\/referenzen\/viva-la-mama-woocommerce-referenz\/#primaryimage"},"image":{"@id":"https:\/\/laolaweb.com\/agentur\/referenzen\/viva-la-mama-woocommerce-referenz\/#primaryimage"},"thumbnailUrl":"https:\/\/laolaweb.com\/wp-content\/uploads\/2022\/06\/referenz-vivalamama-isometrisch-768x822.png","datePublished":"2022-06-22T09:31:06+00:00","dateModified":"2023-04-14T09:14:09+00:00","description":"WooCommerce reference Viva la Mama with Elementor theme. Short project description with objectives and results.","breadcrumb":{"@id":"https:\/\/laolaweb.com\/agentur\/referenzen\/viva-la-mama-woocommerce-referenz\/#breadcrumb"},"inLanguage":"en-GB","potentialAction":[{"@type":"ReadAction","target":["https:\/\/laolaweb.com\/agentur\/referenzen\/viva-la-mama-woocommerce-referenz\/"]}]},{"@type":"ImageObject","inLanguage":"en-GB","@id":"https:\/\/laolaweb.com\/agentur\/referenzen\/viva-la-mama-woocommerce-referenz\/#primaryimage","url":"https:\/\/laolaweb.com\/wp-content\/uploads\/2022\/06\/referenz-vivalamama-isometrisch-768x822.png","contentUrl":"https:\/\/laolaweb.com\/wp-content\/uploads\/2022\/06\/referenz-vivalamama-isometrisch-768x822.png"},{"@type":"BreadcrumbList","@id":"https:\/\/laolaweb.com\/agentur\/referenzen\/viva-la-mama-woocommerce-referenz\/#breadcrumb","itemListElement":[{"@type":"ListItem","position":1,"name":"Startseite","item":"https:\/\/laolaweb.com\/"},{"@type":"ListItem","position":2,"name":"\u00dcber uns","item":"https:\/\/laolaweb.com\/agentur\/"},{"@type":"ListItem","position":3,"name":"Referenzen","item":"https:\/\/laolaweb.com\/agentur\/referenzen\/"},{"@type":"ListItem","position":4,"name":"Viva la Mama WooCommerce Referenz"}]},{"@type":"WebSite","@id":"https:\/\/laolaweb.com\/#website","url":"https:\/\/laolaweb.com\/","name":"Internet agency laOlaWeb - Agency for WordPress","description":"Professional WordPress websites","publisher":{"@id":"https:\/\/laolaweb.com\/#organization"},"potentialAction":[{"@type":"SearchAction","target":{"@type":"EntryPoint","urlTemplate":"https:\/\/laolaweb.com\/?s={search_term_string}"},"query-input":{"@type":"PropertyValueSpecification","valueRequired":true,"valueName":"search_term_string"}}],"inLanguage":"en-GB"},{"@type":"Organization","@id":"https:\/\/laolaweb.com\/#organization","name":"laOlaWeb GmbH","url":"https:\/\/laolaweb.com\/","logo":{"@type":"ImageObject","inLanguage":"en-GB","@id":"https:\/\/laolaweb.com\/#\/schema\/logo\/image\/","url":"https:\/\/laolaweb.com\/wp-content\/uploads\/2022\/06\/laolaweb-internetagentur.jpg","contentUrl":"https:\/\/laolaweb.com\/wp-content\/uploads\/2022\/06\/laolaweb-internetagentur.jpg","width":400,"height":367,"caption":"laOlaWeb GmbH"},"image":{"@id":"https:\/\/laolaweb.com\/#\/schema\/logo\/image\/"}},{"@type":"Person","@id":"https:\/\/laolaweb.com\/#\/schema\/person\/c91cf5a4d4b8445fd6a7c152951a70bd","name":"Manuel","sameAs":["http:\/\/laolaweb.com"]}]}},"_links":{"self":[{"href":"https:\/\/laolaweb.com\/en\/wp-json\/wp\/v2\/pages\/10143","targetHints":{"allow":["GET"]}}],"collection":[{"href":"https:\/\/laolaweb.com\/en\/wp-json\/wp\/v2\/pages"}],"about":[{"href":"https:\/\/laolaweb.com\/en\/wp-json\/wp\/v2\/types\/page"}],"author":[{"embeddable":true,"href":"https:\/\/laolaweb.com\/en\/wp-json\/wp\/v2\/users\/1"}],"replies":[{"embeddable":true,"href":"https:\/\/laolaweb.com\/en\/wp-json\/wp\/v2\/comments?post=10143"}],"version-history":[{"count":33,"href":"https:\/\/laolaweb.com\/en\/wp-json\/wp\/v2\/pages\/10143\/revisions"}],"predecessor-version":[{"id":14626,"href":"https:\/\/laolaweb.com\/en\/wp-json\/wp\/v2\/pages\/10143\/revisions\/14626"}],"up":[{"embeddable":true,"href":"https:\/\/laolaweb.com\/en\/wp-json\/wp\/v2\/pages\/44"}],"wp:attachment":[{"href":"https:\/\/laolaweb.com\/en\/wp-json\/wp\/v2\/media?parent=10143"}],"curies":[{"name":"wp","href":"https:\/\/api.w.org\/{rel}","templated":true}]}}